{"id":52,"date":"2016-12-01T12:49:02","date_gmt":"2016-12-01T11:49:02","guid":{"rendered":"http:\/\/blogg.sh.se\/reinvent\/?page_id=52"},"modified":"2019-05-17T11:05:26","modified_gmt":"2019-05-17T09:05:26","slug":"delprojekt-3","status":"publish","type":"page","link":"https:\/\/blogg.sh.se\/reinvent\/about\/delprojekt-3\/","title":{"rendered":"Delprojekt 3: Rumsliga aspekter av f\u00f6rortens ekonomi"},"content":{"rendered":"<p>Detta delprojekt \u00e4r avsett att st\u00e4rka disciplinen nationalekonomi i projektet, och \u201df\u00f6rortsekonomi\u201d dvs. samh\u00e4llsekonomiska aspekter av f\u00f6rorten, i synnerhet. Med kvantitativa metoder vill vi analysera utvecklingen av segregation (etnisk och ekonomisk) inom f\u00f6rorter och dess best\u00e4mningsfaktorer, dvs. hur den varierar med olika typer av m\u00e4tbara faktorer inom bostadsomr\u00e5den. I en separat delanalys vill vi \u00e4ven belysa handelns roll f\u00f6r utvecklingen av f\u00f6rorten. Forskningen \u00e4r relaterad till tre grundl\u00e4ggande fr\u00e5gest\u00e4llningar:<\/p>\n<ul>\n<li>I vilken utstr\u00e4ckning \u00e4r etnisk och ekonomisk segregation relaterat till sammans\u00e4ttning av det lokala bostadsbest\u00e5ndet inom ett omr\u00e5de, dels i avseende p\u00e5 uppl\u00e5telseformer och storlek p\u00e5 l\u00e4genheter, dels i avseende p\u00e5 andra aspekter av attraktivitet inom omr\u00e5det (n\u00e4rhet till natur, service och liknande).<\/li>\n<li>Hur beror utvecklingen av segregation \u00f6ver tid p\u00e5 individuella faktorer s\u00e5som f\u00f6r\u00e4ndring i utbildning, syssels\u00e4ttning och familjebildning? Bakgrunden \u00e4r det som ofta kallats f\u00f6r \u201dlyckoparadoxen\u201d d\u00e4r olika typer av st\u00f6dinsatser p\u00e5 individniv\u00e5 ibland bidragit till att ett bostadsomr\u00e5de halkar \u00e4n mer efter i t.ex. inkomstutveckling, eftersom de som varit f\u00f6rem\u00e5l f\u00f6r lyckosamma insatser tenderar att flytta ut. En bakomliggande fr\u00e5ga i detta \u00e4r vad kan t\u00e4nkas f\u00e5 dessa individer att v\u00e4lja att stanna kvar.<\/li>\n<li>Slutligen, hur p\u00e5verkar handelns utveckling, etablering av k\u00f6pcentra och likande, syssels\u00e4ttning och inkomstutveckling i n\u00e4raliggande bostadsomr\u00e5den? Hur p\u00e5verkas tidigare lokala k\u00f6pcentra?<\/li>\n<\/ul>\n<p>I projektet kommer vi fr\u00e4mst arbeta med detaljerade individdata, b\u00e5de i avseende p\u00e5 privatpersoner och p\u00e5 f\u00f6retagsniv\u00e5 (den s\u00e5 kallade LISA-databasen som sammanst\u00e4llts av Statistiska centralbyr\u00e5n). Vad g\u00e4ller individer, f\u00f6r \u00e5ren 1990-2015, ger dessa data avidentifierad information om bland annat utbildning, inkomstniv\u00e5, anst\u00e4llningsform, arbetsplats och bostad, och vad g\u00e4ller f\u00f6retag; t.ex. verksamhetsomr\u00e5de, oms\u00e4ttning och antal anst\u00e4llda. Vi arbetar \u00e4ven med olika slags boendedata sammanst\u00e4llda vid Kulturgeografska institutionen vid Uppsala Universitet<\/p>\n<p><strong>\u00a0<\/strong><\/p>\n<p><strong>Medverkande\u00a0forskare:<\/strong><\/p>\n<p>Mats Bergman<\/p>\n<p>Jonas Bj\u00f6rnerstedt<\/p>\n<p>Martin Korpi<\/p>\n<p>Oana Mihaescu<\/p>\n<p>\u00d6zge \u00d6ner<\/p>\n<p>William Clark<\/p>\n<p>John \u00d6sth<\/p>\n<p>Olof B\u00e4ckman<\/p>\n<p><strong>Medverkande f\u00f6retag:<\/strong><\/p>\n<p>WSP Sverige AB<\/p>\n<p>HUGE Bost\u00e4der AB<\/p>\n<p>Fastighets\u00e4garna Stockholm<\/p>\n<p>HUI Research AB<\/p>\n<div>\n<div><\/div>\n<div><\/div>\n<div><\/div>\n<\/div>\n","protected":false},"excerpt":{"rendered":"<p>Detta delprojekt \u00e4r avsett att st\u00e4rka disciplinen nationalekonomi i projektet, och \u201df\u00f6rortsekonomi\u201d dvs. samh\u00e4llsekonomiska aspekter av f\u00f6rorten, i synnerhet. Med kvantitativa metoder vill vi analysera utvecklingen av segregation (etnisk och ekonomisk) inom f\u00f6rorter och dess best\u00e4mningsfaktorer, dvs. hur den varierar med olika typer av m\u00e4tbara faktorer inom bostadsomr\u00e5den. I en separat delanalys vill vi \u00e4ven [&hellip;]<\/p>\n","protected":false},"author":2,"featured_media":0,"parent":2,"menu_order":4,"comment_status":"closed","ping_status":"closed","template":"","meta":[],"_links":{"self":[{"href":"https:\/\/blogg.sh.se\/reinvent\/wp-json\/wp\/v2\/pages\/52"}],"collection":[{"href":"https:\/\/blogg.sh.se\/reinvent\/wp-json\/wp\/v2\/pages"}],"about":[{"href":"https:\/\/blogg.sh.se\/reinvent\/wp-json\/wp\/v2\/types\/page"}],"author":[{"embeddable":true,"href":"https:\/\/blogg.sh.se\/reinvent\/wp-json\/wp\/v2\/users\/2"}],"replies":[{"embeddable":true,"href":"https:\/\/blogg.sh.se\/reinvent\/wp-json\/wp\/v2\/comments?post=52"}],"version-history":[{"count":21,"href":"https:\/\/blogg.sh.se\/reinvent\/wp-json\/wp\/v2\/pages\/52\/revisions"}],"predecessor-version":[{"id":591,"href":"https:\/\/blogg.sh.se\/reinvent\/wp-json\/wp\/v2\/pages\/52\/revisions\/591"}],"up":[{"embeddable":true,"href":"https:\/\/blogg.sh.se\/reinvent\/wp-json\/wp\/v2\/pages\/2"}],"wp:attachment":[{"href":"https:\/\/blogg.sh.se\/reinvent\/wp-json\/wp\/v2\/media?parent=52"}],"curies":[{"name":"wp","href":"https:\/\/api.w.org\/{rel}","templated":true}]}}