{"id":50,"date":"2016-12-01T12:48:50","date_gmt":"2016-12-01T11:48:50","guid":{"rendered":"http:\/\/blogg.sh.se\/reinvent\/?page_id=50"},"modified":"2018-12-18T19:56:31","modified_gmt":"2018-12-18T18:56:31","slug":"delprojekt-2","status":"publish","type":"page","link":"https:\/\/blogg.sh.se\/reinvent\/about\/delprojekt-2\/","title":{"rendered":"Delprojekt 2: F\u00f6rortens entrepren\u00f6rskap"},"content":{"rendered":"<p>Entrepren\u00f6rskap finns \u00f6verallt \u00e4ven om det tar sig lite olika uttryck. Det kan r\u00f6ra sig om handel, tj\u00e4nster, teknikintensiva tillv\u00e4xtf\u00f6retag eller ett f\u00f6retagande som fr\u00e4mst handlar att bem\u00f6ta egna och andras behov av till exempel f\u00f6rs\u00f6rjning. Entrepren\u00f6rskapet har egna drivkrafter samtidigt som det i allra h\u00f6gsta grad p\u00e5verkas av kontexten \u2013 som i det h\u00e4r projektet \u00e4r Stockholms s\u00f6dra f\u00f6rorter.<\/p>\n<p>Vi st\u00e4ller oss fr\u00e5gor som: Hur ser entrepren\u00f6rskapet ut i dessa f\u00f6rorter? Vilken roll har entrepren\u00f6rskapet i dagens stadsplanering? P\u00e5 vilket s\u00e4tt p\u00e5verkas entrepren\u00f6rskapet av just denna kontext?<\/p>\n<p>Utifr\u00e5n dessa grundl\u00e4ggande fr\u00e5gor g\u00f6r vi n\u00e5gra djupdykningar f\u00f6r att s\u00e4rskilt belysa:<\/p>\n<p>\u2022\u00a0Interventioner som syftar till att skapa kunskapsintensiva entrepren\u00f6riella kluster, till exempel satsningarna kring Flemingsberg<\/p>\n<p>\u2022\u00a0Entrepren\u00f6rskapets betydelse f\u00f6r olika grupper i f\u00f6rorterna s\u00e5 som till exempel m\u00e4nniskor med utl\u00e4ndsk h\u00e4rkomst och inom olika omr\u00e5den d\u00e4r entrepren\u00f6rskapet kommit att spela en st\u00f6rre roll \u00e4n tidigare till exempel genom konkurrensuts\u00e4ttningen av offentliga v\u00e4lf\u00e4rdstj\u00e4nster.<\/p>\n<p>En belysning av dessa fr\u00e5gest\u00e4llningar bildar i sin tur underlag f\u00f6r en fortsatt analys som syftar till en vidareutveckling av v\u00e5r f\u00f6rst\u00e5else av entrepren\u00f6rskapets roll f\u00f6r samh\u00e4llsutvecklingen i stort och mer specifikt f\u00f6rorter av den karakt\u00e4r som vi ser i s\u00f6dra Stockholm samt p\u00e5 vilket s\u00e4tt entrepren\u00f6rskapet kan hanteras i stadsplaneringen f\u00f6r att bem\u00f6ta ekonomiska s\u00e5v\u00e4l som sociala aspekter av samh\u00e4llsutvecklingen.<\/p>\n<div>Inom detta delprojekt kommer b\u00e5de statistisk data, policy dokument samt intervjuer med f\u00f6retagare och akt\u00f6rer som p\u00e5 olika s\u00e4tt arbetar med entrepren\u00f6rskap och stadsplanering ligga till grund f\u00f6r projektets analyser och resultat.<\/div>\n<p>&nbsp;<\/p>\n<div><strong>Medverkande forskare:<\/strong><\/div>\n<div><a href=\"https:\/\/www.sh.se\/p3\/ext\/content.nsf\/aget?openagent&amp;key=sh_personal_profil_sv_304296\" target=\"_blank\" rel=\"noopener\">Malin Gawell<\/a>, Fil. dr och docent i f\u00f6retagsekonomi, S\u00f6dert\u00f6rns h\u00f6gskola<\/div>\n<div><a href=\"https:\/\/www.sh.se\/p3\/ext\/content.nsf\/aget?openagent&amp;key=sh_personal_profil_sv_329966\" target=\"_blank\" rel=\"noopener\">Ali Hajighasemi<\/a>, Fil. dr och docent i sociologi och socialt arbete, S\u00f6dert\u00f6rns h\u00f6gskola<\/div>\n<div><a href=\"https:\/\/www.sh.se\/p3\/ext\/content.nsf\/aget?openagent&amp;key=sh_personal_profil_sv_269511\" target=\"_blank\" rel=\"noopener\">Besrat Tesfaye<\/a>, Fil. dr och docent i f\u00f6retagsekonomi, S\u00f6dert\u00f6rns h\u00f6gskola<\/div>\n<div><a href=\"https:\/\/www.sh.se\/p3\/ext\/content.nsf\/aget?openagent&amp;key=sh_personal_profil_sv_336386\" target=\"_blank\" rel=\"noopener\">Erik Borg<\/a>, professor i f\u00f6retagsekonomi, S\u00f6dert\u00f6rns h\u00f6gskola<\/div>\n<div><a href=\"https:\/\/www.sh.se\/p3\/ext\/content.nsf\/aget?openagent&amp;key=sh_personal_profil_sv_610279\" target=\"_blank\" rel=\"noopener\">Oana Mihaescu<\/a>, Fil. dr\u00a0i ekonomisk utveckling och planering, S\u00f6dert\u00f6rns h\u00f6gskola och HUI Research<\/div>\n<p>&nbsp;<\/p>\n<div><strong>\u00d6vriga medverkanden:<\/strong><\/div>\n<div><strong>WSP Sverige AB<\/strong><\/div>\n<div><\/div>\n<div><strong>HUGE Bost\u00e4der AB<\/strong><\/div>\n<div><\/div>\n<div><strong>Fastighets\u00e4garna Stockholm<\/strong><\/div>\n<div><\/div>\n<div><strong>HUI Research AB<\/strong><\/div>\n<div><\/div>\n<p>&nbsp;<\/p>\n","protected":false},"excerpt":{"rendered":"<p>Entrepren\u00f6rskap finns \u00f6verallt \u00e4ven om det tar sig lite olika uttryck. Det kan r\u00f6ra sig om handel, tj\u00e4nster, teknikintensiva tillv\u00e4xtf\u00f6retag eller ett f\u00f6retagande som fr\u00e4mst handlar att bem\u00f6ta egna och andras behov av till exempel f\u00f6rs\u00f6rjning. Entrepren\u00f6rskapet har egna drivkrafter samtidigt som det i allra h\u00f6gsta grad p\u00e5verkas av kontexten \u2013 som i det h\u00e4r [&hellip;]<\/p>\n","protected":false},"author":2,"featured_media":0,"parent":2,"menu_order":3,"comment_status":"closed","ping_status":"closed","template":"","meta":[],"_links":{"self":[{"href":"https:\/\/blogg.sh.se\/reinvent\/wp-json\/wp\/v2\/pages\/50"}],"collection":[{"href":"https:\/\/blogg.sh.se\/reinvent\/wp-json\/wp\/v2\/pages"}],"about":[{"href":"https:\/\/blogg.sh.se\/reinvent\/wp-json\/wp\/v2\/types\/page"}],"author":[{"embeddable":true,"href":"https:\/\/blogg.sh.se\/reinvent\/wp-json\/wp\/v2\/users\/2"}],"replies":[{"embeddable":true,"href":"https:\/\/blogg.sh.se\/reinvent\/wp-json\/wp\/v2\/comments?post=50"}],"version-history":[{"count":19,"href":"https:\/\/blogg.sh.se\/reinvent\/wp-json\/wp\/v2\/pages\/50\/revisions"}],"predecessor-version":[{"id":233,"href":"https:\/\/blogg.sh.se\/reinvent\/wp-json\/wp\/v2\/pages\/50\/revisions\/233"}],"up":[{"embeddable":true,"href":"https:\/\/blogg.sh.se\/reinvent\/wp-json\/wp\/v2\/pages\/2"}],"wp:attachment":[{"href":"https:\/\/blogg.sh.se\/reinvent\/wp-json\/wp\/v2\/media?parent=50"}],"curies":[{"name":"wp","href":"https:\/\/api.w.org\/{rel}","templated":true}]}}