{"id":48,"date":"2016-12-01T12:48:37","date_gmt":"2016-12-01T11:48:37","guid":{"rendered":"http:\/\/blogg.sh.se\/reinvent\/?page_id=48"},"modified":"2019-05-17T10:57:25","modified_gmt":"2019-05-17T08:57:25","slug":"delprojekt-1","status":"publish","type":"page","link":"https:\/\/blogg.sh.se\/reinvent\/about\/delprojekt-1\/","title":{"rendered":"Delprojekt 1: Rumsliga ingripanden, statsf\u00f6rvaltning och stadens kvalitet"},"content":{"rendered":"<p>Detta delprojekt syftar till att studera processer av urban f\u00f6rt\u00e4tning och differentiering i grannskap som ligger n\u00e4ra och i de s\u00e5 kallade miljonprogramomr\u00e5dena i de s\u00f6dra delarna av Stockholm.<\/p>\n<p>Projektet analyserar planeringsprocesser, dess motiv och logiker, stadsf\u00f6rvaltningens praxis, omfattningen och karakt\u00e4ren av sociala egenskaper som skapas p\u00e5 grannskapsniv\u00e5. Forskningsdesignen integrerar tre skilda fokusomr\u00e5den: stadsplanering, stadsf\u00f6rvaltning och grannskap.<\/p>\n<p><strong>Delprojekt 1.1 Stadsplanering, f\u00f6rnyelse och styrning \u2013 f\u00f6rbindelser och premisser<\/strong><\/p>\n<p>Denna del i forskningsprojektet handlar om att analysera styrningen (governance) av de stadsf\u00f6rnyelseprocesser som p\u00e5g\u00e5r och planeras i s\u00f6dra Stockholmsregionen. Mer specifikt handlar det om att studera styrningsprocesserna utifr\u00e5n f\u00f6rest\u00e4llningarna om att ordna det sociala livet i stadsdelarna och att skapa trivsamma bostadsomr\u00e5den. Fr\u00e5gan \u00e4r hur detta l\u00e5ter sig g\u00f6ras samt vilka som styr och med vilken r\u00e4tt. I sk\u00e4rningspunkten f\u00f6r denna fr\u00e5ga st\u00e5r relationen mellan styrarna och de styrda eller hur vision m\u00f6ter verklighet.<\/p>\n<p>Forskningen utg\u00e5r fr\u00e5n tv\u00e5 empiriska fall: Sk\u00e4rholmen i Stockholm stad och Vega i Haninge kommun. Det f\u00f6rra fallet handlar om att studera f\u00f6rnyelseprocesser av en stadsdel som, efter det att den byggdes f\u00f6r 50 \u00e5r sedan, \u00e4r b\u00e5de k\u00e4nd och \u00f6k\u00e4nd medan det senare fallet handlar om att studera en helt ny stadsdel under uppbyggnad. D\u00e4rigenom kan skillnader och likheter j\u00e4mf\u00f6ras i att bygga nytt och att bygga nytt i det gamla.<\/p>\n<p>Genom att analysera detaljplaner, marknadsf\u00f6ringsmaterial, olika boendeunders\u00f6kningar och j\u00e4mf\u00f6ra det med intervjuer och observationer kommer denna del i projektet att bidra till en f\u00f6rst\u00e5else f\u00f6r m\u00f6jligheterna att bygga samh\u00e4llen och inte bara bost\u00e4der.<\/p>\n<p><strong>Projekt 1.2 Urbana ingripanden och det mellanm\u00e4nskliga rummets kvalitet<br \/>\n<\/strong><\/p>\n<p>Denna del i forskningsprojektet fokuserar p\u00e5 f\u00f6rortens mellanm\u00e4nskliga rum. Vi \u00e4r intresserade av hur social interaktion och sociala relationer mellan medborgare p\u00e5verkas av arkitektonisk utformning. Mer konkret handlar det t ex om hur man kan planera och bygga f\u00f6r att underl\u00e4tta kontakt mellan grannar och mellan olika grupper av m\u00e4nniskor i f\u00f6rorten, dvs om och hur olika typer av socialt kapital kan \u201dbyggas in\u201d i ett grannskapsomr\u00e5de.<\/p>\n<p>Syftet \u00e4r att ta reda p\u00e5 vad det \u00e4r som g\u00f6r en boendemilj\u00f6 till en plats d\u00e4r dess inv\u00e5nare trivs och m\u00e5r bra. Fr\u00e5gan vi vill f\u00f6rs\u00f6ka besvara \u00e4r hur urbana ingripanden kan minska sp\u00e4nningar mellan olika grupper och (\u00e5ter)skapa socialt kapital och v\u00e4lm\u00e5ende i f\u00f6rorten. Detta studeras genom en m\u00e4ngd olika metoder, s\u00e5som intervjuer och observationer med st\u00f6d av GIS-analyser.<\/p>\n<p>Delprojektet studerar omr\u00e5dena Flemingsberg i Huddinge kommun och Fittja i Botkyrka kommun.<\/p>\n<p><strong>Projekt 1.3 Ungdomars medborgardeltagande och (re)produktion av det sociala rummet<br \/>\n<\/strong><\/p>\n<p>Denna del i forskningsprojektet tittar s\u00e4rskilt p\u00e5 hur olika utvecklingsprojekt p\u00e5verkar yngre generationer som bor i f\u00f6rorten idag. I anslutning till delprojekt 1.1 kommer vi att unders\u00f6ka hur visioner och f\u00f6rv\u00e4ntningar p\u00e5 unga generationer ing\u00e5r i planering och styrning genom stadsplaner. Vidare kommer vi att studera hur detta realiseras genom olika typer av samarbeten, konsekvenser av olika f\u00f6rs\u00f6k till integration och metoder f\u00f6r deltagande som r\u00f6r beslutsprocesser i olika utvecklingsprojekt.<\/p>\n<p>I fokus st\u00e5r det lokala och de akt\u00f6rer som deltar i utvecklingsprojekt eller tar avst\u00e5nd och formulerar motst\u00e5nd. Med koppling till delprojekt 1.2 unders\u00f6ker vi ocks\u00e5 hur offentliga utrymmen anv\u00e4nds och \u00e5terskapas genom ungdomars vardagliga aktiviteter och verksamheter, d\u00e4ribland organisationer f\u00f6r ungdomar och av unga m\u00e4nniskor.<strong>\u00a0<\/strong><\/p>\n<div><b>Medverkande\u00a0forskare:<\/b><\/div>\n<div><a href=\"https:\/\/www.sh.se\/p3\/ext\/content.nsf\/aget?openagent&amp;key=sh_personal_profil_sv_301611\" target=\"_blank\" rel=\"noopener noreferrer\">Apostolis Papakostas<\/a>, forskningsledare och professor i sociologi, S\u00f6dert\u00f6rns h\u00f6gskola<\/div>\n<div><a href=\"https:\/\/www.sh.se\/p3\/ext\/content.nsf\/aget?openagent&amp;key=sh_personal_profil_sv_559859\" target=\"_blank\" rel=\"noopener noreferrer\">Zhanna Kravchenko<\/a>, Fil. dr och docent i sociologi, S\u00f6dert\u00f6rns h\u00f6gskola<\/div>\n<div><a href=\"https:\/\/www.sh.se\/p3\/ext\/content.nsf\/aget?openagent&amp;key=sh_personal_profil_sv_070600\" target=\"_blank\" rel=\"noopener noreferrer\">Dominika Polanska<\/a>, Fil. dr och docent i sociologi, S\u00f6dert\u00f6rns h\u00f6gskola<\/div>\n<div><a href=\"https:\/\/www.sh.se\/p3\/ext\/content.nsf\/aget?openagent&amp;key=sh_personal_profil_sv_497956\" target=\"_blank\" rel=\"noopener noreferrer\">Jonas Lindstr\u00f6m<\/a>, Fil. dr i\u00a0sociologi och lektor i socialt arbete, S\u00f6dert\u00f6rns h\u00f6gskola<\/div>\n<div><a href=\"https:\/\/www.sh.se\/p3\/ext\/content.nsf\/aget?openagent&amp;key=sh_personal_profil_sv_439687\" target=\"_blank\" rel=\"noopener noreferrer\">Lisa Kings<\/a>, Fil. dr i\u00a0sociologi och lektor i socialt arbete, S\u00f6dert\u00f6rns h\u00f6gskola<\/div>\n<div><a href=\"https:\/\/www.sh.se\/p3\/ext\/content.nsf\/aget?openagent&amp;key=sh_personal_profil_sv_179901\" target=\"_blank\" rel=\"noopener noreferrer\">Sara Ferlander<\/a>, Fil. dr och docent i sociologi, S\u00f6dert\u00f6rns h\u00f6gskola<\/div>\n<div><a href=\"https:\/\/www.sh.se\/p3\/ext\/content.nsf\/aget?openagent&amp;key=sh_personal_profil_sv_190112\" target=\"_blank\" rel=\"noopener noreferrer\">Tanya Jukkala<\/a>, Fil. dr\u00a0i sociologi, S\u00f6dert\u00f6rns h\u00f6gskola<\/div>\n<div><\/div>\n<div><\/div>\n<div><\/div>\n<div><\/div>\n<div><strong>Medverkande f\u00f6retag:<\/strong><\/div>\n<div><\/div>\n<div><strong>WSP Sverige AB<\/strong><\/div>\n<div><\/div>\n<div><strong>Fastighets\u00e4garna Stockholm<br \/>\n<\/strong><\/div>\n<div><\/div>\n<div><strong>HUI Research AB <\/strong><\/div>\n<div><\/div>\n<div><strong>Huge Bost\u00e4der AB<\/strong><\/div>\n<div><\/div>\n","protected":false},"excerpt":{"rendered":"<p>Detta delprojekt syftar till att studera processer av urban f\u00f6rt\u00e4tning och differentiering i grannskap som ligger n\u00e4ra och i de s\u00e5 kallade miljonprogramomr\u00e5dena i de s\u00f6dra delarna av Stockholm. Projektet analyserar planeringsprocesser, dess motiv och logiker, stadsf\u00f6rvaltningens praxis, omfattningen och karakt\u00e4ren av sociala egenskaper som skapas p\u00e5 grannskapsniv\u00e5. Forskningsdesignen integrerar tre skilda fokusomr\u00e5den: stadsplanering, stadsf\u00f6rvaltning [&hellip;]<\/p>\n","protected":false},"author":2,"featured_media":0,"parent":2,"menu_order":2,"comment_status":"closed","ping_status":"closed","template":"","meta":[],"_links":{"self":[{"href":"https:\/\/blogg.sh.se\/reinvent\/wp-json\/wp\/v2\/pages\/48"}],"collection":[{"href":"https:\/\/blogg.sh.se\/reinvent\/wp-json\/wp\/v2\/pages"}],"about":[{"href":"https:\/\/blogg.sh.se\/reinvent\/wp-json\/wp\/v2\/types\/page"}],"author":[{"embeddable":true,"href":"https:\/\/blogg.sh.se\/reinvent\/wp-json\/wp\/v2\/users\/2"}],"replies":[{"embeddable":true,"href":"https:\/\/blogg.sh.se\/reinvent\/wp-json\/wp\/v2\/comments?post=48"}],"version-history":[{"count":45,"href":"https:\/\/blogg.sh.se\/reinvent\/wp-json\/wp\/v2\/pages\/48\/revisions"}],"predecessor-version":[{"id":589,"href":"https:\/\/blogg.sh.se\/reinvent\/wp-json\/wp\/v2\/pages\/48\/revisions\/589"}],"up":[{"embeddable":true,"href":"https:\/\/blogg.sh.se\/reinvent\/wp-json\/wp\/v2\/pages\/2"}],"wp:attachment":[{"href":"https:\/\/blogg.sh.se\/reinvent\/wp-json\/wp\/v2\/media?parent=48"}],"curies":[{"name":"wp","href":"https:\/\/api.w.org\/{rel}","templated":true}]}}