{"id":213,"date":"2017-03-22T11:50:58","date_gmt":"2017-03-22T10:50:58","guid":{"rendered":"http:\/\/blogg.sh.se\/reinvent\/?page_id=213"},"modified":"2018-12-18T20:08:07","modified_gmt":"2018-12-18T19:08:07","slug":"styrgrupp","status":"publish","type":"page","link":"https:\/\/blogg.sh.se\/reinvent\/about\/styrgrupp\/","title":{"rendered":"Styrgrupp"},"content":{"rendered":"<p>&nbsp;<\/p>\n<h2><strong>Akademisk styrgrupp<\/strong><\/h2>\n<p><a href=\"https:\/\/www.sh.se\/p3\/ext\/content.nsf\/aget?openagent&amp;key=sh_personal_profil_sv_301611\" target=\"_blank\" rel=\"noopener\">Apostolis Papakostas<\/a>, forskningsledare och professor i sociologi, S\u00f6dert\u00f6rns h\u00f6gskola<\/p>\n<p><a href=\"https:\/\/www.sh.se\/p3\/ext\/content.nsf\/aget?openagent&amp;key=sh_personal_profil_sv_357226\" target=\"_blank\" rel=\"noopener\">Mats Bergman<\/a>, ordf\u00f6rande\u00a0i Advisory Board, professor i nationalekonomi, S\u00f6dert\u00f6rns h\u00f6gskola<\/p>\n<p><a href=\"https:\/\/www.sh.se\/p3\/ext\/content.nsf\/aget?openagent&amp;key=sh_personal_profil_sv_304296\" target=\"_blank\" rel=\"noopener\">Malin Gawell<\/a>, Fil. dr och docent i f\u00f6retagsekonomi, S\u00f6dert\u00f6rns h\u00f6gskola<\/p>\n<p><a href=\"https:\/\/www.sh.se\/p3\/ext\/content.nsf\/aget?openagent&amp;key=sh_personal_profil_sv_336386\" target=\"_blank\" rel=\"noopener\">Erik Borg<\/a>, professor i f\u00f6retagsekonomi, S\u00f6dert\u00f6rns h\u00f6gskola<\/p>\n<p>Jonas Lindstr\u00f6m, Fil. dr i sociologi och lektor i socialt arbete<\/p>\n<p>&nbsp;<\/p>\n<h2><strong>Projektets styrgrupp<\/strong><\/h2>\n<p><a href=\"https:\/\/www.sh.se\/p3\/ext\/content.nsf\/aget?openagent&amp;key=sh_personal_profil_sv_357226\" target=\"_blank\" rel=\"noopener\">Mats Bergman<\/a>, ordf\u00f6rande, professor i nationalekonomi, S\u00f6dert\u00f6rns h\u00f6gskola<\/p>\n<p><a href=\"https:\/\/www.sh.se\/p3\/ext\/content.nsf\/aget?openagent&amp;key=sh_personal_profil_sv_301611\" target=\"_blank\" rel=\"noopener\">Apostolis Papakostas<\/a>, forskningsledare och professor i sociologi, S\u00f6dert\u00f6rns h\u00f6gskola<\/p>\n<p><a href=\"https:\/\/www.sh.se\/p3\/ext\/content.nsf\/aget?openagent&amp;key=sh_personal_profil_sv_336386\" target=\"_blank\" rel=\"noopener\">Erik Borg<\/a>, professor i f\u00f6retagsekonomi, S\u00f6dert\u00f6rns h\u00f6gskola<\/p>\n<p><a href=\"https:\/\/www.sh.se\/p3\/ext\/content.nsf\/aget?openagent&amp;key=sh_personal_profil_sv_304296\" target=\"_blank\" rel=\"noopener\">Malin Gawell<\/a>, Fil. dr och docent i f\u00f6retagsekonomi, S\u00f6dert\u00f6rns h\u00f6gskola<\/p>\n<p>Jonas Lindstr\u00f6m, Fil dr i sociologi och lektor i socialt arbete<\/p>\n<p><a href=\"http:\/\/www.wsp-pb.com\/sv\/WSP-Sverige\/Vilka-vi-ar\/Newsroom\/Thoughtleaders\/Fredrik-Bergstrom\/\" target=\"_blank\" rel=\"noopener\">Fredrik Bergstr\u00f6m<\/a>, WSP Sverige AB<\/p>\n<p>Michael Cronholm, HUI Research AB<\/p>\n<p>Helena Olsson, Fastighets\u00e4garna Stockholm<\/p>\n<p>Anders Daniels, Huge Bost\u00e4der AB<\/p>\n<p>&nbsp;<\/p>\n<p>&nbsp;<\/p>\n","protected":false},"excerpt":{"rendered":"<p>&nbsp; Akademisk styrgrupp Apostolis Papakostas, forskningsledare och professor i sociologi, S\u00f6dert\u00f6rns h\u00f6gskola Mats Bergman, ordf\u00f6rande\u00a0i Advisory Board, professor i nationalekonomi, S\u00f6dert\u00f6rns h\u00f6gskola Malin Gawell, Fil. dr och docent i f\u00f6retagsekonomi, S\u00f6dert\u00f6rns h\u00f6gskola Erik Borg, professor i f\u00f6retagsekonomi, S\u00f6dert\u00f6rns h\u00f6gskola Jonas Lindstr\u00f6m, Fil. dr i sociologi och lektor i socialt arbete &nbsp; Projektets styrgrupp Mats Bergman, [&hellip;]<\/p>\n","protected":false},"author":2,"featured_media":0,"parent":2,"menu_order":0,"comment_status":"closed","ping_status":"closed","template":"","meta":[],"_links":{"self":[{"href":"https:\/\/blogg.sh.se\/reinvent\/wp-json\/wp\/v2\/pages\/213"}],"collection":[{"href":"https:\/\/blogg.sh.se\/reinvent\/wp-json\/wp\/v2\/pages"}],"about":[{"href":"https:\/\/blogg.sh.se\/reinvent\/wp-json\/wp\/v2\/types\/page"}],"author":[{"embeddable":true,"href":"https:\/\/blogg.sh.se\/reinvent\/wp-json\/wp\/v2\/users\/2"}],"replies":[{"embeddable":true,"href":"https:\/\/blogg.sh.se\/reinvent\/wp-json\/wp\/v2\/comments?post=213"}],"version-history":[{"count":13,"href":"https:\/\/blogg.sh.se\/reinvent\/wp-json\/wp\/v2\/pages\/213\/revisions"}],"predecessor-version":[{"id":537,"href":"https:\/\/blogg.sh.se\/reinvent\/wp-json\/wp\/v2\/pages\/213\/revisions\/537"}],"up":[{"embeddable":true,"href":"https:\/\/blogg.sh.se\/reinvent\/wp-json\/wp\/v2\/pages\/2"}],"wp:attachment":[{"href":"https:\/\/blogg.sh.se\/reinvent\/wp-json\/wp\/v2\/media?parent=213"}],"curies":[{"name":"wp","href":"https:\/\/api.w.org\/{rel}","templated":true}]}}