{"id":2,"date":"2016-11-18T13:23:13","date_gmt":"2016-11-18T12:23:13","guid":{"rendered":"http:\/\/blogg.sh.se\/reinvent\/?page_id=2"},"modified":"2019-08-30T08:25:13","modified_gmt":"2019-08-30T06:25:13","slug":"about","status":"publish","type":"page","link":"https:\/\/blogg.sh.se\/reinvent\/about\/","title":{"rendered":"Att \u00e5terskapa f\u00f6rorten i fragmenterade landskap"},"content":{"rendered":"<p>Stockholm v\u00e4xer s\u00e5 att det knakar och ska\u00a0bli Europas mest attraktiva region f\u00f6r investerare, inv\u00e5nare och bes\u00f6kare. Staden vill\u00a0vara h\u00e5llbar, ur b\u00e5de socialt, ekonomiskt och ekologiskt perspektiv. Samtidigt finns stora sociala, ekonomiska och politiska sp\u00e4nningar.<\/p>\n<p>F\u00f6r att\u00a0skapa ett bra Stockholm f\u00f6r alla\u00a0startade S\u00f6dert\u00f6rns h\u00f6gskola\u00a0h\u00f6sten 2016\u00a0det omfattande forskningsprojektet \u201dAtt \u00e5terskapa f\u00f6rorten i fragmenterade landskap\u201d. Projektet kommer att p\u00e5g\u00e5 i tre \u00e5r och genomf\u00f6rs tillsammans med n\u00e4ringslivet.<\/p>\n<p>M\u00e5let med projektet \u00e4r att skapa goda f\u00f6ruts\u00e4ttningar f\u00f6r att planera bostadsomr\u00e5den som \u00e4r bra f\u00f6r m\u00e4nniskorna och samtidigt skapar f\u00f6ruts\u00e4ttningar f\u00f6r socialt och ekonomiskt h\u00e5llbar tillv\u00e4xt och f\u00f6retagande.<\/p>\n<p>I st\u00e4der finns flera olika typer av rumsliga asymmetrier och barri\u00e4rer; b\u00e5de ekonomiska,<br \/>\nkulturella och fysiska som delar upp samh\u00e4llet och fragmenterar det. Reinvent som<br \/>\nprojekt och som forskningscenter \u00e4mnar bli ett kunskapscentrum i S\u00f6dert\u00f6rn som<br \/>\nsamverkar med det omgivande samh\u00e4llet f\u00f6r att hitta kreativa l\u00f6sningar som \u00f6verskrider<br \/>\nbarri\u00e4rerna och hanterar rumsliga och sociala asymmetrier i den urbana periferin i<br \/>\nStockholms s\u00f6dra region. Med utg\u00e5ngspunkt i f\u00f6rorten analyseras hur offentliga och<br \/>\nprivata interventioner som kombinerar olika typer av kapital kan \u00f6verbrygga de<br \/>\nekonomiska, sociala och rumsliga barri\u00e4rerna.<\/p>\n<p>Konkret handlar det om faktorer som infrastruktur, exempelvis tillg\u00e5ng till pendelt\u00e5g och apotek, hur man bygger f\u00f6r att underl\u00e4tta kontakt mellan grannar och mellan olika grupper av m\u00e4nniskor och hur man skapar goda villkor f\u00f6r n\u00e4ringslivet.<\/p>\n<p>\u2013 Vi ska studera hur dessa olika former av kapital samverkar, hur man kan omvandla sp\u00e4nningar till kreativa l\u00f6sningar. Man brukar ringa till professorer i sociologi n\u00e4r det finns kriser i samh\u00e4llet, som n\u00e4r mots\u00e4ttningarna tilltar, utslagningen blir uppenbar eller n\u00e4r man tror att brottsligheten \u00f6kar. Men d\u00e5 \u00e4r det redan f\u00f6rsent. Jag och de \u00f6vriga medverkande vill g\u00e4rna vara med innan allt detta h\u00e4nder och hitta proaktiva l\u00f6sningar, s\u00e4ger <a href=\"https:\/\/www.sh.se\/p3\/ext\/content.nsf\/aget?openagent&amp;key=sh_personal_profil_sv_301611\" target=\"_blank\" rel=\"noopener noreferrer\">Apostolis Papakostas<\/a> som \u00e4r forskningsledare f\u00f6r projektet.<\/p>\n<p>Projektet bygger p\u00e5 n\u00e4ra samarbete mellan akademi och praktik. Ett av f\u00f6retagen som deltar \u00e4r det globala analys- och teknikkonsultf\u00f6retaget WSP. <a href=\"http:\/\/www.wsp-pb.com\/sv\/WSP-Sverige\/Vilka-vi-ar\/Newsroom\/Thoughtleaders\/Fredrik-Bergstrom\/\" target=\"_blank\" rel=\"noopener noreferrer\">Fredrik Bergstr\u00f6m<\/a>, ekonomie doktor och aff\u00e4rsomr\u00e5deschef p\u00e5 WSP, kommenterar:<\/p>\n<p>\u2013 Storst\u00e4derna f\u00f6rv\u00e4ntas v\u00e4xa kraftigt under de kommande decennierna. En central del av st\u00e4derna utg\u00f6rs av f\u00f6rorter. H\u00e4r bor och h\u00e4r kommer en majoritet av stadens befolkning att bo och h\u00e4r finns m\u00e5nga f\u00f6retag. I f\u00f6rorterna finns stora utvecklingsm\u00f6jligheter, men ocks\u00e5 stora utmaningar. Forskning som kan bidra till att f\u00f6rorterna blir attraktiva och konkurrenskraftiga \u00e4r av stor betydelse f\u00f6r stadens inv\u00e5nare, dess n\u00e4ringsliv och f\u00f6r storstadens utveckling i sin helhet.<\/p>\n<p><strong>F\u00f6retag som \u00e4r med i projektet:<\/strong><\/p>\n<ul>\n<li><a href=\"http:\/\/blogg.sh.se\/reinvent\/samarbetspartner\/\">WSP Sverige AB<\/a><\/li>\n<li><a href=\"http:\/\/blogg.sh.se\/reinvent\/samarbetspartner\/\">HUI Research AB<\/a><\/li>\n<li><a href=\"http:\/\/blogg.sh.se\/reinvent\/samarbetspartner\/\">HUGE\u00a0Bost\u00e4der AB<\/a><\/li>\n<li><a href=\"http:\/\/blogg.sh.se\/reinvent\/samarbetspartner\/\">Fastighets\u00e4garna<\/a><\/li>\n<li><a href=\"http:\/\/blogg.sh.se\/reinvent\/samarbetspartner\/\">Wester+Elsner<\/a><\/li>\n<li><a href=\"http:\/\/blogg.sh.se\/reinvent\/samarbetspartner\/\">NCC<\/a><\/li>\n<li><a href=\"http:\/\/blogg.sh.se\/reinvent\/samarbetspartner\/\">Flemingsberg Science<\/a><\/li>\n<\/ul>\n<p><strong>Mer information om projektet och h\u00f6gskolans roll<\/strong><\/p>\n<p><a href=\"http:\/\/www.sh.se\/\" target=\"_blank\" rel=\"noopener noreferrer\">S\u00f6dert\u00f6rns h\u00f6gskola<\/a> har fr\u00e5n b\u00f6rjan av sin existens, 1996, haft ambitionen att vara ett kunskapsnav f\u00f6r regionen. Med den h\u00e4r satsningen vill h\u00f6gskolan bli en facilitator f\u00f6r samverkan med det omgivande samh\u00e4llet och producera viktig kunskap f\u00f6r regionen tillsammans med de samverkande akt\u00f6rerna.<\/p>\n<p>Det h\u00e4r en av de st\u00f6rsta forskningssatsningarna i h\u00f6gskolans historia. Ett femtontal forskare i <a href=\"http:\/\/www.sh.se\/p3\/ext\/content.nsf\/aget?openagent&amp;key=om_amnet_1294840182216\" target=\"_blank\" rel=\"noopener noreferrer\">f\u00f6retagsekonomi<\/a>, <a href=\"http:\/\/www.sh.se\/p3\/ext\/content.nsf\/aget?openagent&amp;key=om_amnet_1299238647499\" target=\"_blank\" rel=\"noopener noreferrer\">sociologi<\/a>, <a href=\"http:\/\/www.sh.se\/p3\/ext\/content.nsf\/aget?openagent&amp;key=om_amnet_1299238494011\" target=\"_blank\" rel=\"noopener noreferrer\">nationalekonomi<\/a> och <a href=\"http:\/\/www.sh.se\/p3\/ext\/content.nsf\/aget?openagent&amp;key=om_amnet_1299238542762\" target=\"_blank\" rel=\"noopener noreferrer\">socialt arbete<\/a>\u00a0medverkar i projektet samt cirka 25 experter fr\u00e5n de medverkande akt\u00f6rerna.<\/p>\n","protected":false},"excerpt":{"rendered":"<p>Stockholm v\u00e4xer s\u00e5 att det knakar och ska\u00a0bli Europas mest attraktiva region f\u00f6r investerare, inv\u00e5nare och bes\u00f6kare. Staden vill\u00a0vara h\u00e5llbar, ur b\u00e5de socialt, ekonomiskt och ekologiskt perspektiv. Samtidigt finns stora sociala, ekonomiska och politiska sp\u00e4nningar. F\u00f6r att\u00a0skapa ett bra Stockholm f\u00f6r alla\u00a0startade S\u00f6dert\u00f6rns h\u00f6gskola\u00a0h\u00f6sten 2016\u00a0det omfattande forskningsprojektet \u201dAtt \u00e5terskapa f\u00f6rorten i fragmenterade landskap\u201d. Projektet kommer [&hellip;]<\/p>\n","protected":false},"author":1,"featured_media":0,"parent":0,"menu_order":1,"comment_status":"open","ping_status":"closed","template":"","meta":[],"_links":{"self":[{"href":"https:\/\/blogg.sh.se\/reinvent\/wp-json\/wp\/v2\/pages\/2"}],"collection":[{"href":"https:\/\/blogg.sh.se\/reinvent\/wp-json\/wp\/v2\/pages"}],"about":[{"href":"https:\/\/blogg.sh.se\/reinvent\/wp-json\/wp\/v2\/types\/page"}],"author":[{"embeddable":true,"href":"https:\/\/blogg.sh.se\/reinvent\/wp-json\/wp\/v2\/users\/1"}],"replies":[{"embeddable":true,"href":"https:\/\/blogg.sh.se\/reinvent\/wp-json\/wp\/v2\/comments?post=2"}],"version-history":[{"count":26,"href":"https:\/\/blogg.sh.se\/reinvent\/wp-json\/wp\/v2\/pages\/2\/revisions"}],"predecessor-version":[{"id":615,"href":"https:\/\/blogg.sh.se\/reinvent\/wp-json\/wp\/v2\/pages\/2\/revisions\/615"}],"wp:attachment":[{"href":"https:\/\/blogg.sh.se\/reinvent\/wp-json\/wp\/v2\/media?parent=2"}],"curies":[{"name":"wp","href":"https:\/\/api.w.org\/{rel}","templated":true}]}}