{"id":186,"date":"2017-03-20T15:41:11","date_gmt":"2017-03-20T14:41:11","guid":{"rendered":"http:\/\/blogg.sh.se\/reinvent\/?page_id=186"},"modified":"2019-10-16T15:32:10","modified_gmt":"2019-10-16T13:32:10","slug":"personer-i-projektet","status":"publish","type":"page","link":"https:\/\/blogg.sh.se\/reinvent\/about\/personer-i-projektet\/","title":{"rendered":"Personer i projektet"},"content":{"rendered":"<p><strong>S\u00f6dert\u00f6rns h\u00f6gskola<\/strong><\/p>\n<p><a href=\"https:\/\/www.sh.se\/p3\/ext\/content.nsf\/aget?openagent&amp;key=sh_personal_profil_sv_301611\" target=\"_blank\" rel=\"noopener noreferrer\">Apostolis Papakostas<\/a>, forskningsledare och professor i sociologi, S\u00f6dert\u00f6rns h\u00f6gskola<\/p>\n<p><a href=\"https:\/\/www.sh.se\/p3\/ext\/content.nsf\/aget?openagent&amp;key=sh_personal_profil_sv_357226\" target=\"_blank\" rel=\"noopener noreferrer\">Mats Bergman<\/a>, ordf\u00f6rande\u00a0i Advisory Board, professor i nationalekonomi, S\u00f6dert\u00f6rns h\u00f6gskola<\/p>\n<p>Erik <a href=\"https:\/\/www.sh.se\/p3\/ext\/content.nsf\/aget?openagent&amp;key=sh_personal_profil_sv_336386\" target=\"_blank\" rel=\"noopener noreferrer\">Borg<\/a>, professor i f\u00f6retagsekonomi, S\u00f6dert\u00f6rns h\u00f6gskola<\/p>\n<p><a href=\"https:\/\/www.sh.se\/p3\/ext\/content.nsf\/aget?openagent&amp;key=sh_personal_profil_sv_304296\" target=\"_blank\" rel=\"noopener noreferrer\">Malin Gawell<\/a>, Fil. dr och docent i f\u00f6retagsekonomi, S\u00f6dert\u00f6rns h\u00f6gskola<\/p>\n<p><a href=\"https:\/\/www.sh.se\/p3\/ext\/content.nsf\/aget?openagent&amp;key=sh_personal_profil_sv_559859\" target=\"_blank\" rel=\"noopener noreferrer\">Zhanna Kravchenko<\/a>, Fil. dr och docent i sociologi, S\u00f6dert\u00f6rns h\u00f6gskola<\/p>\n<p><a href=\"https:\/\/www.sh.se\/p3\/ext\/content.nsf\/aget?openagent&amp;key=sh_personal_profil_sv_329966\" target=\"_blank\" rel=\"noopener noreferrer\">Ali Hajighasemi<\/a>, Fil. dr och docent i sociologi och socialt arbete, S\u00f6dert\u00f6rns h\u00f6gskola<\/p>\n<p><a href=\"https:\/\/www.sh.se\/p3\/ext\/content.nsf\/aget?openagent&amp;key=sh_personal_profil_sv_269511\" target=\"_blank\" rel=\"noopener noreferrer\">Besrat Tesfaye<\/a>, Fil. dr och docent i f\u00f6retagsekonomi, S\u00f6dert\u00f6rns h\u00f6gskola<\/p>\n<p><a href=\"https:\/\/www.sh.se\/p3\/ext\/content.nsf\/aget?openagent&amp;key=sh_personal_profil_sv_070600\" target=\"_blank\" rel=\"noopener noreferrer\">Dominika Polanska<\/a>, Fil. dr och docent i sociologi, S\u00f6dert\u00f6rns h\u00f6gskola<\/p>\n<p><a href=\"https:\/\/www.sh.se\/p3\/ext\/content.nsf\/aget?openagent&amp;key=sh_personal_profil_sv_497956\" target=\"_blank\" rel=\"noopener noreferrer\">Jonas Lindstr\u00f6m<\/a>, Fil. dr i\u00a0sociologi och lektor i socialt arbete, S\u00f6dert\u00f6rns h\u00f6gskola<\/p>\n<p><a href=\"https:\/\/www.sh.se\/p3\/ext\/content.nsf\/aget?openagent&amp;key=sh_personal_profil_sv_439687\" target=\"_blank\" rel=\"noopener noreferrer\">Lisa Kings<\/a>, Fil. dr i\u00a0sociologi och lektor i socialt arbete, S\u00f6dert\u00f6rns h\u00f6gskola<\/p>\n<p>Martin Korpi, Fil. dr i ekonomisk historia, S\u00f6dert\u00f6rns h\u00f6gskola<\/p>\n<p><a href=\"https:\/\/www.sh.se\/p3\/ext\/content.nsf\/aget?openagent&amp;key=sh_personal_profil_sv_179901\" target=\"_blank\" rel=\"noopener noreferrer\">Sara Ferlander<\/a>, Fil. dr och docent i sociologi, S\u00f6dert\u00f6rns h\u00f6gskola<\/p>\n<p><a href=\"https:\/\/www.sh.se\/p3\/ext\/content.nsf\/aget?openagent&amp;key=sh_personal_profil_sv_190112\" target=\"_blank\" rel=\"noopener noreferrer\">Tanya Jukkala<\/a>, Fil. dr\u00a0i sociologi, S\u00f6dert\u00f6rns h\u00f6gskola<\/p>\n<p>Lena Sohl, Fil dr i sociologi, S\u00f6dert\u00f6rns h\u00f6gskola<\/p>\n<p>Thomas Wimark, Fil dr i kulturgeografi, Stockholms universitet<\/p>\n<p>Antonia Ribbing, processst\u00f6d, S\u00f6dert\u00f6rns h\u00f6gskola<\/p>\n<p><strong>WSP Sverige AB<\/strong><\/p>\n<p>Fredrik Bergstr\u00f6m, WSP Sverige AB<\/p>\n<p><strong>HUGE Bost\u00e4der AB<\/strong><\/p>\n<p>Anders Daniels, HUGE\u00a0Bost\u00e4der AB<\/p>\n<p><strong>NCC<\/strong><\/p>\n<p>Madeleine Nobs, NCC<\/p>\n<p><strong>HUI Research AB<\/strong><\/p>\n<p>Michael Cronholm, HUI Research AB<\/p>\n<p>Oana Mihaescu, HUI Research AB<\/p>\n<p><strong>Wester+Elsner<\/strong><\/p>\n<p>Christian Merkel, Wester+Elsner<\/p>\n<p>Kajsa Axelsson, Wester+Elsner<\/p>\n<p><strong>Fastighets\u00e4garna Stockholm<\/strong><\/p>\n<p>Helena Olsson, Fastighets\u00e4garna Stockholm<\/p>\n<p><strong>Flemingsberg Science<\/strong><\/p>\n<p>Bj\u00f6rn Varnestig, Flemingsberg Science<\/p>\n","protected":false},"excerpt":{"rendered":"<p>S\u00f6dert\u00f6rns h\u00f6gskola Apostolis Papakostas, forskningsledare och professor i sociologi, S\u00f6dert\u00f6rns h\u00f6gskola Mats Bergman, ordf\u00f6rande\u00a0i Advisory Board, professor i nationalekonomi, S\u00f6dert\u00f6rns h\u00f6gskola Erik Borg, professor i f\u00f6retagsekonomi, S\u00f6dert\u00f6rns h\u00f6gskola Malin Gawell, Fil. dr och docent i f\u00f6retagsekonomi, S\u00f6dert\u00f6rns h\u00f6gskola Zhanna Kravchenko, Fil. dr och docent i sociologi, S\u00f6dert\u00f6rns h\u00f6gskola Ali Hajighasemi, Fil. dr och docent i [&hellip;]<\/p>\n","protected":false},"author":2,"featured_media":0,"parent":2,"menu_order":0,"comment_status":"closed","ping_status":"closed","template":"","meta":[],"_links":{"self":[{"href":"https:\/\/blogg.sh.se\/reinvent\/wp-json\/wp\/v2\/pages\/186"}],"collection":[{"href":"https:\/\/blogg.sh.se\/reinvent\/wp-json\/wp\/v2\/pages"}],"about":[{"href":"https:\/\/blogg.sh.se\/reinvent\/wp-json\/wp\/v2\/types\/page"}],"author":[{"embeddable":true,"href":"https:\/\/blogg.sh.se\/reinvent\/wp-json\/wp\/v2\/users\/2"}],"replies":[{"embeddable":true,"href":"https:\/\/blogg.sh.se\/reinvent\/wp-json\/wp\/v2\/comments?post=186"}],"version-history":[{"count":45,"href":"https:\/\/blogg.sh.se\/reinvent\/wp-json\/wp\/v2\/pages\/186\/revisions"}],"predecessor-version":[{"id":646,"href":"https:\/\/blogg.sh.se\/reinvent\/wp-json\/wp\/v2\/pages\/186\/revisions\/646"}],"up":[{"embeddable":true,"href":"https:\/\/blogg.sh.se\/reinvent\/wp-json\/wp\/v2\/pages\/2"}],"wp:attachment":[{"href":"https:\/\/blogg.sh.se\/reinvent\/wp-json\/wp\/v2\/media?parent=186"}],"curies":[{"name":"wp","href":"https:\/\/api.w.org\/{rel}","templated":true}]}}