{"id":16,"date":"2016-11-22T14:23:44","date_gmt":"2016-11-22T13:23:44","guid":{"rendered":"http:\/\/blogg.sh.se\/reinvent\/?page_id=16"},"modified":"2018-12-18T20:01:12","modified_gmt":"2018-12-18T19:01:12","slug":"kontakt","status":"publish","type":"page","link":"https:\/\/blogg.sh.se\/reinvent\/kontakt\/","title":{"rendered":"Kontakt"},"content":{"rendered":"<p>F\u00f6r att komma i kontakt med representanter fr\u00e5n projektet g\u00e5r det bra att maila till\u00a0<a href=\"mailto:reinvent@sh.se\">reinvent@sh.se\u00a0<\/a><\/p>\n","protected":false},"excerpt":{"rendered":"<p>F\u00f6r att komma i kontakt med representanter fr\u00e5n projektet g\u00e5r det bra att maila till\u00a0reinvent@sh.se\u00a0<\/p>\n","protected":false},"author":1,"featured_media":0,"parent":0,"menu_order":0,"comment_status":"closed","ping_status":"closed","template":"","meta":[],"_links":{"self":[{"href":"https:\/\/blogg.sh.se\/reinvent\/wp-json\/wp\/v2\/pages\/16"}],"collection":[{"href":"https:\/\/blogg.sh.se\/reinvent\/wp-json\/wp\/v2\/pages"}],"about":[{"href":"https:\/\/blogg.sh.se\/reinvent\/wp-json\/wp\/v2\/types\/page"}],"author":[{"embeddable":true,"href":"https:\/\/blogg.sh.se\/reinvent\/wp-json\/wp\/v2\/users\/1"}],"replies":[{"embeddable":true,"href":"https:\/\/blogg.sh.se\/reinvent\/wp-json\/wp\/v2\/comments?post=16"}],"version-history":[{"count":4,"href":"https:\/\/blogg.sh.se\/reinvent\/wp-json\/wp\/v2\/pages\/16\/revisions"}],"predecessor-version":[{"id":82,"href":"https:\/\/blogg.sh.se\/reinvent\/wp-json\/wp\/v2\/pages\/16\/revisions\/82"}],"wp:attachment":[{"href":"https:\/\/blogg.sh.se\/reinvent\/wp-json\/wp\/v2\/media?parent=16"}],"curies":[{"name":"wp","href":"https:\/\/api.w.org\/{rel}","templated":true}]}}