{"id":14,"date":"2016-11-22T14:23:26","date_gmt":"2016-11-22T13:23:26","guid":{"rendered":"http:\/\/blogg.sh.se\/reinvent\/?page_id=14"},"modified":"2017-03-22T11:58:54","modified_gmt":"2017-03-22T10:58:54","slug":"press","status":"publish","type":"page","link":"https:\/\/blogg.sh.se\/reinvent\/about\/press\/","title":{"rendered":"Projektet i pressen"},"content":{"rendered":"<h2>2016-12-16 Flemingsberg Science<\/h2>\n<p><a href=\"http:\/\/flemingsbergscience.se\/language\/sv\/sodertorns-hogskola-leder-vagen-mot-framtidens-stockholm\/\" target=\"_blank\">S\u00f6dert\u00f6rns h\u00f6gskola leder v\u00e4gen mot framtidens Stockholm<\/a><\/p>\n<p><a href=\"http:\/\/flemingsbergscience.se\/language\/en\/sodertorn-university-leads-way-towards-stockholm-future\/\" target=\"_blank\">S\u00f6dert\u00f6rn University leads the way towards the Stockholm of the future<\/a><\/p>\n<h2>2016-12-07 Samh\u00e4llsbyggarna<\/h2>\n<p><a href=\"http:\/\/www.mynewsdesk.com\/se\/samhaellsbyggarna\/news\/reinventing-the-suburbs-204853\" target=\"_blank\">Reinventing the suburbs<\/a><\/p>\n<h2>2016-10-09\u00a0Nyn\u00e4shamnsposten<\/h2>\n<p><a href=\"http:\/\/www.nynashamnsposten.se\/stockholm\/nynashamn\/hogskolan-vill-bidra-till-ett-socialt-hallbart-sodertorn\" target=\"_blank\">H\u00f6gskolan vill bidra till ett socialt h\u00e5llbart S\u00f6dert\u00f6rn<\/a><\/p>\n<h2>2016-09-09\u00a0Svt intervju<\/h2>\n<p><a href=\"http:\/\/www.svt.se\/nyheter\/uutiset\/tutkijat-mukaan-lahioiden-uudistamiseen?cmpid=del%3Apd%3Any%3A20160909%3Atutkijat-mukaan-lahioiden-uudistamiseen%3Anyh\" target=\"_blank\">Svt:s finskspr\u00e5kiga redaktion intervjuar Apostolis Papakostas och Tanya Jukkala<\/a><\/p>\n<h2>2016-08-30 ETC<\/h2>\n<p><a href=\"http:\/\/stockholm.etc.se\/inrikes\/bygg-samhallen-inte-bara-bostader\" target=\"_blank\">&#8221;Bygg samh\u00e4llen \u2013 inte bara bost\u00e4der&#8221;<\/a><\/p>\n<p><a href=\"http:\/\/stockholm.etc.se\/inrikes\/bygg-samhallen-inte-bara-bostader?sida=2\" target=\"_blank\">Rumslig segregation<\/a><\/p>\n<h2>2016-08-20 S\u00f6dra sidan Huddinge<\/h2>\n<p><a href=\"http:\/\/blogg.sh.se\/reinvent\/wp-content\/uploads\/2017\/01\/S\u00f6draSidanHuddinge.pdf\" target=\"_blank\">Forskningssatsning: S\u00e5 kan segregationen byggas bort<\/a><\/p>\n<h2>2016-08-19\u00a0SVT Nyheter S\u00f6dert\u00e4lje<\/h2>\n<p class=\"nyh_article__heading\" data-reactid=\"102\"><a href=\"http:\/\/www.svt.se\/nyheter\/lokalt\/sodertalje\/sa-ska-forskare-fa-folk-att-flytta-till-fororten\" target=\"_blank\">Forskare vill lyfta f\u00f6rorten i rekordstudie<\/a><\/p>\n<h2>2016-08-19\u00a0H\u00e4sselby tidning<\/h2>\n<p><a href=\"http:\/\/www.stockholmdirekt.se\/nyheter\/forskare-inspireras-av-abc-staden-nar-stockholm-vaxer\/aRKphq!E4PetMki@9iTfikcl96MvA\/\" target=\"_blank\">Forskare inspireras av ABC-staden n\u00e4r Stockholm v\u00e4xer<\/a><\/p>\n<p><a href=\"http:\/\/www.stockholmdirekt.se\/nyheter\/miljonsatsning-pa-forskning-sa-ska-utvecklingen-pa-sodra-sidan-gynna-alla\/aRKphq!D64BL4xO4TqV7A@XMFG@QQ\/\" target=\"_blank\">Miljonsatsning p\u00e5 forskning: S\u00e5 ska utvecklingen p\u00e5 s\u00f6dra sidan gynna alla<\/a><\/p>\n<h2>2016-08-17\u00a0KK-stiftelsen<\/h2>\n<p><a href=\"http:\/\/www.kks.se\/om\/Nyhetsarkiv\/S%C3%B6dert%C3%B6rns%20h%C3%B6gskola%20f%C3%A5r%2030%20miljoner%20kronor%20till%20forskning%20om%20att%20%E2%80%9D%C3%A5terskapa%20f%C3%B6rorten%E2%80%9D.aspx\" target=\"_blank\">S\u00f6dert\u00f6rns h\u00f6gskola f\u00e5r 30 miljoner kronor till forskning om att \u201d\u00e5terskapa f\u00f6rorten\u201d<\/a><\/p>\n<h2>2016-08-16 S\u00f6dert\u00f6rns h\u00f6gskola<\/h2>\n<p><a href=\"https:\/\/www.sh.se\/p3\/ext\/custom.nsf\/news?openagent&amp;key=sodertorns_hogskola_leder_unikt_forskningsprojekt_sodra_stockholm_ska_bli_bra_for_alla_1466597855584\" target=\"_blank\">S\u00f6dert\u00f6rns h\u00f6gskola leder unikt forskningsprojekt: \u201dS\u00f6dra Stockholm ska bli bra f\u00f6r alla\u201d<\/a><\/p>\n<h2>2016-08-16\u00a0Sveriges radio P4 Stockholm<\/h2>\n<p class=\"publication-main-header publication-main-header--bold\"><a href=\"http:\/\/sverigesradio.se\/sida\/artikel.aspx?programid=103&amp;artikel=6497800\" target=\"_blank\">M\u00e5ngmiljonsatsning p\u00e5 S\u00f6dert\u00f6rn<\/a><\/p>\n<h2>2016-08-16\u00a0Tidningen Mitt i Stockholm<\/h2>\n<p><a href=\"http:\/\/blogg.sh.se\/reinvent\/wp-content\/uploads\/2016\/11\/MittiBandhagen.pdf\" target=\"_blank\">Bandhagen<\/a><\/p>\n<p><a href=\"http:\/\/blogg.sh.se\/reinvent\/wp-content\/uploads\/2016\/11\/MittiBotkyrkaSalem.pdf\" target=\"_blank\">Botkyrka Salem<\/a><\/p>\n<p><a href=\"http:\/\/blogg.sh.se\/reinvent\/wp-content\/uploads\/2016\/11\/MittiBromma.pdf\" target=\"_blank\">Bromma<\/a><\/p>\n<p><a href=\"http:\/\/blogg.sh.se\/reinvent\/wp-content\/uploads\/2016\/11\/MittiFarstaSk\u00f6ndal.pdf\" target=\"_blank\">Farsta-Sk\u00f6ndal<\/a><\/p>\n<p><a href=\"http:\/\/blogg.sh.se\/reinvent\/wp-content\/uploads\/2016\/11\/MittiHaninge.pdf\" target=\"_blank\">Haninge<\/a><\/p>\n<p><a href=\"http:\/\/blogg.sh.se\/reinvent\/wp-content\/uploads\/2016\/11\/MittiHuddinge.pdf\" target=\"_blank\">Huddinge<\/a><\/p>\n<p><a href=\"http:\/\/blogg.sh.se\/reinvent\/wp-content\/uploads\/2016\/11\/MittiKungsholmen.pdf\" target=\"_blank\">Kungsholmen<\/a><\/p>\n<p><a href=\"http:\/\/blogg.sh.se\/reinvent\/wp-content\/uploads\/2016\/11\/MittiLiding\u00f6.pdf\" target=\"_blank\">Liding\u00f6<\/a><\/p>\n<p><a href=\"http:\/\/blogg.sh.se\/reinvent\/wp-content\/uploads\/2016\/11\/MittiLiljeholmen.pdf\" target=\"_blank\">Liljeholmen<\/a><\/p>\n<p><a href=\"http:\/\/blogg.sh.se\/reinvent\/wp-content\/uploads\/2016\/11\/MittiNacka.pdf\" target=\"_blank\">Nacka<\/a><\/p>\n<p><a href=\"http:\/\/blogg.sh.se\/reinvent\/wp-content\/uploads\/2016\/11\/MittiSk\u00e4rkholmen.pdf\" target=\"_blank\">Sk\u00e4rholmen<\/a><\/p>\n<p><a href=\"http:\/\/blogg.sh.se\/reinvent\/wp-content\/uploads\/2016\/11\/MittiSundbyberg.pdf\" target=\"_blank\">Sundbyberg<\/a><\/p>\n<p><a href=\"http:\/\/blogg.sh.se\/reinvent\/wp-content\/uploads\/2016\/11\/MittiS\u00f6dermalm.pdf\" target=\"_blank\">S\u00f6dermalm<\/a><\/p>\n<p><a href=\"http:\/\/blogg.sh.se\/reinvent\/wp-content\/uploads\/2016\/11\/MittiS\u00f6derortHammarby.pdf\" target=\"_blank\">S\u00f6derort Hammarby<\/a><\/p>\n<p><a href=\"http:\/\/blogg.sh.se\/reinvent\/wp-content\/uploads\/2016\/11\/MittiS\u00f6derortSp\u00e5nga.pdf\" target=\"_blank\">V\u00e4sterort<\/a><\/p>\n<p><a href=\"http:\/\/blogg.sh.se\/reinvent\/wp-content\/uploads\/2016\/11\/MittiTyres\u00f6.pdf\" target=\"_blank\">Tyres\u00f6<\/a><\/p>\n<p><a href=\"http:\/\/blogg.sh.se\/reinvent\/wp-content\/uploads\/2016\/11\/MittiUpplandsv\u00e4sby.pdf\" target=\"_blank\">Upplands V\u00e4sby<\/a><\/p>\n<p><a href=\"http:\/\/blogg.sh.se\/reinvent\/wp-content\/uploads\/2016\/11\/MittiVasastan.pdf\" target=\"_blank\">Vasastan<\/a><\/p>\n<p><a href=\"http:\/\/blogg.sh.se\/reinvent\/wp-content\/uploads\/2016\/11\/MittiV\u00e4rmd\u00f6.pdf\" target=\"_blank\">V\u00e4rmd\u00f6<\/a><\/p>\n<p><a href=\"http:\/\/blogg.sh.se\/reinvent\/wp-content\/uploads\/2016\/11\/Mitti\u00d6stermalm.pdf\" target=\"_blank\">\u00d6stermalm<\/a><\/p>\n<p>&nbsp;<\/p>\n","protected":false},"excerpt":{"rendered":"<p>2016-12-16 Flemingsberg Science S\u00f6dert\u00f6rns h\u00f6gskola leder v\u00e4gen mot framtidens Stockholm S\u00f6dert\u00f6rn University leads the way towards the Stockholm of the future 2016-12-07 Samh\u00e4llsbyggarna Reinventing the suburbs 2016-10-09\u00a0Nyn\u00e4shamnsposten H\u00f6gskolan vill bidra till ett socialt h\u00e5llbart S\u00f6dert\u00f6rn 2016-09-09\u00a0Svt intervju Svt:s finskspr\u00e5kiga redaktion intervjuar Apostolis Papakostas och Tanya Jukkala 2016-08-30 ETC &#8221;Bygg samh\u00e4llen \u2013 inte bara bost\u00e4der&#8221; Rumslig [&hellip;]<\/p>\n","protected":false},"author":1,"featured_media":0,"parent":2,"menu_order":0,"comment_status":"closed","ping_status":"closed","template":"","meta":[],"_links":{"self":[{"href":"https:\/\/blogg.sh.se\/reinvent\/wp-json\/wp\/v2\/pages\/14"}],"collection":[{"href":"https:\/\/blogg.sh.se\/reinvent\/wp-json\/wp\/v2\/pages"}],"about":[{"href":"https:\/\/blogg.sh.se\/reinvent\/wp-json\/wp\/v2\/types\/page"}],"author":[{"embeddable":true,"href":"https:\/\/blogg.sh.se\/reinvent\/wp-json\/wp\/v2\/users\/1"}],"replies":[{"embeddable":true,"href":"https:\/\/blogg.sh.se\/reinvent\/wp-json\/wp\/v2\/comments?post=14"}],"version-history":[{"count":19,"href":"https:\/\/blogg.sh.se\/reinvent\/wp-json\/wp\/v2\/pages\/14\/revisions"}],"predecessor-version":[{"id":138,"href":"https:\/\/blogg.sh.se\/reinvent\/wp-json\/wp\/v2\/pages\/14\/revisions\/138"}],"up":[{"embeddable":true,"href":"https:\/\/blogg.sh.se\/reinvent\/wp-json\/wp\/v2\/pages\/2"}],"wp:attachment":[{"href":"https:\/\/blogg.sh.se\/reinvent\/wp-json\/wp\/v2\/media?parent=14"}],"curies":[{"name":"wp","href":"https:\/\/api.w.org\/{rel}","templated":true}]}}