{"id":12,"date":"2016-11-22T14:23:14","date_gmt":"2016-11-22T13:23:14","guid":{"rendered":"http:\/\/blogg.sh.se\/reinvent\/?page_id=12"},"modified":"2019-04-16T15:06:09","modified_gmt":"2019-04-16T13:06:09","slug":"samarbetspartner","status":"publish","type":"page","link":"https:\/\/blogg.sh.se\/reinvent\/samarbetspartner\/","title":{"rendered":"Samarbetspartners"},"content":{"rendered":"<p>&nbsp;<\/p>\n<p><strong>WSP Sverige AB<\/strong><\/p>\n<p>\u201dWSP hj\u00e4lper offentliga och privata uppdragsgivare med analyser, kvalitetsstyrning och konkreta insatser s\u00e5 att verksamheter och samh\u00e4lle kan utvecklas p\u00e5 b\u00e4sta s\u00e4tt. De fokuserar p\u00e5 hur \u00e4ndrade f\u00f6ruts\u00e4ttningar p\u00e5verkar individer, f\u00f6retag och samh\u00e4lle och utformar strategier och l\u00f6sningar f\u00f6r en god samh\u00e4llsutveckling.\u201d<\/p>\n<p><a href=\"http:\/\/www.wsp-pb.com\/sv\/WSP-Sverige\/Vilka-vi-ar\/The-WSP-Way\/\" target=\"_blank\" rel=\"noopener\">Till WSPs hemsida<\/a><\/p>\n<p>Kontakt:<\/p>\n<p><strong>Fredrik Bergstr\u00f6m<\/strong>, WSP Analys &amp; Strategi<br \/>\nEk. Dr., Aff\u00e4rsomr\u00e5deschef<br \/>\nE-post: fredrik.bergstrom@WSPGroup.se<\/p>\n<p>&nbsp;<\/p>\n<p><strong>HUI Research AB<\/strong><\/p>\n<p>\u201dHUI Research hj\u00e4lper kunder inom detaljhandeln och bes\u00f6ksn\u00e4ringen samt kommuner, branschorganisationer och myndigheter att g\u00f6ra b\u00e4ttre aff\u00e4rer genom att \u00f6ka f\u00f6rst\u00e5elsen f\u00f6r vilka drivkrafter som p\u00e5verkar konsumtionen och samh\u00e4llsekonomin.\u00a0 Med hj\u00e4lp av kvalificerade beslutsunderlag i form av fakta, analys och r\u00e5dgivning hj\u00e4lper HUI till med framg\u00e5ngsrik utveckling.\u201d<\/p>\n<p><a href=\"http:\/\/www.hui.se\/om-oss\" target=\"_blank\" rel=\"noopener\">Till HUIs hemsida<\/a><\/p>\n<p>Kontakt:<\/p>\n<p><strong>Michael Cronholm<\/strong>, HUI Research AB<br \/>\nKonsultchef<br \/>\nE-post: michael.cronholm@hui.se<\/p>\n<p>&nbsp;<\/p>\n<p><strong>HUGE\u00a0Bost\u00e4der AB<\/strong><\/p>\n<p>\u201dHuge\u00a0Bost\u00e4der AB \u00e4r ett av Sveriges tio st\u00f6rsta kommunala fastighetsbolag. \u00c4gare \u00e4r Huddinge kommun. Fastighetsbest\u00e5ndet best\u00e5r av lika stora delar bost\u00e4der och lokaler. Bland Huges lokaler finns f\u00f6rskolor, skolor, \u00e4ldreboenden, frilufts- och idrottsanl\u00e4ggningar, kontor samt k\u00f6pcentrum.\u201d<\/p>\n<p><a href=\"http:\/\/www.huge.se\/omf\/var_agare_s.asp\" target=\"_blank\" rel=\"noopener\">Till HUGEs hemsida<\/a><\/p>\n<p>Kontakt:<\/p>\n<p><b>Anders Daniels<\/b>,\u00a0Huge Bost\u00e4der<br \/>\nUtvecklingsstrateg<br \/>\nE-post: anders.daniels@huge.se<\/p>\n<p>&nbsp;<\/p>\n<p><strong>Fastighets\u00e4garna Stockholm<\/strong><\/p>\n<p>\u201dFastighets\u00e4garna \u00e4r en branschorganisation som arbetar med tre fokusomr\u00e5den, en v\u00e4l fungerande fastighetsmarknad, stadsutveckling och h\u00e5llbarhet. Genom fyra regionf\u00f6reningar och Fastighets\u00e4garna Sverige arbetar de \u00f6ver hela landet med n\u00e4ringspolitik och opinionsbildning, kompetensutveckling, kommunikation och medlemsservice.\u201d<\/p>\n<p><a href=\"http:\/\/www.fastighetsagarna.se\/stockholm\/om-oss\" target=\"_blank\" rel=\"noopener\">Till Fastighets\u00e4garnas hemsida<\/a><\/p>\n<p>Kontakt:<\/p>\n<p><b>Helena Olsson<\/b>,\u00a0Fastighets\u00e4garna Stockholm<br \/>\nE-post: helena.olsson@fastighetsagarna.se<\/p>\n<p>&nbsp;<\/p>\n<p><strong>Wester+Elsner<\/strong><\/p>\n<p>\u201dWester + Elsner Arkitekter grundades 1998.\u00a0De \u00e4r idag ett 50-tal medarbetare, arkitekter och ingenj\u00f6rer, specialiserade p\u00e5 att ge form \u00e5t publika milj\u00f6er samt m\u00f6tes- och handelsplatser. Detta \u00e4r platser som dagligen bes\u00f6ks av tusentals m\u00e4nniskor som alla direkt och indirekt p\u00e5verkas av milj\u00f6ns utformning.\u201d<\/p>\n<p><a href=\"http:\/\/www.wester-elsner.se\/om-oss\/\" target=\"_blank\" rel=\"noopener\">Till Wester + Elsners hemsida<\/a><\/p>\n<p>Kontakt:<\/p>\n<p><strong>Christian Merkel<\/strong>, Wester + Elsner<br \/>\nArkitekt SAR\/MSA, Partner<br \/>\nE-post: christian.merkel@wester-elsner.se<\/p>\n<p><strong>Kajsa Axelsson<\/strong>, Wester + Elsner<br \/>\nArkitekt SAR\/MSA, Partner<br \/>\nE-post: kajsa.axelsson@wester-elsner.se<\/p>\n<p>&nbsp;<\/p>\n<p><strong>NCC<\/strong><\/p>\n<p>\u201dNCC \u00e4r ett av de ledande bygg- och fastighetsutvecklingsf\u00f6retagen i norra Europa. NCC \u00e4r verksamt inom hela v\u00e4rdekedjan n\u00e4r det g\u00e4ller att skapa milj\u00f6er f\u00f6r arbete, boende och kommunikation.\u201d<\/p>\n<p><a href=\"https:\/\/www.ncc.se\/om-ncc\/\" target=\"_blank\" rel=\"noopener\">Till NCCs hemsida<\/a><\/p>\n<p>Kontakt:<\/p>\n<p><b>Madeleine Nobs<\/b>, NCC<br \/>\nE-post: madeleine.nobs@ncc.se<\/p>\n<p>&nbsp;<\/p>\n<p><strong>Flemingsberg Science<\/strong><\/p>\n<p>\u201dStiftelsen Flemingsberg Science bildades 2011 f\u00f6r att fr\u00e4mja samarbetet mellan akademi, n\u00e4ringsliv och samh\u00e4lle i Flemingsberg. Bakom stiftelsen finns Stockholms l\u00e4ns landsting, Huddinge kommun, Botkyrka kommun, Karolinska Institutet, Kungliga Tekniska h\u00f6gskolan (KTH), S\u00f6dert\u00f6rns h\u00f6gskola och R\u00f6da Korsets H\u00f6gskola.\u201d<\/p>\n<p><a href=\"http:\/\/flemingsbergscience.se\/language\/sv\/om-oss\/\" target=\"_blank\" rel=\"noopener\">Till\u00a0Flemingsberg Science\u00a0hemsida<\/a><\/p>\n<p>Kontakt:<\/p>\n<p><b>Bj\u00f6rn Varnestig<\/b>,\u00a0Flemingsberg Science<br \/>\nCEO<br \/>\nE-post: bjorn.varnestig@flemingsbergscience.se<\/p>\n<p>&nbsp;<\/p>\n<p>&nbsp;<\/p>\n<p>&nbsp;<\/p>\n<p>&nbsp;<\/p>\n","protected":false},"excerpt":{"rendered":"<p>&nbsp; WSP Sverige AB \u201dWSP hj\u00e4lper offentliga och privata uppdragsgivare med analyser, kvalitetsstyrning och konkreta insatser s\u00e5 att verksamheter och samh\u00e4lle kan utvecklas p\u00e5 b\u00e4sta s\u00e4tt. De fokuserar p\u00e5 hur \u00e4ndrade f\u00f6ruts\u00e4ttningar p\u00e5verkar individer, f\u00f6retag och samh\u00e4lle och utformar strategier och l\u00f6sningar f\u00f6r en god samh\u00e4llsutveckling.\u201d Till WSPs hemsida Kontakt: Fredrik Bergstr\u00f6m, WSP Analys &amp; [&hellip;]<\/p>\n","protected":false},"author":1,"featured_media":0,"parent":0,"menu_order":0,"comment_status":"closed","ping_status":"closed","template":"","meta":[],"_links":{"self":[{"href":"https:\/\/blogg.sh.se\/reinvent\/wp-json\/wp\/v2\/pages\/12"}],"collection":[{"href":"https:\/\/blogg.sh.se\/reinvent\/wp-json\/wp\/v2\/pages"}],"about":[{"href":"https:\/\/blogg.sh.se\/reinvent\/wp-json\/wp\/v2\/types\/page"}],"author":[{"embeddable":true,"href":"https:\/\/blogg.sh.se\/reinvent\/wp-json\/wp\/v2\/users\/1"}],"replies":[{"embeddable":true,"href":"https:\/\/blogg.sh.se\/reinvent\/wp-json\/wp\/v2\/comments?post=12"}],"version-history":[{"count":29,"href":"https:\/\/blogg.sh.se\/reinvent\/wp-json\/wp\/v2\/pages\/12\/revisions"}],"predecessor-version":[{"id":570,"href":"https:\/\/blogg.sh.se\/reinvent\/wp-json\/wp\/v2\/pages\/12\/revisions\/570"}],"wp:attachment":[{"href":"https:\/\/blogg.sh.se\/reinvent\/wp-json\/wp\/v2\/media?parent=12"}],"curies":[{"name":"wp","href":"https:\/\/api.w.org\/{rel}","templated":true}]}}