{"id":7,"date":"2014-04-25T09:06:34","date_gmt":"2014-04-25T09:06:34","guid":{"rendered":"http:\/\/blogg.sh.se\/re-ukraine\/?page_id=7"},"modified":"2014-04-28T13:24:53","modified_gmt":"2014-04-28T13:24:53","slug":"ukraine-research-group","status":"publish","type":"page","link":"https:\/\/blogg.sh.se\/re-ukraine\/ukraine-research-group\/","title":{"rendered":"Ukraine Research Group"},"content":{"rendered":"<p>Ukraine Research Group is an informal cooperation and communication forum for scholars whose areas of interest include Ukraine. Founded at S\u00f6dert\u00f6rn University (Stockholm) in March 2014, during the peak phase of the Ukrainian crisis, it caters information, emergency analysis and cutting-edge expertise on Ukraine to a wide circle of academics, experts, journalists and wider public. Its main activities include organising roundtables and seminars, maintaining a research blog hosted by S\u00f6dert\u00f6rn University, publishing papers and policy briefs, providing accurate and up-to-date information for mass media.<\/p>\n<h2>Organising team<\/h2>\n<h3>Roman Horbyk (coordinator)<\/h3>\n<p>Roman Horbyk was born in Kyiv, Ukraine. He accomplished his BA and MA degrees with majors in Journalism at Kyiv National Taras Shevchenko University. Roman received an international Master&#8217;s degree in \u201cJournalism and Media within Globalisation: a European Perspective\u201d in 2012 with a joint certificate from Universities of Aarhus and Hamburg, having also studied in Amsterdam and completed courses from UC Berkeley.<\/p>\n<p>Roman is presently employed within a multi-disciplinary project \u201cNarratives of Europe\u201d at S\u00f6dert\u00f6rn University where he conducts his doctoral research. Academically he is interested in how the media functions within power relations; other topics of interest include postcolonial theory as well as media history, particularly in relation to the popular genres in the 1920s and 1930s.<\/p>\n<p>Roman has also extensively worked as print and TV journalist with a 10-year career. His reports and columns were published in Ukraine, Germany, Brazil and Denmark.<\/p>\n<p>Roman Horbyk speaks Ukrainian, English, German and Russian freely, apart from limited fluency in Swedish, French, Polish.<\/p>\n<p><em>Interests &amp; expertise: Ukrainian media; classical and contemporary Ukrainian culture; Soviet Ukraine in 1920s and 1930s; languages, identities and ethnolinguistic policies in Ukraine; postcolonial take on Eastern Europe<\/em><\/p>\n<p><strong>To contact Roman: <\/strong> <strong>+46 8 608 5107, mobile +46 70\u00a0233 45 61, e-mail: <\/strong><a href=\"mailto:roman.horbyk@sh.se\"><strong>roman.horbyk@sh.se<\/strong><\/a><\/p>\n<p>&nbsp;<\/p>\n<h3>Julia Malitska<\/h3>\n<p>Julia Malitska is currently a Doctoral Candidate in History at S\u00f6dert\u00f6rn University.<\/p>\n<p>Born in Dnipropetrovsk, Ukraine, she holds a degree of Candidate of Sciences in History from Dnipropetrovsk National University. The Candidate dissertation is devoted to the history of Swedish colonists in Ukraine (<em>Gammalsvenskby<\/em>).<\/p>\n<p>Her current project deals with Russia\u2019s colonisation policies and imperialism in the Ukrainian Steppe, Azov and Black Sea region in the 1700s and 1800s.<\/p>\n<p><em>Interests &amp; expertise: history of national minorities in Ukraine; imperial history of Russia; colonial and gender studies<\/em><\/p>\n<p><strong>To contact Julia: <\/strong>+46 8 608 4688, mobile +46 76\u00a0568 86 27, e-mail iuliia.malitska [@] sh.se<\/p>\n<p><strong>\u00a0<\/strong><\/p>\n<h3>Olena Podolian<\/h3>\n<p>Olena Podolian was born in Kyiv, Ukraine and obtained a BA in Political Science from the National University \u2018Kyiv-Mohyla Academy\u2019. She holds an MA degree (with merits) in Political Science from the Central European University in Budapest, Hungary and an MSc degree (with distinction) in Russian, Central and East European Studies from the University of Glasgow, Scotland, UK.<\/p>\n<p>Olena has worked at the Human Rights Students\u2019 Initiative in Budapest, Hungary, and has undertaken internships, first, with Werner Schulz (MEP) and Heidi Hautala (MEP) at the European Parliament and, second, with the Open Society Institute in Brussels, Belgium.<\/p>\n<p>Currently, Olena is a doctoral student at S\u00f6dert\u00f6rn University in Stockholm, Sweden, where she studies the role of stateness in post-Soviet regime change.<\/p>\n<p>She is fluent in Ukrainian, Russian, English and German, and has knowledge of Polish, Swedish and French (those languages are indicated in the descending order of proficiency).<\/p>\n<p><em>Interests &amp; expertise: comparative European politics with focus on post-communist regime change, embracing democratisation, state-building, the rule of law, human rights, and civil society<\/em><\/p>\n<p><strong>To contact Olena: <\/strong>+46 8 608 4877, mobile +46 72\u00a0944 05 83, e-mail: olena.podolian[@]sh.se<\/p>\n<p>&nbsp;<\/p>\n<h3><strong>Oksana Udovyk<\/strong><\/h3>\n<p>Oksana Udovyk is currently holding a position as a PhD student for environmental science at the School of Natural Sciences, Technology and Environmental Studies, S\u00f6dert\u00f6rn University. Her research interests include uncertainty, risk and science policy interactions in environmental governance. Empirically, she focuses on the chemicals management in marine environments.<\/p>\n<p>Besides, Oksana has journalistic and\u00a0NGO-related experience. She worked with such issues as environmental protection, democratisation in Eastern Europe and youth development in Ukraine, Thailand, Italy, Sweden, Portugal, China.<\/p>\n<p><em>Interests &amp; expertise: youth and social movements, environment, governance and democratisation<\/em><\/p>\n<p><strong>To contact Oksana: <\/strong>+46 8 608 5068, mobile +46 70\u00a0436 94 85, oksana.udovyk[@]sh.se<\/p>\n<p><strong>\u00a0<\/strong><\/p>\n<h3><strong>Yuliya Yurchuk<\/strong><\/h3>\n<p>Yuliya Yurchuk was born in Rivne, Ukraine. She got her Master degrees (with merits) from Universities of Rivne, Ukraine, G\u00f6ttingen, Germany, and Deusto, Spain. Currently she is a PhD Candidate in History affiliated to two universities: S\u00f6dert\u00f6rn and Stockholm.<\/p>\n<p>Her research is focused on memory culture in Ukraine. She is going to defend in November 2014. In her dissertation she studies the memory of the war-time nationalist movement in Ukraine represented by Organisation of Ukrainian Nationalists (OUN) and Ukrainian Insurgent Army (UPA).<\/p>\n<p>She is fluent in Ukrainian, Russian, English and German, and has knowledge of Polish, Swedish, Spanish and French.<\/p>\n<p><em>Interests &amp; expertise: state and nation-building in Ukraine, history of Eastern Europe, memory politics in post-Communist states<\/em><\/p>\n<p><strong>To contact Yuliya: <\/strong>+46 8 608 5017, mobile +46 70\u00a0494 76 49, e-mail: yuliya.yurchuk[@]sh.se<\/p>\n","protected":false},"excerpt":{"rendered":"<p>Ukraine Research Group is an informal cooperation and communication forum for scholars whose areas of interest include Ukraine. Founded at S\u00f6dert\u00f6rn University (Stockholm) in March 2014, during the peak phase of the Ukrainian crisis, it caters information, emergency analysis and cutting-edge expertise on Ukraine to a wide circle of academics, experts, journalists and wider public. [&hellip;]<\/p>\n","protected":false},"author":1,"featured_media":0,"parent":0,"menu_order":2,"comment_status":"open","ping_status":"closed","template":"","meta":{"footnotes":""},"_links":{"self":[{"href":"https:\/\/blogg.sh.se\/re-ukraine\/wp-json\/wp\/v2\/pages\/7"}],"collection":[{"href":"https:\/\/blogg.sh.se\/re-ukraine\/wp-json\/wp\/v2\/pages"}],"about":[{"href":"https:\/\/blogg.sh.se\/re-ukraine\/wp-json\/wp\/v2\/types\/page"}],"author":[{"embeddable":true,"href":"https:\/\/blogg.sh.se\/re-ukraine\/wp-json\/wp\/v2\/users\/1"}],"replies":[{"embeddable":true,"href":"https:\/\/blogg.sh.se\/re-ukraine\/wp-json\/wp\/v2\/comments?post=7"}],"version-history":[{"count":7,"href":"https:\/\/blogg.sh.se\/re-ukraine\/wp-json\/wp\/v2\/pages\/7\/revisions"}],"predecessor-version":[{"id":32,"href":"https:\/\/blogg.sh.se\/re-ukraine\/wp-json\/wp\/v2\/pages\/7\/revisions\/32"}],"wp:attachment":[{"href":"https:\/\/blogg.sh.se\/re-ukraine\/wp-json\/wp\/v2\/media?parent=7"}],"curies":[{"name":"wp","href":"https:\/\/api.w.org\/{rel}","templated":true}]}}