{"id":27,"date":"2019-02-08T07:26:58","date_gmt":"2019-02-08T07:26:58","guid":{"rendered":"http:\/\/blogg.sh.se\/paus\/?page_id=27"},"modified":"2019-09-16T13:38:46","modified_gmt":"2019-09-16T13:38:46","slug":"dokument","status":"publish","type":"page","link":"https:\/\/blogg.sh.se\/paus\/dokument\/","title":{"rendered":"Dokument"},"content":{"rendered":"\n<div class=\"wp-block-file\"><a href=\"http:\/\/blogg.sh.se\/paus\/wp-content\/uploads\/2019\/02\/PAUS-Information-till-bloggdeltagare.doc\">PAUS Information till bloggdeltagare<\/a><a href=\"http:\/\/blogg.sh.se\/paus\/wp-content\/uploads\/2019\/02\/PAUS-Information-till-bloggdeltagare.doc\" class=\"wp-block-file__button\" download>Ladda ner<\/a><\/div>\n\n\n\n<p><strong>PAUS konferensen 29 augusti<\/strong><\/p>\n\n\n\n<div class=\"wp-block-file\"><a href=\"http:\/\/blogg.sh.se\/paus\/wp-content\/uploads\/2019\/09\/Mikaela-Almerud-Svenskt-n\u00e4ringsliv.pdf\">Presentation Mikaela-Almerud-Svenskt-n\u00e4ringsliv<\/a><a href=\"http:\/\/blogg.sh.se\/paus\/wp-content\/uploads\/2019\/09\/Mikaela-Almerud-Svenskt-n\u00e4ringsliv.pdf\" class=\"wp-block-file__button\" download>Ladda ner<\/a><\/div>\n\n\n\n<div class=\"wp-block-file\"><a href=\"http:\/\/blogg.sh.se\/paus\/wp-content\/uploads\/2019\/09\/Annika-\u00d6hrner-S\u00f6dert\u00f6rns-h\u00f6gskola.pdf\">Presentation Annika-\u00d6hrner-S\u00f6dert\u00f6rns-h\u00f6gskola<\/a><a href=\"http:\/\/blogg.sh.se\/paus\/wp-content\/uploads\/2019\/09\/Annika-\u00d6hrner-S\u00f6dert\u00f6rns-h\u00f6gskola.pdf\" class=\"wp-block-file__button\" download>Ladda ner<\/a><\/div>\n\n\n\n<div class=\"wp-block-file\"><a href=\"http:\/\/blogg.sh.se\/paus\/wp-content\/uploads\/2019\/09\/PAUS-Konferens-190829-f\u00f6r-utskick.pdf\">Presentation Johanna Tollb\u00e4ck<\/a><a href=\"http:\/\/blogg.sh.se\/paus\/wp-content\/uploads\/2019\/09\/PAUS-Konferens-190829-f\u00f6r-utskick.pdf\" class=\"wp-block-file__button\" download>Ladda ner<\/a><\/div>\n\n\n\n<div class=\"wp-block-file\"><a href=\"http:\/\/blogg.sh.se\/paus\/wp-content\/uploads\/2019\/09\/Effekter.pdf\">&#8221;Effekter&#8221;<\/a><a href=\"http:\/\/blogg.sh.se\/paus\/wp-content\/uploads\/2019\/09\/Effekter.pdf\" class=\"wp-block-file__button\" download>Ladda ner<\/a><\/div>\n\n\n\n<div class=\"wp-block-file\"><a href=\"http:\/\/blogg.sh.se\/paus\/wp-content\/uploads\/2019\/09\/V\u00e4rde.pdf\">&#8221;V\u00e4rde&#8221;<\/a><a href=\"http:\/\/blogg.sh.se\/paus\/wp-content\/uploads\/2019\/09\/V\u00e4rde.pdf\" class=\"wp-block-file__button\" download>Ladda ner<\/a><\/div>\n\n\n\n<div class=\"wp-block-file\"><a href=\"http:\/\/blogg.sh.se\/paus\/wp-content\/uploads\/2019\/09\/Studentmedverkan-utbildningskvalitet.pdf\">&#8221;Studentmedverkan-utbildningskvalitet&#8221;<\/a><a href=\"http:\/\/blogg.sh.se\/paus\/wp-content\/uploads\/2019\/09\/Studentmedverkan-utbildningskvalitet.pdf\" class=\"wp-block-file__button\" download>Ladda ner<\/a><\/div>\n\n\n\n<div class=\"wp-block-file\"><a href=\"http:\/\/blogg.sh.se\/paus\/wp-content\/uploads\/2019\/09\/Personr\u00f6rlighet-i-verksamheter.pdf\">&#8221;Personr\u00f6rlighet som del i ordinarie verksamheter&#8221;<\/a><a href=\"http:\/\/blogg.sh.se\/paus\/wp-content\/uploads\/2019\/09\/Personr\u00f6rlighet-i-verksamheter.pdf\" class=\"wp-block-file__button\" download>Ladda ner<\/a><\/div>\n\n\n\n<div class=\"wp-block-file\"><a href=\"blob:E23C7A7C-E7AE-4A42-8BDD-11616433DA0F\">&#8221;Stora bilden med hela konferensen&#8221;<\/a><a href=\"blob:E23C7A7C-E7AE-4A42-8BDD-11616433DA0F\" class=\"wp-block-file__button\" download>Ladda ner<\/a><\/div>\n\n\n\n<p><\/p>\n","protected":false},"excerpt":{"rendered":"<p>PAUS konferensen 29 augusti<\/p>\n","protected":false},"author":1,"featured_media":0,"parent":0,"menu_order":0,"comment_status":"closed","ping_status":"closed","template":"","meta":[],"_links":{"self":[{"href":"https:\/\/blogg.sh.se\/paus\/wp-json\/wp\/v2\/pages\/27"}],"collection":[{"href":"https:\/\/blogg.sh.se\/paus\/wp-json\/wp\/v2\/pages"}],"about":[{"href":"https:\/\/blogg.sh.se\/paus\/wp-json\/wp\/v2\/types\/page"}],"author":[{"embeddable":true,"href":"https:\/\/blogg.sh.se\/paus\/wp-json\/wp\/v2\/users\/1"}],"replies":[{"embeddable":true,"href":"https:\/\/blogg.sh.se\/paus\/wp-json\/wp\/v2\/comments?post=27"}],"version-history":[{"count":6,"href":"https:\/\/blogg.sh.se\/paus\/wp-json\/wp\/v2\/pages\/27\/revisions"}],"predecessor-version":[{"id":121,"href":"https:\/\/blogg.sh.se\/paus\/wp-json\/wp\/v2\/pages\/27\/revisions\/121"}],"wp:attachment":[{"href":"https:\/\/blogg.sh.se\/paus\/wp-json\/wp\/v2\/media?parent=27"}],"curies":[{"name":"wp","href":"https:\/\/api.w.org\/{rel}","templated":true}]}}