{"id":19,"date":"2019-02-08T07:24:02","date_gmt":"2019-02-08T07:24:02","guid":{"rendered":"http:\/\/blogg.sh.se\/paus\/?page_id=19"},"modified":"2019-11-05T15:41:22","modified_gmt":"2019-11-05T15:41:22","slug":"samarbetspartners","status":"publish","type":"page","link":"https:\/\/blogg.sh.se\/paus\/samarbetspartners\/","title":{"rendered":"Projektdeltagare"},"content":{"rendered":"\n<p> I PAUS deltar Blekinge tekniska h\u00f6gskola, H\u00f6gskolan i Bor\u00e5s, G\u00f6teborg universitet, Karolinska institutet, KTH;&nbsp;<a href=\"http:\/\/Kungliga tekniska h\u00f6gskolan\">http:\/\/Kungliga tekniska h\u00f6gskolan<\/a> , S\u00f6dert\u00f6rns h\u00f6gskola och \u00d6rebro universitet plus \u00c5bo akademi i Finland. <\/p>\n","protected":false},"excerpt":{"rendered":"<p>I PAUS deltar Blekinge tekniska h\u00f6gskola, H\u00f6gskolan i Bor\u00e5s, G\u00f6teborg universitet, Karolinska institutet, KTH;&nbsp;http:\/\/Kungliga tekniska h\u00f6gskolan , S\u00f6dert\u00f6rns h\u00f6gskola och \u00d6rebro universitet plus \u00c5bo akademi i Finland.<\/p>\n","protected":false},"author":1,"featured_media":0,"parent":0,"menu_order":0,"comment_status":"closed","ping_status":"closed","template":"","meta":[],"_links":{"self":[{"href":"https:\/\/blogg.sh.se\/paus\/wp-json\/wp\/v2\/pages\/19"}],"collection":[{"href":"https:\/\/blogg.sh.se\/paus\/wp-json\/wp\/v2\/pages"}],"about":[{"href":"https:\/\/blogg.sh.se\/paus\/wp-json\/wp\/v2\/types\/page"}],"author":[{"embeddable":true,"href":"https:\/\/blogg.sh.se\/paus\/wp-json\/wp\/v2\/users\/1"}],"replies":[{"embeddable":true,"href":"https:\/\/blogg.sh.se\/paus\/wp-json\/wp\/v2\/comments?post=19"}],"version-history":[{"count":5,"href":"https:\/\/blogg.sh.se\/paus\/wp-json\/wp\/v2\/pages\/19\/revisions"}],"predecessor-version":[{"id":157,"href":"https:\/\/blogg.sh.se\/paus\/wp-json\/wp\/v2\/pages\/19\/revisions\/157"}],"wp:attachment":[{"href":"https:\/\/blogg.sh.se\/paus\/wp-json\/wp\/v2\/media?parent=19"}],"curies":[{"name":"wp","href":"https:\/\/api.w.org\/{rel}","templated":true}]}}