{"id":312,"date":"2022-07-05T08:27:10","date_gmt":"2022-07-05T08:27:10","guid":{"rendered":"https:\/\/blogg.sh.se\/nightlife\/?page_id=312"},"modified":"2022-10-12T16:13:20","modified_gmt":"2022-10-12T16:13:20","slug":"kontakt","status":"publish","type":"page","link":"https:\/\/blogg.sh.se\/nightlife\/kontakt\/","title":{"rendered":"Kontakt"},"content":{"rendered":"\n<p class=\"has-normal-font-size\">Vill du medverka i studien, eller har du fr\u00e5gor eller synpunkter? V\u00e4lkommen att kontakta oss!<\/p>\n\n\n\n<p class=\"has-normal-font-size\">Just nu genomf\u00f6r vi intervjuer fr\u00e4mst med personer mellan 18-25 \u00e5r, i Stockholm och n\u00e4romr\u00e5det. Om du vill delta men bor p\u00e5 annan ort, f\u00e5r du g\u00e4rna skriva det i kontaktformul\u00e4ret. <\/p>\n\n\n\n<div class=\"wp-block-contact-form-7-contact-form-selector\"><div role=\"form\" class=\"wpcf7\" id=\"wpcf7-f313-o1\" lang=\"sv-SE\" dir=\"ltr\">\n<div class=\"screen-reader-response\"><p role=\"status\" aria-live=\"polite\" aria-atomic=\"true\"><\/p> <ul><\/ul><\/div>\n<form action=\"\/nightlife\/wp-json\/wp\/v2\/pages\/312#wpcf7-f313-o1\" method=\"post\" class=\"wpcf7-form init\" novalidate=\"novalidate\" data-status=\"init\">\n<div style=\"display: none;\">\n<input type=\"hidden\" name=\"_wpcf7\" value=\"313\" \/>\n<input type=\"hidden\" name=\"_wpcf7_version\" value=\"5.6.3\" \/>\n<input type=\"hidden\" name=\"_wpcf7_locale\" value=\"sv_SE\" \/>\n<input type=\"hidden\" name=\"_wpcf7_unit_tag\" value=\"wpcf7-f313-o1\" \/>\n<input type=\"hidden\" name=\"_wpcf7_container_post\" value=\"0\" \/>\n<input type=\"hidden\" name=\"_wpcf7_posted_data_hash\" value=\"\" \/>\n<\/div>\n<p><label> Ditt namn<br \/>\n    <span class=\"wpcf7-form-control-wrap\" data-name=\"your-name\"><input type=\"text\" name=\"your-name\" value=\"\" size=\"40\" class=\"wpcf7-form-control wpcf7-text wpcf7-validates-as-required\" aria-required=\"true\" aria-invalid=\"false\" \/><\/span> <\/label><\/p>\n<p><label> Din e-post<br \/>\n    <span class=\"wpcf7-form-control-wrap\" data-name=\"your-email\"><input type=\"email\" name=\"your-email\" value=\"\" size=\"40\" class=\"wpcf7-form-control wpcf7-text wpcf7-email wpcf7-validates-as-required wpcf7-validates-as-email\" aria-required=\"true\" aria-invalid=\"false\" \/><\/span> <\/label><\/p>\n<p><label> \u00c4mne<br \/>\n    <span class=\"wpcf7-form-control-wrap\" data-name=\"your-subject\"><input type=\"text\" name=\"your-subject\" value=\"\" size=\"40\" class=\"wpcf7-form-control wpcf7-text wpcf7-validates-as-required\" aria-required=\"true\" aria-invalid=\"false\" \/><\/span> <\/label><\/p>\n<p><label> Ditt meddelande (Valfritt. L\u00e4mna g\u00e4rna ditt telefonnummer s\u00e5 kontaktar vi dig via sms!)<br \/>\n    <span class=\"wpcf7-form-control-wrap\" data-name=\"your-message\"><textarea name=\"your-message\" cols=\"40\" rows=\"10\" class=\"wpcf7-form-control wpcf7-textarea\" aria-invalid=\"false\"><\/textarea><\/span> <\/label><\/p>\n<p><input type=\"submit\" value=\"Skicka\" class=\"wpcf7-form-control has-spinner wpcf7-submit\" \/><\/p>\n<div class=\"wpcf7-response-output\" aria-hidden=\"true\"><\/div><\/form><\/div><\/div>\n\n\n\n<p><\/p>\n","protected":false},"excerpt":{"rendered":"<p>Vill du medverka i studien, eller har du fr\u00e5gor eller synpunkter? V\u00e4lkommen att kontakta oss! Just nu genomf\u00f6r vi intervjuer fr\u00e4mst med personer mellan 18-25 \u00e5r, i Stockholm och n\u00e4romr\u00e5det. Om du vill delta men bor p\u00e5 annan ort, f\u00e5r du g\u00e4rna skriva det i kontaktformul\u00e4ret.<\/p>\n","protected":false},"author":2,"featured_media":0,"parent":0,"menu_order":0,"comment_status":"closed","ping_status":"closed","template":"","meta":{"_ti_tpc_template_sync":false,"_ti_tpc_template_id":"","footnotes":""},"class_list":["post-312","page","type-page","status-publish","hentry"],"_links":{"self":[{"href":"https:\/\/blogg.sh.se\/nightlife\/wp-json\/wp\/v2\/pages\/312","targetHints":{"allow":["GET"]}}],"collection":[{"href":"https:\/\/blogg.sh.se\/nightlife\/wp-json\/wp\/v2\/pages"}],"about":[{"href":"https:\/\/blogg.sh.se\/nightlife\/wp-json\/wp\/v2\/types\/page"}],"author":[{"embeddable":true,"href":"https:\/\/blogg.sh.se\/nightlife\/wp-json\/wp\/v2\/users\/2"}],"replies":[{"embeddable":true,"href":"https:\/\/blogg.sh.se\/nightlife\/wp-json\/wp\/v2\/comments?post=312"}],"version-history":[{"count":6,"href":"https:\/\/blogg.sh.se\/nightlife\/wp-json\/wp\/v2\/pages\/312\/revisions"}],"predecessor-version":[{"id":375,"href":"https:\/\/blogg.sh.se\/nightlife\/wp-json\/wp\/v2\/pages\/312\/revisions\/375"}],"wp:attachment":[{"href":"https:\/\/blogg.sh.se\/nightlife\/wp-json\/wp\/v2\/media?parent=312"}],"curies":[{"name":"wp","href":"https:\/\/api.w.org\/{rel}","templated":true}]}}