{"id":234,"date":"2022-06-27T12:06:31","date_gmt":"2022-06-27T12:06:31","guid":{"rendered":"https:\/\/blogg.sh.se\/nightlife\/?page_id=234"},"modified":"2023-02-27T15:09:38","modified_gmt":"2023-02-27T15:09:38","slug":"valkommen","status":"publish","type":"page","link":"https:\/\/blogg.sh.se\/nightlife\/","title":{"rendered":"V\u00e4lkommen!"},"content":{"rendered":"\n<p class=\"has-text-align-left has-large-font-size\"><strong>Vilken roll spelar berusning i sexuella relationer?<\/strong><\/p>\n\n\n\n<p>I samband med #Metoo-r\u00f6relsen och den nya samtyckeslagstiftningen har fr\u00e5gor om sexuella relationer och trakasserier f\u00e5tt ny uppm\u00e4rksamhet i samh\u00e4llsdebatten. Det som d\u00e4remot inte diskuteras lika mycket \u00e4r fr\u00e5gan om vilken betydelse alkohol och berusning spelar i s\u00e5dana situationer. F\u00f6r att \u00f6ka kunskapen om detta genomf\u00f6r vi nu en intervjustudie om hur unga vuxna f\u00f6rh\u00e5ller sig till berusning och samtycke i nattlivet.<\/p>\n\n\n\n<p class=\"has-text-align-left\"><\/p>\n\n\n\n<p>Vill du f\u00e5 tillf\u00e4lle att &#8221;t\u00e4nka h\u00f6gt&#8221; om dina erfarenheter av nattliv, berusning, sexualitet och samtycke och samtidigt bidra till viktig forskning om ungas livsvillkor? Till och med april i \u00e5r kan du som \u00e4r mellan 18-25 \u00e5r medverka i en intervju!<\/p>\n\n\n\n<div class=\"wp-block-cover\"><span aria-hidden=\"true\" class=\"wp-block-cover__background has-background-dim\"><\/span><img loading=\"lazy\" decoding=\"async\" width=\"1024\" height=\"683\" class=\"wp-block-cover__image-background wp-image-261\" alt=\"\" src=\"https:\/\/blogg.sh.se\/nightlife\/wp-content\/uploads\/2022\/06\/party-gce6ef3737_1920-1024x683.jpg\" data-object-fit=\"cover\" srcset=\"https:\/\/blogg.sh.se\/nightlife\/wp-content\/uploads\/2022\/06\/party-gce6ef3737_1920-1024x683.jpg 1024w, https:\/\/blogg.sh.se\/nightlife\/wp-content\/uploads\/2022\/06\/party-gce6ef3737_1920-300x200.jpg 300w, https:\/\/blogg.sh.se\/nightlife\/wp-content\/uploads\/2022\/06\/party-gce6ef3737_1920-768x512.jpg 768w, https:\/\/blogg.sh.se\/nightlife\/wp-content\/uploads\/2022\/06\/party-gce6ef3737_1920-1536x1024.jpg 1536w, https:\/\/blogg.sh.se\/nightlife\/wp-content\/uploads\/2022\/06\/party-gce6ef3737_1920-1200x800.jpg 1200w, https:\/\/blogg.sh.se\/nightlife\/wp-content\/uploads\/2022\/06\/party-gce6ef3737_1920.jpg 1920w\" sizes=\"auto, (max-width: 1024px) 100vw, 1024px\" \/><div class=\"wp-block-cover__inner-container is-layout-flow wp-block-cover-is-layout-flow\">\n<p class=\"has-text-align-center has-larger-font-size\"><strong>V<\/strong>ill du delta i v\u00e5r studie?<\/p>\n\n\n\n<div class=\"wp-block-buttons is-content-justification-center is-layout-flex wp-container-core-buttons-is-layout-16018d1d wp-block-buttons-is-layout-flex\">\n<div class=\"wp-block-button\"><a class=\"wp-block-button__link wp-element-button\" href=\"https:\/\/blogg.sh.se\/nightlife\/kontakt\/\">Kontakta oss<\/a><\/div>\n<\/div>\n<\/div><\/div>\n\n\n\n<p class=\"has-text-align-left\"> <\/p>\n","protected":false},"excerpt":{"rendered":"<p>Vilken roll spelar berusning i sexuella relationer? I samband med #Metoo-r\u00f6relsen och den nya samtyckeslagstiftningen har fr\u00e5gor om sexuella relationer och trakasserier f\u00e5tt ny uppm\u00e4rksamhet i samh\u00e4llsdebatten. Det som d\u00e4remot inte diskuteras lika mycket \u00e4r fr\u00e5gan om vilken betydelse alkohol och berusning spelar i s\u00e5dana situationer. F\u00f6r att \u00f6ka kunskapen om detta genomf\u00f6r vi nu [&hellip;]<\/p>\n","protected":false},"author":2,"featured_media":0,"parent":0,"menu_order":0,"comment_status":"closed","ping_status":"closed","template":"","meta":{"_ti_tpc_template_sync":false,"_ti_tpc_template_id":"","footnotes":""},"class_list":["post-234","page","type-page","status-publish","hentry"],"_links":{"self":[{"href":"https:\/\/blogg.sh.se\/nightlife\/wp-json\/wp\/v2\/pages\/234","targetHints":{"allow":["GET"]}}],"collection":[{"href":"https:\/\/blogg.sh.se\/nightlife\/wp-json\/wp\/v2\/pages"}],"about":[{"href":"https:\/\/blogg.sh.se\/nightlife\/wp-json\/wp\/v2\/types\/page"}],"author":[{"embeddable":true,"href":"https:\/\/blogg.sh.se\/nightlife\/wp-json\/wp\/v2\/users\/2"}],"replies":[{"embeddable":true,"href":"https:\/\/blogg.sh.se\/nightlife\/wp-json\/wp\/v2\/comments?post=234"}],"version-history":[{"count":14,"href":"https:\/\/blogg.sh.se\/nightlife\/wp-json\/wp\/v2\/pages\/234\/revisions"}],"predecessor-version":[{"id":384,"href":"https:\/\/blogg.sh.se\/nightlife\/wp-json\/wp\/v2\/pages\/234\/revisions\/384"}],"wp:attachment":[{"href":"https:\/\/blogg.sh.se\/nightlife\/wp-json\/wp\/v2\/media?parent=234"}],"curies":[{"name":"wp","href":"https:\/\/api.w.org\/{rel}","templated":true}]}}