{"id":228,"date":"2022-06-27T12:06:31","date_gmt":"2022-06-27T12:06:31","guid":{"rendered":"https:\/\/blogg.sh.se\/nightlife\/?page_id=228"},"modified":"2023-04-13T12:53:36","modified_gmt":"2023-04-13T12:53:36","slug":"lankar","status":"publish","type":"page","link":"https:\/\/blogg.sh.se\/nightlife\/lankar\/","title":{"rendered":"Information och st\u00f6d"},"content":{"rendered":"\n<p>Om du har fr\u00e5gor eller funderingar kring alkohol, droger, sex eller sexuellt v\u00e5ld finns det m\u00e5nga organisationer som arbetar med information och st\u00f6d i Sverige. \u00a0<\/p>\n\n\n\n<p class=\"has-large-font-size\">Vi kan bland annat tipsa om:&nbsp;<\/p>\n\n\n\n<p><strong><a rel=\"noreferrer noopener\" href=\"https:\/\/storasyster.org\/\" data-type=\"URL\" data-id=\"https:\/\/storasyster.org\/\" target=\"_blank\">Storasyster<\/a> <\/strong>Erbjuder st\u00f6d till de som blivit utsatta f\u00f6r v\u00e5ldt\u00e4kt eller andra sexuella \u00f6vergrepp\u00a0<\/p>\n\n\n\n<p><a rel=\"noreferrer noopener\" href=\"https:\/\/www.foreningentillsammans.se\/\" data-type=\"URL\" data-id=\"https:\/\/www.foreningentillsammans.se\/\" target=\"_blank\"><strong>F\u00f6reningen Tillsammans<\/strong><\/a> \u00e4r en ideell f\u00f6rening som jobbar mot sexuellt v\u00e5ld genom st\u00f6dverksamhet, kunskapsspridning och opinionsbildning.<\/p>\n\n\n\n<p><strong><a href=\"https:\/\/www.iq.se\/\" data-type=\"URL\" data-id=\"https:\/\/www.iq.se\/\" target=\"_blank\" rel=\"noreferrer noopener\">IQ-initiativet<\/a> <\/strong>F\u00f6r en smartare syn p\u00e5 alkohol&nbsp;<\/p>\n\n\n\n<p><strong><a href=\"https:\/\/fatta.nu\/\" data-type=\"URL\" data-id=\"https:\/\/fatta.nu\/\" target=\"_blank\" rel=\"noreferrer noopener\">Fatta<\/a> <\/strong>Mot sexuellt v\u00e5ld, f\u00f6r samtycke&nbsp;<\/p>\n\n\n\n<p><strong><a href=\"https:\/\/mfj.se\/\" data-type=\"URL\" data-id=\"https:\/\/mfj.se\/\" target=\"_blank\" rel=\"noreferrer noopener\">M\u00c4N<\/a> <\/strong>F\u00f6r en j\u00e4mst\u00e4lld v\u00e4rld utan v\u00e5ld&nbsp;<\/p>\n\n\n\n<p><strong><a href=\"https:\/\/www.rfsu.se\/\" data-type=\"URL\" data-id=\"https:\/\/www.rfsu.se\/\" target=\"_blank\" rel=\"noreferrer noopener\">RFSU<\/a> <\/strong>Riksf\u00f6rbundet f\u00f6r sexuell upplysning&nbsp;<\/p>\n\n\n\n<p><strong><a href=\"https:\/\/www.rfsl.se\/\" data-type=\"URL\" data-id=\"https:\/\/www.rfsl.se\/\" target=\"_blank\" rel=\"noreferrer noopener\">RFSL<\/a> <\/strong>Riksf\u00f6rbundet f\u00f6r homosexuellas, bisexuellas, transpersoners och queeras r\u00e4ttigheter.&nbsp;<\/p>\n\n\n\n<p><strong><a href=\"https:\/\/www.can.se\/\" data-type=\"URL\" data-id=\"https:\/\/www.can.se\/\" target=\"_blank\" rel=\"noreferrer noopener\">CAN<\/a> <\/strong>Centralf\u00f6rbundet f\u00f6r alkohol- och narkotikaupplysning&nbsp;<\/p>\n\n\n\n<p><strong><a href=\"https:\/\/kvinnofridslinjen.se\/sv\/\" data-type=\"URL\" data-id=\"https:\/\/kvinnofridslinjen.se\/sv\/\" target=\"_blank\" rel=\"noreferrer noopener\">Kvinnofridslinjen<\/a> <\/strong>V\u00e5ld mot kvinnor &#8211; nationell st\u00f6dtelefon&nbsp;<\/p>\n\n\n\n<p><strong><a href=\"https:\/\/www.mariaungdom.se\/\" data-type=\"URL\" data-id=\"https:\/\/www.mariaungdom.se\/\" target=\"_blank\" rel=\"noreferrer noopener\">Maria Ungdom<\/a> <\/strong>Hj\u00e4lper dig som \u00e4r ung och har problem med alkohol, droger eller spel om pengar.&nbsp;<\/p>\n\n\n\n<p><strong><a href=\"https:\/\/droghjalpen.se\/\" data-type=\"URL\" data-id=\"https:\/\/droghjalpen.se\/\" target=\"_blank\" rel=\"noreferrer noopener\">Droghj\u00e4lpen<\/a> <\/strong>Information, r\u00e5d och st\u00f6d f\u00f6r alla som ber\u00f6rs av droger.&nbsp;<\/p>\n\n\n\n<p><strong><a href=\"https:\/\/www.alkohollinjen.se\/\" data-type=\"URL\" data-id=\"https:\/\/www.alkohollinjen.se\/\" target=\"_blank\" rel=\"noreferrer noopener\">Alkohollinjen <\/a><\/strong>St\u00f6d f\u00f6r dig som funderar \u00f6ver dina alkoholvanor&nbsp;<\/p>\n","protected":false},"excerpt":{"rendered":"<p>Om du har fr\u00e5gor eller funderingar kring alkohol, droger, sex eller sexuellt v\u00e5ld finns det m\u00e5nga organisationer som arbetar med information och st\u00f6d i Sverige. \u00a0 Vi kan bland annat tipsa om:&nbsp; Storasyster Erbjuder st\u00f6d till de som blivit utsatta f\u00f6r v\u00e5ldt\u00e4kt eller andra sexuella \u00f6vergrepp\u00a0 F\u00f6reningen Tillsammans \u00e4r en ideell f\u00f6rening som jobbar mot [&hellip;]<\/p>\n","protected":false},"author":2,"featured_media":0,"parent":0,"menu_order":0,"comment_status":"closed","ping_status":"closed","template":"","meta":{"_ti_tpc_template_sync":false,"_ti_tpc_template_id":"","footnotes":""},"class_list":["post-228","page","type-page","status-publish","hentry"],"_links":{"self":[{"href":"https:\/\/blogg.sh.se\/nightlife\/wp-json\/wp\/v2\/pages\/228","targetHints":{"allow":["GET"]}}],"collection":[{"href":"https:\/\/blogg.sh.se\/nightlife\/wp-json\/wp\/v2\/pages"}],"about":[{"href":"https:\/\/blogg.sh.se\/nightlife\/wp-json\/wp\/v2\/types\/page"}],"author":[{"embeddable":true,"href":"https:\/\/blogg.sh.se\/nightlife\/wp-json\/wp\/v2\/users\/2"}],"replies":[{"embeddable":true,"href":"https:\/\/blogg.sh.se\/nightlife\/wp-json\/wp\/v2\/comments?post=228"}],"version-history":[{"count":9,"href":"https:\/\/blogg.sh.se\/nightlife\/wp-json\/wp\/v2\/pages\/228\/revisions"}],"predecessor-version":[{"id":387,"href":"https:\/\/blogg.sh.se\/nightlife\/wp-json\/wp\/v2\/pages\/228\/revisions\/387"}],"wp:attachment":[{"href":"https:\/\/blogg.sh.se\/nightlife\/wp-json\/wp\/v2\/media?parent=228"}],"curies":[{"name":"wp","href":"https:\/\/api.w.org\/{rel}","templated":true}]}}