{"id":177,"date":"2022-06-23T13:44:27","date_gmt":"2022-06-23T13:44:27","guid":{"rendered":"https:\/\/blogg.sh.se\/nightlife\/?page_id=177"},"modified":"2022-07-05T13:55:57","modified_gmt":"2022-07-05T13:55:57","slug":"forskare","status":"publish","type":"page","link":"https:\/\/blogg.sh.se\/nightlife\/forskare\/","title":{"rendered":"Om oss"},"content":{"rendered":"\n<p class=\"has-large-font-size\">Vi som genomf\u00f6r studien \u00e4r forskare i sociologi vid Institutionen f\u00f6r samh\u00e4llsvetenskaper p\u00e5 S\u00f6dert\u00f6rns h\u00f6gskola.<\/p>\n\n\n\n<div class=\"wp-block-columns alignwide is-layout-flex wp-container-core-columns-is-layout-9d6595d7 wp-block-columns-is-layout-flex\">\n<div class=\"wp-block-column is-vertically-aligned-center is-layout-flow wp-block-column-is-layout-flow\" style=\"flex-basis:600px\">\n<p class=\"has-text-align-left\"><strong>Alexandra Bogren<\/strong> som leder projektet \u00e4r docent i sociologi, med l\u00e5ng erfarenhet av forskning om alkohol och droger med genusperspektiv. Hennes doktorsavhandling handlade om synen p\u00e5 kvinnors och ungdomars alkoholkonsumtion. Hon har senare forskat bland annat om medieframst\u00e4llningar av alkohol och droger i samband med v\u00e5ldt\u00e4kt och&nbsp;om m\u00e4nniskors tillit till biomedicinsk forskning om alkohol- och drogberoende. F\u00f6rutom Nightlife-studien leder hon ocks\u00e5 ett forskningsprojekt om kamera\u00f6vervakning och v\u00e5ld, samt undervisar i kriminologi p\u00e5 polisutbildningen.<\/p>\n<\/div>\n\n\n\n<div class=\"wp-block-column is-layout-flow wp-block-column-is-layout-flow\" style=\"flex-basis:600px\">\n<p><strong>Elinor M\u00e5nsson<\/strong> som \u00e4r forskningsassistent i projektet \u00e4r sociolog och genusvetare. Hon har flera \u00e5rs erfarenhet av forskning om bland annat alkohol och genus, men \u00e4ven forskning om skolan, funktionshinder, samt om v\u00e5ld och sociala relationer inom socialt arbete och kriminologi. Elinor har l\u00e5ng erfarenhet av att intervjua b\u00e5de vuxna och barn, och \u00e4r den som genomf\u00f6r de flesta intervjuerna i Nightlife-studien.<\/p>\n<\/div>\n<\/div>\n\n\n\n<p class=\"has-text-align-left\"><\/p>\n","protected":false},"excerpt":{"rendered":"<p>Vi som genomf\u00f6r studien \u00e4r forskare i sociologi vid Institutionen f\u00f6r samh\u00e4llsvetenskaper p\u00e5 S\u00f6dert\u00f6rns h\u00f6gskola. Alexandra Bogren som leder projektet \u00e4r docent i sociologi, med l\u00e5ng erfarenhet av forskning om alkohol och droger med genusperspektiv. Hennes doktorsavhandling handlade om synen p\u00e5 kvinnors och ungdomars alkoholkonsumtion. Hon har senare forskat bland annat om medieframst\u00e4llningar av alkohol [&hellip;]<\/p>\n","protected":false},"author":2,"featured_media":0,"parent":0,"menu_order":0,"comment_status":"closed","ping_status":"closed","template":"templates\/template-full-width.php","meta":{"_ti_tpc_template_sync":false,"_ti_tpc_template_id":"","footnotes":""},"class_list":["post-177","page","type-page","status-publish","hentry"],"_links":{"self":[{"href":"https:\/\/blogg.sh.se\/nightlife\/wp-json\/wp\/v2\/pages\/177","targetHints":{"allow":["GET"]}}],"collection":[{"href":"https:\/\/blogg.sh.se\/nightlife\/wp-json\/wp\/v2\/pages"}],"about":[{"href":"https:\/\/blogg.sh.se\/nightlife\/wp-json\/wp\/v2\/types\/page"}],"author":[{"embeddable":true,"href":"https:\/\/blogg.sh.se\/nightlife\/wp-json\/wp\/v2\/users\/2"}],"replies":[{"embeddable":true,"href":"https:\/\/blogg.sh.se\/nightlife\/wp-json\/wp\/v2\/comments?post=177"}],"version-history":[{"count":6,"href":"https:\/\/blogg.sh.se\/nightlife\/wp-json\/wp\/v2\/pages\/177\/revisions"}],"predecessor-version":[{"id":352,"href":"https:\/\/blogg.sh.se\/nightlife\/wp-json\/wp\/v2\/pages\/177\/revisions\/352"}],"wp:attachment":[{"href":"https:\/\/blogg.sh.se\/nightlife\/wp-json\/wp\/v2\/media?parent=177"}],"curies":[{"name":"wp","href":"https:\/\/api.w.org\/{rel}","templated":true}]}}