{"id":175,"date":"2022-06-23T13:44:27","date_gmt":"2022-06-23T13:44:27","guid":{"rendered":"https:\/\/blogg.sh.se\/nightlife\/?page_id=175"},"modified":"2023-02-13T15:55:09","modified_gmt":"2023-02-13T15:55:09","slug":"om","status":"publish","type":"page","link":"https:\/\/blogg.sh.se\/nightlife\/om\/","title":{"rendered":"Om studien"},"content":{"rendered":"\n<p>I samband med #Metoo-r\u00f6relsen och den nya samtyckeslagstiftningen har sexuella trakasserier, samtycke och sexuellt v\u00e5ld f\u00e5tt ny uppm\u00e4rksamhet i samh\u00e4llsdebatten. Det som d\u00e4remot inte har diskuterats lika mycket \u00e4r fr\u00e5gan om alkoholens betydelse i s\u00e5dana situationer. Detta trots att ett stort antal Metoo-ber\u00e4ttelser utspelar sig i festmilj\u00f6er &#8211; after work, p\u00e5 krogen, p\u00e5 hemmafester och nattklubbar \u2013 eller i samband med att n\u00e5gon blir bjuden p\u00e5 alkohol.&nbsp;<\/p>\n\n\n\n<p>Inom alkoholforskningen \u00e4r det k\u00e4nt sedan l\u00e4nge att det finns ett samband mellan alkoholkonsumtion och sexuellt v\u00e5ld. Vi vet ocks\u00e5 att sambandet \u00e4r komplext och inte bara beror p\u00e5 alkoholens biologiska effekter. D\u00e4rf\u00f6r beh\u00f6vs det mer kunskap om de sociala mekanismer som p\u00e5verkar m\u00e4nniskors f\u00f6rv\u00e4ntningar och erfarenheter av berusning vid b\u00e5de \u00f6nskade och o\u00f6nskade sexuella initiativ och m\u00f6ten.<\/p>\n\n\n\n<p>I intervjustudien unders\u00f6ker vi unga vuxnas (18-25 \u00e5r) erfarenheter av hur alkohol och berusning p\u00e5verkar sexuella initiativ, gr\u00e4nsdragningar och trakasserier i nattlivet. Syftet med forskningen \u00e4r att skapa en b\u00e4ttre f\u00f6rst\u00e5else f\u00f6r alkoholens roll i \u00f6nskade och o\u00f6nskade sexuella situationer.<\/p>\n\n\n\n<p>I forskningsprojektet samarbetar vi ocks\u00e5 med alkoholforskare i <a rel=\"noreferrer noopener\" href=\"https:\/\/psy.au.dk\/forskning\/forskningscentre-og-klinikker\/center-for-rusmiddelforskning\/forskning\/forskningsprojekter\/seksuelle-graenser-i-nattelivet\" target=\"_blank\">Danmark<\/a> f\u00f6r att j\u00e4mf\u00f6ra unga vuxna personers erfarenheter i de b\u00e5da l\u00e4nderna. \u00c4ven om Sverige och Danmark \u00e4r lika p\u00e5 m\u00e5nga s\u00e4tt s\u00e5 skiljer de sig \u00e5t n\u00e4r det g\u00e4ller hur politiserad j\u00e4mst\u00e4lldhetsdebatten \u00e4r och i synen p\u00e5 genusfr\u00e5gor, sexualbrott och alkohol. En j\u00e4mf\u00f6relse mellan l\u00e4nderna g\u00f6r det m\u00f6jligt att analysera hur s\u00e5dana skillnader p\u00e5verkar unga vuxnas syn p\u00e5 berusning, sexuella kontakter och samtycke. <a rel=\"noreferrer noopener\" href=\"https:\/\/www.nsfk.org\/blog\/invisible-victims-of-nordic-nightlife-a-danish-case\/\" data-type=\"URL\" data-id=\"https:\/\/www.nsfk.org\/blog\/invisible-victims-of-nordic-nightlife-a-danish-case\/\" target=\"_blank\">H\u00e4r<\/a> kan du l\u00e4sa n\u00e5gra f\u00f6rsta reflektioner fr\u00e5n den danska delstudien. Flera samarbeten med forskare och intresseorganisationer i nordiska l\u00e4nder \u00e4r <a rel=\"noreferrer noopener\" href=\"https:\/\/pure.au.dk\/portal\/da\/projects\/exploring-the-nordic-paradox-establishing-a-research-network(67ebccf3-c6d5-480a-a780-d65833fcfc20).html)\" target=\"_blank\">planerade<\/a>.\u00a0<\/p>\n\n\n\n<p>Den kunskap som tas fram inom projektet kan \u00e4ven bli betydelsefull i f\u00f6rebyggande arbete mot sexuella trakasserier och sexuellt v\u00e5ld.&nbsp;<\/p>\n\n\n\n<p>Projektet Nightlife har den vetenskapliga titeln \u201dBerusning, sexuella trakasserier och sexuellt v\u00e5ld i nattlivet: En kvalitativ studie av unga vuxna i Sverige och Danmark\u201d. Det bedrivs vid <a rel=\"noreferrer noopener\" href=\"https:\/\/www.sh.se\/institutioner--amnen\/institutionen-for-samhallsvetenskaper\" data-type=\"URL\" data-id=\"https:\/\/www.sh.se\/institutioner--amnen\/institutionen-for-samhallsvetenskaper\" target=\"_blank\">Institutionen f\u00f6r samh\u00e4llsvetenskaper<\/a>, S\u00f6dert\u00f6rns h\u00f6gskola, finansieras av <a rel=\"noreferrer noopener\" href=\"https:\/\/www.brottsoffermyndigheten.se\/kunskap\/hitta-forskning\/berusning-sexuella-trakasserier-och-sexuellt-vald-i-nattlivet-en-kvalitativ-studie-av-unga-vuxna-i-sverige-och-danmark\/\" data-type=\"URL\" data-id=\"https:\/\/www.brottsoffermyndigheten.se\/kunskap\/hitta-forskning\/berusning-sexuella-trakasserier-och-sexuellt-vald-i-nattlivet-en-kvalitativ-studie-av-unga-vuxna-i-sverige-och-danmark\/\" target=\"_blank\">Brottsofferfonden<\/a> och \u00e4r godk\u00e4nt av Etikpr\u00f6vningsmyndigheten.&nbsp;Du kommer senare kunna ta del av forskningsresultaten genom vetenskapliga tidskriftsartiklar och popul\u00e4rvetenskapliga artiklar.&nbsp;&nbsp;&nbsp;<\/p>\n\n\n\n<p><\/p>\n\n\n\n<div class=\"wp-block-cover\"><span aria-hidden=\"true\" class=\"wp-block-cover__background has-background-dim\"><\/span><img loading=\"lazy\" decoding=\"async\" width=\"1024\" height=\"683\" class=\"wp-block-cover__image-background wp-image-271\" alt=\"\" src=\"https:\/\/blogg.sh.se\/nightlife\/wp-content\/uploads\/2022\/06\/party-gce6ef3737_1920-2-1024x683.jpg\" data-object-fit=\"cover\" srcset=\"https:\/\/blogg.sh.se\/nightlife\/wp-content\/uploads\/2022\/06\/party-gce6ef3737_1920-2-1024x683.jpg 1024w, https:\/\/blogg.sh.se\/nightlife\/wp-content\/uploads\/2022\/06\/party-gce6ef3737_1920-2-300x200.jpg 300w, https:\/\/blogg.sh.se\/nightlife\/wp-content\/uploads\/2022\/06\/party-gce6ef3737_1920-2-768x512.jpg 768w, https:\/\/blogg.sh.se\/nightlife\/wp-content\/uploads\/2022\/06\/party-gce6ef3737_1920-2-1536x1024.jpg 1536w, https:\/\/blogg.sh.se\/nightlife\/wp-content\/uploads\/2022\/06\/party-gce6ef3737_1920-2-1200x800.jpg 1200w, https:\/\/blogg.sh.se\/nightlife\/wp-content\/uploads\/2022\/06\/party-gce6ef3737_1920-2.jpg 1920w\" sizes=\"auto, (max-width: 1024px) 100vw, 1024px\" \/><div class=\"wp-block-cover__inner-container is-layout-flow wp-block-cover-is-layout-flow\">\n<p class=\"has-text-align-center has-large-font-size\">Har du fr\u00e5gor, synpunkter eller vill veta mer?&nbsp;<\/p>\n\n\n\n<div class=\"wp-block-buttons is-content-justification-center is-layout-flex wp-container-core-buttons-is-layout-16018d1d wp-block-buttons-is-layout-flex\">\n<div class=\"wp-block-button\"><a class=\"wp-block-button__link wp-element-button\" href=\"https:\/\/blogg.sh.se\/nightlife\/kontakt\/\">Kontakta oss<\/a><\/div>\n<\/div>\n<\/div><\/div>\n\n\n\n<p><\/p>\n","protected":false},"excerpt":{"rendered":"<p>I samband med #Metoo-r\u00f6relsen och den nya samtyckeslagstiftningen har sexuella trakasserier, samtycke och sexuellt v\u00e5ld f\u00e5tt ny uppm\u00e4rksamhet i samh\u00e4llsdebatten. Det som d\u00e4remot inte har diskuterats lika mycket \u00e4r fr\u00e5gan om alkoholens betydelse i s\u00e5dana situationer. Detta trots att ett stort antal Metoo-ber\u00e4ttelser utspelar sig i festmilj\u00f6er &#8211; after work, p\u00e5 krogen, p\u00e5 hemmafester och [&hellip;]<\/p>\n","protected":false},"author":2,"featured_media":0,"parent":0,"menu_order":0,"comment_status":"closed","ping_status":"closed","template":"","meta":{"_ti_tpc_template_sync":false,"_ti_tpc_template_id":"","footnotes":""},"class_list":["post-175","page","type-page","status-publish","hentry"],"_links":{"self":[{"href":"https:\/\/blogg.sh.se\/nightlife\/wp-json\/wp\/v2\/pages\/175","targetHints":{"allow":["GET"]}}],"collection":[{"href":"https:\/\/blogg.sh.se\/nightlife\/wp-json\/wp\/v2\/pages"}],"about":[{"href":"https:\/\/blogg.sh.se\/nightlife\/wp-json\/wp\/v2\/types\/page"}],"author":[{"embeddable":true,"href":"https:\/\/blogg.sh.se\/nightlife\/wp-json\/wp\/v2\/users\/2"}],"replies":[{"embeddable":true,"href":"https:\/\/blogg.sh.se\/nightlife\/wp-json\/wp\/v2\/comments?post=175"}],"version-history":[{"count":12,"href":"https:\/\/blogg.sh.se\/nightlife\/wp-json\/wp\/v2\/pages\/175\/revisions"}],"predecessor-version":[{"id":381,"href":"https:\/\/blogg.sh.se\/nightlife\/wp-json\/wp\/v2\/pages\/175\/revisions\/381"}],"wp:attachment":[{"href":"https:\/\/blogg.sh.se\/nightlife\/wp-json\/wp\/v2\/media?parent=175"}],"curies":[{"name":"wp","href":"https:\/\/api.w.org\/{rel}","templated":true}]}}