{"id":73,"date":"2019-04-03T07:54:32","date_gmt":"2019-04-03T07:54:32","guid":{"rendered":"http:\/\/metoo.blogs.dsv.su.se\/?page_id=73"},"modified":"2023-07-14T10:32:03","modified_gmt":"2023-07-14T10:32:03","slug":"workshops","status":"publish","type":"page","link":"https:\/\/blogg.sh.se\/metoo\/workshops\/","title":{"rendered":"Seminars and workshops"},"content":{"rendered":"<p>2023-02-16 Maktordningar och motst\u00e5nd, book seminar at S\u00f6dert\u00f6rn University<\/p>\n<p>2022-10-08 <a href=\"https:\/\/metoo.blogs.dsv.su.se\/workshops\/g22-lardomar-av-metoo\/\">L\u00e4rdomar av #metoo \u2013 Betydelsen av feministiska infrastrukturer.<\/a> Panel p\u00e5 <a href=\"https:\/\/www.kau.se\/en\/G22\">G22,&nbsp;The 5th national conference for gender studies in Sweden<\/a>, 26-28 October 2022, Karlstad.<\/p>\n<p>2020-12-04 <a href=\"https:\/\/metoo.blogs.dsv.su.se\/workshops\/metoo-forskning-i-sverige\/\">#MeToo research in Sweden<\/a>, Symposium at Stockholm University, Stockholm Sweden (postponed from spring to fall due to covid-19)&nbsp;<\/p>\n<p>2019-06-09 <a href=\"https:\/\/materializingactivism.blogs.dsv.su.se\">Materializing activism<\/a>, one day workshop at ECSCW 2019, June 9 in Salzburg, Austria.<\/p>\n<p>2019-09-11 #MeToo research seminar, S\u00f6dert\u00f6rn University, Stockholm Sweden<\/p>\n\n\n<p>2019-10-07 <a href=\"https:\/\/metoo.blogs.dsv.su.se\/workshops\/metoo-development-consequences-strategies\/\">#Metoo: Development, consequences, strategies:<\/a> Panel discussion at G19&nbsp;<a href=\"https:\/\/www.genus.se\/om-oss\/verksamhet\/konferenser\/g19\/\">Rethinking Knowledge Regimes<\/a>,&nbsp;conference for gender studies, Gothenburg Sweden Oct 7-9.<\/p>\n","protected":false},"excerpt":{"rendered":"<p>2023-02-16 Maktordningar och motst\u00e5nd, book seminar at S\u00f6dert\u00f6rn University 2022-10-08 L\u00e4rdomar av #metoo \u2013 Betydelsen av feministiska infrastrukturer. Panel p\u00e5 G22,&nbsp;The 5th national conference for gender studies in Sweden, 26-28 October 2022, Karlstad. 2020-12-04 #MeToo research in Sweden, Symposium at<\/p>\n","protected":false},"author":2,"featured_media":0,"parent":0,"menu_order":4,"comment_status":"closed","ping_status":"closed","template":"","meta":{"footnotes":""},"class_list":["post-73","page","type-page","status-publish","hentry"],"_links":{"self":[{"href":"https:\/\/blogg.sh.se\/metoo\/wp-json\/wp\/v2\/pages\/73","targetHints":{"allow":["GET"]}}],"collection":[{"href":"https:\/\/blogg.sh.se\/metoo\/wp-json\/wp\/v2\/pages"}],"about":[{"href":"https:\/\/blogg.sh.se\/metoo\/wp-json\/wp\/v2\/types\/page"}],"author":[{"embeddable":true,"href":"https:\/\/blogg.sh.se\/metoo\/wp-json\/wp\/v2\/users\/2"}],"replies":[{"embeddable":true,"href":"https:\/\/blogg.sh.se\/metoo\/wp-json\/wp\/v2\/comments?post=73"}],"version-history":[{"count":2,"href":"https:\/\/blogg.sh.se\/metoo\/wp-json\/wp\/v2\/pages\/73\/revisions"}],"predecessor-version":[{"id":269,"href":"https:\/\/blogg.sh.se\/metoo\/wp-json\/wp\/v2\/pages\/73\/revisions\/269"}],"wp:attachment":[{"href":"https:\/\/blogg.sh.se\/metoo\/wp-json\/wp\/v2\/media?parent=73"}],"curies":[{"name":"wp","href":"https:\/\/api.w.org\/{rel}","templated":true}]}}