{"id":10,"date":"2018-03-16T09:47:30","date_gmt":"2018-03-16T09:47:30","guid":{"rendered":"http:\/\/metoo.blogs.dsv.su.se\/?page_id=10"},"modified":"2023-10-13T08:59:54","modified_gmt":"2023-10-13T08:59:54","slug":"publications","status":"publish","type":"page","link":"https:\/\/blogg.sh.se\/metoo\/publications\/","title":{"rendered":"Publications"},"content":{"rendered":"<pre><span style=\"color: #0000ff;\">If you want to add something to this list of #metoo research in the Nordic countries, please email: <a style=\"color: #0000ff;\" href=\"mailto:khansson@dsv.su.se\">khansson@dsv.su.se<\/a><\/span><\/pre>\n<p>Allern, S. och Pollack, E (2021) <span lang=\"EN-GB\">\u201cWhen journalists lose their foothold: Swedish and Norwegian verification scandals in #MeToo-movements coverage\u201d<\/span> i <i><a href=\"https:\/\/tidsskrift.dk\/journalistica\/issue\/view\/9028\/1572\">Journalistik p\u00e5 kanten<\/a>, <\/i>red Allern, S. och Black-\u00d8rsten M., specialnummer av<i> Journalistica, <\/i>nr. 1, 2021, s. 114\u20131138<\/p>\n<p>Alvinius, Aida; and Arita Holmberg. (2019). <a href=\"https:\/\/onlinelibrary.wiley.com\/doi\/10.1111\/gwao.12349\">Silence\u2010breaking butterfly effect: Resistance towards the military within #MeToo<\/a>. <i>Gender, Work &amp; Organization<\/i>, vol. 26, no. 9, September 2019, pp. 1255\u20131270.<\/p>\n<p>Andersson, Miranda. (2018). <em>#MeToo: A case study of #sistabriefen<\/em>. Uppsala University. Retrieved from <a href=\"http:\/\/www.diva-portal.org\/smash\/record.jsf?pid=diva2%3A1219619&amp;dswid=-9075\">http:\/\/www.diva-portal.org\/smash\/record.jsf?pid=diva2%3A1219619&amp;dswid=-9075<\/a><\/p>\n<p>Askanius, Tina, and Jannie M\u00f8ller Hartley. (2019). Framing Gender Justice. <em>Nordicom Review<\/em>, vol. 40, no. 2, pp. 19\u201336. doi:10.2478\/nor-2019-0022<\/p>\n<div>\n<p>Carlsson, Ninni (2021) Det personliga blir politisk, #Metoo. Kvinnors f\u00f6rsta organisering i G\u00f6teborg mot sexuella \u00f6vergrepp. I: Stenberg, Lisbeth (red.) <i>Att ge upp har inte \u00f6verv\u00e4gts. G\u00f6teborgskvinnor i r\u00f6relse\/r. <\/i>Stockholm: Makadam f\u00f6rlag.<\/p>\n<\/div>\n<p>Eklund, Jonna. (2018, September 12). <em>#METOO &#8211; En studie om Metoos gestaltning i svenska medier [A study of the framing of metoo in Swedish Media<\/em>. Gothenburg University. Retrieved from <a href=\"https:\/\/gupea.ub.gu.se\/handle\/2077\/57614\">https:\/\/gupea.ub.gu.se\/handle\/2077\/57614<\/a><\/p>\n<p>Engdahl, Emma., Ekbrand, Hans. och Nyman, Maria. (2021) <a href=\"https:\/\/sociologiskforskning.se\/sf\/article\/view\/22500\">#Metoo: En kamp f\u00f6r socialt erk\u00e4nnande och r\u00e4ttvisa<\/a>, <i>Sociologisk Forskning<\/i>, 58(3), s. 199\u2013216. doi: 10.37062\/sf.58.22500.<\/p>\n<p>Ganetz, Hillevi, Karin Hansson, and Malin Sveningsson. (2022). <a href=\"https:\/\/www.diva-portal.org\/smash\/record.jsf?pid=diva2%3A1719214&amp;dswid=-9484\">Maktordningar och motst\u00e5nd \u2013Forskarperspektiv p\u00e5 #metoo i Sverige<\/a>. (H. Ganetz, K. Hansson, &amp; M. Sveningsson, Eds.). Lund: <a href=\"https:\/\/nordicacademicpress.se\/product\/maktordningar-och-motstand\/\">Nordic Academic Press<\/a>.<\/p>\n<p>Ganetz, Hillevi, Karin Hansson, Malin Sveningsson (2020 ) <a href=\"https:\/\/blogg.sh.se\/metoo\/wp-content\/uploads\/2021\/01\/metoo-byggbranschen-och-de-grona-naringarna-.pdf\">#metoo, byggbranschen och de gr\u00f6na n\u00e4ringarna<\/a>. Rapport utgiven av Institutionen f\u00f6r etnologi, religionshistoria och genusvetenskap Stockholms universitet. Finns att best\u00e4lla h\u00e4r: <a href=\"https:\/\/widget.publit.com\/metoo_4454\">https:\/\/widget.publit.com\/metoo_4454<\/a><\/p>\n<p>Grubbstr\u00f6m, Ann, \u00a0and Stina Powel (2020). Persistent norms and the #MeToo effect in Swedish forestry education. Scandinavian Journal of Forest Research. <a href=\"https:\/\/doi.org\/10.1080\/02827581.2020.1791243\">DOI: 10.1080\/02827581.2020.1791243\u00a0<\/a><\/p>\n<p>Hansson, Karin, Malin Sveningsson, and Hillevi Ganetz (2023). \u201c<a href=\"https:\/\/jamstalldhetsmyndigheten.se\/aktuellt\/publikationer\/underlagsrapport-2023-5\/\">#metoo-Aktivismen i Sverige \u2013 F\u00f6rklaringar, Betydelser Och Strategier<\/a>.\u201d J\u00e4mst\u00e4lldhetsmyndigheten, G\u00f6teborg.\u00a0<\/p>\n<p>Hansson, Karin; Malin Sveningsson; Hillevi Ganetz (2023). <a href=\"https:\/\/onlinelibrary.wiley.com\/doi\/full\/10.1111\/gwao.12994\">The significance of feminist infrastructure: #MeToo in the construction industry and the green industry in Sweden<\/a>. <em>Gender, Work and Organization.<\/em> Online 11 April 2023. 21 p.<\/p>\n<p>Hansson, Karin, Malin Sveningsson, and Hillevi Ganetz. (2022). <a href=\"https:\/\/publicera.kb.se\/tgv\/article\/view\/10549\">#konstn\u00e4rligfrihet: reifikation som f\u00f6rtryckshandling och motstrategi.<\/a> Tidskrift F\u00f6r Genusvetenskap, vol. 43, no. 1, pp. 49\u201371. doi:10.55870\/TGV.V43I1.10549<\/p>\n<p>Hansson, Karin (2020). #metoo petitions in Sweden 2017-2019. Stockholm: Harvard Dataverse. <a href=\"https:\/\/doi.org\/10.7910\/DVN\/K7REBF\">https:\/\/doi.org\/10.7910\/DVN\/K7REBF <\/a><\/p>\n<p><span style=\"color: #000000;\">Hansson, Karin., Pargman, Teresa C. and Bardzell, Shaowen. Materializing activism.<em> Computer Supported Cooperative Work (CSCW),<\/em>\u00a0\u00a0<b>30, <\/b>617\u2013626 (2021). <a href=\"https:\/\/doi.org\/10.1007\/s10606-021-09412-5\">https:\/\/doi.org\/10.1007\/s10606-021-09412-5<\/a><\/span><\/p>\n<p><span style=\"color: #000000;\">Hansson, Karin., Sveningsson, Malin. and Ganetz, Hillevi. Organizing Safe Spaces: #MeToo Activism in Sweden. <em>Computer Supported Cooperative Work (CSCW),\u00a0<\/em><b>30, <\/b>651\u2013682 (2021). <a href=\"https:\/\/doi.org\/10.1007\/s10606-021-09410-7\">https:\/\/doi.org\/10.1007\/s10606-021-09410-7<\/a><\/span><\/p>\n<p><span style=\"color: #000000;\">Hansson, Karin, Malin Sveningsson, Maria Sandgren, and Hillevi Ganetz. (2019). \u201cWe passed the trust on\u201d: Strategies for security in #MeToo activism in Sweden. In <em>Proceedings of the 17th European Conference on Computer-Supported Cooperative Work, Exploratory Papers.<\/em> (p. 19). EUSSET. <a style=\"color: #000000;\" href=\"https:\/\/dl.eusset.eu\/bitstream\/20.500.12015\/3247\/1\/ecscw2019_ep14.pdf\">doi:10.18420\/ecscw2019_ep14<\/a><\/span><\/p>\n<p><span style=\"color: #000000;\">Hansson, Karin, Malin Sveningson, Hillevi Ganetz, and Maria Sandgren. (2020). <a style=\"color: #000000;\" href=\"https:\/\/content.sciendo.com\/downloadpdf\/journals\/njms\/2\/1\/article-p121.xml\">Legitimizing a feminist agenda: The #metoo petitions in Sweden 2017-2018<\/a>. <a style=\"color: #000000;\" href=\"https:\/\/www.nordicom.gu.se\/sv\/publikationer\/nordic-journal-media-studies\/nordic-journal-media-studies-no-2-2020\"><em>Nordic Journal of Media Studies No 2, 2020<\/em><\/a>.<\/span><\/p>\n<p>Hedin UC &amp; Lane L (2018): Sexual harassment and whistleblowing in work organizations- has the #MeToo movement changed these processes? Conference paper to the NWLConference in Oslo 2018.<\/p>\n<p>\u00a0Hedin UC &amp; Lane L (2020): The promise of the #MeToo movement for preventing and reporting sexual harassment. Social Science Research Network e-library, <a href=\"https:\/\/papers.ssrn.com\/sol3\/papers.cfm?abstract_id=3523159\">https:\/\/papers.ssrn.com\/sol3\/papers.cfm?abstract_id=3523159<\/a>.<\/p>\n<p>Hill, Amanda, and Emma Bratt. (2018). <em>\u201cJag vill inte att du tafsar p\u00e5mig\u201d\u202f: En kvalitativ inneh\u00e5llsanalys av Instagram-inl\u00e4gg fr\u00e5n #MeToo och #IHave<\/em>. H\u00f6gskolan i J\u00f6nk\u00f6ping. Retrieved from <a href=\"http:\/\/www.diva-portal.org\/smash\/record.jsf?pid=diva2%3A1181601&amp;dswid=8830\">http:\/\/www.diva-portal.org\/smash\/record.jsf?pid=diva2%3A1181601&amp;dswid=8830<\/a><\/p>\n<p>Id\u00e5s, T., Orgeret, K. S., &amp; Backholm, K. (2020). <a href=\"https:\/\/www.cogitatiopress.com\/mediaandcommunication\/article\/view\/2529\"># MeToo, Sexual Harassment and Coping Strategies in Norwegian Newsrooms<\/a>. <i>Media and Communication<\/i>, <i>8<\/i>(1), 57-67.<\/p>\n<p>Johansson, Maria, Kristina Johansson, and Elias Andersson. (2018). #Metoo in the Swedish forest sector: testimonies from harassed women on sexualised forms of male control. <em>Scandinavian Journal of Forest Research<\/em>, vol. 33, no. 5, pp. 419\u2013425. doi:10.1080\/02827581.2018.1474248<\/p>\n<p>Lindqvist, Lisa, and Hillevi Ganetz. (2020). <a href=\"https:\/\/tidsskrift.dk\/journalistica\/article\/view\/123510\">Brave women sound the alarm \u2013 representations of men and women in Swedish media coverage of #metoo<\/a>. Journalistica, no. 1, 2020, pp. 14-46.<\/p>\n<p>Lundgren, Silje, Eld\u00e9n, \u00c5sa, &amp; Jonsson, Sofia (2020). <span lang=\"EN-GB\"><a href=\"https:\/\/liu.diva-portal.org\/smash\/record.jsf?aq2=%5B%5B%5D%5D&amp;c=1&amp;af=%5B%22personName%3A%5C%22Lundgren%2C+Silje%5C%22%22%5D&amp;searchType=RESEARCH&amp;sortOrder2=title_sort_asc&amp;query=&amp;language=sv&amp;pid=diva2%3A1500222&amp;aq=%5B%5B%7B%22freeText%22%3A%22lundgren%2C+silje%22%7D%5D%5D&amp;sf=all&amp;aqe=%5B%5D&amp;sortOrder=dateIssued_sort_desc&amp;onlyFullText=false&amp;noOfRows=50&amp;dswid=3631\">Metoo as sextortion\u202f: Approaching testimonies from metoo through a corruption lens.<\/a> Conference paper presented at the conference Long-term global perspectives on preventing sexual harassment in the workplace: Policy and practice International conference at The Museum of Work, Norrk\u00f6ping, Sweden 8-10 March 2020.<\/span><\/p>\n<p>M\u00f8ller Hartley, Jannie, \u00a0and Tina Askanius (2020). Activist-journalism and the Norm of Objectivity: Role Performance in the Reporting of the #MeToo Movement in Denmark and Sweden. <i>Journalism Practice<\/i>.<\/p>\n<p>Nauska, Kaisa. (2018). The Impact of the #MeToo Phenomenon on Working Conditions for Women in Finland Can Social Media Pressure Bring Change in Gender Politics? Retrieved from <a href=\"https:\/\/www.theseus.fi\/bitstream\/handle\/10024\/148566\/Nauska Kaisa.pdf?sequence=1\" data-wplink-url-error=\"true\">https:\/\/www.theseus.fi\/bitstream\/handle\/10024\/148566\/Nauska Kaisa.pdf?sequence=1<\/a><\/p>\n<p>Nilsson, Bo; and Anna Sofia Lundgren. (2020). The #MeToo Movement: Men and Masculinity in Swedish News Media. <i>Journal of Men\u2019s Studies<\/i>, 2020, pp. 1\u201318.<\/p>\n<p>Pollack, Ester. (2019). Sweden and the #MeToo movement. <em>Interactions: Studies in Communication &amp; Culture<\/em>, vol. 10, no. 3, pp. 185\u2013200. doi:10.1386\/iscc.10.3.185_1<\/p>\n<p>Reestorff, Camilla M. (2019) <a href=\"http:\/\/www.academia.edu\/download\/63269419\/capacious-vol-1-no-4-201920200511-57303-1rtfcv5.pdf#page=8\">Affective politics and involuntary autoethnography: Backlashes against# MeToo<\/a><br \/>&#8211; Capacious: Journal for Emerging Affect Inquiry, 2019<\/p>\n<p>Reestorff, Camilla M. (2019). Lektor:<a href=\"https:\/\/videnskab.dk\/kultur-samfund\/danske-medier-underminerer-metoo-i-jagten-paa-hurtige-klik\"> Danske medier underminerer #MeToo i jagten p\u00e5 hurtige klik<\/a>, videnskab.dk.<\/p>\n<p>Salmonsson, Lisa. (2020). Is #akademiuppropet a kind of digital counter-public? <em>European Journal of Women\u2019s Studies<\/em>, vol. 27, no. 1, pp. 89\u201398. doi:10.1177\/1350506819885708<\/p>\n<p>Salmonsson, Lisa. (2021). #Akademiuppropet\u202f: Social media as a tool for shaping a counter-public space in Swedish academia. In The Routhledge Handbook of the Politics of the #MeToo Movement (1st ed., pp. 439\u2013449). Milton Park, Abingdon, Oxon: Routledge.<\/p>\n<p>Skare Orgeret, Kristin. (2019). Profesjonsdilemmaer i den norske #metoo-dekningen. <em>Norsk Medietidsskrift<\/em>, vol. 26, no. 03, pp. 1\u201316. doi:10.18261\/ISSN.0805-9535-2019-03-03<\/p>\n<p>Sletteland, Anja. (2018). Da #metoo kom til Norge [When #metoo came to Norway]. <em>Tidsskrift for Kj\u00f8nnsforskning [Journal for Gender Studies]<\/em>, vol. 42, no. 03, pp. 142\u2013161. doi:10.18261\/issn.1891-1781-2018-03-02<\/p>\n<p>Stor\u00f8y Elnan, Thea. (2019). <em>After #metoo: How the campaign changed the way Norwegian journalists write about rape<\/em>. Oxford, UK.<\/p>\n<p><span style=\"color: #000000;\">Sveningsson, Malin, Karin Hansson, Hillevi Ganetz, and Maria Sandgren. (2019). Framing the Swedish #metoo movement. In <em>Nordmedia 2019, Malm\u00f6, Sweden.<\/em> Malm\u00f6.<\/span><\/p>\n<p>Sv\u00e4rd, Clara. (2017). <em>\u201cTv\u00e5 korta ord: me too#\u201d En studie \u00f6ver #metoo:s nyhetsv\u00e4rde och gestaltning i den svenska dagspressen [&#8221;Two short words: me too #&#8221; A study of #metoo\u2019s news value and framing in the Swedish daily press]<\/em>. Gothenburg University. Retrieved from <a href=\"https:\/\/expo.jmg.gu.se\/wp-content\/uploads\/1027.pdf\">https:\/\/expo.jmg.gu.se\/wp-content\/uploads\/1027.pdf<\/a><\/p>\n<p>Sv\u00e4rd, Clara. (2017). <em>\u201cTv\u00e5korta ord: me too#\u201d En studie \u00f6ver #metoo:s nyhetsv\u00e4rde och gestaltning i den svenska dagspressen<\/em>. Gothenburg University. Retrieved from <a href=\"https:\/\/expo.jmg.gu.se\/wp-content\/uploads\/1027.pdf\">https:\/\/expo.jmg.gu.se\/wp-content\/uploads\/1027.pdf<\/a><\/p>\n<p>Uimonen, Paula. (2019). #MeToo in Sweden: Museum Collections, Digital Archiving and Hashtag Visuality. <em>Ethnos<\/em>, vol. 0, no. 0, pp. 1\u201318. doi:10.1080\/00141844.2019.1640264<\/p>\n\n","protected":false},"excerpt":{"rendered":"<p>If you want to add something to this list of #metoo research in the Nordic countries, please email: khansson@dsv.su.se Allern, S. och Pollack, E (2021) \u201cWhen journalists lose their foothold: Swedish and Norwegian verification scandals in #MeToo-movements coverage\u201d i Journalistik<\/p>\n","protected":false},"author":2,"featured_media":0,"parent":0,"menu_order":2,"comment_status":"closed","ping_status":"closed","template":"","meta":{"footnotes":""},"class_list":["post-10","page","type-page","status-publish","hentry"],"_links":{"self":[{"href":"https:\/\/blogg.sh.se\/metoo\/wp-json\/wp\/v2\/pages\/10","targetHints":{"allow":["GET"]}}],"collection":[{"href":"https:\/\/blogg.sh.se\/metoo\/wp-json\/wp\/v2\/pages"}],"about":[{"href":"https:\/\/blogg.sh.se\/metoo\/wp-json\/wp\/v2\/types\/page"}],"author":[{"embeddable":true,"href":"https:\/\/blogg.sh.se\/metoo\/wp-json\/wp\/v2\/users\/2"}],"replies":[{"embeddable":true,"href":"https:\/\/blogg.sh.se\/metoo\/wp-json\/wp\/v2\/comments?post=10"}],"version-history":[{"count":3,"href":"https:\/\/blogg.sh.se\/metoo\/wp-json\/wp\/v2\/pages\/10\/revisions"}],"predecessor-version":[{"id":285,"href":"https:\/\/blogg.sh.se\/metoo\/wp-json\/wp\/v2\/pages\/10\/revisions\/285"}],"wp:attachment":[{"href":"https:\/\/blogg.sh.se\/metoo\/wp-json\/wp\/v2\/media?parent=10"}],"curies":[{"name":"wp","href":"https:\/\/api.w.org\/{rel}","templated":true}]}}