{"id":18,"date":"2022-12-01T11:09:01","date_gmt":"2022-12-01T11:09:01","guid":{"rendered":"https:\/\/blogg.sh.se\/hbtqochdemens\/?page_id=18"},"modified":"2026-04-20T13:13:38","modified_gmt":"2026-04-20T13:13:38","slug":"om","status":"publish","type":"page","link":"https:\/\/blogg.sh.se\/hbtqochdemens\/om\/","title":{"rendered":"Om projektet"},"content":{"rendered":"\n<p>\u00c4ldre homosexuella, lesbiska, bisexuella, transpersoner och queera (HBTQ-personer) \u00e4r ofta osynliggjorda i samh\u00e4llet och inom \u00e4ldreomsorgen. S\u00e4rskilt osynlig \u00e4r den som ocks\u00e5 lever med en demenssjukdom.<\/p>\n\n\n\n<p>Projektet &#8221;HBTQ i policy och praktik inom svensk demensomsorg&#8221; \u00e4r ett tre\u00e5rigt forskningsprojekt som genomf\u00f6rdes 2022-2025 och finansierades av FORTE. Vi som arbetat i projektet \u00e4r <a href=\"https:\/\/www.sh.se\/kontakt\/forskare\/linn-sandberg\" target=\"_blank\" rel=\"noreferrer noopener\">Linn Sandberg<\/a> och <a href=\"https:\/\/www.sh.se\/kontakt\/forskare\/anna-siverskog\" target=\"_blank\" rel=\"noreferrer noopener\">Anna Siverskog<\/a>. I projektet studerade vi policy samt genomf\u00f6rde intervjuer med HBTQ-personer med demens, anh\u00f6riga samt medarbetare inom demensomsorgen. Projektet \u00e4r godk\u00e4nt av Etikpr\u00f6vningsmyndigheten.<\/p>\n\n\n\n<p>Linn som var projektledare \u00e4r professor i genusvetenskap har tidigare bland annat forskat om hur det \u00e4r att leva med en demenssjukdom och hur sexualitet och parrelationer p\u00e5verkas. Anna \u00e4r fil dr i \u00c4ldre och \u00e5ldrande och docent i genusvetenskap. Anna har tidigare forskat om \u00e4ldre HBTQ-personers livserfarenheter samt \u00e4ldre HBTQ-personers upplevelser av f\u00e5 insatser fr\u00e5n \u00e4ldreomsorgen.<\/p>\n\n\n\n<p>L\u00e4s om studiens resultat i boken <em>Minnen av regnb\u00e5gen<\/em>  som finns f\u00f6r fri nedladdning <a href=\"https:\/\/www.diva-portal.org\/smash\/get\/diva2:2050209\/FULLTEXT01.pdf\">h\u00e4r. <\/a><\/p>\n\n\n\n<p>\u00d6vriga publikationer finner du under fliken <a href=\"https:\/\/blogg.sh.se\/hbtqochdemens\/publikationer\/\" data-type=\"page\" data-id=\"67\">Publikationer<\/a>. <\/p>\n\n\n\n<figure class=\"wp-block-image size-large\"><img loading=\"lazy\" decoding=\"async\" width=\"690\" height=\"1024\" src=\"https:\/\/blogg.sh.se\/hbtqochdemens\/wp-content\/uploads\/2026\/04\/Minnen-av-regnbagen_framsida-690x1024.jpg\" alt=\"\" class=\"wp-image-160\" srcset=\"https:\/\/blogg.sh.se\/hbtqochdemens\/wp-content\/uploads\/2026\/04\/Minnen-av-regnbagen_framsida-690x1024.jpg 690w, https:\/\/blogg.sh.se\/hbtqochdemens\/wp-content\/uploads\/2026\/04\/Minnen-av-regnbagen_framsida-202x300.jpg 202w, https:\/\/blogg.sh.se\/hbtqochdemens\/wp-content\/uploads\/2026\/04\/Minnen-av-regnbagen_framsida-768x1140.jpg 768w, https:\/\/blogg.sh.se\/hbtqochdemens\/wp-content\/uploads\/2026\/04\/Minnen-av-regnbagen_framsida-1035x1536.jpg 1035w, https:\/\/blogg.sh.se\/hbtqochdemens\/wp-content\/uploads\/2026\/04\/Minnen-av-regnbagen_framsida-1200x1781.jpg 1200w, https:\/\/blogg.sh.se\/hbtqochdemens\/wp-content\/uploads\/2026\/04\/Minnen-av-regnbagen_framsida.jpg 1205w\" sizes=\"auto, (max-width: 690px) 100vw, 690px\" \/><\/figure>\n\n\n\n<p><\/p>\n\n\n\n<p><\/p>\n","protected":false},"excerpt":{"rendered":"<p>\u00c4ldre homosexuella, lesbiska, bisexuella, transpersoner och queera (HBTQ-personer) \u00e4r ofta osynliggjorda i samh\u00e4llet och inom \u00e4ldreomsorgen. S\u00e4rskilt osynlig \u00e4r den som ocks\u00e5 lever med en demenssjukdom. Projektet &#8221;HBTQ i policy och praktik inom svensk demensomsorg&#8221; \u00e4r ett tre\u00e5rigt forskningsprojekt som genomf\u00f6rdes 2022-2025 och finansierades av FORTE. Vi som arbetat i projektet \u00e4r Linn Sandberg och [&hellip;]<\/p>\n","protected":false},"author":2,"featured_media":0,"parent":0,"menu_order":0,"comment_status":"closed","ping_status":"closed","template":"","meta":{"footnotes":""},"class_list":["post-18","page","type-page","status-publish","hentry"],"_links":{"self":[{"href":"https:\/\/blogg.sh.se\/hbtqochdemens\/wp-json\/wp\/v2\/pages\/18","targetHints":{"allow":["GET"]}}],"collection":[{"href":"https:\/\/blogg.sh.se\/hbtqochdemens\/wp-json\/wp\/v2\/pages"}],"about":[{"href":"https:\/\/blogg.sh.se\/hbtqochdemens\/wp-json\/wp\/v2\/types\/page"}],"author":[{"embeddable":true,"href":"https:\/\/blogg.sh.se\/hbtqochdemens\/wp-json\/wp\/v2\/users\/2"}],"replies":[{"embeddable":true,"href":"https:\/\/blogg.sh.se\/hbtqochdemens\/wp-json\/wp\/v2\/comments?post=18"}],"version-history":[{"count":9,"href":"https:\/\/blogg.sh.se\/hbtqochdemens\/wp-json\/wp\/v2\/pages\/18\/revisions"}],"predecessor-version":[{"id":166,"href":"https:\/\/blogg.sh.se\/hbtqochdemens\/wp-json\/wp\/v2\/pages\/18\/revisions\/166"}],"wp:attachment":[{"href":"https:\/\/blogg.sh.se\/hbtqochdemens\/wp-json\/wp\/v2\/media?parent=18"}],"curies":[{"name":"wp","href":"https:\/\/api.w.org\/{rel}","templated":true}]}}