{"id":37,"date":"2014-04-28T14:50:48","date_gmt":"2014-04-28T14:50:48","guid":{"rendered":"http:\/\/blogg.sh.se\/forvaltningsakademin\/?page_id=37"},"modified":"2019-04-15T14:11:16","modified_gmt":"2019-04-15T14:11:16","slug":"om-bloggen","status":"publish","type":"page","link":"https:\/\/blogg.sh.se\/forvaltningsakademin\/om-bloggen\/","title":{"rendered":"Om webbplatsen"},"content":{"rendered":"<p>Vi tycker att det \u00e4r intressant att f\u00e5 h\u00f6ra vad du tycker eller t\u00e4nker om det vi skriver. Posta g\u00e4rna kommentarer p\u00e5 det du l\u00e4ser!<\/p>\n<p>Kommentarsf\u00e4ltet \u00e4r f\u00f6rmodererat f\u00f6r att s\u00e4kerst\u00e4lla att kommentarerna f\u00f6ljer g\u00e4llande lagar och riktlinjer. Vi kommer exempelvis inte sl\u00e4ppa igenom kommentarer som kan tolkas som brottslig handling. Vi godk\u00e4nner heller inte kommentarer som inneh\u00e5ller sekretessbelagd information, \u00e4r ovidkommande f\u00f6r bloggen, har kommersiellt syfte, inneh\u00e5ller personangrepp eller tar upp andras privatliv eller personliga egenskaper eller som p\u00e5 annat s\u00e4tt kan vara till skada f\u00f6r enskilda personer.<\/p>\n<div>\n<p>Vi vill \u00e4ven klarg\u00f6ra att publicering av kommentarer h\u00e4r kan bli s\u00f6kbara i s\u00f6kmotorer och att publicerade kommentarer utg\u00f6r allm\u00e4n handling. Bloggen \u00e4r publik och offentlig. Om inget annat anges s\u00e5 \u00e4ger S\u00f6dert\u00f6rns h\u00f6gskola r\u00e4ttigheterna till de bilder som vi publicerar h\u00e4r p\u00e5 sidan.<\/p>\n<p>Vid enskilda \u00e4renden \u00e4r du v\u00e4lkommen att kontakta&nbsp;S\u00f6dert\u00f6rns h\u00f6gskola via e-post <a href=\"mailto:socialamedier@sh.se\">socialamedier@sh.se<\/a>.<\/p>\n<h3>Cookies<\/h3>\n<p>En <a title=\"L\u00e4s mer om cookies och lagar som omfattar cookies, p\u00e5 Post- och telestyrelsens webbplats.\" href=\"http:\/\/www.pts.se\/cookies\" target=\"_blank\" rel=\"noopener noreferrer\">cookie<\/a> \u00e4r en liten textfil som webbplatsen du bes\u00f6ker beg\u00e4r att spara p\u00e5 din dator. WordPress.com anv\u00e4nder sig av cookies, mer om vilka de \u00e4r kan du l\u00e4sa om h\u00e4r: <a title=\"L\u00e4nk till mer information om WordPress anv\u00e4ndning av cookies.\" href=\"http:\/\/codex.wordpress.org\/WordPress_Cookies\" target=\"_blank\" rel=\"noopener noreferrer\">WordPress Cookies<\/a>.&nbsp;P\u00e5 S\u00f6dert\u00f6rns h\u00f6gskolas bloggar anv\u00e4nds \u00e4ven&nbsp;statistiktj\u00e4nsten Google Analytics som kr\u00e4ver att cookies till\u00e5ts och sparas av din webbl\u00e4sare.<\/p>\n<p>F\u00f6r att undvika att cookies sparas p\u00e5 din dator kan du \u00e4ndra inst\u00e4llningarna i din webbl\u00e4sare. F\u00f6r mer information om hur detta g\u00e5r till h\u00e4nvisar vi till webbl\u00e4sarens hj\u00e4lpdokumentation.<\/p>\n<\/div>\n","protected":false},"excerpt":{"rendered":"<p>Vi tycker att det \u00e4r intressant att f\u00e5 h\u00f6ra vad du tycker eller t\u00e4nker om det vi skriver. Posta g\u00e4rna kommentarer p\u00e5 det du l\u00e4ser! Kommentarsf\u00e4ltet \u00e4r f\u00f6rmodererat f\u00f6r att s\u00e4kerst\u00e4lla att kommentarerna f\u00f6ljer g\u00e4llande lagar och riktlinjer. Vi kommer exempelvis inte sl\u00e4ppa igenom kommentarer som kan tolkas som brottslig handling. Vi godk\u00e4nner heller inte [&hellip;]<\/p>\n","protected":false},"author":5,"featured_media":0,"parent":0,"menu_order":3,"comment_status":"open","ping_status":"open","template":"","meta":{"footnotes":""},"_links":{"self":[{"href":"https:\/\/blogg.sh.se\/forvaltningsakademin\/wp-json\/wp\/v2\/pages\/37"}],"collection":[{"href":"https:\/\/blogg.sh.se\/forvaltningsakademin\/wp-json\/wp\/v2\/pages"}],"about":[{"href":"https:\/\/blogg.sh.se\/forvaltningsakademin\/wp-json\/wp\/v2\/types\/page"}],"author":[{"embeddable":true,"href":"https:\/\/blogg.sh.se\/forvaltningsakademin\/wp-json\/wp\/v2\/users\/5"}],"replies":[{"embeddable":true,"href":"https:\/\/blogg.sh.se\/forvaltningsakademin\/wp-json\/wp\/v2\/comments?post=37"}],"version-history":[{"count":3,"href":"https:\/\/blogg.sh.se\/forvaltningsakademin\/wp-json\/wp\/v2\/pages\/37\/revisions"}],"predecessor-version":[{"id":154,"href":"https:\/\/blogg.sh.se\/forvaltningsakademin\/wp-json\/wp\/v2\/pages\/37\/revisions\/154"}],"wp:attachment":[{"href":"https:\/\/blogg.sh.se\/forvaltningsakademin\/wp-json\/wp\/v2\/media?parent=37"}],"curies":[{"name":"wp","href":"https:\/\/api.w.org\/{rel}","templated":true}]}}