{"id":91,"date":"2022-09-09T19:02:35","date_gmt":"2022-09-09T19:02:35","guid":{"rendered":"https:\/\/blogg.sh.se\/digitalwelfare\/?page_id=91"},"modified":"2022-09-17T20:21:44","modified_gmt":"2022-09-17T20:21:44","slug":"the-digital-welfare-state","status":"publish","type":"page","link":"https:\/\/blogg.sh.se\/digitalwelfare\/projects-and-networks\/the-digital-welfare-state\/","title":{"rendered":"The Digital Welfare State"},"content":{"rendered":"\n<p>Vad h\u00e4nder med demokratiska v\u00e4rderingar i ett samh\u00e4lle d\u00e4r automatisering med hj\u00e4lp av data-baserade, autonoma system framst\u00e4lls som en effektiv l\u00f6sning inom allt fler omr\u00e5den?<\/p>\n\n\n\n<p>Hur f\u00f6r\u00e4ndrar sig medborgarnas inst\u00e4llning och tillit till v\u00e4lf\u00e4rdsinstitutioner n\u00e4r fler och fler beslut delegeras till digitala infrastrukturer? Hur f\u00f6r\u00e4ndras relationen mellan staten och medborgarna i samband med denna omst\u00e4llning? Med utg\u00e5ngspunkt i den p\u00e5g\u00e5ende utvecklingen och den alltmer omfattande implementeringen av automatiserat beslutsfattande unders\u00f6ker det f\u00f6reslagna projektet implikationerna av automatisering f\u00f6r demokratin inom v\u00e4lf\u00e4rden. Utg\u00e5ngspunkten \u00e4r tre delvis \u00f6verlappande processer: F\u00f6r det f\u00f6rsta har forskningen inom kritiska datastudier uppm\u00e4rksammat att v\u00e5ra liv \u201ddatafieras\u201d i allt st\u00f6rre utstr\u00e4ckning. Det vill s\u00e4ga att allt fler aspekter av v\u00e5ra liv omvandlas till data som i sig har f\u00e5tt en stor betydelse som ekonomisk resurs och som har beskrivits som den nya oljan. F\u00f6r det andra har v\u00e4lf\u00e4rdsstaten och dess organisation f\u00f6r\u00e4ndrats de senaste decennierna. New public management har lagt fokus p\u00e5 m\u00e4tande och samtidigt lett till en fokus p\u00e5 individen. F\u00f6r det tredje beskrivs det ofta som att v\u00e4stv\u00e4rldens demokratier befinner sig i kris. Tillit till demokratiska institutioner och medborgerligt deltagande i traditionella politiska institutioner har systematiskt minskat sedan 2000-talet. Projektet unders\u00f6ker hur dessa tre processer h\u00e4nger ihop och p\u00e5verkas av algoritmisk och data-baserad automatisering.<\/p>\n\n\n\n<p>Projektet n\u00e4rmar sig dessa komplexa fr\u00e5gest\u00e4llningar genom en interdisciplin\u00e4r forskningsdesign som baseras p\u00e5 metodologisk m\u00e5ngfald och med medborgaren i fokus.<\/p>\n\n\n\n<p>Baserat p\u00e5 tidigare forskning av projektledaren som har kartlagt beslutsfattande i Sverige, tar projektet medborgare och deras upplevelser av automatisering inom offentlig f\u00f6rvaltning i fokus. Projektet studerar civilsamh\u00e4llets och medborgarnas upplevelser och attityder gentemot automatisering av v\u00e4lf\u00e4rden. Med hj\u00e4lp av en representativ enk\u00e4tstudie och fokusgruppintervjuer besvarar projektet fr\u00e5gan om hur medborgare p\u00e5verkas av algoritmisk automatisering och hur de f\u00f6rest\u00e4ller sig den framtida digitala v\u00e4lf\u00e4rdsstaten. Dessutom \u00e4mnar jag som Wallenberg Academy Fellow att etablera Sveriges f\u00f6rsta forskningshub f\u00f6r digital v\u00e4lf\u00e4rd som kommer samla framst\u00e5ende, internationella forskare med intresse f\u00f6r digitalisering inom v\u00e4lf\u00e4rden.<\/p>\n\n\n\n<p>Forskning kring automatiserat beslutsfattande fr\u00e5n ett europeiskt och s\u00e4rskilt svenskt perspektiv ligger fortfarande i startgroparna. De f\u00e5 projekt som f\u00f6r n\u00e4rvarande finns fokuserar huvudsakligen p\u00e5 att kartl\u00e4gga automatisering och handl\u00e4ggarnas perspektiv. Det f\u00f6reslagna projektet \u00e4r det f\u00f6rsta projektet som har ett bredare angreppss\u00e4tt och som unders\u00f6ker konsekvenserna av den digitala v\u00e4lf\u00e4rdsstaten f\u00f6r demokratiska v\u00e4rderingar med h\u00e4nsyn till medborgarnas perspektiv.<\/p>\n\n\n\n<h4 class=\"wp-block-heading\">Funding<\/h4>\n\n\n\n<p>The project is funded in the framework of the Wallenberg Academy Fellow program by the <a href=\"https:\/\/kaw.wallenberg.org\/anne-kaun\">Knut &amp; Alice Wallenbergs Stiftelse<\/a>.<\/p>\n\n\n\n<figure class=\"wp-block-image size-full is-resized\"><img decoding=\"async\" src=\"https:\/\/blogg.sh.se\/digitalwelfare\/wp-content\/uploads\/2022\/09\/Ska\u0308rmavbild-2022-09-17-kl.-22.20.51.png\" alt=\"\" class=\"wp-image-137\" width=\"190\" height=\"107\" srcset=\"https:\/\/blogg.sh.se\/digitalwelfare\/wp-content\/uploads\/2022\/09\/Ska\u0308rmavbild-2022-09-17-kl.-22.20.51.png 458w, https:\/\/blogg.sh.se\/digitalwelfare\/wp-content\/uploads\/2022\/09\/Ska\u0308rmavbild-2022-09-17-kl.-22.20.51-300x169.png 300w\" sizes=\"(max-width: 190px) 100vw, 190px\" \/><\/figure>\n","protected":false},"excerpt":{"rendered":"<p>Vad h\u00e4nder med demokratiska v\u00e4rderingar i ett samh\u00e4lle d\u00e4r automatisering med hj\u00e4lp av data-baserade, autonoma system framst\u00e4lls som en effektiv l\u00f6sning inom allt fler omr\u00e5den? Hur f\u00f6r\u00e4ndrar sig medborgarnas inst\u00e4llning och tillit till v\u00e4lf\u00e4rdsinstitutioner n\u00e4r fler och fler beslut delegeras till digitala infrastrukturer? Hur f\u00f6r\u00e4ndras relationen mellan staten och medborgarna i samband med denna omst\u00e4llning? [&hellip;]<\/p>\n","protected":false},"author":2,"featured_media":0,"parent":32,"menu_order":2,"comment_status":"closed","ping_status":"closed","template":"","meta":{"footnotes":""},"class_list":["post-91","page","type-page","status-publish","hentry"],"_links":{"self":[{"href":"https:\/\/blogg.sh.se\/digitalwelfare\/wp-json\/wp\/v2\/pages\/91","targetHints":{"allow":["GET"]}}],"collection":[{"href":"https:\/\/blogg.sh.se\/digitalwelfare\/wp-json\/wp\/v2\/pages"}],"about":[{"href":"https:\/\/blogg.sh.se\/digitalwelfare\/wp-json\/wp\/v2\/types\/page"}],"author":[{"embeddable":true,"href":"https:\/\/blogg.sh.se\/digitalwelfare\/wp-json\/wp\/v2\/users\/2"}],"replies":[{"embeddable":true,"href":"https:\/\/blogg.sh.se\/digitalwelfare\/wp-json\/wp\/v2\/comments?post=91"}],"version-history":[{"count":3,"href":"https:\/\/blogg.sh.se\/digitalwelfare\/wp-json\/wp\/v2\/pages\/91\/revisions"}],"predecessor-version":[{"id":138,"href":"https:\/\/blogg.sh.se\/digitalwelfare\/wp-json\/wp\/v2\/pages\/91\/revisions\/138"}],"up":[{"embeddable":true,"href":"https:\/\/blogg.sh.se\/digitalwelfare\/wp-json\/wp\/v2\/pages\/32"}],"wp:attachment":[{"href":"https:\/\/blogg.sh.se\/digitalwelfare\/wp-json\/wp\/v2\/media?parent=91"}],"curies":[{"name":"wp","href":"https:\/\/api.w.org\/{rel}","templated":true}]}}