{"id":514,"date":"2025-01-16T09:44:32","date_gmt":"2025-01-16T09:44:32","guid":{"rendered":"https:\/\/blogg.sh.se\/digitalwelfare\/?page_id=514"},"modified":"2025-11-27T12:13:58","modified_gmt":"2025-11-27T12:13:58","slug":"policy-briefs-and-outreach","status":"publish","type":"page","link":"https:\/\/blogg.sh.se\/digitalwelfare\/publications\/policy-briefs-and-outreach\/","title":{"rendered":"Policy briefs and Outreach"},"content":{"rendered":"\n<h2 class=\"wp-block-heading has-text-align-center has-foreground-color has-text-color has-background has-link-color has-x-large-font-size wp-elements-eb0cc0dde4d92c8dc9ed8f2392648e10\" style=\"background-color:#f3e010\"><strong>Policy briefs<\/strong><\/h2>\n\n\n\n<div data-wp-interactive=\"core\/file\" class=\"wp-block-file\"><object data-wp-bind--hidden=\"!state.hasPdfPreview\" hidden class=\"wp-block-file__embed\" data=\"https:\/\/blogg.sh.se\/digitalwelfare\/wp-content\/uploads\/2025\/11\/brief-01.pdf\" type=\"application\/pdf\" style=\"width:100%;height:350px\" aria-label=\"Inb\u00e4ddning av AUTO-WELF (2025) Curtail public dependencies of private tech. (&lt;em&gt;policy brief)&lt;\/em&gt;.\"><\/object><a id=\"wp-block-file--media-f51fd21e-e6fd-4985-898a-36b3acbcb7b4\" href=\"https:\/\/blogg.sh.se\/digitalwelfare\/wp-content\/uploads\/2025\/11\/brief-01.pdf\">AUTO-WELF (2025) Curtail public dependencies of private tech. (<em>policy brief)<\/em><\/a><a href=\"https:\/\/blogg.sh.se\/digitalwelfare\/wp-content\/uploads\/2025\/11\/brief-01.pdf\" class=\"wp-block-file__button wp-element-button\" download aria-describedby=\"wp-block-file--media-f51fd21e-e6fd-4985-898a-36b3acbcb7b4\">Download<\/a><\/div>\n\n\n\n<div data-wp-interactive=\"core\/file\" class=\"wp-block-file has-link-color wp-elements-1873bc683bfcb73b4c26aad2901102eb\"><object data-wp-bind--hidden=\"!state.hasPdfPreview\" hidden class=\"wp-block-file__embed\" data=\"https:\/\/blogg.sh.se\/digitalwelfare\/wp-content\/uploads\/2025\/11\/brief-02.pdf\" type=\"application\/pdf\" style=\"width:100%;height:300px\" aria-label=\"Inb\u00e4ddning av AUTO-WELF (2025) Getting people involved in welfare automation. (&lt;em&gt;policy brief)&lt;\/em&gt;.\"><\/object><a id=\"wp-block-file--media-0091a7a7-c011-45f3-922c-38da95b4bc2b\" href=\"https:\/\/blogg.sh.se\/digitalwelfare\/wp-content\/uploads\/2025\/11\/brief-02.pdf\" target=\"_blank\" rel=\"noreferrer noopener\">AUTO-WELF (2025) Getting people involved in welfare automation. (<em>policy brief)<\/em><\/a><a href=\"https:\/\/blogg.sh.se\/digitalwelfare\/wp-content\/uploads\/2025\/11\/brief-02.pdf\" class=\"wp-block-file__button wp-element-button\" download aria-describedby=\"wp-block-file--media-0091a7a7-c011-45f3-922c-38da95b4bc2b\">Download<\/a><\/div>\n\n\n\n<h4 class=\"wp-block-heading has-text-align-center has-background\" style=\"background-color:#f3e010\">Outreach\/Media Coverage<\/h4>\n\n\n\n<p><strong>Allhutter, D. <\/strong>(2024, March 5). <em>AI and data analytics at work: Profiling of jobseekers and automated diversity recruiting (KI und Datenanalytik in der Arbeitswelt: Profiling von Arbeitssuchenden und automatisiertes Diversity Recruiting)<\/em> [Invited talk]. Chamber of Labor Salzburg, Salzburg, Austria.<\/p>\n\n\n\n<p><strong>Allhutter, D.<\/strong> (2024, February 26). <em>Does AMAS fulfill the goals of the AMS? Profiling of jobseekers from a socio-technical perspective and in the view of audits<\/em> [Invited talk]. Conference \u201cArtificial Intelligence in the Audit Context\u201d of the Austrian Court of Audit, University of Vienna, Vienna, Austria.<\/p>\n\n\n\n<p><strong>Allhutter, D.<\/strong> (2023, September 24). <em>Artificial intelligence in supreme audit institutions (K\u00fcnstliche Intelligenz in Obersten Rechnungskontrollbeh\u00f6rden)<\/em> [Invited talk]. Austrian Court of Audit, Vienna, Austria.<\/p>\n\n\n\n<p><strong>Szymaniak, M<\/strong>. (2025, May 7).&nbsp;<strong>\u201e<\/strong><em>Ani uczciwy, ani legalny, ale i tak ludzie czuj\u0105 si\u0119 jak przest\u0119pcy\u201d. Tak dzia\u0142a algorytm wykluczenia<\/em>. Spider\u2019s Web.&nbsp;<em>&nbsp;[Interview with&nbsp;<strong>Karolina Sztandar- Sztanderska<\/strong>].<\/em><a href=\"https:\/\/spidersweb.pl\/plus\/2025\/05\/zautomatyzowane-systemy-podejmowania-decyzji-algorytmy\">https:\/\/spidersweb.pl\/plus\/2025\/05\/zautomatyzowane-systemy-podejmowania-decyzji-algorytmy<\/a><\/p>\n\n\n\n<p><strong>Eriksson, E. G.&nbsp;<\/strong>(2025, May 6).&nbsp;<em>D\u00e4rf\u00f6r leder chattbotarna till \u00f6kad friktion \u2013 och s\u00e5 kan verksamheten hantera riskerna &#8211; Kvalitetsmagasinet<\/em>. Kvalitetsmagasinet.&nbsp;<em>&nbsp;[Interview with&nbsp;&nbsp;<strong>Anne Kaun<\/strong>]&nbsp;<\/em><a href=\"https:\/\/kvalitetsmagasinet.se\/darfor-leder-chattbotarna-till-okad-friktion-och-sa-kan-verksamheten-hantera-riskerna\/\">https:\/\/kvalitetsmagasinet.se\/darfor-leder-chattbotarna-till-okad-friktion-och-sa-kan-verksamheten-hantera-riskerna\/<\/a><\/p>\n\n\n\n<p><em>Sztuczna inteligencja i polityka spo\u0142eczna<\/em>. (2025, April 5.). TOK FM.&nbsp;<em>[Interview with&nbsp;&nbsp;<strong>Karolina Sztandar-Sztanderska<\/strong>].<\/em> https:\/\/audycje.tokfm.pl\/podcast\/173498,Sztuczna-inteligencja-i-polityka-spoleczna<\/p>\n\n\n\n<p><strong>Allhutter, D.<\/strong>&nbsp;(2025, March).&nbsp;<em>Automation in the welfare state<\/em>&nbsp;(ITA Dossier No. 81en). Institute of Technology Assessment, Austrian Academy of Sciences.&nbsp;<a href=\"https:\/\/www.oeaw.ac.at\/en\/ita\/publications\/ita-dossiers\/automation-in-the-welfare-state\">https:\/\/www.oeaw.ac.at\/en\/ita\/publications\/ita-dossiers\/automation-in-the-welfare-state<\/a><\/p>\n\n\n\n<p><strong><em>Live-Podd: Artificial Intelligence and Public Administration | MKV-Podden<\/em><\/strong><strong>.&nbsp;<\/strong>(2024, November 7).&nbsp;https:\/\/shows.acast.com\/mkv-podden\/episodes\/live-podd-artificial-intelligence-and-public-administration<\/p>\n\n\n\n<p><strong>Scilog.<\/strong>&nbsp;(2024, May 6).&nbsp;<em>Is digitalization helping to make the welfare state fairer? [Interview with Doris&nbsp;<strong>Allhutter<\/strong>].<\/em><a href=\"https:\/\/scilog.fwf.ac.at\/en\/magazine\/is-digitalization-helping-to-make-the-welfare-state-fairer\">https:\/\/scilog.fwf.ac.at\/en\/magazine\/is-digitalization-helping-to-make-the-welfare-state-fairer<\/a><\/p>\n\n\n\n<p><strong>EPTA (Ed.).<\/strong>&nbsp;(2024).&nbsp;<em>Artificial intelligence and democracy<\/em>&nbsp;(EPTA Report 2024, p. 88). Brussels. https:\/\/epub.oeaw.ac.at\/0xc1aa5572_0x003f6f39.pdf<\/p>\n\n\n\n<p><strong>Ortis, M.<\/strong>&nbsp;(2023, September 26).&nbsp;<em>Offices are using more and more algorithms \u2013 what does that do to us? (\u00c4mter setzen immer mehr Algorithmen ein \u2013 was macht das mit uns?) [Interview with&nbsp;<strong>Anne Kaun<\/strong>].<\/em>&nbsp;Der Standard.&nbsp;<a href=\"https:\/\/www.derstandard.at\/story\/3000000188296\/aemter-setzen-immer-mehr-algorithmen-ein-was-macht-das-mit-uns\">https:\/\/www.derstandard.at\/story\/3000000188296\/aemter-setzen-immer-mehr-algorithmen-ein-was-macht-das-mit-uns<\/a><\/p>\n\n\n\n<p><strong>Ortis, M.&nbsp;<\/strong>(2023, July 27).&nbsp;<em>Einblick ins Kochrezept [Interview with&nbsp;<strong>Anne Kaun, Astrid Mager<\/strong>].<\/em>&nbsp;Die Furche. https:\/\/annekaun.files.wordpress.com\/2023\/10\/furche-algorithmen-ortis-20230727.pdf<\/p>\n\n\n\n<p><strong>Ortis, M.<\/strong>&nbsp;(2023, February 15).&nbsp;<em>Uber AI must be co-determined (Uber KI muss mitbestimmt werden) [Interview with&nbsp;<strong>Anne Kaun<\/strong>].<\/em>&nbsp;Der Falter.&nbsp;<a href=\"https:\/\/annekaun.files.wordpress.com\/2023\/10\/falter-bildung-ortis-s14_15_02_23_czil_cz.pdf\">https:\/\/annekaun.files.wordpress.com\/2023\/10\/falter-bildung-ortis-s14_15_02_23_czil_cz.pdf<\/a><\/p>\n\n\n\n<p><strong>Riedlinger, D.<\/strong>&nbsp;(2023).&nbsp;<em>Walter Peissl zum Mitglied des Artificial Intelligence Advisory Boards ernannt.<\/em>&nbsp;Ita-Newsfeed. https:\/\/www.oeaw.ac.at\/ita\/detail\/news\/ernennung-walter-peissl-im-artificial-intelligence-advisory-board<\/p>\n\n\n\n<p><strong>EPTA (Ed.).<\/strong>&nbsp;(2023).&nbsp;<em>Generative artificial intelligence: Opportunities, risks and policy challenges<\/em>&nbsp;(EPTA Report 2023, p. 88). Brussels. https:\/\/www.parlament.cat\/document\/composicio\/394503200.pdf<\/p>\n\n\n\n<p><strong>Bayer, T.&nbsp;<\/strong>(2022).&nbsp;<em>Algorithmen in der Wohlfahrt: Sozial und transparent?<\/em>&nbsp;Ita-Newsfeed. https:\/\/www.oeaw.ac.at\/ita\/detail\/news\/kuenstliche-intelligenz-in-der-wohlfahrt-sozial-und-transparent<\/p>\n\n\n\n<p><\/p>\n","protected":false},"excerpt":{"rendered":"<p>Policy briefs Outreach\/Media Coverage Allhutter, D. (2024, March 5). AI and data analytics at work: Profiling of jobseekers and automated diversity recruiting (KI und Datenanalytik in der Arbeitswelt: Profiling von Arbeitssuchenden und automatisiertes Diversity Recruiting) [Invited talk]. Chamber of Labor Salzburg, Salzburg, Austria. Allhutter, D. (2024, February 26). Does AMAS fulfill the goals of the [&hellip;]<\/p>\n","protected":false},"author":2,"featured_media":0,"parent":35,"menu_order":0,"comment_status":"closed","ping_status":"closed","template":"","meta":{"footnotes":""},"class_list":["post-514","page","type-page","status-publish","hentry"],"_links":{"self":[{"href":"https:\/\/blogg.sh.se\/digitalwelfare\/wp-json\/wp\/v2\/pages\/514","targetHints":{"allow":["GET"]}}],"collection":[{"href":"https:\/\/blogg.sh.se\/digitalwelfare\/wp-json\/wp\/v2\/pages"}],"about":[{"href":"https:\/\/blogg.sh.se\/digitalwelfare\/wp-json\/wp\/v2\/types\/page"}],"author":[{"embeddable":true,"href":"https:\/\/blogg.sh.se\/digitalwelfare\/wp-json\/wp\/v2\/users\/2"}],"replies":[{"embeddable":true,"href":"https:\/\/blogg.sh.se\/digitalwelfare\/wp-json\/wp\/v2\/comments?post=514"}],"version-history":[{"count":9,"href":"https:\/\/blogg.sh.se\/digitalwelfare\/wp-json\/wp\/v2\/pages\/514\/revisions"}],"predecessor-version":[{"id":566,"href":"https:\/\/blogg.sh.se\/digitalwelfare\/wp-json\/wp\/v2\/pages\/514\/revisions\/566"}],"up":[{"embeddable":true,"href":"https:\/\/blogg.sh.se\/digitalwelfare\/wp-json\/wp\/v2\/pages\/35"}],"wp:attachment":[{"href":"https:\/\/blogg.sh.se\/digitalwelfare\/wp-json\/wp\/v2\/media?parent=514"}],"curies":[{"name":"wp","href":"https:\/\/api.w.org\/{rel}","templated":true}]}}