{"id":86,"date":"2017-05-02T12:31:14","date_gmt":"2017-05-02T12:31:14","guid":{"rendered":"http:\/\/blogg.sh.se\/detcivilasamhallet\/?page_id=86"},"modified":"2017-05-02T14:39:45","modified_gmt":"2017-05-02T14:39:45","slug":"institutionella-begransningar-och-kreativa-losningar-civilsamhallet-i-polen-i-jamforande-perspektiv","status":"publish","type":"page","link":"https:\/\/blogg.sh.se\/detcivilasamhallet\/delprojekten\/institutionella-begransningar-och-kreativa-losningar-civilsamhallet-i-polen-i-jamforande-perspektiv\/","title":{"rendered":"Institutionella begr\u00e4nsningar och kreativa l\u00f6sningar: Civilsamh\u00e4llet i Polen i j\u00e4mf\u00f6rande perspektiv"},"content":{"rendered":"<p><strong>Institutional constraints and creative solutions: Civil society in Poland in comparative perspective<\/strong><\/p>\n<p>Kerstin Jacobsson, Professor, sociolog, Institutionen f\u00f6r samh\u00e4llsvetenskaper, S\u00f6dert\u00f6rns h\u00f6gskola, projektledare.<\/p>\n<p>Jolanta Aidukaite, Docent, sociolog, Mykolas Romeris-universitetet, Litauen.<\/p>\n<p>Renata Hryciuk, Fil dr, socialantropolog, Polska Vetenskapsakademin och Warsawa universitet, Polen.<\/p>\n<p>Elzbieta Korolczuk, Fil dr, sociolog, Polska Vetenskapsakademin och S\u00f6dert\u00f6rns h\u00f6gskola.<\/p>\n<p>Dominika Polanska, Fil dr, sociolog, Institutionen f\u00f6r samh\u00e4llsvetenskaper, S\u00f6dert\u00f6rns h\u00f6gskola.<\/p>\n<p>Steven Saxonberg, Professor, sociolog, Mazaryk-universitetet, Tjeckien.<\/p>\n<p>&nbsp;<\/p>\n<p><strong>Projektbeskrivning<\/strong><\/p>\n<p>Scroll down for project description in English<\/p>\n<p>Projektet studerar f\u00f6ruts\u00e4ttningarna f\u00f6r civilsamh\u00e4llelig mobilisering och kollektiva p\u00e5verkansstrategier i Polen, men s\u00e4tter ocks\u00e5 Polen i perspektiv genom j\u00e4mf\u00f6relser med n\u00e5gra av dess grannl\u00e4nder: Tjeckien, Litauen och Sverige.<\/p>\n<p>Projektet inbegriper bl.a. fallstudier av urbana r\u00f6relser och mobiliseringar kring boendefr\u00e5gor, mobiliseringar kring f\u00f6r\u00e4ldraskap, samt milj\u00f6- och djurr\u00e4ttsaktivism.<\/p>\n<p>Vi vill problematisera bilden av det svaga civilsamh\u00e4llet i Polen och andra postkommunistiska l\u00e4nder. En utg\u00e5ngspunkt \u00e4r att civilsamh\u00e4llet i denna samh\u00e4llskontext fungerar delvis annorlunda \u00e4n i V\u00e4steuropa men v\u00e5r tes \u00e4r att det \u00e4r mer dynamiskt \u00e4n tidigare forskning brukar h\u00e4vda. Att kartl\u00e4gga denna dynamik \u00e4r en av projektets m\u00e5ls\u00e4ttningar.<\/p>\n<p>Mer precist \u00e4r projektets syfte att genom kvalitativa fallstudier av medborgerliga mobiliseringar och sociala r\u00f6relser studera och j\u00e4mf\u00f6ra f\u00f6ruts\u00e4ttningarna f\u00f6r civilsamh\u00e4llelig mobilisering, kollektiva p\u00e5verkansstrategier och deras resultat, dvs. framg\u00e5ngar eller misslyckande. De kollektiva handlingsformerna analyseras i relation till det omgivande samh\u00e4llet och r\u00e5dande ekonomiska, politiska, juridiska, sociala och kulturella f\u00f6rh\u00e5llanden. En gemensam tematik i delstudierna \u00e4r hur gr\u00e4nsen mellan offentligt och privat f\u00f6rhandlas i civilsamh\u00e4llet och vad detta betyder f\u00f6r m\u00f6jligheterna till kollektivt handlande.<\/p>\n<p><strong>Project description<\/strong><\/p>\n<p>The project examines the conditions for mobilization of civil society and for collective action strategies in Poland. Poland is also put in perspective by comparisons with some of its neighboring countries: the Czech Republic, Lithuania and Sweden.<\/p>\n<p>The project includes among other things studies of urban movements and mobilizations around housing issues, mobilizations around parenthood, but also environmental and animal rights activism.<\/p>\n<p>We would like to problematize the conventional view of the weak civil society in Poland and other post-communist societies. One of our points of departure is that civil society in this context partly works in a different manner than in Western Europe but our hypothesis is that it is more dynamic than previous research states. One of our goals in this project is to capture this dynamic.<\/p>\n<p>More specifically, the aim of the project is to study and compare the conditions for mobilization of civil society, collective action strategies and their outcomes, that is, their successes and failures, by conducting qualitative case studies of civil mobilizations and social movements. The forms of collective action are analyzed in relation to the surrounding society and the prevalent economic, political, juridical, social and cultural conditions. A common theme in the sub-projects is how the divide between public and private is negotiated in civil society and what implications it has for the opportunities for collective action.<\/p>\n<p><strong>Books<\/strong><\/p>\n<p>Hryciuk, R. &amp; E. Korolczuk (eds) (2012) Po\u017cegnanie z Matk\u0105 Polk\u0105? [Farewell to the Polish Mother?] Warsaw: Warsaw University Press.<\/p>\n<p>Hryciuk R. &amp; E. Korolczuk (eds) (2014) Niebezpieczne zwi\u0105zki. Macierzy\u0144stwo, ojcostwo i polityka [Dangerous Liaisons. Motherhood, Fatherhood and Politics. Dangerous Liaisons. Warsaw: Warsaw University Press.<\/p>\n<p>Fabian, K. and E. Korolczuk (eds) (in press) Rebellious Parents. Parental Movements in CEE and Russia. Bloomington: Indiana University Press.<\/p>\n<p>Jacobsson, K. (ed) (2015) Urban Grassroots Movements in Central and Eastern Europe. Farnham: Ashgate.<\/p>\n<p>Jacobsson and E. Korolczuk (eds) (work in progress) The Challenge of Collective Action. New Perspectives on Civil Society and Social Activism in Contemporary Poland. Book manuscript.<\/p>\n<p>Jacobsson, K. and S. Saxonberg (eds) (2015) Social Movements in Post-communist Europe and Russia. London: Routledge.[Based on a special issue of East European Politics]<\/p>\n<p>Jacobsson, K. and S. Saxonberg (eds) (2013) Beyond NGO-ization. The Development of Social Movements in Central and Eastern Europe. Farnham: Ashgate.<\/p>\n<p><strong>Editorship of Special issues of peer-reviewed journals<\/strong><\/p>\n<p>Jacobsson, K. and S. Saxonberg (eds) (2012) Symposium section on &#8217;A New Look at Social Movements and Civil Society in Post-Communist Russia and Poland\u2019, East European Politics, nr 4 2012.<\/p>\n<p><strong>Peer-reviewed articles<\/strong><\/p>\n<p>Aidukaite, J. (2013) \u2018Community Mobilizations around Housing and Local Environment: Insights into the Case of Vilnius\u2019, Sociologija. Mintis ir veiksmas 1 (32): 136-151. <a href=\"http:\/\/www.vu.lt\/leidyba\/dokumentai\/zurnalai\/SOCIOLOGIJA\/Sociologija.%20Mintis%20ir%20veiksmas%20%202013%20132\/136-151.pdf\" target=\"_blank\" rel=\"noopener noreferrer\">http:\/\/www.vu.lt\/leidyba\/dokumentai\/zurnalai\/SOCIOLOGIJA\/Sociologija.%20Mintis%20ir%20veiksmas%20%202013%20132\/136-151.pdf<\/a><\/p>\n<p>Aidukaite, J. (2014) \u201cHousing policy regime in Lithuania: towards liberalization and marketization\u201d, GeoJournal: <a href=\"http:\/\/link.springer.com\/article\/10.1007\/s10708-014-9529-y\" target=\"_blank\" rel=\"noopener noreferrer\">http:\/\/link.springer.com\/article\/10.1007\/s10708-014-9529-y<\/a><\/p>\n<p>Jacobsson, K. (2012) \u201cFragmentation of the collective action space: The animal rights movement in Poland\u201d, East European Politics, 28(4), 353-370.<\/p>\n<p>Jacobsson, K. and S. Saxonberg (2012) Introduction: A New Look at Social Movements and Civil Society in Postcommunist Europe and Russia, East European Politics, 28(4), 329-331.<\/p>\n<p>Korolczuk, E. and S. Saxonberg (2014) \u201cStrategies of contentious action: a comparative analysis of the women\u2019s movements in Poland and the Czech Republic\u201d, European Societies. <a href=\"http:\/\/dx.doi.org\/10.1080\/14616696.2014.977321\" target=\"_blank\" rel=\"noopener noreferrer\">http:\/\/dx.doi.org\/10.1080\/14616696.2014.977321<\/a><\/p>\n<p>Korolczuk, E. (2014) \u201cRuchy spo\u0142eczne a p\u0142e\u0107 &#8211; perspektywa intersekcjonalna. Kongres Kobiet i ruch na rzecz przywr\u00f3cenia Funduszu Alimentacyjnego\u201d [Social movements and gender &#8211; intersectional analysis. The Congress of Women and the Alimony Fund movement], Kultura i spo\u0142ecze\u0144stwo, 1, 97-120.<\/p>\n<p>Korolczuk, E. (2014) \u201cTerms of Engagement. Re-Defining Identity and Infertility On-line\u201d, Culture Unbound: Journal of Current Cultural Research, 6 (22): 431-449.<\/p>\n<p>Korolczuk, E. (2013) \u201cIVF as a threat to the nation. The debate on assisted reproduction in contemporary Poland\u201d, Gendernyi Zhurnal Ya, 3 (34), 33-36.<\/p>\n<p>Korolczuk, E. (2014) \u201dPromoting civil society in Poland: Gendered results of institutional changes\u201d, Voluntas, Vol. 25, nr 4, 949-967.<\/p>\n<p>Polanska, D.V. (2013) Gated housing as a reflection of public-private divide. Polish Sociological Review, 1, 181: 87-102.<\/p>\n<p>Polanska, D.V. (2013) Skiljelinjen mellan det offentliga och det privata: f\u00f6rklaringarna bakom inh\u00e4gnade bostadsomr\u00e5denas popularitet i Polen. Nordisk \u00d6stforum, 27, 1, 7-30.<\/p>\n<p>Polanska, D.V. (2014) Urban Policy and the Rise of Gated Housing in Post-Socialist Poland. GeoJournal, Vol. 79, (4): 407-419, DOI 10.1007\/s10708-014-9532-3.<\/p>\n<p>Polanska, D.V. (2014) Cognitive dimension in cross-movement alliances: the case of squatting and tenants\u2019 movements in Warsaw. Interface: a journal for and about social movements, 6, 2: 328 \u2013 356.<\/p>\n<p>Polanska, D.V. &amp; Piotrowski, G. (2015) The transformative power of cooperation between social movements: the case of squatting and tenants\u2019 movements in Poland. City: Analysis of Urban Trends, Culture, Theory, Policy, Action, 19, (2 \u20133): 208 \u2013230.<\/p>\n<p>Tsenkova, S. &amp; Polanska, D.V. (2014) Between State and Market: Housing Policy and Housing Transformation in Post-Socialist Cities. GeoJournal, Vol. 79, (4): 401-405.<\/p>\n<p><strong>Book chapters<\/strong><\/p>\n<p>Aidukaite, J. &amp; K. Jacobsson (2015) Europeanisation and Urban Movements: Political Opportunities of Community Organizations in Lithuania, in Kerstin Jacobsson (ed) Urban Grassroots Movements in Central and Eastern Europe, Farnham: Ashgate, 247-272.<\/p>\n<p>Hryciuk, R. and E. Korolczuk (in press) The Polish Father Takes to the Streets: Fathers&#8217; Rights Activism in a Post-Socialist Context in Katalin Fabian and El\u017cbieta Korolczuk (eds) Rebellious Parents. Parental Movements in CEE and Russia, Bloomington: Indiana University Press.<\/p>\n<p>Hryciuk, R. and Korolczuk E. (2014) Konteksty upolitycznienia macierzy\u0144stwa i ojcostwa we wsp\u00f3\u0142czesnej Polsce [On politicization of motherhood and fatherhood in contemporary Poland in Renata Hryciuk and El\u017cbieta Korolczuk (eds) Motherhood, Fatherhood and Politics. Dangerous Liaisons, Warsaw: Warsaw University Press.<\/p>\n<p>Hryciuk, R. and Korolczuk E. (2013) At the intersection of gender and class: social mobilization around mothers\u2019 rights in Poland, in Kerstin Jacobsson and Steven Saxonberg (eds) Beyond NGO-ization: The Development of Social Movements in Central and Eastern Europe, Farnham: Ashgate, 49-70.<\/p>\n<p>Hryciuk, R. and Korolczuk E. (2012) Wst\u0119p. Po\u017cegnanie z Matk\u0105 Polk\u0105 [Research on mothering and motherhood in Poland \u2013 a critical review] in Renata Hryciuk and El\u017cbieta Korolczuk (eds) Farewell to the Polish Mother? Warsaw: Warsaw University Press, 7-26.<\/p>\n<p>Jacobsson, K. (2015) Introduction: The Development of Urban Movements in Central and Eastern Europe, in K. Jacobsson (ed) Urban Grassroots Movemens in Central and Eastern Europe, Farnham: Ashgate, 1-32.<\/p>\n<p>Jacobsson, K. (2015) Conclusion: Towards a New Research Agenda, in K. Jacobsson (ed) Urban Grassroots Movemens in Central and Eastern Europe, Farnham: Ashgate, 273-287.<\/p>\n<p>Jacobsson, K. (2015) Fragmentation of the collective action space: The animal rights movement in Poland, in: Jacobsson, K. and S. Saxonberg (eds) (2014) Social Movements in Post-communist Europe and Russia. London: Routledge, 47-64.<\/p>\n<p>Jacobsson, K. (2013) \u201cChanneling and enrollment: The institutional shaping of animal rights activism in Poland\u201d, in: K. Jacobsson &amp; S. Saxonberg (eds) Beyond NGO-ization. The Development of Social Movements in Central and Eastern Europe. Farnham: Ashgate, 27-47.<\/p>\n<p>Jacobsson, K. &amp; Saxonberg, S. (2013) \u201cIntroduction: The development of social movements in Central and Eastern Europe\u201d in: K. Jacobsson &amp; S. Saxonberg (eds) Beyond NGO-ization. The Development of Social Movements in Central and Eastern Europe. Farnham: Ashgate, 1-25.<\/p>\n<p>Jacobsson, K. &amp; Saxonberg, S. (2013) \u201cConclusion\u201d, in: K. Jacobsson &amp; S. Saxonberg (eds) Beyond NGO-ization. The Development of Social Movements in Central and Eastern Europe. Farnham: Ashgate, 255-264.<br \/>\nKorolczuk, E. (2015) Those Who Are Full Can Never Understand the Hungry: Challenging the Meaning of Infertility in Poland in Aidan McGarry and James Jasper (eds) The Identity Dilemma, Temple Press.<\/p>\n<p>Korolczuk, E. (2014) Niep\u0142odno\u015b\u0107, to\u017csamo\u015b\u0107, obywatelstwo. Analiza spo\u0142ecznej mobilizacji wok\u00f3\u0142 dost\u0119pu do in vitro w Polsce. [Infertility, identity, citizenship. The analysis of social mobilization around IVF in Poland] in Magdalena Radkowska-Walkowicz and Hubert Wierci\u0144ski (eds) Etnografie biomedycyny [Etnographies of biomedicine] Warsaw: Warsaw University Press, 67-90.<\/p>\n<p>Korolczuk, E. (2013) &#8217;Wystarczy in vitro, aby znikn\u0119\u0142y ca\u0142e narody&#8217;. Analiza wybranych strategii retorycznych oponent\u00f3w in vitro w Polsce. [&#8217;IVF alone will make the nations perish. Analysis of rhetoric strategies of IVF opponents in Poland] in Gender Democracy Dossier, Warsaw: Heinrich Boell Fundation.<\/p>\n<p>Korolczuk, E. (2013) Assisted reproductive technologies (ARTS) and nationalistic discourse in Poland, in Materials of the Second International Gender Workshop Overcoming Gender Backlash: Experiences of Ukraine, Bielarus, Russia, Georgia, Armenia and Poland. Heinrich Boell Fundation, 26-32.<\/p>\n<p>Korolczuk, E. (accepted with revisions) \u2018We are no second-rate citizens\u2019. Reproductive technologies and new formulations of citizenship in the post-communist context in Teresa Kulawik et al (eds) Happy Futures between East and West? Disturbing Differences in European Gender Studies, Routledge.<\/p>\n<p>Piotrowski, G. 2015. The \u2019Other\u2019 Democratization in Poland: The Case Environmental Protection Movement. In Democratization Through Social Activism edited by I. Vlad &amp; K. Fabian. Bucharest: TRITONIC, 235-260.<\/p>\n<p>Polanska, D.V. (2015) Alliance-building and Brokerage in Contentious Politics: Polish tenants\u2019 movement as a case study. In: Jacobsson, K. (Ed.) Urban Grassroots Movements in Central and Eastern Europe. Farnham: Ashgate.<\/p>\n<p>Polanska, D.V. (forthcoming) Neoliberal models of post-socialist urban transformation and the emergence of urban social movements in Poland. In Mayer, M. et al. (Eds.) Urban Uprisings: Challenging the neoliberal city in Europe. Palgrave Macmillan.<\/p>\n<p>Polanska, D.V. (forthcoming) Marginalizing discourses and activists\u2019 strategies in collective identity formation: The case of Polish tenants\u2019 movement. In Jacobsson, K. &amp; Korolczuk, E. (Eds.) The Challenge of Collective Action. New Perspectives on Civil Society and Social Activism in Contemporary Poland. Book manuscript.<\/p>\n<p>Korolczuk, El\u017cbieta (forthcoming 2013) \u201dPromoting civil society in Poland: Gendered results of institutional changes\u201d, Voluntas.<\/p>\n<p>Polanska, Dominika V. (2013) Post-socialist civil society and the emergence of grassroots mobilizations. Baltic Worlds, Vol. VII (September)<\/p>\n<p>Polanska, Dominika V. (2013) Gated housing as a reflection of public-private divide. Polish Sociological Review, 1, 181: 87-102.<\/p>\n<p>Aidukaite, Jolanta (2013) Community Mobilizations Around Housing and Local Environment: Insights into the Case of Vilnius. Sociologija. Mintis ir Veiksmas 1 (32).<\/p>\n<p>Aidukaite, Jolanta (submitted, undergoing peer review) Explaining Community Mobilizations in the Post-Communist City of Vilnius: A Search for Social Capital. International Journal of Urban and Regional Research.<\/p>\n<p>Aidukaite, Jolanta (submitted, undergoing peer review) Housing Policy Regime in Lithuania. International Journal of Housing Policy.<\/p>\n<p><strong>Events<\/strong><\/p>\n<p>International conference on &#8221;The Challenge of Collective Action: New Perspectives on Civil Society and Social Activism in Contemporary Poland&#8221;, October 18-19 2013.<\/p>\n<p>\u00bb<a href=\"http:\/\/blogg.sh.se\/detcivilasamhallet\/wp-content\/uploads\/2017\/05\/civil_societycall.pdf\" target=\"_blank\" rel=\"noopener noreferrer\"> See call for papers in attachment (pdf)<\/a><\/p>\n<p>Key note speaker: Grzegorz Ekiert, Harvard University: &#8221;Still Rebellious? Civil Society Transformation in Poland&#8221;.<\/p>\n<p>Conference Venue: Warsaw University<br \/>\nConference organizers: Kerstin Jacobsson, Elzbieta Korolczuk, Slawomir Mandes.<\/p>\n<p>Edited Volume and Research Workshop, S\u00f6dert\u00f6rn University, Stockholm, Sweden, June 2014.<\/p>\n<p>\u00bb <a href=\"http:\/\/blogg.sh.se\/detcivilasamhallet\/wp-content\/uploads\/2017\/05\/parental_movements.pdf\" target=\"_blank\" rel=\"noopener noreferrer\">See call for contributions in attachment (pdf)<\/a><\/p>\n<p>Organizers: Elzbieta Korolczuk, Katalin Fabian.<\/p>\n","protected":false},"excerpt":{"rendered":"<p>Institutional constraints and creative solutions: Civil society in Poland in comparative perspective Kerstin Jacobsson, Professor, sociolog, Institutionen f\u00f6r samh\u00e4llsvetenskaper, S\u00f6dert\u00f6rns h\u00f6gskola, projektledare. Jolanta Aidukaite, Docent, sociolog, Mykolas Romeris-universitetet, Litauen. Renata Hryciuk, Fil dr, socialantropolog, Polska Vetenskapsakademin och Warsawa universitet, Polen. Elzbieta Korolczuk, Fil dr, sociolog, Polska Vetenskapsakademin och S\u00f6dert\u00f6rns h\u00f6gskola. Dominika Polanska, Fil dr, sociolog, [&hellip;]<\/p>\n","protected":false},"author":2,"featured_media":0,"parent":39,"menu_order":0,"comment_status":"closed","ping_status":"closed","template":"","meta":[],"_links":{"self":[{"href":"https:\/\/blogg.sh.se\/detcivilasamhallet\/wp-json\/wp\/v2\/pages\/86"}],"collection":[{"href":"https:\/\/blogg.sh.se\/detcivilasamhallet\/wp-json\/wp\/v2\/pages"}],"about":[{"href":"https:\/\/blogg.sh.se\/detcivilasamhallet\/wp-json\/wp\/v2\/types\/page"}],"author":[{"embeddable":true,"href":"https:\/\/blogg.sh.se\/detcivilasamhallet\/wp-json\/wp\/v2\/users\/2"}],"replies":[{"embeddable":true,"href":"https:\/\/blogg.sh.se\/detcivilasamhallet\/wp-json\/wp\/v2\/comments?post=86"}],"version-history":[{"count":8,"href":"https:\/\/blogg.sh.se\/detcivilasamhallet\/wp-json\/wp\/v2\/pages\/86\/revisions"}],"predecessor-version":[{"id":175,"href":"https:\/\/blogg.sh.se\/detcivilasamhallet\/wp-json\/wp\/v2\/pages\/86\/revisions\/175"}],"up":[{"embeddable":true,"href":"https:\/\/blogg.sh.se\/detcivilasamhallet\/wp-json\/wp\/v2\/pages\/39"}],"wp:attachment":[{"href":"https:\/\/blogg.sh.se\/detcivilasamhallet\/wp-json\/wp\/v2\/media?parent=86"}],"curies":[{"name":"wp","href":"https:\/\/api.w.org\/{rel}","templated":true}]}}