{"id":315,"date":"2019-08-25T06:35:52","date_gmt":"2019-08-25T06:35:52","guid":{"rendered":"http:\/\/blogg.sh.se\/detcivilasamhallet\/?page_id=315"},"modified":"2019-08-25T06:36:22","modified_gmt":"2019-08-25T06:36:22","slug":"frihetens-kostnad-de-materiella-forutsattningarna-for-det-civila-samhallets-framvaxt-i-sverige-under-1800-talet","status":"publish","type":"page","link":"https:\/\/blogg.sh.se\/detcivilasamhallet\/frihetens-kostnad-de-materiella-forutsattningarna-for-det-civila-samhallets-framvaxt-i-sverige-under-1800-talet\/","title":{"rendered":"Frihetens kostnad? De materiella f\u00f6ruts\u00e4ttningarna f\u00f6r det civila samh\u00e4llets framv\u00e4xt i Sverige under 1800-talet"},"content":{"rendered":"\n<p>Projektledare: FD Anne Berg, Uppsala universitet<br>Deltagare: Docent Samuel Edquist, Uppsala universitet<\/p>\n\n\n\n<p>Under 1800-talet uppstod en m\u00e4ngd frivilligf\u00f6reningar i Sverige. De hade till exempel kulturella, filantropiska eller politiska syften. Framv\u00e4xten av dessa associationer brukar r\u00e4knas som en viktig del i formeringen av ett civilt samh\u00e4lle. I projektet Frihetens kostnad studeras dessa associationers materiella och ekonomiska f\u00f6ruts\u00e4ttningar. Detta g\u00f6rs f\u00f6r att kunna frambringa ny kunskap i fr\u00e5gan om varf\u00f6r ett civilt samh\u00e4lle \u00f6ver huvud taget uppstod under 1800-talet. Att driva frivillighetsf\u00f6reningar var trots allt inte gratis. Projektet utg\u00e5r ifr\u00e5n att associationerna som verkade mellan 1800 och 1880 kan delas in i dels borgerliga associationer, dels folkliga eller arbetarassociationer. Forskningsuppgiften \u00e4r att studera hur dessa finansierades. <br><\/p>\n\n\n\n<p>Vi fokuserar p\u00e5 associationer som verkade i Stockholm, G\u00f6teborg, Norrk\u00f6ping och Malm\u00f6. Genom att bygga en databas \u00f6ver associationernas olika privata och statliga inkomster kan vi j\u00e4mf\u00f6ra deras ekonomiska strategier och m\u00f6jligheter \u00f6ver tid. Vi kan d\u00e5 besvara fr\u00e5gor om vilken roll till exempel marknadskrafter spelade i f\u00f6rh\u00e5llande till statliga subventioner f\u00f6r associationer av olika slag. Vi kan ocks\u00e5 studera vilken roll som olika typer och kombinationer av privata medel &#8211; s\u00e4ljandet av tj\u00e4nster, privata donationer eller medlemskapsavgifter &#8211; spelade f\u00f6r att h\u00e5lla associationerna ig\u00e5ng. <br><\/p>\n\n\n\n<p>Kort sagt kan vi genom detta projekt skapa en bild av vilka materiella f\u00f6ruts\u00e4ttningar som det civila samh\u00e4llets framv\u00e4xt vilade p\u00e5. Denna kunskap \u00e4r viktig av tv\u00e5 sk\u00e4l. F\u00f6r det f\u00f6rsta kommer den att \u00f6ppna upp ett nytt omr\u00e5de av historisk forskning om det civila samh\u00e4llet och erbjuda en ny typ av f\u00f6rklaring till dess uppkomst. F\u00f6r det andra \u00e4r v\u00e5r f\u00f6reslagna historiska unders\u00f6kning av framv\u00e4xten av det civila samh\u00e4llet viktig i ett samtida politiskt perspektiv. Det civila samh\u00e4llet har blivit ett modeord i v\u00e5r samtida politiska diskurs. Det \u00e4r uppenbart att politiker ofta reproducerar en myt om att det civila samh\u00e4llet i v\u00e4st skapades av liberal politik och av marknadskapitalismens utbredning. Denna n\u00e4rmast naturliga utvecklingsg\u00e5ng anses ligga till grund f\u00f6r en god \u00f6verg\u00e5ng till demokrati. Detta ideal eller denna norm har \u00e4ven styrt struktureringen av politiska program riktade mot tidigare auktorit\u00e4ra stater. En historisk analys av uppkomsten av ett f\u00f6reningsliv i en av de traditionella v\u00e4sterl\u00e4ndska kapitalistiska staterna p\u00e5 v\u00e4g mot demokrati \u2013 det vill s\u00e4ga Sverige \u2013 kommer att bidra till att problematisera denna myt och f\u00f6rhoppningsvis kunna bidra till att v\u00e5ra politiska beslut och program i dag baseras p\u00e5 historiska fakta snarare \u00e4n historiska myter. Var det civila samh\u00e4llets framv\u00e4xt beroende av en viss m\u00e4ngd av v\u00e4lst\u00e5nd i samh\u00e4llsekonomin? Hur mycket pengar kom fr\u00e5n privatpersoners egna pl\u00e5nb\u00f6cker och det som de fick kvar efter att de betalt f\u00f6r sitt uppeh\u00e4lle? Hur mycket st\u00f6d, om n\u00e5got, kom fr\u00e5n den svenska staten? Fanns det skillnader mellan borgerlighetens organisationer \u00e5 ena sidan, och folkets eller arbetarklassens organisationer \u00e5 den andra? V\u00e5rt projekt kommer att kunna svara p\u00e5 dessa fr\u00e5gor som har s\u00e5v\u00e4l vetenskaplig som samtida betydelse.<\/p>\n\n\n\n<p><\/p>\n","protected":false},"excerpt":{"rendered":"<p>Projektledare: FD Anne Berg, Uppsala universitetDeltagare: Docent Samuel Edquist, Uppsala universitet Under 1800-talet uppstod en m\u00e4ngd frivilligf\u00f6reningar i Sverige. De hade till exempel kulturella, filantropiska eller politiska syften. Framv\u00e4xten av dessa associationer brukar r\u00e4knas som en viktig del i formeringen av ett civilt samh\u00e4lle. I projektet Frihetens kostnad studeras dessa associationers materiella och ekonomiska f\u00f6ruts\u00e4ttningar. [&hellip;]<\/p>\n","protected":false},"author":2,"featured_media":0,"parent":0,"menu_order":0,"comment_status":"closed","ping_status":"closed","template":"","meta":[],"_links":{"self":[{"href":"https:\/\/blogg.sh.se\/detcivilasamhallet\/wp-json\/wp\/v2\/pages\/315"}],"collection":[{"href":"https:\/\/blogg.sh.se\/detcivilasamhallet\/wp-json\/wp\/v2\/pages"}],"about":[{"href":"https:\/\/blogg.sh.se\/detcivilasamhallet\/wp-json\/wp\/v2\/types\/page"}],"author":[{"embeddable":true,"href":"https:\/\/blogg.sh.se\/detcivilasamhallet\/wp-json\/wp\/v2\/users\/2"}],"replies":[{"embeddable":true,"href":"https:\/\/blogg.sh.se\/detcivilasamhallet\/wp-json\/wp\/v2\/comments?post=315"}],"version-history":[{"count":5,"href":"https:\/\/blogg.sh.se\/detcivilasamhallet\/wp-json\/wp\/v2\/pages\/315\/revisions"}],"predecessor-version":[{"id":324,"href":"https:\/\/blogg.sh.se\/detcivilasamhallet\/wp-json\/wp\/v2\/pages\/315\/revisions\/324"}],"wp:attachment":[{"href":"https:\/\/blogg.sh.se\/detcivilasamhallet\/wp-json\/wp\/v2\/media?parent=315"}],"curies":[{"name":"wp","href":"https:\/\/api.w.org\/{rel}","templated":true}]}}