{"id":256,"date":"2017-05-04T12:07:52","date_gmt":"2017-05-04T12:07:52","guid":{"rendered":"http:\/\/blogg.sh.se\/detcivilasamhallet\/?page_id=256"},"modified":"2017-05-04T12:21:25","modified_gmt":"2017-05-04T12:21:25","slug":"resultat","status":"publish","type":"page","link":"https:\/\/blogg.sh.se\/detcivilasamhallet\/resultat\/","title":{"rendered":"Resultat"},"content":{"rendered":"<h3><strong>Prelimin\u00e4ra resultat september 2013 \/ Preliminary results September 2013<br \/>\n<\/strong><\/h3>\n<p>Den 6 september 2013 h\u00f6lls ett arbetsseminarium i G\u00f6teborg d\u00e5 prelimin\u00e4ra resultat redovisades. H\u00e4r nedan finns l\u00e4nkar till de olika delprojektens rapporter till detta seminarium (engelska).<\/p>\n<p>September 6 2013 a work seminar took place in Gothenburg. Preliminary results were presented. Here are links to the reports from each project to this seminar.<\/p>\n<p><strong>Summary report<\/strong><\/p>\n<p><a href=\"http:\/\/blogg.sh.se\/detcivilasamhallet\/wp-content\/uploads\/2017\/05\/research_civil_society_preliminary_results_1309.pdf\" target=\"_blank\" rel=\"noopener noreferrer\">E. Lilja: Swedish Research Council\u2019s program for Research on the Civil Society \u2013 Summary and Discussion of Preliminary Results September 2013<\/a><\/p>\n<p><strong>Project reports<\/strong><\/p>\n<p><a href=\"http:\/\/blogg.sh.se\/detcivilasamhallet\/wp-content\/uploads\/2017\/05\/prel_rep_1309_jacobsson.pdf\" target=\"_blank\" rel=\"noopener noreferrer\">Kerstin Jacobsson et al: Institutional constraints and creative solutions: Civil society in Poland in a comparative perspective<\/a><\/p>\n<p><a href=\"http:\/\/blogg.sh.se\/detcivilasamhallet\/wp-content\/uploads\/2017\/05\/prel_rep_1309_johansson.pdf\" target=\"_blank\" rel=\"noopener noreferrer\">Staffan Johansson et al: Between voice and service \u2013 The role of voluntary organizations in a changing welfare society<\/a><\/p>\n<p><a href=\"http:\/\/blogg.sh.se\/detcivilasamhallet\/wp-content\/uploads\/2017\/05\/prel_rep_1309_lagerkvist.pdf\" target=\"_blank\" rel=\"noopener noreferrer\">Johan Lagerkvist: Challenging power In China: The formation of new citizen norms in emerging civil society<\/a><\/p>\n<p><a href=\"http:\/\/blogg.sh.se\/detcivilasamhallet\/wp-content\/uploads\/2017\/05\/prel_rep_1309_lilja.pdf\" target=\"_blank\" rel=\"noopener noreferrer\">Mona Lilja et al: A paradoxical conflict over world heritage at the border between Cambodia an Thailand<\/a><\/p>\n<p><a href=\"http:\/\/blogg.sh.se\/detcivilasamhallet\/wp-content\/uploads\/2017\/05\/prel_rep_1309_lindberg.pdf\" target=\"_blank\" rel=\"noopener noreferrer\">Elisabeth Lindberg: The Borderland between Civil Society and the Personal Sphere<\/a><\/p>\n<p><a href=\"http:\/\/blogg.sh.se\/detcivilasamhallet\/wp-content\/uploads\/2017\/05\/prel_rep_1309_meeuwisse.pdf\" target=\"_blank\" rel=\"noopener noreferrer\">Anna Meeuwisse et al: Beyond the Welfare State: the Europanization of Swedish Civil Society Organizations<\/a><\/p>\n<p><a href=\"http:\/\/blogg.sh.se\/detcivilasamhallet\/wp-content\/uploads\/2017\/05\/prel_rep_1309_mulinari.pdf\" target=\"_blank\" rel=\"noopener noreferrer\">Diana Mulinari et al: Dreaming Change: Women and the Creation of Civil Societies in Europe, Asia and Latin America<\/a><\/p>\n<p><a href=\"http:\/\/blogg.sh.se\/detcivilasamhallet\/wp-content\/uploads\/2017\/05\/prel_rep_1309_naurin.pdf\" target=\"_blank\" rel=\"noopener noreferrer\">Daniel Naurin et al: Who are the lobbyists? A comparative study of organized civil society in Sweden<\/a><\/p>\n<p><a href=\"http:\/\/blogg.sh.se\/detcivilasamhallet\/wp-content\/uploads\/2017\/05\/prel_rep_1309_oberg.pdf\" target=\"_blank\" rel=\"noopener noreferrer\">PerOla \u00d6berg et al: Civil Society and Enlightened Welfare Politics<\/a><\/p>\n<p><a href=\"http:\/\/blogg.sh.se\/detcivilasamhallet\/wp-content\/uploads\/2017\/05\/prel_rep_1309_rathzel.pdf\" target=\"_blank\" rel=\"noopener noreferrer\">Nora R\u00e4thzel et al: Moments of danger; moments of opportunity: the role of individuals in transforming organizations. A qualitative and quantitative study of trade union officials in Brazil, South Africa, India, Sweden, the UK and Spain<\/a><\/p>\n<p><a href=\"http:\/\/blogg.sh.se\/detcivilasamhallet\/wp-content\/uploads\/2017\/05\/prel_rep_1309_saxonberg.pdf\" target=\"_blank\" rel=\"noopener noreferrer\">Steven Saxonberg et al: The Semi-Civil Society in Vietnam: a Possible Pathway for Democratization?<\/a><\/p>\n<p><a href=\"http:\/\/blogg.sh.se\/detcivilasamhallet\/wp-content\/uploads\/2017\/05\/prel_rep_1309_segerberg.pdf\" target=\"_blank\" rel=\"noopener noreferrer\">Alexandra Segerberg et al: Digital media and civil society networks: National and transnational publics<\/a><\/p>\n<p><a href=\"http:\/\/blogg.sh.se\/detcivilasamhallet\/wp-content\/uploads\/2017\/05\/prel_rep_1309_stensota.pdf\" target=\"_blank\" rel=\"noopener noreferrer\">Helena Stens\u00f6ta: Welfare state, value, local context and child and youth wellbeing<\/a><\/p>\n<p><a href=\"http:\/\/blogg.sh.se\/detcivilasamhallet\/wp-content\/uploads\/2017\/05\/prel_rep_1309_svedberg.pdf\" target=\"_blank\" rel=\"noopener noreferrer\">Lars Svedberg et al: Citizens\u2019 participation in Swedish civil society \u2013 A study of change and continuity<\/a><\/p>\n<p><a href=\"http:\/\/blogg.sh.se\/detcivilasamhallet\/wp-content\/uploads\/2017\/05\/prel_rep_1309_vinthagen.pdf\" target=\"_blank\" rel=\"noopener noreferrer\">Stellan Vinthagen et al: Globalisation of Resistance: Influences on Democracy Advocators in Civil Society in the South<\/a><\/p>\n","protected":false},"excerpt":{"rendered":"<p>Prelimin\u00e4ra resultat september 2013 \/ Preliminary results September 2013 Den 6 september 2013 h\u00f6lls ett arbetsseminarium i G\u00f6teborg d\u00e5 prelimin\u00e4ra resultat redovisades. H\u00e4r nedan finns l\u00e4nkar till de olika delprojektens rapporter till detta seminarium (engelska). September 6 2013 a work seminar took place in Gothenburg. Preliminary results were presented. Here are links to the reports [&hellip;]<\/p>\n","protected":false},"author":2,"featured_media":0,"parent":0,"menu_order":0,"comment_status":"closed","ping_status":"closed","template":"","meta":[],"_links":{"self":[{"href":"https:\/\/blogg.sh.se\/detcivilasamhallet\/wp-json\/wp\/v2\/pages\/256"}],"collection":[{"href":"https:\/\/blogg.sh.se\/detcivilasamhallet\/wp-json\/wp\/v2\/pages"}],"about":[{"href":"https:\/\/blogg.sh.se\/detcivilasamhallet\/wp-json\/wp\/v2\/types\/page"}],"author":[{"embeddable":true,"href":"https:\/\/blogg.sh.se\/detcivilasamhallet\/wp-json\/wp\/v2\/users\/2"}],"replies":[{"embeddable":true,"href":"https:\/\/blogg.sh.se\/detcivilasamhallet\/wp-json\/wp\/v2\/comments?post=256"}],"version-history":[{"count":5,"href":"https:\/\/blogg.sh.se\/detcivilasamhallet\/wp-json\/wp\/v2\/pages\/256\/revisions"}],"predecessor-version":[{"id":278,"href":"https:\/\/blogg.sh.se\/detcivilasamhallet\/wp-json\/wp\/v2\/pages\/256\/revisions\/278"}],"wp:attachment":[{"href":"https:\/\/blogg.sh.se\/detcivilasamhallet\/wp-json\/wp\/v2\/media?parent=256"}],"curies":[{"name":"wp","href":"https:\/\/api.w.org\/{rel}","templated":true}]}}