{"id":229,"date":"2017-05-04T11:18:27","date_gmt":"2017-05-04T11:18:27","guid":{"rendered":"http:\/\/blogg.sh.se\/detcivilasamhallet\/?page_id=229"},"modified":"2017-05-04T11:19:06","modified_gmt":"2017-05-04T11:19:06","slug":"svenskarnas-medborgerliga-engagemang-en-studie-av-forandring-och-kontinuitet","status":"publish","type":"page","link":"https:\/\/blogg.sh.se\/detcivilasamhallet\/delprojekten\/svenskarnas-medborgerliga-engagemang-en-studie-av-forandring-och-kontinuitet\/","title":{"rendered":"Svenskarnas medborgerliga engagemang \u2013 en studie av f\u00f6r\u00e4ndring och kontinuitet"},"content":{"rendered":"<p>Lars Svedberg, Professor, Enheten f\u00f6r forskning om det civila samh\u00e4llet, Ersta Sk\u00f6ndal H\u00f6gskola, projektledare.<\/p>\n<p>&nbsp;<\/p>\n<p><strong>Projektbeskrivning<\/strong><\/p>\n<p>Sedan 1992 har Enheten f\u00f6r forskning om det civila samh\u00e4llet vid Ersta Sk\u00f6ndal h\u00f6gskola genomf\u00f6rt fyra nationella befolkningsunders\u00f6kningar om ideellt arbete och informella insatser i Sverige. Den h\u00e4r studien som bygger vidare p\u00e5 ett internationellt unikt material syftar b\u00e5de till att ge f\u00f6rdjupad kunskap om f\u00f6r\u00e4ndrade villkor f\u00f6r ett medborgerligt engagemang och att f\u00f6lja hur det ideella arbetet och de informella insatserna f\u00f6r\u00e4ndras eller inte f\u00f6r\u00e4ndras. I projektet genomf\u00f6rs tre olika unders\u00f6kningar. Dessutom kommer ett systematiskt samarbete att ske med norska och danska forskare f\u00f6r att kunna g\u00f6ra j\u00e4mf\u00f6relser mellan l\u00e4nderna.<\/p>\n<p>Projektet har tv\u00e5 m\u00e5l. F\u00f6r det f\u00f6rsta ska forskarna studera om och hur f\u00f6r\u00e4ndringar, i form av nya sociala medier och i form av nya organisationsformer, p\u00e5verkar medborgerligt engagemang och ideellt arbete. F\u00f6r det andra ska de fullf\u00f6lja de tidigare befolkningsunders\u00f6kningarna och forts\u00e4tta studera ideellt arbete och informella insatser. Den h\u00e4r uppl\u00e4ggningen g\u00f6r det dels m\u00f6jligt att f\u00f6lja hur ideellt arbete och informella insatser f\u00f6r\u00e4ndras och att anl\u00e4gga ett skandinaviskt j\u00e4mf\u00f6rande perspektiv. Dels kommer projektets s\u00e4rskilda delunders\u00f6kningar av internetburet engagemang och ideellt arbete i s\u00e5 kallade hybridorganisationer att ge nya kunskaper om hur vissa samh\u00e4llsf\u00f6r\u00e4ndringar och nya teknologiska landvinningar p\u00e5verkar det medborgerligt engagemanget, b\u00e5de till form och inneh\u00e5ll. Med s\u00e5dana h\u00e4r kunskaper ges b\u00e4ttre m\u00f6jligheter att diskutera hur olika slag av medborgerligt engagemang f\u00f6rh\u00e5ller sig till samh\u00e4llsf\u00f6r\u00e4ndringar av olika slag.<\/p>\n<p>Projektet f\u00f6rv\u00e4ntas ge f\u00f6rdjupad kunskap om svenskarnas medborgerliga engagemang och d\u00e4rmed ge ett teoretiskt bidrag till det akademiska samtalet om det medborgerliga engagemangets vitalitet.\u00a0 Men det \u00e4r ocks\u00e5 s\u00e5 att det offentliga samtalet om medborgerligt engagemang \u00e4r fyllt av f\u00f6rhoppningar och farh\u00e5gor som ofta vilar p\u00e5 starka normativa st\u00e4llningstaganden, inte bara om m\u00e4nniskors engagemang utan ocks\u00e5 om tillst\u00e5ndet i det svenska samh\u00e4llet. D\u00e4rf\u00f6r \u00e4r det viktigt att det finns robusta empiriska data att luta sig mot. Detta kommer projektet att bidra med.<\/p>\n<p>Resultaten kan dessutom ge bidrag till en f\u00f6rdjupad diskussion om den svenska och nordiska folkr\u00f6relsetraditionens betingelser och framtid. Till detta kommer projektet att bidra med kunskaper om det civila samh\u00e4llets inkluderande respektive exkluderande mekanismer. D\u00e4rmed ges b\u00e4ttre f\u00f6ruts\u00e4ttningar att diskutera hur t.ex. k\u00f6ns- och klassm\u00f6nster reproduceras i s\u00e5v\u00e4l det specifika\u00a0 ideella arbetet som i det civila samh\u00e4llet i bredare bem\u00e4rkelse.<\/p>\n<p><strong>Publicerat<\/strong><\/p>\n<p>von Essen, Johan. Lost and found in translation. Religious themes in the meaning of volunteering. In Hustinx, Lesley, von Essen, Johan, Haers, Jacques &amp; Mels, Sara (eds.) Religion and volunteering. Complex and Contested relationships. New York: Springer.<\/p>\n<p>von Essen, Johan On the meaning of Volunteering. A study of worldviews in everyday life. Forthcoming in Journal of the Foundation of Science.<\/p>\n<p>Jegermalm, Magnus, &amp; Jeppsson Grassman, Eva (2012a). Helpful citizens and caring families: Patterns of informal help and caregiving in Sweden. International Journal of Social Welfare, 21, 422-432.<\/p>\n<p>Jegermalm, Magnus, &amp; Jeppsson Grassman, Eva (2012b). Links between informal caregiving and volunteering in Sweden: a 17-year Perspective. Accepted for publication in European Journal of Social Work.<\/p>\n<p>Jegermalm, Magnus &amp; Henning, C. (2012). The role of civil society in health and social services: the Swedish case. Paper presented at the International Federation on Ageing Conference in Prague, 28 May-June 1, 2012. Theme: Ageing Connects.<\/p>\n<p>Jegermalm, M., &amp; Sundstr\u00f6m, G. (2013). Carers in Sweden: The public support they receive, and the support they desire. Accepted for publication in Journal of Care Services Management.<\/p>\n<p>Jegermalm, M., &amp; Sundstr\u00f6m, G. (2013). Stereotypes about caregiving and lessons from the Swedish panorama of care. Submitted to European Journal of Social Work.<\/p>\n<p>Svedberg, Lars &amp; von Essen, Johan (2012). Ideellt arbete i Sverige \u2013 en introduktion. I Lundin, Carin &amp; Nordstr\u00f6m, Eva (red.) Du \u00e4ger! Du vinner! Du best\u00e4mmer! Kooperationens framtid och utmaningar. Stockholm: Ekerlid<\/p>\n<p>Vamstad, Johan &amp; von Essen, Johan (forthcoming). Charitable Giving in a Universal Welfare State \u2013 Charity and Social Rights in Sweden. Nonprofit and Voluntary Sector Quarterly.<\/p>\n<p><strong>Chapter in book<\/strong><\/p>\n<p>Jegermalm, M., &amp; Jeppsson Grassman, E. (2012). Omsorgens gestaltningar i civilsamh\u00e4llet. I Jeppsson Grassman, E., &amp; Whitaker, A. (red.). \u00c5ldrande och omsorgens gestaltningar. Mot nya perspektiv. Lund: Studentlitteratur<\/p>\n<p><strong>Papers<\/strong><\/p>\n<p>Svedberg, Lars panelholder, Introduction: How shall we go about studying active citizenship? &#8211; The Scandinavian tradition in an international context.\u00a0International Society for Third Sector Research:s 10:e internationella forskarm\u00f6te i Siena, Italien 10\/7-13\/7 2012. Vid panelen presenterades f\u00f6ljande papers:<\/p>\n<p>Frederiksen, Morten &amp; Henriksen, Lars Skov\u00a0(2012). Qualitative changes masked by stable rates? Trends in Danish volunteering over the last decade.<\/p>\n<p>Wollebaek, Dag (2012). A paradox of affluence? Volunteering in Norway, 1997-2009.<\/p>\n<p>von Essen, Johan (2012). Change or constancy in the Swedish landscape of volunteering? Paper presented at the ISTR conference in Sienna.<\/p>\n<p>Jegermalm, M., &amp; Henning, C. (2012). The role of civil society in health and social services: the Swedish case. Paper presented at the International Federation on Ageing Conference in Prague, 28 May-June 1, 2012. Theme: Ageing Connects.<\/p>\n<p>Jegermalm, M., &amp; Henning, C. (2013). Housing and Care of the Elderly in Sweden: The Role of the Municipalities. Paper to the C\u200bo\u200bn\u200bf\u200be\u200br\u200be\u200bn\u200bc\u200be\u200b \u200b3\u200br\u200bd\u200b \u200bo\u200bf\u200b \u200bS\u200be\u200bp\u200bt\u200be\u200bm\u200bb\u200be\u200br\u200b \u200bT\u200bh\u200be\u200b \u200bH\u200ba\u200bg\u200bu\u200be\u200b, arranged by the European Urban Knowledge Network.<\/p>\n","protected":false},"excerpt":{"rendered":"<p>Lars Svedberg, Professor, Enheten f\u00f6r forskning om det civila samh\u00e4llet, Ersta Sk\u00f6ndal H\u00f6gskola, projektledare. &nbsp; Projektbeskrivning Sedan 1992 har Enheten f\u00f6r forskning om det civila samh\u00e4llet vid Ersta Sk\u00f6ndal h\u00f6gskola genomf\u00f6rt fyra nationella befolkningsunders\u00f6kningar om ideellt arbete och informella insatser i Sverige. Den h\u00e4r studien som bygger vidare p\u00e5 ett internationellt unikt material syftar b\u00e5de [&hellip;]<\/p>\n","protected":false},"author":2,"featured_media":0,"parent":39,"menu_order":0,"comment_status":"closed","ping_status":"closed","template":"","meta":[],"_links":{"self":[{"href":"https:\/\/blogg.sh.se\/detcivilasamhallet\/wp-json\/wp\/v2\/pages\/229"}],"collection":[{"href":"https:\/\/blogg.sh.se\/detcivilasamhallet\/wp-json\/wp\/v2\/pages"}],"about":[{"href":"https:\/\/blogg.sh.se\/detcivilasamhallet\/wp-json\/wp\/v2\/types\/page"}],"author":[{"embeddable":true,"href":"https:\/\/blogg.sh.se\/detcivilasamhallet\/wp-json\/wp\/v2\/users\/2"}],"replies":[{"embeddable":true,"href":"https:\/\/blogg.sh.se\/detcivilasamhallet\/wp-json\/wp\/v2\/comments?post=229"}],"version-history":[{"count":2,"href":"https:\/\/blogg.sh.se\/detcivilasamhallet\/wp-json\/wp\/v2\/pages\/229\/revisions"}],"predecessor-version":[{"id":231,"href":"https:\/\/blogg.sh.se\/detcivilasamhallet\/wp-json\/wp\/v2\/pages\/229\/revisions\/231"}],"up":[{"embeddable":true,"href":"https:\/\/blogg.sh.se\/detcivilasamhallet\/wp-json\/wp\/v2\/pages\/39"}],"wp:attachment":[{"href":"https:\/\/blogg.sh.se\/detcivilasamhallet\/wp-json\/wp\/v2\/media?parent=229"}],"curies":[{"name":"wp","href":"https:\/\/api.w.org\/{rel}","templated":true}]}}