{"id":219,"date":"2017-05-04T11:11:47","date_gmt":"2017-05-04T11:11:47","guid":{"rendered":"http:\/\/blogg.sh.se\/detcivilasamhallet\/?page_id=219"},"modified":"2017-05-04T11:11:47","modified_gmt":"2017-05-04T11:11:47","slug":"det-semi-civila-samhallet-i-vietnam-en-mojlig-vag-till-demokratisering","status":"publish","type":"page","link":"https:\/\/blogg.sh.se\/detcivilasamhallet\/delprojekten\/det-semi-civila-samhallet-i-vietnam-en-mojlig-vag-till-demokratisering\/","title":{"rendered":"Det semi-civila samh\u00e4llet i Vietnam: en m\u00f6jlig v\u00e4g till demokratisering?"},"content":{"rendered":"<p>Steven Saxonberg, Professor, Akademin h\u00e4lsa och samh\u00e4lle, H\u00f6gskolan Dalarna, projektledare.<\/p>\n<p>Jofen Kihlstr\u00f6m, Fil dr, Akademin h\u00e4lsa och samh\u00e4lle, H\u00f6gskolan Dalarna, projektledare.<\/p>\n<p>&nbsp;<\/p>\n<p><strong>Project description<\/strong><\/p>\n<p>More than two decades after the \u201ccollapse of communism,\u201d communist regimes continue to rule such diverse countries as China, Cuba, North Korea and Vietnam. This gives us reason to re-evaluate our explanations of 1989. Our starting hypothesis is that the official mass organizations can play an important role in bringing about the fall of such regimes, especially if they have reformist leaderships; moreover, they also play an important role in helping to consolidate democratic transitions. Traditionally, social scientists have ignored the official mass organizations when discussing transitions to democracy in communist-led countries and have instead either concentrated on the regime or opposition groups comprising civil society. Mass organizations, such as unions, youth organizations and women\u2019s organizations have been written off as uninteresting \u201ctransmission belts\u201d of the communist party. However, in beginning to re-examine the official unions in Central and Eastern Europe, it seems they behaved more autonomous and they played a bigger role in the democratization process than has been previously believed. In both Vietnam and China the official unions are becoming increasingly autonomous and could likely play an important role in the eventual democratization of their countries.<\/p>\n<p><strong>Documents<\/strong><\/p>\n<p>\u00bb <a href=\"http:\/\/blogg.sh.se\/detcivilasamhallet\/wp-content\/uploads\/2017\/05\/saxonberg_semi_civil_society.pdf\" target=\"_blank\" rel=\"noopener noreferrer\">Saxonberg and Kihlstr\u00f6m: Semi-Civil Society: A Potential Force for the Democratization of Communist Dictatorships?<\/a><\/p>\n<p>\u00bb <a href=\"http:\/\/blogg.sh.se\/detcivilasamhallet\/wp-content\/uploads\/2017\/05\/saxonberg_semi_civil_society_shorter.pdf\" target=\"_blank\" rel=\"noopener noreferrer\">Saxonberg and Kihlstr\u00f6m: Semi-Civil Society: A Potential Force for the Democratization of Communist Dictatorships? (ppt presentation)<\/a><\/p>\n","protected":false},"excerpt":{"rendered":"<p>Steven Saxonberg, Professor, Akademin h\u00e4lsa och samh\u00e4lle, H\u00f6gskolan Dalarna, projektledare. Jofen Kihlstr\u00f6m, Fil dr, Akademin h\u00e4lsa och samh\u00e4lle, H\u00f6gskolan Dalarna, projektledare. &nbsp; Project description More than two decades after the \u201ccollapse of communism,\u201d communist regimes continue to rule such diverse countries as China, Cuba, North Korea and Vietnam. This gives us reason to re-evaluate our [&hellip;]<\/p>\n","protected":false},"author":2,"featured_media":0,"parent":39,"menu_order":0,"comment_status":"closed","ping_status":"closed","template":"","meta":[],"_links":{"self":[{"href":"https:\/\/blogg.sh.se\/detcivilasamhallet\/wp-json\/wp\/v2\/pages\/219"}],"collection":[{"href":"https:\/\/blogg.sh.se\/detcivilasamhallet\/wp-json\/wp\/v2\/pages"}],"about":[{"href":"https:\/\/blogg.sh.se\/detcivilasamhallet\/wp-json\/wp\/v2\/types\/page"}],"author":[{"embeddable":true,"href":"https:\/\/blogg.sh.se\/detcivilasamhallet\/wp-json\/wp\/v2\/users\/2"}],"replies":[{"embeddable":true,"href":"https:\/\/blogg.sh.se\/detcivilasamhallet\/wp-json\/wp\/v2\/comments?post=219"}],"version-history":[{"count":2,"href":"https:\/\/blogg.sh.se\/detcivilasamhallet\/wp-json\/wp\/v2\/pages\/219\/revisions"}],"predecessor-version":[{"id":223,"href":"https:\/\/blogg.sh.se\/detcivilasamhallet\/wp-json\/wp\/v2\/pages\/219\/revisions\/223"}],"up":[{"embeddable":true,"href":"https:\/\/blogg.sh.se\/detcivilasamhallet\/wp-json\/wp\/v2\/pages\/39"}],"wp:attachment":[{"href":"https:\/\/blogg.sh.se\/detcivilasamhallet\/wp-json\/wp\/v2\/media?parent=219"}],"curies":[{"name":"wp","href":"https:\/\/api.w.org\/{rel}","templated":true}]}}