{"id":210,"date":"2017-05-04T10:56:24","date_gmt":"2017-05-04T10:56:24","guid":{"rendered":"http:\/\/blogg.sh.se\/detcivilasamhallet\/?page_id=210"},"modified":"2017-05-04T10:56:24","modified_gmt":"2017-05-04T10:56:24","slug":"de-sociala-mekanismerna-bakom-det-medlemslosa-civilsamhallets-organisationer-i-polen-ryssland-och-sverige","status":"publish","type":"page","link":"https:\/\/blogg.sh.se\/detcivilasamhallet\/delprojekten\/de-sociala-mekanismerna-bakom-det-medlemslosa-civilsamhallets-organisationer-i-polen-ryssland-och-sverige\/","title":{"rendered":"De sociala mekanismerna bakom det medlemsl\u00f6sa civilsamh\u00e4llets organisationer i Polen, Ryssland och Sverige"},"content":{"rendered":"<p><strong>The Social Mechanisms of Creating Memberless Civil Society Organizations in Poland, Russia and Sweden<\/strong><\/p>\n<p>Apostolis Papakostas, Professor, Institutionen f\u00f6r samh\u00e4llsvetenskaper, S\u00f6dert\u00f6rns h\u00f6gskola, projektledare<\/p>\n<p>&nbsp;<\/p>\n<p><strong>Projektbeskrivning<\/strong><\/p>\n<p>Scroll down for project description in English<\/p>\n<p>I detta forskningsprojekt \u00e4r syftet att studera de bakomliggande mekanismerna, formerna f\u00f6r och konsekvenserna av uppkomsten av relativt medlemsl\u00f6sa organisationer i civilsamh\u00e4llet i Ryssland, Polen och Sverige. Nya former av resurstilldelning f\u00f6r att stimulera civilsamh\u00e4llig organisering har visat sig spela en viktig roll f\u00f6r hur det professionaliserade civilsamh\u00e4llet kommit att intensifieras och spridas v\u00e4rlden \u00f6ver. I projektets uppm\u00e4rksammas tre skilda former av f\u00f6r\u00e4ndrade resurstilldelning: I Sverige urbanpolitikens inriktning p\u00e5 att mobilisera inv\u00e5narna i marginaliserade bostadsomr\u00e5den, i Ryssland de internationella bist\u00e5ndsorganisationer och den statliga p\u00e5verkan av organiseringen av civilsamh\u00e4llet och i Polen de europeiska strukturfondernas roll f\u00f6r organiseringen i st\u00e4derna.<br \/>\nProjektet har ambitionen att bidra med en teoretisk vidareutveckling av ett \u00e4n s\u00e5 l\u00e4nge underteoretiserat forskningsf\u00e4lt. Vidare bist\u00e5r projektet med kunskap om och p\u00e5 vilket s\u00e4tt f\u00f6r\u00e4ndrade omst\u00e4ndigheter p\u00e5verkar den civilsamh\u00e4lliga organiseringen, och i slut\u00e4ndan om ambitioner att st\u00e4rka civilsamh\u00e4llet i slut\u00e4ndan f\u00e5r en motsatt effekt d\u00e4r medlemskapet tenderar att urholkas.<\/p>\n<p><strong>Project description<\/strong><br \/>\nThe project aims to study the institutional settings, the organizational forms and the role in society played by social movements in contemporary Poland, Russia and Sweden. Through the analysis of interactions between organizations and government agencies, international financial institutions and members, we are looking at how the process of mobilizing resources transforms the institution of membership in general and towards memberless organizations in particular, and thus the functioning of the organizations.<br \/>\nWe are bringing attention to experiences in the countries with different policy frameworks but nevertheless similar tendencies in the development of civil society. In the recent decades Sweden run several state programs on providing financial support for social organizations in marginalized urban neighborhoods. In Poland, the accession into EU opened new financing opportunities from the Structural Funds. In Russia, both international aid organizations and national government have in different ways contributed to the development of organizational capacities of the civil society.<\/p>\n","protected":false},"excerpt":{"rendered":"<p>The Social Mechanisms of Creating Memberless Civil Society Organizations in Poland, Russia and Sweden Apostolis Papakostas, Professor, Institutionen f\u00f6r samh\u00e4llsvetenskaper, S\u00f6dert\u00f6rns h\u00f6gskola, projektledare &nbsp; Projektbeskrivning Scroll down for project description in English I detta forskningsprojekt \u00e4r syftet att studera de bakomliggande mekanismerna, formerna f\u00f6r och konsekvenserna av uppkomsten av relativt medlemsl\u00f6sa organisationer i civilsamh\u00e4llet i [&hellip;]<\/p>\n","protected":false},"author":2,"featured_media":0,"parent":39,"menu_order":0,"comment_status":"closed","ping_status":"closed","template":"","meta":[],"_links":{"self":[{"href":"https:\/\/blogg.sh.se\/detcivilasamhallet\/wp-json\/wp\/v2\/pages\/210"}],"collection":[{"href":"https:\/\/blogg.sh.se\/detcivilasamhallet\/wp-json\/wp\/v2\/pages"}],"about":[{"href":"https:\/\/blogg.sh.se\/detcivilasamhallet\/wp-json\/wp\/v2\/types\/page"}],"author":[{"embeddable":true,"href":"https:\/\/blogg.sh.se\/detcivilasamhallet\/wp-json\/wp\/v2\/users\/2"}],"replies":[{"embeddable":true,"href":"https:\/\/blogg.sh.se\/detcivilasamhallet\/wp-json\/wp\/v2\/comments?post=210"}],"version-history":[{"count":2,"href":"https:\/\/blogg.sh.se\/detcivilasamhallet\/wp-json\/wp\/v2\/pages\/210\/revisions"}],"predecessor-version":[{"id":212,"href":"https:\/\/blogg.sh.se\/detcivilasamhallet\/wp-json\/wp\/v2\/pages\/210\/revisions\/212"}],"up":[{"embeddable":true,"href":"https:\/\/blogg.sh.se\/detcivilasamhallet\/wp-json\/wp\/v2\/pages\/39"}],"wp:attachment":[{"href":"https:\/\/blogg.sh.se\/detcivilasamhallet\/wp-json\/wp\/v2\/media?parent=210"}],"curies":[{"name":"wp","href":"https:\/\/api.w.org\/{rel}","templated":true}]}}