{"id":181,"date":"2017-05-03T10:31:55","date_gmt":"2017-05-03T10:31:55","guid":{"rendered":"http:\/\/blogg.sh.se\/detcivilasamhallet\/?page_id=181"},"modified":"2017-05-04T10:40:59","modified_gmt":"2017-05-04T10:40:59","slug":"drommar-om-forandring-kvinnor-och-skapandet-av-det-civila-samhallet-i-artiska-regionen-asien-latin-amerika-och-europa","status":"publish","type":"page","link":"https:\/\/blogg.sh.se\/detcivilasamhallet\/delprojekten\/drommar-om-forandring-kvinnor-och-skapandet-av-det-civila-samhallet-i-artiska-regionen-asien-latin-amerika-och-europa\/","title":{"rendered":"Dr\u00f6mmar om f\u00f6r\u00e4ndring. Kvinnor och skapandet av det civila samh\u00e4llet i Artiska regionen, Asien, Latin Amerika och Europa"},"content":{"rendered":"<p>Diana Mulinari, professor, Sociologiska institutionen, Lunds universitet, projektledare.<br \/>\nLlisbeth Lewander<br \/>\nLena Martinsson<br \/>\nHelle Rydstr\u00f6m<br \/>\nTiina Rosenberg<br \/>\nKatrin Scott<br \/>\nChia-Ling Yang<\/p>\n<p><strong>Projektbeskrivning<\/strong><\/p>\n<p><strong>Theoretical and methodological frame<\/strong><br \/>\nThe aim of the project is to explore the heterogeneity of women\u00b4s organizations and of civil society organizations targeting women and children; asserting the variety of meaning giving to gender equality and feminism globally. We want to through an historical comparative and international scope analyze the different kind of women\u00b4s organizations, civil society organizations targeting women and children and of feminisms that develop in diverse national\/regional contexts. We want to understand the shifting meanings of feminism evolving from these diverse frames and analyses the varied, contradictory and conflicting roles these organizations play in strengthen democratic practices within civil society. Methodologically the project departs from the notion of global ethnography and is composed by a set of case studies of women\u00b4s organizations, civil society organizations that target women and children and feminism activism in the Arctic region, Asia, Latin America and Europe. Questions regarding the meaning of feminism and of women\u00b4s rights remain contested issues globally. These questions at are the core of this research project.<\/p>\n<p>Women\u00b4s participation in movements for environmental justice, debt reduction, labor and migrant right is well documented. Yet, these studies point to heterogeneous models for feminism and a diversity in purpose, content and practice. They often point to the disparate ways in which women identify themselves as feminists and to the often contradictory ways win which gender demands are named and acted upon as feminist demands. Feminism is within this research project conceptualizes as a discursive field of action which spans into a vast array of theoretical, cultural, social and political arenas at the core of civil society.<\/p>\n<p>The research project takes its point of departure and aims to further develop in a critical dialogue with the empirical material, three central concepts: Gender and social justice. The key aspects of the concept of civil society used in this project are derived from Gramsci\u00b4s frame, the presumption of contestation as well as accommodation over a plurality of ideas, practices and power. The aim of the project is to further develop and extent this conceptualization to include an analysis of gender and sexuality regimes in the doing of the social in general and of civil society in particular.<\/p>\n<p>The cases studies have been chosen to provide for the possibility of analytical comparison evolving from the commonalities and differences of women\u00b4s movements, civil society organizations targeting women and children and feminisms globally. We depart from the tradition of global ethnography and will deploy a battery of methods All the case studies will grasps continuities and changes through a time-scope perspective. Central questions are: what (if any) is the relationship between women\u00b4s organizations struggling for access to water, decent wages, human rights etc and feminism activism? What ideas are at the core of the understanding of gender equality and feminism within these different kinds of organizations within civil society? Which type of understanding of social justice and of civil society evolves from these practices and how is this understanding operationalized? How do (different) women\u00b4s organizations locate themselves in relationship to the state, to state institutions and to other actors in civil society? What kind of demands (if any) evolves from their understanding of gender and to who are these demands channeled?<\/p>\n<p><strong>The case studies<\/strong><\/p>\n<p><strong>Arctic<\/strong>: Land, Water and the Environment. Communities working locally and transnationally for gender equality in sub polar and polar areas. Gender at work in the Arctic Council (Lisbeth Lewander)<\/p>\n<p><strong>Europe<\/strong>: Negotiating Gender Equality and Feminism in Post-social democratic states, Sweden and Germany (Tina Rosenberg)<\/p>\n<p><strong>Kurdistan<\/strong>: Gender, Education and social change. (Katrine Scott).<\/p>\n<p><strong>South America<\/strong>: Contested Concepts. Feminism and Human Rights in Latin America (Diana Mulinari)<\/p>\n<p><strong>South Asia<\/strong>: Poverty, Inequality and Gender. Feminism Confronts Injustice in Pakistan. (Lena Martinsson)<\/p>\n<p><strong>South East Asia<\/strong>: Translating the \u201cNordic model\u201d to Confucianism. Women\u00b4s organizations in Taiwan. (Chia-Ling Yang)<\/p>\n<p><strong>South East Asia<\/strong>: Challenged Feminism: The Women\u00b4s Union in Late Socialist Global Vietnam\u00a0 (Helle Rydstr\u00f6m)<\/p>\n<p><strong>Documents<\/strong> (links)<br \/>\n\u00bb <a href=\"http:\/\/blogg.sh.se\/detcivilasamhallet\/wp-content\/uploads\/2017\/05\/rydstrom_encountering_hot_anger.pdf\" target=\"_blank\" rel=\"noopener noreferrer\">H. Rydstr\u00f6m: Encountering \u2019Hot Anger\u2019<\/a><br \/>\n\u00bb <a href=\"http:\/\/blogg.sh.se\/detcivilasamhallet\/wp-content\/uploads\/2017\/05\/rydstrom_masculinity_and_punishment.pdf\" target=\"_blank\" rel=\"noopener noreferrer\">H. Rydstr\u00f6m: Masculinity and Punishment<\/a><br \/>\n\u00bb <a href=\"http:\/\/blogg.sh.se\/detcivilasamhallet\/wp-content\/uploads\/2017\/05\/rydstrom_sexual_desires_and_social_evils.pdf\" target=\"_blank\" rel=\"noopener noreferrer\">H. Rydstr\u00f6m: Sexual Desires and \u2019Social Evils\u2019<\/a><br \/>\n\u00bb <a href=\"http:\/\/blogg.sh.se\/detcivilasamhallet\/wp-content\/uploads\/2017\/05\/rydstrom_gendered_corporeality_and_bare_lives.pdf\" target=\"_blank\" rel=\"noopener noreferrer\">H. Rydstr\u00f6m: Gendered Corporeality and Bare Lives <\/a><br \/>\n\u00bb <a href=\"http:\/\/blogg.sh.se\/detcivilasamhallet\/wp-content\/uploads\/2017\/05\/the_social_as_a_field_of_struggle.pdf\" target=\"_blank\" rel=\"noopener noreferrer\">D. Mulinari: The social as a field of struggle<\/a><br \/>\n\u00bb <a href=\"http:\/\/blogg.sh.se\/detcivilasamhallet\/wp-content\/uploads\/2017\/05\/rosenberg_postsocial_democratic_condition.pdf\" target=\"_blank\" rel=\"noopener noreferrer\">T. Rosenberg: The Post-Social Democratic Condition: Feminist Activism in Sweden and Germany<\/a><\/p>\n","protected":false},"excerpt":{"rendered":"<p>Diana Mulinari, professor, Sociologiska institutionen, Lunds universitet, projektledare. Llisbeth Lewander Lena Martinsson Helle Rydstr\u00f6m Tiina Rosenberg Katrin Scott Chia-Ling Yang Projektbeskrivning Theoretical and methodological frame The aim of the project is to explore the heterogeneity of women\u00b4s organizations and of civil society organizations targeting women and children; asserting the variety of meaning giving to gender [&hellip;]<\/p>\n","protected":false},"author":2,"featured_media":0,"parent":39,"menu_order":0,"comment_status":"closed","ping_status":"closed","template":"","meta":[],"_links":{"self":[{"href":"https:\/\/blogg.sh.se\/detcivilasamhallet\/wp-json\/wp\/v2\/pages\/181"}],"collection":[{"href":"https:\/\/blogg.sh.se\/detcivilasamhallet\/wp-json\/wp\/v2\/pages"}],"about":[{"href":"https:\/\/blogg.sh.se\/detcivilasamhallet\/wp-json\/wp\/v2\/types\/page"}],"author":[{"embeddable":true,"href":"https:\/\/blogg.sh.se\/detcivilasamhallet\/wp-json\/wp\/v2\/users\/2"}],"replies":[{"embeddable":true,"href":"https:\/\/blogg.sh.se\/detcivilasamhallet\/wp-json\/wp\/v2\/comments?post=181"}],"version-history":[{"count":3,"href":"https:\/\/blogg.sh.se\/detcivilasamhallet\/wp-json\/wp\/v2\/pages\/181\/revisions"}],"predecessor-version":[{"id":189,"href":"https:\/\/blogg.sh.se\/detcivilasamhallet\/wp-json\/wp\/v2\/pages\/181\/revisions\/189"}],"up":[{"embeddable":true,"href":"https:\/\/blogg.sh.se\/detcivilasamhallet\/wp-json\/wp\/v2\/pages\/39"}],"wp:attachment":[{"href":"https:\/\/blogg.sh.se\/detcivilasamhallet\/wp-json\/wp\/v2\/media?parent=181"}],"curies":[{"name":"wp","href":"https:\/\/api.w.org\/{rel}","templated":true}]}}