{"id":134,"date":"2017-05-02T13:56:04","date_gmt":"2017-05-02T13:56:04","guid":{"rendered":"http:\/\/blogg.sh.se\/detcivilasamhallet\/?page_id=134"},"modified":"2017-05-02T14:38:18","modified_gmt":"2017-05-02T14:38:18","slug":"bortom-valfardsstaten-europeiseringen-av-det-svenska-civilsamhallets-organisationer","status":"publish","type":"page","link":"https:\/\/blogg.sh.se\/detcivilasamhallet\/delprojekten\/bortom-valfardsstaten-europeiseringen-av-det-svenska-civilsamhallets-organisationer\/","title":{"rendered":"Bortom v\u00e4lf\u00e4rdsstaten: europeiseringen av det svenska civilsamh\u00e4llets organisationer"},"content":{"rendered":"<p>Anna Meeuwisse, Professor, Socialh\u00f6gskolan, Lunds universitet, projektledare.<\/p>\n<p>Denis Frank, Fil dr, Socialh\u00f6gskolan, Lunds universitet.<\/p>\n<p>Kerstin Jacobson, Professor, Institutionen f\u00f6r samh\u00e4llsvetenskaper, S\u00f6dert\u00f6rns h\u00f6gskola.<\/p>\n<p>H\u00e5kan Johansson, Docent, Socialh\u00f6gskolan, Lunds universitet.<\/p>\n<p>Sara Kalm, Fil dr, Statsvetenskapliga institutionen, Lunds universitet.<\/p>\n<p>Roberto Scaramuzzino, Fil dr, Fakulteten f\u00f6r H\u00e4lsa och Samh\u00e4lle, Malm\u00f6 h\u00f6gskola.<\/p>\n<p>Ylva Stubbergaard, Fil dr, Statsvetenskapliga institutionen, Lunds universitet.<\/p>\n<p>Magnus Wennerhag, Fil dr, Institutionen f\u00f6r samh\u00e4llsvetenskaper, S\u00f6dert\u00f6rns h\u00f6gskola.<\/p>\n<p>&nbsp;<\/p>\n<p><strong>Projektbeskrivning<\/strong><\/p>\n<p>Scroll down for publications, events, related projects and links<\/p>\n<p>I detta forskningsprogram unders\u00f6ker forskare fr\u00e5n olika samh\u00e4llsvetenskapliga discipliner hur EU p\u00e5verkar det svenska civilsamh\u00e4llet och frivilliga organisationer som f\u00f6retr\u00e4der marginaliserade grupper (t.ex. fattiga, heml\u00f6sa, pappersl\u00f6sa). Fr\u00e5gorna v\u00e4cks mot bakgrund av att EU numera ocks\u00e5 har en social och arbetsmarknadspolitisk agenda och p\u00e5 olika s\u00e4tt f\u00f6rs\u00f6ker inkludera det civila samh\u00e4llet i politiska processer p\u00e5 EU-niv\u00e5. Vilken praktisk betydelse har dessa initiativ och hur anv\u00e4nder de frivilliga organisationerna EU som en \u201dpolitisk m\u00f6jlighetsstruktur\u201d?<\/p>\n<p>Eftersom relationen mellan EU och medlemsstaterna \u00e4r komplicerad och den politiska strukturen har f\u00f6r\u00e4ndrats p\u00e5 ett s\u00e4tt som f\u00e5r \u00e5terverkningar p\u00e5 flera olika niv\u00e5er (nationell, regional, lokal) utg\u00e5r projektet fr\u00e5n ett \u201dflerniv\u00e5perspektiv\u201d och best\u00e5r av flera delstudier som bygger p\u00e5 olika datainsamlingsmetoder (analyser av relevanta dokument, intervjuer med organisationsf\u00f6retr\u00e4dare och EU-tj\u00e4nstem\u00e4n, deltagande observationer, enk\u00e4tunders\u00f6kning).<\/p>\n<p><strong>Publications<\/strong><\/p>\n<p>EUROCIV Reports<\/p>\n<p>EUROCIV Report 2015-2\u00a0(under revision)\u00a0Denis,\u00a0Frank (2015) \u2018Organisationsforskningens relevans f\u00f6r forskningsprogrammet \u201cBortom v\u00e4lf\u00e4rdsstaten\u201d\u2019.<\/p>\n<p>EUROCIV Report 2015-1\u00a0(under revision)\u00a0Anna,\u00a0Erneberg (2015) \u2018The Europeanization of Civil Society A research overview\u2019.<\/p>\n<p><a href=\"http:\/\/blogg.sh.se\/detcivilasamhallet\/wp-content\/uploads\/2017\/05\/EUROCIV-Report-2012-2.pdf\" target=\"_blank\" rel=\"noopener noreferrer\">EUROCIV Report 2012-2\u00a0(PDF, 5.8 MB)<\/a>\u00a0Lee,\u00a0Jayeon (2012) \u2018The European Social Platform \u2013Profile, membership and representation\u2019.<\/p>\n<p><a href=\"http:\/\/blogg.sh.se\/detcivilasamhallet\/wp-content\/uploads\/2017\/05\/EUROCIV-Report-2012-1.pdf\" target=\"_blank\" rel=\"noopener noreferrer\">EUROCIV Report 2012-1\u00a0(PDF 3.5 MB)<\/a>\u00a0Erneberg,\u00a0Anna (2012) \u2018Den Europeiska Kommissionen och det civila samh\u00e4llet Funktioner och roller f\u00f6r det civila samh\u00e4llets akt\u00f6rer\u2019.<\/p>\n<p><strong>Other publications<\/strong><\/p>\n<p><strong>2015<\/strong><br \/>\nJohansson, H. &amp; S. Kalm (eds.) (2015), EU Civil Society. Patterns of cooperation, competition and conflict. Basingstoke: Palgrave Macmillan.<\/p>\n<p>Johansson, H. &amp; Kalm, S. (2015) \u201cThinking Relationally: Questions, Themes And Perspectives For The Study Of EU Civil Society\u201d in Johansson, H. &amp; Kalm, S. (eds.) EU Civil Society. Patterns of cooperation, competition and conflict. Basingstoke: Palgrave Macmillan.<\/p>\n<p>Ruzza, C. (2015) \u201cChanges In The Field Of Eu Civil Society Organizations: Institutionalization, Differentiation And Challengers\u201d in Johansson, H. &amp; Kalm, S. (eds.) EU Civil Society. Patterns of cooperation, competition and conflict. Basingstoke: Palgrave Macmillan.<\/p>\n<p>Bernhard, S. (2015) \u201cInformational Capital: How It Is Developed And Used By Csos And Eu Institutions\u201d in Johansson, H. &amp; Kalm, S. (eds.) EU Civil Society. Patterns of cooperation, competition and conflict. Basingstoke: Palgrave Macmillan.<\/p>\n<p>Johansson, H. &amp; Lee, J. (2015) \u201cCompeting Capital Logics In The Field Of Eu-Level Csos: Autonomy From Or Interconnectedness With The Eu?\u201d in Johansson, H. &amp; Kalm, S. (eds.) EU Civil Society. Patterns of cooperation, competition and conflict. Basingstoke: Palgrave Macmillan.<\/p>\n<p>Cullen, P. (2015) \u201cFrom Coalition To Community: Collective Identification Formation In The Social Platform\u201d in Johansson, H. &amp; Kalm, S. (eds.) EU Civil Society. Patterns of cooperation, competition and conflict. Basingstoke: Palgrave Macmillan.<\/p>\n<p>Sanchez-Salgado, R. (2015) \u201cExploring Competition And Cooperation Among Eu-Based International Solidarity Civil Society Organizations: The Relevance Of Values, Resources And External Support\u201d in Johansson, H. &amp; Kalm, S. (eds.) EU Civil Society. Patterns of cooperation, competition and conflict. Basingstoke: Palgrave Macmillan.<\/p>\n<p>Stubbergaard, Y. (2015) \u201cConflict And Cooperation: Interactions Among Eu Level Civil Society Organisations In The Field Of Gender Equality\u201d in Johansson, H. &amp; Kalm, S. (eds.) EU Civil Society. Patterns of cooperation, competition and conflict. Basingstoke: Palgrave Macmillan.<\/p>\n<p>Scaramuzzino, R. &amp; Scaramuzzino, G. (2015) \u201cSex Workers&#8217; Rights Movement And The Eu: Challenging The New European Prostitution Policy Model\u201d in Johansson, H. &amp; Kalm, S. (eds.) EU Civil Society. Patterns of cooperation, competition and conflict. Basingstoke: Palgrave Macmillan.<\/p>\n<p>Frank, Denis (2015) \u201cThe Formation Of An Eu-Based Cso: A Case Study Of The Platform For International Cooperation On Undocumented Migrants\u201d in Johansson, H. &amp; Kalm, S. (eds.) EU Civil Society. Patterns of cooperation, competition and conflict. Basingstoke: Palgrave Macmillan.<\/p>\n<p>Bouza Garc\u00eda, L. (2015) \u201cThe Effect Of The European Citizens Initiative In The Field Of European Civil Society\u201d in Johansson, H. &amp; Kalm, S. (eds.) EU Civil Society. Patterns of cooperation, competition and conflict. Basingstoke: Palgrave Macmillan.<\/p>\n<p>Greenwood, J. (2015) \u201cCivil Dialogue And The Citizens&#8217; Initiative: Accounting For Collaboration And Competition Using The Advocacy Coalition Framework And The Strategic Action Field\u201d in Johansson, H. &amp; Kalm, S. (eds.) EU Civil Society. Patterns of cooperation, competition and conflict. Basingstoke: Palgrave Macmillan.<\/p>\n<p>Hedling, E. &amp; Meeuwisse, A. (2015) \u201cThe ECI Stage: A Snapshot Of The Cast And Their Acts\u201d in in Johansson, H. &amp; Kalm, S. (eds.) EU Civil Society. Patterns of cooperation, competition and conflict. Basingstoke: Palgrave Macmillan.<\/p>\n<p>Georgakakis, D. (2015) \u201cFields With Fields? Concluding Remarks On The Relationships Between The European Civil Society And The EU Bureaucratic Fields\u201d in Johansson, H. &amp; Kalm, S. (eds.) EU Civil Society. Patterns of cooperation, competition and conflict. Basingstoke: Palgrave Macmillan.<\/p>\n<p>Meeuwisse, A, &amp; Scaramuzzino, R (2015) \u201cEuropeanization of voluntary organizations in the social welfare area?\u201d Paper presented at the 13th Annual Tissa Meeting August 24 &#8211; 26, 2015 , Sarajevo.<\/p>\n<p>Scaramuzzino, R. &amp; Wennerhag, M., (2015) \u201cCivil Society Organizations Going European?: The Europeanization of Swedish CSOs.\u201d SAGE Open, 5(2). <a href=\"http:\/\/sgo.sagepub.com\/content\/5\/2\/2158244015587561\" target=\"_blank\" rel=\"noopener noreferrer\">http:\/\/sgo.sagepub.com\/content\/5\/2\/2158244015587561<\/a><\/p>\n<p>Meeuwisse, A. &amp; Scaramuzzino, R. (2015) \u201cEuropeanization of voluntary organizations in the social welfare area?\u201d. Paper presented at the 5th European Conference for Social Work Research (ECSWR) Ljubljana, 22-24 April 2015.<\/p>\n<p>Hedling, E. &amp; Meeuwisse, A. (2015) \u201cEuropeanize for Welfare? EU Engagement among Swedish Civil Society Organizations\u201d, Journal of Civil Society, 11(1), pp.39\u201361.<\/p>\n<p><strong>2014<\/strong><br \/>\nKarlberg, E. &amp; Jacobsson K. (2014)\u00a0\u201cA meta-organizational perspective on the Europeanization of civil society: The case of the Swedish Women\u2019s Lobby\u201d, Voluntas. International Journal of Nonprofit or Voluntary Organizations. Pre-published at: <a href=\"http:\/\/link.springer.com\/article\/10.1007\/s11266-014-9463-0\" target=\"_blank\" rel=\"noopener noreferrer\">http:\/\/link.springer.com\/article\/10.1007\/s11266-014-9463-0<\/a><\/p>\n<p>Scaramuzzino, G.\u00a0&amp; Scaramuzzino R. (2014) \u201cViolence, Sex or Work? Claims-making against the Swedish Ban on the Purchase of Sexual Services on the Internet.\u201d Social Work &amp; Society, Volume 12, Issue 1, 2014. <a href=\"http:\/\/blogg.sh.se\/detcivilasamhallet\/wp-content\/uploads\/2017\/05\/Scaramuzzino__Scaramuzzino_2014.pdf\" target=\"_blank\" rel=\"noopener noreferrer\">Download PDF (614 k)<\/a><\/p>\n<p>Lundberg, E.\u00a0&amp; Sedelius, T. (2014). \u201cNational Linkages and Ambigyous EU Approaches among Euroepean Civil Society Organizations\u201d, Journal of Contemporary European Research. 10 (3), pp. 322-336. Published in open access at: <a href=\"http:\/\/www.jcer.net\/index.php\/jcer\/article\/view\/504\/470\" target=\"_blank\" rel=\"noopener noreferrer\">http:\/\/www.jcer.net\/index.php\/jcer\/article\/view\/504\/470<\/a><\/p>\n<p>Arvidson, M.; Johansson, H. &amp; Scaramuzzino, R. (2014). \u201cHolding back critique? How service and money shape advocacy tactics of CSOs\u201d. Paper presented at the Voluntas Conference \u2018The Welfare Mix, Hybridity and Government\u2013Nonprofit Relationships in Post-Modern Welfare States\u2019, 21-22 March 2014 Copenhagen, Denmark.<\/p>\n<p>Scaramuzzino, R.; Wennerhag, M. &amp; Johansson, H. (2014). \u201cMobilisation, Advocacy and Influence: Swedish interest groups and social movement organizations compared\u201d paper presented at the 8th ECPR General Conference in Glasgow 3rd \u2013 7th september 2014, at the Interest groups and social movements panel. <a href=\"http:\/\/blogg.sh.se\/detcivilasamhallet\/wp-content\/uploads\/2017\/05\/Scaramuzzino_Wennerhag_Johansson_ECPR2014.pdf\" target=\"_blank\" rel=\"noopener noreferrer\">Download PDF (561k)<\/a><\/p>\n<p><strong>2013<\/strong><br \/>\nScaramuzzino, R. &amp; Wennerhag, M. (2013) \u201cInfluencing politics, politicians and bureaucrats: Explaining differences between Swedish CSOs\u2019 strategies to promote political and social change\u201d paper presented at the 7th ECPR General Conference Sciences Po, Bordeaux 4th \u2013 7th September 2013, at the \u201cInfluencing the Bureaucracy\u201d panel. <a href=\"http:\/\/blogg.sh.se\/detcivilasamhallet\/wp-content\/uploads\/2017\/05\/Scaramuzzino_Wennerhag_paper_ECPR2013.pdf\" target=\"_blank\" rel=\"noopener noreferrer\">Download PDF (641k).<\/a><\/p>\n<p>Scaramuzzino, R. &amp; Wennerhag, M. (2013) \u201cCivil Society in a Global Context\u201d. Presentation,\u00a0Swedish Research Council\u00b4s Program for Research on the Civil Society.\u00a0Date: Thursday May 16 and Friday May 17, 2013. <a href=\"http:\/\/blogg.sh.se\/detcivilasamhallet\/wp-content\/uploads\/2017\/05\/EUROCIV_enk\u00e4t_VR-konf_maj_2013.pdf\" target=\"_blank\" rel=\"noopener noreferrer\">Download PDF (639 K).<\/a><\/p>\n<p>Scaramuzzino, R. (2013) \u201cThe EQUAL-program in Sweden and Italy, a new opportunity structure for immigrant organisations\u201d in Vad Jonsson H.; Onasch E.; Pellander S. &amp; Wickstr\u00f6m M. (Eds)\u00a0Migrations and welfare states: Policies, discourses and institutions. NordWel Studies in Historical Welfare State Research.<\/p>\n<p>Scaramuzzino, R. (2013)\u00a0I statens tj\u00e4nst \u2013 S\u00e5 p\u00e5verkas invandrarorganisationer av politiska krav och f\u00f6rv\u00e4ntningar.\u00a0Stockholm, Sektor 3.<\/p>\n<p><strong>2012<\/strong><br \/>\nHedling, Elsa (2012)\u00a0The European Citizens\u2019 Initiative New Opportunities for European Civil Actors?\u00a0Master thesis. Lund Department of Political Science. <a href=\"http:\/\/blogg.sh.se\/detcivilasamhallet\/wp-content\/uploads\/2017\/05\/Elsa-Hedling.pdf\" target=\"_blank\" rel=\"noopener noreferrer\">Download PDF (1,4 MB)<\/a><\/p>\n<p>Hedling, Elsa (2012) \u201cWhy Europeanize: Patterns of EU activities among a sample of Swedish CSOs\u201d. Presentation 24-25 th Oct. 2012 at EUROCIV workshop, Fl\u00e4die Mat &amp; Ving\u00e5rd.\u00a0<a href=\"http:\/\/blogg.sh.se\/detcivilasamhallet\/wp-content\/uploads\/2017\/05\/Elsa-Hedling-Why-Europeanaize-1.pdf\" target=\"_blank\" rel=\"noopener noreferrer\">Download PDF (455 K)<\/a><\/p>\n<p>Hedling, Elsa (2012) \u201cThe European Citizens\u00b4 Initiative<br \/>\n\u2013 new possibilities for European citizens?\u201d. Presentation at EUROCIV workshop at Gamla Biskopshuset, Lund University. <a href=\"http:\/\/blogg.sh.se\/detcivilasamhallet\/wp-content\/uploads\/2017\/05\/Elsa-26-11-2012.pdf\" target=\"_blank\" rel=\"noopener noreferrer\">Download PDF (1,2 MB)<\/a><\/p>\n<p>Johansson, H. (2012), \u201cWho do they Represent? Mixed Modes of Representation in EU-based CSOs\u201d, IN. Kr\u00f6ger, S. and D. Friedrich (eds.)\u00a0Representation in the European Union: Coping with present challenges to democracy, Palgrave Macmillan: Houndmills.<\/p>\n<p>Johansson, H. &amp; M. Johansson (2012), \u2018From a liberal to a Social Democratic welfare state: the policy transfer of the UK Compact?\u2019,\u00a0Nonprofit Policy Forum. Vol. 3, Issue 2, Article 6.<\/p>\n<p>Johansson, H. &amp; Lee, J.\u00a0(2012). \u2018Bridging the Gap: How do EU-Based Civil Society Organisations Acquire Their Internal Representation?\u2019.\u00a0VOLUNTAS: International Journal of Voluntary and Nonprofit Organizations, 1-20. doi: 10.1007\/s11266-012-9343-4<\/p>\n<p>Lee,\u00a0Jayeon (2012) \u2018The European Social Platform \u2013\u00a0Profile, membership and representation\u2019. \u00a0EUROCIV Report,\u00a0Vol. 2012:2. \u00a0<a href=\"http:\/\/blogg.sh.se\/detcivilasamhallet\/wp-content\/uploads\/2017\/05\/EUROCIV-Report-2012-2.pdf\" target=\"_blank\" rel=\"noopener noreferrer\">Download \u00a0EUROCIV Report 2012-2\u00a0(PDF, 5.8 MB)<\/a><\/p>\n<p>Erneberg,\u00a0Anna (2012) \u2018Den Europeiska Kommissionen och det civila samh\u00e4llet Funktioner och roller f\u00f6r det civila samh\u00e4llets akt\u00f6rer\u2019. \u00a0EUROCIV Report, Vol.\u00a02012:1.\u00a0<a href=\"http:\/\/blogg.sh.se\/detcivilasamhallet\/wp-content\/uploads\/2017\/05\/EUROCIV-Report-2012-1.pdf\" target=\"_blank\" rel=\"noopener noreferrer\">Download\u00a0EUROCIV Report 2012-1\u00a0(PDF 3.5 MB)<\/a><\/p>\n<p>Scaramuzzino, R. (2012)\u00a0Equal opportunities? \u2013 A cross-national comparison of immigrant organisations in Sweden and Italy. Malm\u00f6 University Health and Society Doctoral Dissertations 2012:5.\u00a0<a href=\"http:\/\/muep.mah.se\/handle\/2043\/14210\" target=\"_blank\" rel=\"noopener noreferrer\">http:\/\/muep.mah.se\/handle\/2043\/14210<\/a><\/p>\n<p>Scaramuzzino R. &amp; Johansson, H. \u201dUnderstanding and explaining strategic collective action in political groups: two theoretical approaches compared\u201d presentation at\u00a0ESA Research Network 32 \u2013 Political Sociology 2nd\u00a0Midterm Conference, University of Milan, 30\/11-1\/12 2012. <a href=\"http:\/\/blogg.sh.se\/detcivilasamhallet\/wp-content\/uploads\/2017\/05\/Milano-PP-presentation.pdf\" target=\"_blank\" rel=\"noopener noreferrer\">Download PDF (616 K)<\/a><\/p>\n<p><strong>2011<\/strong><br \/>\nJohansson,\u00a0H\u00e5kan (2011) \u2018P\u00e5verkar EU det svenska civilsamh\u00e4llet? \u2013 exempel fr\u00e5n p\u00e5g\u00e5ende forskning\u2019.\u00a0\u00a0Presentation\u00a0at the Swedish Research Council\u2019s\u00a0conference Arenan f\u00f6r civilsamh\u00e4lle och vetenskap.\u00a0february 2011.\u00a0\u00a0(Download PDF, 1.3 MB)<\/p>\n<p>Johansson, H. &amp; B. Hvinden (2011),\u00a0The Role of Civil Society Organizations in EU Social Policy-Making: the Case of Anti-Poverty Organizations, Paper for the 9th Annual ESPAnet conference, \u2018Sustainability and transformation of European Social Policy\u2019, 08.-10.September 2011, University of Valencia, Spain.<\/p>\n<p>Johansson, H. &amp; L. Johansson (2011), \u201cFriviligorganisationerna och den lokala v\u00e4lf\u00e4rdspolitiken\u201d. i T. Salonen (red.), Hela Staden. Social h\u00e5llbarhet eller designtegration. Ume\u00e5: Borea f\u00f6rlag. (tillsammans med Linn Johansson).<\/p>\n<p>Johansson, H., A. Kassman &amp; R. Scaramuzzino (2011),\u00a0Staten och det civila samh\u00e4llets organisationer i ett f\u00f6r\u00e4nderligt v\u00e4lf\u00e4rdssamh\u00e4lle. Perspektiv p\u00e5 en \u00f6verenskommelse. Stockholm: Kansliet f\u00f6r \u00f6verenskommelsen.<\/p>\n<p>Johansson, H. (2011), \u201cSverige och EU:s fattigdomspolitik\u201d. I Sw\u00e4rd, H. (red.),\u00a0Fattigdom och politik.\u00a0Stockholm: Carlssons f\u00f6rlag.<\/p>\n<p>Johansson, H.; Johansson, L. &amp; Scaramuzzino, R. (2011)\u00a0Mellan deltagande och inflytande \u2013 En kartl\u00e4ggning av brukarr\u00e5d i Sk\u00e5nes kommuner.\u00a0Meddelande fr\u00e5n Socialh\u00f6gskolan, Lunds Universitet, 2011:3.<\/p>\n<p><strong>2010<\/strong><br \/>\nEUROCIV application to the Swedish Research Council\u00a0(Ref. 2010-1678)\u00a0<a href=\"http:\/\/blogg.sh.se\/detcivilasamhallet\/wp-content\/uploads\/2017\/05\/VR_2010_MEEUWISSE_BILAGA_A_FINAL_Anonym.pdf\" target=\"_blank\" rel=\"noopener noreferrer\">(Download PDF, 191 K)<\/a>.<\/p>\n<p>Johansson, H. (2010) \u2019Den Europeiska Unionens politik mot fattigdom och social exclusion: en historik\u2019. Socionomens forskningssupplement. Temanummer om fattigdom. Nr. 1., s. 23-30<\/p>\n<p>Scaramuzzino, R., C. Heule, H. Johansson &amp; A. Meeuwisse (2010), EU och den ideella sektorn. Rapportserie 2010:2. Malm\u00f6: Malm\u00f6 H\u00f6gskola\u00a0\u00a0<a href=\"http:\/\/muep.mah.se\/handle\/2043\/9988\" target=\"_blank\" rel=\"noopener noreferrer\">http:\/\/muep.mah.se\/handle\/2043\/9988<\/a><\/p>\n<p><strong>Events<\/strong><\/p>\n<p><strong>2013-05-16 &#8211; 2013-05-17<\/strong>\u00a0\u2013 Swedish Research Council, international conference in Stockholm., Sweden.<\/p>\n<p><strong>2013-06-25 &#8211; 2013-06-27<\/strong> \u2013 CES-conference, Amsterdam, The Netherlands (program will be published at the Council for European Studies&#8217;s homepage:\u00a0<a href=\"http:\/\/councilforeuropeanstudies.org\" target=\"_blank\" rel=\"noopener noreferrer\">http:\/\/councilforeuropeanstudies.org<\/a> by the 1 st of\u00a0April).<\/p>\n<p><strong>2013-09-06<\/strong> \u2013\u00a0Swedish Research Council, international conference in Gothenburg, Sweden.<\/p>\n<p><strong>2011-11-30<\/strong>\u00a0\u2013 &#8221;Between transformative ideals and institutionalized realities: does the resource dependency of the EU-based civil society organizations restrict their role as challengers to the EU?&#8221;.\u00a0Paper presented at the ESA RN32 Political Sociology, Mid-term Conference in Milano, Political Participation and beyond. Multi-level dynamics of inclusion\/exclusion in times of crisis.\u00a0By:\u00a0Jayeon Lee &amp; H\u00e5kan Johansson,\u00a0School of Social Work, Lund University, Sweden.<\/p>\n<p><strong>2012-10-24<\/strong>\u00a0\u2013 EUROCIV Workshop, at Fl\u00e4die Mat &amp; Ving\u00e5rd, Malm\u00f6, Sweden.<\/p>\n<p><strong>2012-08-31<\/strong>\u00a0\u2013 Presentation of the EUROCIV-program at the School of Social Work&#8217;s\u00a0Open House (&#8221;\u00d6ppet Hus&#8221;) event,\u00a0Lund, Sweden, by Anna Meeuwisse.<\/p>\n<p><strong>2012-09-07<\/strong>\u00a0\u2013\u2018Bridging the Gap: How do EU-Based Civil Society Organisations Acquire Their Internal Representation?\u2019, presented by Jayeon Lee at the joint working seminar for the framework research program on the civil society financed by the Swedish Research Council, Lund, Sweden.<\/p>\n<p><strong>2012-06-15<\/strong>\u00a0 \u2013 EUROCIV Workshop. At Gamla Biskopshuset, Lund, Sweden.<\/p>\n<p><strong>2012-2<\/strong>\u00a0\u00a0\u2013 Presentation at the Swedish Research Council&#8217;s conference in Stockholm, Sweden: \u201dArenan f\u00f6r civilsamh\u00e4lle och vetenskap\u201d. By H\u00e5kan Johansson &amp; Elsa Hedling, School of Social Work, Lund University, Sweden.<\/p>\n<p><strong>2011-02-03<\/strong>\u00a0\u2013 Beyond the Welfare State: the Europeanization of Swedish Civil Society Organizations, meeting at Scandic Hotel ST. J\u00f6rgen, Malm\u00f6, Sweden.<\/p>\n<p><strong>2011-02<\/strong>\u00a0\u2013 &#8217;P\u00e5verkar EU det svenska civilsamh\u00e4llet? \u2013 exempel fr\u00e5n p\u00e5g\u00e5ende forskning&#8217;.\u00a0Presentation at the Swedish Research Council&#8217;s conference in Stockholm, Sweden: \u201dArenan f\u00f6r civilsamh\u00e4lle och vetenskap\u201d. By H\u00e5kan Johansson, School of Social Work, Lund University, Sweden.<\/p>\n<p><strong>Related projects<\/strong><\/p>\n<p>EUROCIV on social media<\/p>\n<p>\u25aa\u00a0\u00a0\u00a0 Eurociv on Facebook: <a href=\"http:\/\/www.facebook.com\/eurociv\" target=\"_blank\" rel=\"noopener noreferrer\">http:\/\/www.facebook.com\/eurociv<\/a><br \/>\n\u25aa\u00a0\u00a0\u00a0 Eurociv on Twitter: <a href=\"http:\/\/www.twitter.com\/eurociv\" target=\"_blank\" rel=\"noopener noreferrer\">http:\/\/www.twitter.com\/eurociv<\/a><br \/>\n\u25aa\u00a0\u00a0\u00a0 Eurociv blog: <a href=\"http:\/\/eurociv.blogg.lu.se\/\" target=\"_blank\" rel=\"noopener noreferrer\">http:\/\/eurociv.blogg.lu.se\/<\/a><\/p>\n<p>\u25aa\u00a0\u00a0\u00a0 Center for European Studies, Lund University: <a href=\"http:\/\/www.cfe.lu.se\/\" target=\"_blank\" rel=\"noopener noreferrer\">http:\/\/www.cfe.lu.se\/<\/a><br \/>\n\u25aa\u00a0\u00a0\u00a0 Democracy Beyond the Nation State?\u00a0Transnational Actors and Global Governance (Transdemos)\u00a0www.transdemos.se<\/p>\n<p><strong>General links<\/strong><br \/>\n\u25aa\u00a0\u00a0\u00a0 Department of Sociology and Work Science, University of\u00a0Gothenburg, Sweden:\u00a0<a href=\"http:\/\/www.socav.gu.se\/english\/\" target=\"_blank\" rel=\"noopener noreferrer\">http:\/\/www.socav.gu.se\/english\/<\/a><br \/>\n\u25aa\u00a0\u00a0\u00a0 Lund University, Sweden: <a href=\"http:\/\/www.lunduniversity.lu.se\" target=\"_blank\" rel=\"noopener noreferrer\">http:\/\/www.lunduniversity.lu.se<\/a><br \/>\n\u25aa\u00a0\u00a0\u00a0 School of Social Work, Lund University, Sweden: <a href=\"http:\/\/www.soch.lu.se\/o.o.i.s\/26726\" target=\"_blank\" rel=\"noopener noreferrer\">http:\/\/www.soch.lu.se\/o.o.i.s\/26726 <\/a><\/p>\n","protected":false},"excerpt":{"rendered":"<p>Anna Meeuwisse, Professor, Socialh\u00f6gskolan, Lunds universitet, projektledare. Denis Frank, Fil dr, Socialh\u00f6gskolan, Lunds universitet. Kerstin Jacobson, Professor, Institutionen f\u00f6r samh\u00e4llsvetenskaper, S\u00f6dert\u00f6rns h\u00f6gskola. H\u00e5kan Johansson, Docent, Socialh\u00f6gskolan, Lunds universitet. Sara Kalm, Fil dr, Statsvetenskapliga institutionen, Lunds universitet. Roberto Scaramuzzino, Fil dr, Fakulteten f\u00f6r H\u00e4lsa och Samh\u00e4lle, Malm\u00f6 h\u00f6gskola. Ylva Stubbergaard, Fil dr, Statsvetenskapliga institutionen, Lunds universitet. [&hellip;]<\/p>\n","protected":false},"author":2,"featured_media":0,"parent":39,"menu_order":0,"comment_status":"closed","ping_status":"closed","template":"","meta":[],"_links":{"self":[{"href":"https:\/\/blogg.sh.se\/detcivilasamhallet\/wp-json\/wp\/v2\/pages\/134"}],"collection":[{"href":"https:\/\/blogg.sh.se\/detcivilasamhallet\/wp-json\/wp\/v2\/pages"}],"about":[{"href":"https:\/\/blogg.sh.se\/detcivilasamhallet\/wp-json\/wp\/v2\/types\/page"}],"author":[{"embeddable":true,"href":"https:\/\/blogg.sh.se\/detcivilasamhallet\/wp-json\/wp\/v2\/users\/2"}],"replies":[{"embeddable":true,"href":"https:\/\/blogg.sh.se\/detcivilasamhallet\/wp-json\/wp\/v2\/comments?post=134"}],"version-history":[{"count":20,"href":"https:\/\/blogg.sh.se\/detcivilasamhallet\/wp-json\/wp\/v2\/pages\/134\/revisions"}],"predecessor-version":[{"id":143,"href":"https:\/\/blogg.sh.se\/detcivilasamhallet\/wp-json\/wp\/v2\/pages\/134\/revisions\/143"}],"up":[{"embeddable":true,"href":"https:\/\/blogg.sh.se\/detcivilasamhallet\/wp-json\/wp\/v2\/pages\/39"}],"wp:attachment":[{"href":"https:\/\/blogg.sh.se\/detcivilasamhallet\/wp-json\/wp\/v2\/media?parent=134"}],"curies":[{"name":"wp","href":"https:\/\/api.w.org\/{rel}","templated":true}]}}