{"id":130,"date":"2017-05-02T13:51:56","date_gmt":"2017-05-02T13:51:56","guid":{"rendered":"http:\/\/blogg.sh.se\/detcivilasamhallet\/?page_id=130"},"modified":"2017-05-02T14:40:04","modified_gmt":"2017-05-02T14:40:04","slug":"sloja-regnbagsflagga-och-manga-om-genus-sexualitet-motstand-och-gemenskap-i-en-transnationell-tid","status":"publish","type":"page","link":"https:\/\/blogg.sh.se\/detcivilasamhallet\/delprojekten\/sloja-regnbagsflagga-och-manga-om-genus-sexualitet-motstand-och-gemenskap-i-en-transnationell-tid\/","title":{"rendered":"Sl\u00f6ja, regnb\u00e5gsflagga och manga. Om genus, sexualitet, motst\u00e5nd och gemenskap i en transnationell tid"},"content":{"rendered":"<p>Lena Martinsson, Institutionen f\u00f6r kulturvetenskaper, G\u00f6teborgs universitet, projektledare.<\/p>\n<p>&nbsp;<\/p>\n<p><strong>Projektbeskrivning<\/strong><\/p>\n<p>Scroll down for project description in English<\/p>\n<p>I projektet f\u00f6ljs tre kulturella produkter; den med religion starkt f\u00f6rknippade sl\u00f6jan; regnb\u00e5gsflaggan som associeras med liberalism, progressivitet och sekularism; och manga, som ett postsekul\u00e4rt fenomen. Syftet \u00e4r att studera deras roll i skapandet av f\u00f6rest\u00e4llda transnationella gemenskaper som medvetet eller omedvetet \u00e5terskapar, g\u00f6r motst\u00e5nd mot eller f\u00f6r\u00e4ndrar normer om genus och sexualitet. De tre produkterna r\u00f6r sig \u00f6ver v\u00e4rlden. M\u00e5let \u00e4r att f\u00e5 kunskap om ett civilsamh\u00e4lle bortom organisationer men som \u00e4nd\u00e5 uppfattas som en f\u00f6rest\u00e4lld transnationell gemenskap. De tre produkterna \u00e4r relaterade till en global och hierarkiskt ordnad uppdelning mellan det religi\u00f6sa, som ofta knyts till en f\u00f6rment traditionell ordning, respektive det sekul\u00e4ra som lika ofta uppfattas som villkoret f\u00f6r s\u00e5v\u00e4l kritik, demokrati som progressivitet. Uppdelningen l\u00e4nkas \u00e4ven till geografisk plats d\u00e4r det sekul\u00e4ra och uppfattat progressiva ofta sammankopplas med Europa och v\u00e4st. Vi vill utmana denna dikotomi. Genom att studera de tre produkterna som verksamma och relaterande till en rad andra sammanhang, som marknaden s\u00e5v\u00e4l som religion och andra normer studeras tillblivelser av nya positioner och gemenskaper att identifiera sig med eller k\u00e4nna sig fr\u00e4mmande inf\u00f6r. D\u00e4rmed n\u00e4rmar vi oss ocks\u00e5 nya s\u00e4tt att f\u00f6rst\u00e5 genus och sexualiteter.<\/p>\n<p><strong>Project description<\/strong><\/p>\n<p>The project will follow three cultural products: The rainbow flag, identified as secular and progressive, The veil, as religious, and manga, as post-secular. The aim is to examine their role in the making of transnational communities which reiterate, resist or recast gender and sexuality norms. The products move over the world, affect the communities and become transformed. We will conduct net-ethnography, interviews and participant observations. The object is to aquire knowledge about a multifaceted civil society beyond organizations, perceived as imagined transnational communities. The three products are related to a hierarchical divide between the religious, often understood as traditional, and the secular, regarded as the condition for democracy. We want to challenge this dichotomy and stress the importance of including notions of religion and secularism in research on gender, sexuality and civil society. By starting from the products we will reach other transnational practices than those characterized by a Eurocentric paradigm. By studying the products as performative, repeatedly connecting with and affected by a number of norms and artefacts in an unpredictable way, we will aquire knowledge about the emergence of a multifaceted civil society, a variety of gender and sexuality norms and new possible figurations to identify with.<\/p>\n","protected":false},"excerpt":{"rendered":"<p>Lena Martinsson, Institutionen f\u00f6r kulturvetenskaper, G\u00f6teborgs universitet, projektledare. &nbsp; Projektbeskrivning Scroll down for project description in English I projektet f\u00f6ljs tre kulturella produkter; den med religion starkt f\u00f6rknippade sl\u00f6jan; regnb\u00e5gsflaggan som associeras med liberalism, progressivitet och sekularism; och manga, som ett postsekul\u00e4rt fenomen. Syftet \u00e4r att studera deras roll i skapandet av f\u00f6rest\u00e4llda transnationella gemenskaper [&hellip;]<\/p>\n","protected":false},"author":2,"featured_media":0,"parent":39,"menu_order":0,"comment_status":"closed","ping_status":"closed","template":"","meta":[],"_links":{"self":[{"href":"https:\/\/blogg.sh.se\/detcivilasamhallet\/wp-json\/wp\/v2\/pages\/130"}],"collection":[{"href":"https:\/\/blogg.sh.se\/detcivilasamhallet\/wp-json\/wp\/v2\/pages"}],"about":[{"href":"https:\/\/blogg.sh.se\/detcivilasamhallet\/wp-json\/wp\/v2\/types\/page"}],"author":[{"embeddable":true,"href":"https:\/\/blogg.sh.se\/detcivilasamhallet\/wp-json\/wp\/v2\/users\/2"}],"replies":[{"embeddable":true,"href":"https:\/\/blogg.sh.se\/detcivilasamhallet\/wp-json\/wp\/v2\/comments?post=130"}],"version-history":[{"count":2,"href":"https:\/\/blogg.sh.se\/detcivilasamhallet\/wp-json\/wp\/v2\/pages\/130\/revisions"}],"predecessor-version":[{"id":177,"href":"https:\/\/blogg.sh.se\/detcivilasamhallet\/wp-json\/wp\/v2\/pages\/130\/revisions\/177"}],"up":[{"embeddable":true,"href":"https:\/\/blogg.sh.se\/detcivilasamhallet\/wp-json\/wp\/v2\/pages\/39"}],"wp:attachment":[{"href":"https:\/\/blogg.sh.se\/detcivilasamhallet\/wp-json\/wp\/v2\/media?parent=130"}],"curies":[{"name":"wp","href":"https:\/\/api.w.org\/{rel}","templated":true}]}}