{"id":122,"date":"2017-05-02T13:45:54","date_gmt":"2017-05-02T13:45:54","guid":{"rendered":"http:\/\/blogg.sh.se\/detcivilasamhallet\/?page_id=122"},"modified":"2017-05-02T14:39:35","modified_gmt":"2017-05-02T14:39:35","slug":"granslandet-mellan-civilsamhalle-och-privatliv","status":"publish","type":"page","link":"https:\/\/blogg.sh.se\/detcivilasamhallet\/delprojekten\/granslandet-mellan-civilsamhalle-och-privatliv\/","title":{"rendered":"Gr\u00e4nslandet mellan civilsamh\u00e4lle och privatliv"},"content":{"rendered":"<p>Elisabeth Lindberg, Fil dr, Sociologiska institutionen, Stockholms universitet, projektledare.<\/p>\n<p>&nbsp;<\/p>\n<p><strong>Projektbeskrivning<\/strong><\/p>\n<p>Projektet har som syfte att ge ett bidrag till teoriutvecklingen n\u00e4r det g\u00e4ller civilsamh\u00e4llets gr\u00e4ns mot och relation till privatlivet. Mer specifikt handlar projektet bl. a. om att:<\/p>\n<p>(a) identifiera skillnader och likheter mellan teoridiskussioner som f\u00f6rs inom civilsamh\u00e4llesforskningen och motsvarande diskussioner inom de forskningsf\u00e4lt som studerar privatlivets olika sociala sammanhang;<\/p>\n<p>(b) anv\u00e4nda teoretiska teman fr\u00e5n i f\u00f6rsta hand familje- och v\u00e4nskapsforskningen f\u00f6r att problematisera dimensioner av m\u00e4nniskors relationer med varandra inom civilsamh\u00e4llet som hittills inte v\u00e4ckt civilsamh\u00e4llesforskningens intresse;<\/p>\n<p>(c) utveckla ett antal forskningsteman som bl. a. tydligg\u00f6r hur teoretiseringen av gr\u00e4nslandet mellan civilsamh\u00e4llet och privatlivet kan ge v\u00e4rdefulla bidrag till v\u00e5r f\u00f6rst\u00e5else av civilsamh\u00e4llets betydelse f\u00f6r s\u00e5v\u00e4l individ som samh\u00e4lle.<\/p>\n","protected":false},"excerpt":{"rendered":"<p>Elisabeth Lindberg, Fil dr, Sociologiska institutionen, Stockholms universitet, projektledare. &nbsp; Projektbeskrivning Projektet har som syfte att ge ett bidrag till teoriutvecklingen n\u00e4r det g\u00e4ller civilsamh\u00e4llets gr\u00e4ns mot och relation till privatlivet. Mer specifikt handlar projektet bl. a. om att: (a) identifiera skillnader och likheter mellan teoridiskussioner som f\u00f6rs inom civilsamh\u00e4llesforskningen och motsvarande diskussioner inom de [&hellip;]<\/p>\n","protected":false},"author":2,"featured_media":0,"parent":39,"menu_order":0,"comment_status":"closed","ping_status":"closed","template":"","meta":[],"_links":{"self":[{"href":"https:\/\/blogg.sh.se\/detcivilasamhallet\/wp-json\/wp\/v2\/pages\/122"}],"collection":[{"href":"https:\/\/blogg.sh.se\/detcivilasamhallet\/wp-json\/wp\/v2\/pages"}],"about":[{"href":"https:\/\/blogg.sh.se\/detcivilasamhallet\/wp-json\/wp\/v2\/types\/page"}],"author":[{"embeddable":true,"href":"https:\/\/blogg.sh.se\/detcivilasamhallet\/wp-json\/wp\/v2\/users\/2"}],"replies":[{"embeddable":true,"href":"https:\/\/blogg.sh.se\/detcivilasamhallet\/wp-json\/wp\/v2\/comments?post=122"}],"version-history":[{"count":3,"href":"https:\/\/blogg.sh.se\/detcivilasamhallet\/wp-json\/wp\/v2\/pages\/122\/revisions"}],"predecessor-version":[{"id":174,"href":"https:\/\/blogg.sh.se\/detcivilasamhallet\/wp-json\/wp\/v2\/pages\/122\/revisions\/174"}],"up":[{"embeddable":true,"href":"https:\/\/blogg.sh.se\/detcivilasamhallet\/wp-json\/wp\/v2\/pages\/39"}],"wp:attachment":[{"href":"https:\/\/blogg.sh.se\/detcivilasamhallet\/wp-json\/wp\/v2\/media?parent=122"}],"curies":[{"name":"wp","href":"https:\/\/api.w.org\/{rel}","templated":true}]}}