{"id":114,"date":"2017-05-02T13:39:57","date_gmt":"2017-05-02T13:39:57","guid":{"rendered":"http:\/\/blogg.sh.se\/detcivilasamhallet\/?page_id=114"},"modified":"2017-05-02T14:39:16","modified_gmt":"2017-05-02T14:39:16","slug":"en-paradoxal-konflikt-pa-gransen-mellan-kambodja-och-thailand-civilsamhallets-motstand-i-kampen-om-preah-vihear","status":"publish","type":"page","link":"https:\/\/blogg.sh.se\/detcivilasamhallet\/delprojekten\/en-paradoxal-konflikt-pa-gransen-mellan-kambodja-och-thailand-civilsamhallets-motstand-i-kampen-om-preah-vihear\/","title":{"rendered":"En paradoxal konflikt p\u00e5 gr\u00e4nsen mellan Kambodja och Thailand: Civilsamh\u00e4llets motst\u00e5nd i kampen om Preah Vihear"},"content":{"rendered":"<p>Mona Lilja, Fil dr, institutionen f\u00f6r globala studier, G\u00f6teborgs universitet, projektledare.<\/p>\n<p>&nbsp;<\/p>\n<p><strong>Projektbeskrivning<\/strong><\/p>\n<p>Scroll down for a project description in English<\/p>\n<p>I februari 2011 urartade en v\u00e5ldsam thail\u00e4ndsk mobb som protesterade mot UNESCO:s utn\u00e4mnande av Preah Vihear som ett Kambodjanskt v\u00e4rldsarv. Genom sitt agerande startade de \u00e5nyo den konflikt som historiskt skapat sp\u00e4nningar p\u00e5 gr\u00e4nsen mellan Kambodja och Thailand.\u00a0Detta projekt fokuserar p\u00e5 mobiliserande krafter inom civilsamh\u00e4llet som p\u00e5 olika s\u00e4tt bidrar till konfliktdynamiken kring templet Preah Vihear, lokaliserat p\u00e5 gr\u00e4nsen mellan Thailand och Kambodja. Vi vill speciellt unders\u00f6ka hur civilsamh\u00e4llets olika ageranden p\u00e5verkas av den r\u00e5dande globaliseringen. Bland annat \u00e4r m\u00e5nga av de akt\u00f6rer som \u00e4r inblandade i konflikten inte nationella utan verkar p\u00e5 en global arena, t.ex.: (i) Den internationella domstolen i Haag, som 1962 konstaterade att templetPreah Vihear tillh\u00f6r Kambodja; (ii) UNESCO, som har definierat templet som ett kambodjanskt v\u00e4rldskulturarv; (iii) Google maps, som har satt templet p\u00e5 thail\u00e4ndsk mark; och (iv) Camnew list, och andra internet-sidor som politiserar olika st\u00e5ndpunkter. Idag har allts\u00e5 den r\u00e5dande globaliseringen lyft konflikten kring Preah Vihear till en global angel\u00e4genhet, med olika internationella akt\u00f6rer som verkar fr\u00e5n olika platser och med olika m\u00e5l. Hur p\u00e5verkar detta civilsamh\u00e4llets agerande i f\u00f6rh\u00e5llande till konflikten? Vi unders\u00f6ker \u00e4ven hur den teknologiska, politiska och sociala globaliseringen p\u00e5verkar civilsamh\u00e4llets agerande i tempelkonflikten.<\/p>\n<p>Vi menar att detta projekt \u00e4r viktigt f\u00f6r att f\u00f6rst\u00e5 olika konfliktdynamiker och d\u00e4rmed ocks\u00e5 hur man kan agera &#8221;fredsbevarande&#8221;. Projektet utg\u00e5r bland annat ifr\u00e5n antagandet att olika fredsverkande insatser idag ibland verkar konfliktbejakande, s\u00e5som UNESCO:s utn\u00e4mnande av Preah Vihear som ett kambodjanskt v\u00e4rldsarv. Vi utg\u00e5r \u00e4ven fr\u00e5n den forskning som konstaterar att civilsamh\u00e4llet ofta \u00e4r heterogent och agerar fr\u00e5n olika syften och alltst\u00e5 inte alltid verkar demokratiserande och\/eller fredsbevarande.<\/p>\n<p>F\u00f6r att f\u00f6rst\u00e5 civilsamh\u00e4llets agerande under den r\u00e5dande globaliseringen \u00e4mnar vi intervjua olika civilsamh\u00e4lle organisationer b\u00e5de p\u00e5 den kambodjanska och thail\u00e4ndska sidan.<\/p>\n<p><strong>Project description<\/strong><\/p>\n<p>This project deals with civil society mobilisation and resistance around a world heritage, the Preah Vihear temple. It analyses, theoretically and empirically, how this type of conflict is unintentionally fuelled by international actors, unaware that the good intention are used by civil society players in a violent resistance way. The specific aim is to understand what new articulations of civil society-based resistance are fostered in regards to the globalised world heritage conflict over the temple. This is pursued against the contextual understanding that the conflict is performed by various actors at different levels with different powers and articulations. Interviews with relevant stakeholders will be carried out and policy documents and other material will be collected and analysed in order to identify how civil society s resistance is constructed in regards to the temple.<\/p>\n<p><strong>Dokument\/Documents<\/strong><\/p>\n<p>\u00bb <a href=\"http:\/\/blogg.sh.se\/detcivilasamhallet\/wp-content\/uploads\/2017\/05\/lilja_references_resist.pdf\" target=\"_blank\" rel=\"noopener noreferrer\">List of publications \u2013 RESIST research group (link<\/a>)<\/p>\n","protected":false},"excerpt":{"rendered":"<p>Mona Lilja, Fil dr, institutionen f\u00f6r globala studier, G\u00f6teborgs universitet, projektledare. &nbsp; Projektbeskrivning Scroll down for a project description in English I februari 2011 urartade en v\u00e5ldsam thail\u00e4ndsk mobb som protesterade mot UNESCO:s utn\u00e4mnande av Preah Vihear som ett Kambodjanskt v\u00e4rldsarv. Genom sitt agerande startade de \u00e5nyo den konflikt som historiskt skapat sp\u00e4nningar p\u00e5 gr\u00e4nsen [&hellip;]<\/p>\n","protected":false},"author":2,"featured_media":0,"parent":39,"menu_order":0,"comment_status":"closed","ping_status":"closed","template":"","meta":[],"_links":{"self":[{"href":"https:\/\/blogg.sh.se\/detcivilasamhallet\/wp-json\/wp\/v2\/pages\/114"}],"collection":[{"href":"https:\/\/blogg.sh.se\/detcivilasamhallet\/wp-json\/wp\/v2\/pages"}],"about":[{"href":"https:\/\/blogg.sh.se\/detcivilasamhallet\/wp-json\/wp\/v2\/types\/page"}],"author":[{"embeddable":true,"href":"https:\/\/blogg.sh.se\/detcivilasamhallet\/wp-json\/wp\/v2\/users\/2"}],"replies":[{"embeddable":true,"href":"https:\/\/blogg.sh.se\/detcivilasamhallet\/wp-json\/wp\/v2\/comments?post=114"}],"version-history":[{"count":4,"href":"https:\/\/blogg.sh.se\/detcivilasamhallet\/wp-json\/wp\/v2\/pages\/114\/revisions"}],"predecessor-version":[{"id":172,"href":"https:\/\/blogg.sh.se\/detcivilasamhallet\/wp-json\/wp\/v2\/pages\/114\/revisions\/172"}],"up":[{"embeddable":true,"href":"https:\/\/blogg.sh.se\/detcivilasamhallet\/wp-json\/wp\/v2\/pages\/39"}],"wp:attachment":[{"href":"https:\/\/blogg.sh.se\/detcivilasamhallet\/wp-json\/wp\/v2\/media?parent=114"}],"curies":[{"name":"wp","href":"https:\/\/api.w.org\/{rel}","templated":true}]}}