{"id":107,"date":"2017-05-02T13:35:19","date_gmt":"2017-05-02T13:35:19","guid":{"rendered":"http:\/\/blogg.sh.se\/detcivilasamhallet\/?page_id=107"},"modified":"2017-05-02T14:38:58","modified_gmt":"2017-05-02T14:38:58","slug":"den-kinesiska-staten-utmanad-formeringen-av-nya-medborgarnormer-i-ett-framvaxande-civilsamhalle","status":"publish","type":"page","link":"https:\/\/blogg.sh.se\/detcivilasamhallet\/delprojekten\/den-kinesiska-staten-utmanad-formeringen-av-nya-medborgarnormer-i-ett-framvaxande-civilsamhalle\/","title":{"rendered":"Den kinesiska staten utmanad: Formeringen av nya medborgarnormer i ett framv\u00e4xande civilsamh\u00e4lle"},"content":{"rendered":"<p>Johan Lagerkvist, Fil Dr, Utrikespolitiska institutet, projektledare.<\/p>\n<p>&nbsp;<\/p>\n<p><strong>Projektbeskrivning<\/strong><\/p>\n<p>Syftet med detta forskningsprogram \u00e4r att unders\u00f6ka utmaningar inom Kina \u2013 med betydande f\u00f6rgreningar och kopplingar till ett globalt civilsamh\u00e4lle och globalt n\u00e4ringsliv \u2013 som riktas mot den kinesiska statsmakten fr\u00e5n tv\u00e5 h\u00e5ll. Dels fr\u00e5n ett framv\u00e4xande civilsamh\u00e4lle som f\u00e5r kraft genom ny social aktivism och anv\u00e4ndning av kommunikationsteknologi. Dels fr\u00e5n akt\u00f6rer inom enpartistaten som resultat av exponering f\u00f6r nya informationskanaler. Programmet v\u00e4gleds av den \u00f6vergripande forskningsfr\u00e5gan: hur f\u00f6r\u00e4ndras maktbalansen mellan civilsamh\u00e4llet och partistatens institutioner under trycket fr\u00e5n anv\u00e4ndning av ny kommunikationsteknologi och \u00f6kande social aktivism? Programmet ska insamla empiriskt material p\u00e5 fyra omr\u00e5den av avg\u00f6rande betydelse f\u00f6r att f\u00f6rst\u00e5 det kinesiska civilsamh\u00e4llets framv\u00e4xt och utveckling:<\/p>\n<p>(1) Den sociala arena som ny kommunikationsteknologi m\u00f6jligg\u00f6r<\/p>\n<p>(2) Enpartistatens institutioner och statsbyr\u00e5kratin som genomg\u00e5r en generationsv\u00e4xling<\/p>\n<p>(3) Kinesiska aff\u00e4rsgemenskaper<\/p>\n<p>(4) Den expanderande arena av relationer mellan transnationella kinesiska n\u00e4tverk, den globala m\u00e4nniskor\u00e4ttsr\u00f6relsen och gemenskaper i Kina<\/p>\n<p><strong>Publicerat<\/strong><\/p>\n<p>Lagerkvist, Johan (2012) &#8221;The Wukan Uprising and Chinese State-Society Relations: Toward &#8217;Shadow Civil Society&#8217;?&#8221;, International Journal of China Studies Vol. 3, No 3.<\/p>\n<p>Lagerkvist, Johan (2012) &#8221;Principal-Agent Dilemma in China&#8217;s Social Media Sector? The Party-State and Industry Real-Name Registration Waltz\u201d, Journal of International Communication, No 6. <a href=\"http:\/\/ijoc.org\/ojs\/index.php\/ijoc\/article\/view\/1643\/814\" target=\"_blank\" rel=\"noopener noreferrer\">http:\/\/ijoc.org\/ojs\/index.php\/ijoc\/article\/view\/1643\/814<\/a><\/p>\n<p>Lagerkvist, Johan and Sundqvist, Gustav (2013) &#8221;Loyal Dissent in the Chinese Blogosphere: Sina Weibo Discourse on the Chinese Communist Party&#8221;, Studies in Media and Communication, Vol. 1, No. 1, June 2013, pp.140-149.<br \/>\n\u00bb L\u00e4nk: <a href=\"http:\/\/redfame.com\/journal\/index.php\/smc\/article\/view\/121\" target=\"_blank\" rel=\"noopener noreferrer\">http:\/\/redfame.com\/journal\/index.php\/smc\/article\/view\/121<\/a><\/p>\n<p>Lagerkvist, Johan (2014). \u201cThe Legacy of the 1989 Beijing Massacre: Establishing Neo-authoritarian Rule, Silencing Civil Society,\u201d International Journal of China Studies, Vol. 5(, N0.2, pp 349-369.<\/p>\n","protected":false},"excerpt":{"rendered":"<p>Johan Lagerkvist, Fil Dr, Utrikespolitiska institutet, projektledare. &nbsp; Projektbeskrivning Syftet med detta forskningsprogram \u00e4r att unders\u00f6ka utmaningar inom Kina \u2013 med betydande f\u00f6rgreningar och kopplingar till ett globalt civilsamh\u00e4lle och globalt n\u00e4ringsliv \u2013 som riktas mot den kinesiska statsmakten fr\u00e5n tv\u00e5 h\u00e5ll. Dels fr\u00e5n ett framv\u00e4xande civilsamh\u00e4lle som f\u00e5r kraft genom ny social aktivism och [&hellip;]<\/p>\n","protected":false},"author":2,"featured_media":0,"parent":39,"menu_order":0,"comment_status":"closed","ping_status":"closed","template":"","meta":[],"_links":{"self":[{"href":"https:\/\/blogg.sh.se\/detcivilasamhallet\/wp-json\/wp\/v2\/pages\/107"}],"collection":[{"href":"https:\/\/blogg.sh.se\/detcivilasamhallet\/wp-json\/wp\/v2\/pages"}],"about":[{"href":"https:\/\/blogg.sh.se\/detcivilasamhallet\/wp-json\/wp\/v2\/types\/page"}],"author":[{"embeddable":true,"href":"https:\/\/blogg.sh.se\/detcivilasamhallet\/wp-json\/wp\/v2\/users\/2"}],"replies":[{"embeddable":true,"href":"https:\/\/blogg.sh.se\/detcivilasamhallet\/wp-json\/wp\/v2\/comments?post=107"}],"version-history":[{"count":4,"href":"https:\/\/blogg.sh.se\/detcivilasamhallet\/wp-json\/wp\/v2\/pages\/107\/revisions"}],"predecessor-version":[{"id":170,"href":"https:\/\/blogg.sh.se\/detcivilasamhallet\/wp-json\/wp\/v2\/pages\/107\/revisions\/170"}],"up":[{"embeddable":true,"href":"https:\/\/blogg.sh.se\/detcivilasamhallet\/wp-json\/wp\/v2\/pages\/39"}],"wp:attachment":[{"href":"https:\/\/blogg.sh.se\/detcivilasamhallet\/wp-json\/wp\/v2\/media?parent=107"}],"curies":[{"name":"wp","href":"https:\/\/api.w.org\/{rel}","templated":true}]}}