{"id":381,"date":"2023-01-26T12:45:23","date_gmt":"2023-01-26T12:45:23","guid":{"rendered":"https:\/\/blogg.sh.se\/biologiskt_kulturarv\/?page_id=381"},"modified":"2023-02-03T14:03:44","modified_gmt":"2023-02-03T14:03:44","slug":"vad-ar-biologiskt-kulturarv","status":"publish","type":"page","link":"https:\/\/blogg.sh.se\/biologiskt_kulturarv\/begrepp\/vad-ar-biologiskt-kulturarv\/","title":{"rendered":"Vad \u00e4r biologiskt kulturarv?"},"content":{"rendered":"\n<figure class=\"wp-block-image size-large is-resized\"><a href=\"https:\/\/blogg.sh.se\/biologiskt_kulturarv\/wp-content\/uploads\/2023\/02\/Eggensetra_2017-28-scaled.jpg\"><img loading=\"lazy\" src=\"https:\/\/blogg.sh.se\/biologiskt_kulturarv\/wp-content\/uploads\/2023\/02\/Eggensetra_2017-28-681x1024.jpg\" alt=\"\" class=\"wp-image-544\" width=\"291\" height=\"437\" srcset=\"https:\/\/blogg.sh.se\/biologiskt_kulturarv\/wp-content\/uploads\/2023\/02\/Eggensetra_2017-28-681x1024.jpg 681w, https:\/\/blogg.sh.se\/biologiskt_kulturarv\/wp-content\/uploads\/2023\/02\/Eggensetra_2017-28-199x300.jpg 199w, https:\/\/blogg.sh.se\/biologiskt_kulturarv\/wp-content\/uploads\/2023\/02\/Eggensetra_2017-28-768x1155.jpg 768w, https:\/\/blogg.sh.se\/biologiskt_kulturarv\/wp-content\/uploads\/2023\/02\/Eggensetra_2017-28-1021x1536.jpg 1021w, https:\/\/blogg.sh.se\/biologiskt_kulturarv\/wp-content\/uploads\/2023\/02\/Eggensetra_2017-28-1362x2048.jpg 1362w, https:\/\/blogg.sh.se\/biologiskt_kulturarv\/wp-content\/uploads\/2023\/02\/Eggensetra_2017-28-scaled.jpg 1702w\" sizes=\"(max-width: 291px) 100vw, 291px\" \/><\/a><\/figure>\n\n\n\n<p>Biologiskt kulturarv eller biologiska kulturminnen \u00e4r \u201dlevande sp\u00e5r\u201d i landskapet. Biologiskt kulturarv inkluderar kulturpr\u00e4glade arter och naturtyper som vittnar om m\u00e4nniskans anv\u00e4ndning av landskapet och naturresurserna och som kr\u00e4ver att h\u00e4vden uppr\u00e4tth\u00e5lls. Begreppet anv\u00e4nds lite olika i Sverige och i Norge:&nbsp;<\/p>\n\n\n\n<p>Riksantikvarie\u00e4mbetet i Sverige beskriver \u201dbiologiskt kulturarv\u201d s\u00e5 h\u00e4r:&nbsp;<\/p>\n\n\n\n<p><em>\u201dNatur som ber\u00e4ttar om kultur. Det utg\u00f6rs av ekosystem, naturtyper och arter som uppst\u00e5tt, utvecklats, eller gynnas genom m\u00e4nniskans nyttjande av landskapet och vars l\u00e5ngsiktiga fortlevnad f\u00f6ruts\u00e4tter eller p\u00e5verkas positivt av brukande och sk\u00f6tsel\u201d (<\/em><a href=\"https:\/\/www.raa.se\/kulturarv\/landskap\/biologiskt-kulturarv\/\" target=\"_blank\" rel=\"noreferrer noopener\"><em>https:\/\/www.raa.se\/kulturarv\/landskap\/biologiskt-kulturarv\/<\/em><\/a><em>) <\/em>&nbsp;<\/p>\n\n\n\n<p>Milj\u00f8direktoratet och Riksantikvaren i Norge (2015) definierar \u201dbiologiska kulturminnen\u201d eller \u201dkulturpr\u00e4glad biologi\u201d enligt f\u00f6ljande:&nbsp;<\/p>\n\n\n\n<p><em>\u201dKulturbetingete naturtyper som sl\u00e5ttemark, beitemark, kystlynghei og h\u00f8stingsskog og gamle bevaringsverdige husdyrraser har verdi b\u00e5de for kulturhistorie og naturmangfold\u201d (<\/em><a href=\"https:\/\/www.miljodirektoratet.no\/globalassets\/publikasjoner\/M420\/M420.pdf\" target=\"_blank\" rel=\"noreferrer noopener\"><em>https:\/\/www.miljodirektoratet.no\/globalassets\/publikasjoner\/M420\/M420.pdf<\/em><\/a><em>) <\/em>&nbsp;<\/p>\n\n\n\n<p>De halvnaturliga eller kulturpr\u00e4glade naturtyperna \u00e4r allts\u00e5 naturtyper som under l\u00e5ng tid har p\u00e5verkats av m\u00e4nsklig aktivitet, s\u00e5som sl\u00e5tter, br\u00e4nning, bete och l\u00f6vt\u00e4kt. De flesta arterna i de kulturpr\u00e4glade naturtyperna \u00e4r viltf\u00f6rekommande i regionen, men artssammans\u00e4ttningen i dessa \u00e4r beroende p\u00e5 att m\u00e4nniskans och husdjurens p\u00e5verkan forts\u00e4tter.&nbsp;&nbsp;<\/p>\n\n\n\n<p>Vi skal se n\u00e6rmere p\u00e5 hvilke kulturbetinga naturtyper vi finner i det svenske og norske seterlandskapet.&nbsp;I seterlandskapet finner vi sl\u00e5ttemarker b\u00e5de p\u00e5 de gamle setervollene og som utsl\u00e5tter eller myrsl\u00e5tter. Setervollene fikk tilf\u00f8rt gj\u00f8dsel fra fj\u00f8set s\u00e5 disse var frodige og kunne sl\u00e5s hvert \u00e5r. Utsl\u00e5ttene eller myrsl\u00e5ttene var magrere og fikk gjerne hvile ett eller noen \u00e5r mellom sl\u00e5ttene. Sl\u00e5ttemark er den kulturbetinga naturtypen med h\u00f8yest artsmangfold, og under like \u00f8kologiske forhold vil sl\u00e5ttemarkene v\u00e6re mer artsrike enn det beitemarkene er. I Norge er sl\u00e5ttemark n\u00e5 en kritisk truet naturtype, i all hovedsak fordi sl\u00e5tt som hevdform har forsvunnet (<a rel=\"noreferrer noopener\" href=\"https:\/\/www.artsdatabanken.no\/Pages\/259194\/Semi-naturlig\" target=\"_blank\">https:\/\/www.artsdatabanken.no\/Pages\/259194\/Semi-naturlig<\/a>). Sl\u00e5ttemarker der ogs\u00e5 lauvet ble h\u00f8stet kalles lauvenger, og disse krever at b\u00e5de tresjiktet og feltsjiktet holdes i god hevd. Lauvenger med innslag av styvet alm (<em>Ulmus glabra<\/em>) finner man for eksempel i tilknytning til seterlandskapet p\u00e5 vestkysten av Norge. I Sverige er situasjonen for sl\u00e5ttemarker, lauvenger.&nbsp;&nbsp;<\/p>\n\n\n\n<p>Anvendelsen av skogs- og fjellbeitene i tilknytning til seterbruket har v\u00e6rt sv\u00e6rt omfattende, og store arealer kan enda defineres som semi-naturlig eng. I Sverige foregikk setringen og beitingen for det meste i skogen, mens mye av seterbruket i Norge foregikk i fjellet. Men ogs\u00e5 i Norge var det seterbruk b\u00e5de i skogstraktene og ute p\u00e5 \u00f8yen langs kysten. Ved setrene var det gjerne et stort uttak av ved og i tillegg&nbsp;<s> <\/s>et godt beitetrykk. I fjellet i Norge finner vi derfor store arealer med kulturbetinget boreal hei (\u00e5pen naturtype som domineres av lyng og dvergbusker). Siden beitetrykket har blitt lavere og uttaket av ved s\u00e5 og si har opph\u00f8rt, gror disse arealene opp mot h\u00f8yfjellet n\u00e5 sterkt igjen.&nbsp;&nbsp;<\/p>\n\n\n\n<p><\/p>\n\n\n\n<p><strong>R\u00f8dlistestatus <\/strong><strong>f<\/strong><strong>or <\/strong><strong>kulturbetinga <\/strong><strong>naturtyper<\/strong><strong> i <\/strong><strong>det norske <\/strong><strong>seterlandskapet<\/strong><strong>:<\/strong><strong>&nbsp;<\/strong>&nbsp;<\/p>\n\n\n\n<ul><li>Sl\u00e5ttemark, inkludert undertypen lauveng (kritisk trua, CR)&nbsp;<\/li><li>Semi-naturlig eng (s\u00e5rbar, VU)&nbsp;<\/li><li>Boreal hei (s\u00e5rbar, VU)&nbsp;<\/li><\/ul>\n\n\n\n<ul><li>Semi-naturlig myr (sterkt truet, EN)&nbsp;<br><br>Kilder:&nbsp;&nbsp;Hovstad mfl. 2018. <a rel=\"noreferrer noopener\" href=\"https:\/\/www.artsdatabanken.no\/rodlistefornaturtyper\" target=\"_blank\">https:\/\/www.artsdatabanken.no\/rodlistefornaturtyper<\/a>; Lyngstad mfl. 2018. <a rel=\"noreferrer noopener\" href=\"https:\/\/www.artsdatabanken.no\/Pages\/259099\" target=\"_blank\">https:\/\/www.artsdatabanken.no\/Pages\/259099<\/a>&nbsp;<\/li><\/ul>\n\n\n\n<p>I den norske definisjonen av \u201dbiologiske kulturminner\u201d ser vi ogs\u00e5 at de bevaringsverdige husdyrrasene inkluderes. Dette er nasjonale raser som har en truet eller kritisk truet populasjonsst\u00f8rrelse. P\u00e5 listen over de bevaringsverdige husddyrasene er det er seks nasjonale og truete storferaser, samt en nasjonal rase av geit.&nbsp; Den norske melkegeita er ikke truet, men kystgeit (som kun holdes for kj\u00f8ttproduksjon) er kritisk truet . Agri Analyse sin studie fra 2020 viser at omtrent 12 prosent av de norske seterbrukere produserer melk basert p\u00e5 en eller flere av de seks bevaringsverdige storferasene (https:\/\/www.agrianalyse.no\/publikasjoner\/farre-og-storre-melkebruk-hva-skjer-med-seterdrifta-article1118-856.html).&nbsp;&nbsp;<\/p>\n\n\n\n<h2><strong>Status for bevaringsverdige, nasjonale storferaser i Norge<\/strong><\/h2>\n\n\n\n<ul><li>D\u00f8lafe (truet)&nbsp;<\/li><li>Sidet Tr\u00f8nder og Nordlandsfe (truet)&nbsp;<\/li><li>Telemarksfe (truet)&nbsp;<\/li><li>Vestlandsk fjordfe (truet)&nbsp;<\/li><li>Vestlandsk raudkolle (kritisk)&nbsp;<\/li><li>\u00d8stlandsk raudkolle (truet)&nbsp;<\/li><\/ul>\n\n\n\n<p>Kilde: NIBIO, Norsk Genressurssenter. https:\/\/www.nibio.no\/tema\/mat\/husdyrgenetiske-ressurser\/status-for-norske-husdyrraser?locationfilter=true&nbsp;<\/p>\n","protected":false},"excerpt":{"rendered":"<p>Biologiskt kulturarv eller biologiska kulturminnen \u00e4r \u201dlevande sp\u00e5r\u201d i landskapet. Biologiskt kulturarv inkluderar kulturpr\u00e4glade arter och naturtyper som vittnar om m\u00e4nniskans anv\u00e4ndning av landskapet och naturresurserna och som kr\u00e4ver att h\u00e4vden uppr\u00e4tth\u00e5lls. Begreppet anv\u00e4nds lite olika i Sverige och i Norge:&nbsp; Riksantikvarie\u00e4mbetet i Sverige beskriver \u201dbiologiskt kulturarv\u201d s\u00e5 h\u00e4r:&nbsp; \u201dNatur som ber\u00e4ttar om kultur. Det &hellip; <\/p>\n<p class=\"link-more\"><a href=\"https:\/\/blogg.sh.se\/biologiskt_kulturarv\/begrepp\/vad-ar-biologiskt-kulturarv\/\" class=\"more-link\">Forts\u00e4tt l\u00e4sa<span class=\"screen-reader-text\"> \u201dVad \u00e4r biologiskt kulturarv?\u201d<\/span><\/a><\/p>\n","protected":false},"author":6,"featured_media":0,"parent":362,"menu_order":0,"comment_status":"closed","ping_status":"closed","template":"","meta":[],"_links":{"self":[{"href":"https:\/\/blogg.sh.se\/biologiskt_kulturarv\/wp-json\/wp\/v2\/pages\/381"}],"collection":[{"href":"https:\/\/blogg.sh.se\/biologiskt_kulturarv\/wp-json\/wp\/v2\/pages"}],"about":[{"href":"https:\/\/blogg.sh.se\/biologiskt_kulturarv\/wp-json\/wp\/v2\/types\/page"}],"author":[{"embeddable":true,"href":"https:\/\/blogg.sh.se\/biologiskt_kulturarv\/wp-json\/wp\/v2\/users\/6"}],"replies":[{"embeddable":true,"href":"https:\/\/blogg.sh.se\/biologiskt_kulturarv\/wp-json\/wp\/v2\/comments?post=381"}],"version-history":[{"count":3,"href":"https:\/\/blogg.sh.se\/biologiskt_kulturarv\/wp-json\/wp\/v2\/pages\/381\/revisions"}],"predecessor-version":[{"id":545,"href":"https:\/\/blogg.sh.se\/biologiskt_kulturarv\/wp-json\/wp\/v2\/pages\/381\/revisions\/545"}],"up":[{"embeddable":true,"href":"https:\/\/blogg.sh.se\/biologiskt_kulturarv\/wp-json\/wp\/v2\/pages\/362"}],"wp:attachment":[{"href":"https:\/\/blogg.sh.se\/biologiskt_kulturarv\/wp-json\/wp\/v2\/media?parent=381"}],"curies":[{"name":"wp","href":"https:\/\/api.w.org\/{rel}","templated":true}]}}