{"id":353,"date":"2023-01-25T14:35:51","date_gmt":"2023-01-25T14:35:51","guid":{"rendered":"https:\/\/blogg.sh.se\/biologiskt_kulturarv\/?page_id=353"},"modified":"2023-02-03T14:14:25","modified_gmt":"2023-02-03T14:14:25","slug":"353-2","status":"publish","type":"page","link":"https:\/\/blogg.sh.se\/biologiskt_kulturarv\/","title":{"rendered":"Om hemsidan"},"content":{"rendered":"\n<figure class=\"wp-block-image size-large is-resized\"><a href=\"https:\/\/blogg.sh.se\/biologiskt_kulturarv\/wp-content\/uploads\/2023\/02\/DSCN2290-1-scaled.jpg\"><img loading=\"lazy\" src=\"https:\/\/blogg.sh.se\/biologiskt_kulturarv\/wp-content\/uploads\/2023\/02\/DSCN2290-1-1024x768.jpg\" alt=\"\" class=\"wp-image-547\" width=\"550\" height=\"412\" srcset=\"https:\/\/blogg.sh.se\/biologiskt_kulturarv\/wp-content\/uploads\/2023\/02\/DSCN2290-1-1024x768.jpg 1024w, https:\/\/blogg.sh.se\/biologiskt_kulturarv\/wp-content\/uploads\/2023\/02\/DSCN2290-1-300x225.jpg 300w, https:\/\/blogg.sh.se\/biologiskt_kulturarv\/wp-content\/uploads\/2023\/02\/DSCN2290-1-768x576.jpg 768w, https:\/\/blogg.sh.se\/biologiskt_kulturarv\/wp-content\/uploads\/2023\/02\/DSCN2290-1-1536x1152.jpg 1536w, https:\/\/blogg.sh.se\/biologiskt_kulturarv\/wp-content\/uploads\/2023\/02\/DSCN2290-1-2048x1536.jpg 2048w\" sizes=\"(max-width: 550px) 100vw, 550px\" \/><\/a><\/figure>\n\n\n\n<h2>V\u00e4lkommen!<\/h2>\n\n\n\n<p class=\"has-text-align-left\">Denna hemsida har skapats inom ramen f\u00f6r ett Formas-dokumentationsprojekt med samma namn med avsikten att dokumentera f\u00e4bodr\u00f6relsens v\u00e4g att nominera fenomenet <em>f\u00e4bodkultur<\/em> som ett immateriellt kulturarv inom ramen f\u00f6r Unescos konvention om tryggande av det immateriella kulturarvet. <\/p>\n\n\n\n<p>Insamling av data om f\u00e4bodkulturen som immateriellt kulturarv skedde i huvudsak under perioden mellan h\u00f6sten 2021 och v\u00e5ren 2023, men avsikten \u00e4r att \u00e5tminstone forts\u00e4tta tills beslut har tagit av Unesco. M\u00e5let \u00e4r att h\u00e4r presentera processerna och introducera en del av resultaten medan r\u00e5data fr\u00e5n kartl\u00e4ggningen finns lagrad p\u00e5 en server hos Institutionen f\u00f6r stad och land vid Sveriges lantbruksuniversitet i Uppsala. I \u00f6vrigt har arbetet med f\u00e4bodkulturens immateriella och biologiska kulturarv skett inom ramen f\u00f6r flera interreg-projekt med fokus p\u00e5 f\u00e4bodbruk i Sverige och Norge.&nbsp;<\/p>\n\n\n\n<p class=\"has-text-align-left\">Nedan finns n\u00e5gra l\u00e4nkar d\u00e4r man kan l\u00e4sa mer om immateriellt kulturarv, p\u00e5 svenska, norska och engelska.<\/p>\n\n\n\n<p class=\"has-text-align-left\">Engelska: <\/p>\n\n\n\n<p class=\"has-text-align-left\"><a href=\"https:\/\/ich.unesco.org\/en\/home\">UNESCO &#8211; Intangible Cultural Heritage<\/a><\/p>\n\n\n\n<p><a href=\"http:\/\/portal.unesco.org\/en\/ev.php-URL_ID=17716&amp;URL_DO=DO_TOPIC&amp;URL_SECTION=201.html\">UNESCO &#8211; Convention for the Safeguarding of the Intangible Cultural Heritage<\/a><\/p>\n\n\n\n<p class=\"has-text-align-left\"><\/p>\n\n\n\n<p class=\"has-text-align-left\">Svenska: <\/p>\n\n\n\n<p><a href=\"https:\/\/unesco.se\/kultur\/unescos-konvention-om-det-immateriella-kulturarvet\/\">UNESCO &#8211; Konventionen om det immateriella kulturarvet<\/a><\/p>\n\n\n\n<p><a href=\"https:\/\/www.isof.se\/lar-dig-mer\/kunskapsbanker\/lar-dig-mer-om-immateriellt-kulturarv\/konventionen-i-sverige\">Institutet f\u00f6r spr\u00e5k och folkminnen &#8211; Konventionen i Sverige <\/a><\/p>\n\n\n\n<p><a href=\"http:\/\/unesco.hemsida.eu\/wp-content\/uploads\/2018\/09\/Unescofolder-ISOF.pdf\">Institutet f\u00f6r spr\u00e5k och folkminnen &#8211; UNESCO-folder<\/a><\/p>\n\n\n\n<p class=\"has-text-align-left\"><\/p>\n\n\n\n<p class=\"has-text-align-left\">Norska: <\/p>\n\n\n\n<p><a href=\"https:\/\/unesco.no\/kultur\/immateriellkulturarv\/\">UNESCO &#8211; Immateriell kulturarv<\/a><\/p>\n\n\n\n<p class=\"has-text-align-left\"><\/p>\n\n\n\n<p><\/p>\n\n\n\n<div class=\"wp-container-1 wp-block-buttons\">\n<div class=\"wp-block-button aligncenter has-custom-width wp-block-button__width-75 is-style-outline\"><a class=\"wp-block-button__link\" href=\"https:\/\/blogg.sh.se\/biologiskt_kulturarv\/begrepp\/vad-ar-fabodbruk\/\" style=\"border-radius:0px\" target=\"_blank\" rel=\"noreferrer noopener\">Vad \u00e4r f\u00e4bodbruk?<\/a><\/div>\n\n\n\n<div class=\"wp-block-button aligncenter has-custom-width wp-block-button__width-75 is-style-outline\"><a class=\"wp-block-button__link\" href=\"https:\/\/blogg.sh.se\/biologiskt_kulturarv\/begrepp\/vad-ar-immateriellt-kulturarv\/\" style=\"border-radius:0px\" target=\"_blank\" rel=\"noreferrer noopener\">Vad \u00e4r immateriellt kulturarv?<\/a><\/div>\n\n\n\n<div class=\"wp-block-button aligncenter has-custom-width wp-block-button__width-75 is-style-outline\"><a class=\"wp-block-button__link\" href=\"https:\/\/blogg.sh.se\/biologiskt_kulturarv\/begrepp\/vad-ar-biologiskt-kulturarv\/\" style=\"border-radius:0px\" target=\"_blank\" rel=\"noreferrer noopener\">Vad \u00e4r biologiskt kulturarv<\/a><\/div>\n<\/div>\n\n\n\n<p><\/p>\n\n\n\n<h2>Projektets forskare<\/h2>\n\n\n\n<p>Projektet \u00e4r ett samarbete mellan&nbsp;Centrum f\u00f6r biologisk m\u00e5ngfald vid Sveriges Lantbruksuniversitet, Norsk institutt for bio\u00f8konomi (NIBIO), EnterForum (Centrum f\u00f6r Entrepren\u00f6rskap) vid S\u00f6dert\u00f6rns h\u00f6gskola, samt Proneo AS. &nbsp;Vi som arbetar i projektet fr\u00e5n v\u00e5ra respektive organisationer \u00e4r:<\/p>\n\n\n\n<p>Bolette Bele<\/p>\n\n\n\n<figure class=\"wp-block-image is-resized\"><a href=\"http:\/\/blogg.sh.se\/biologiskt_kulturarv\/wp-content\/uploads\/2017\/05\/Bolette-Bele.jpg\"><img loading=\"lazy\" src=\"http:\/\/blogg.sh.se\/biologiskt_kulturarv\/wp-content\/uploads\/2017\/05\/Bolette-Bele.jpg\" alt=\"\" class=\"wp-image-37\" width=\"161\" height=\"229\"\/><\/a><\/figure>\n\n\n\n<p>Norsk Institutt for Bio-\u00f8konomi (NIBIO), avdeling for kulturlandskap og biodiversitet <a rel=\"noreferrer noopener\" href=\"mailto:bolette.bele@nibio.no\" target=\"_blank\">bolette.bele@nibio.no<\/a>&nbsp; Hemsida:&nbsp; <a rel=\"noreferrer noopener\" href=\"https:\/\/www.nibio.no\/ansatte\/bolette-bele?locationfilter=true\" target=\"_blank\">https:\/\/www.nibio.no\/ansatte\/bolette-bele?locationfilter=true<\/a>&nbsp;<\/p>\n\n\n\n<p><\/p>\n\n\n\n<p>Paulina Rytk\u00f6nen<\/p>\n\n\n\n<figure class=\"wp-block-image\"><a href=\"http:\/\/blogg.sh.se\/biologiskt_kulturarv\/wp-content\/uploads\/2017\/05\/Paulina-Rytk\u00f6nen.jpg\"><img loading=\"lazy\" width=\"160\" height=\"200\" src=\"http:\/\/blogg.sh.se\/biologiskt_kulturarv\/wp-content\/uploads\/2017\/05\/Paulina-Rytk\u00f6nen.jpg\" alt=\"\" class=\"wp-image-38\"\/><\/a><\/figure>\n\n\n\n<p>S\u00f6dert\u00f6rns h\u00f6gskola, Institutionen f\u00f6r Samh\u00e4llsvetenskaper, Avdelningen f\u00f6r F\u00f6retagsekonomi, <a rel=\"noreferrer noopener\" href=\"mailto:paulina.rytkonen@sh.se\" target=\"_blank\">paulina.rytkonen@sh.se<\/a> Hemsida: <a rel=\"noreferrer noopener\" href=\"http:\/\/www.sh.se\/paulina_rytkonen\" target=\"_blank\">www.sh.se\/paulina_rytkonen<\/a>&nbsp;<\/p>\n\n\n\n<p><\/p>\n\n\n\n<p>H\u00e5kan Tun\u00f3n<\/p>\n\n\n\n<figure class=\"wp-block-image size-large is-resized\"><a href=\"https:\/\/blogg.sh.se\/biologiskt_kulturarv\/wp-content\/uploads\/2023\/02\/HakanTunon-2.jpg\"><img loading=\"lazy\" src=\"https:\/\/blogg.sh.se\/biologiskt_kulturarv\/wp-content\/uploads\/2023\/02\/HakanTunon-2-1024x1013.jpg\" alt=\"\" class=\"wp-image-465\" width=\"209\" height=\"206\" srcset=\"https:\/\/blogg.sh.se\/biologiskt_kulturarv\/wp-content\/uploads\/2023\/02\/HakanTunon-2-1024x1013.jpg 1024w, https:\/\/blogg.sh.se\/biologiskt_kulturarv\/wp-content\/uploads\/2023\/02\/HakanTunon-2-300x297.jpg 300w, https:\/\/blogg.sh.se\/biologiskt_kulturarv\/wp-content\/uploads\/2023\/02\/HakanTunon-2-768x760.jpg 768w, https:\/\/blogg.sh.se\/biologiskt_kulturarv\/wp-content\/uploads\/2023\/02\/HakanTunon-2-1536x1519.jpg 1536w, https:\/\/blogg.sh.se\/biologiskt_kulturarv\/wp-content\/uploads\/2023\/02\/HakanTunon-2-100x100.jpg 100w, https:\/\/blogg.sh.se\/biologiskt_kulturarv\/wp-content\/uploads\/2023\/02\/HakanTunon-2.jpg 1658w\" sizes=\"(max-width: 209px) 100vw, 209px\" \/><\/a><\/figure>\n\n\n\n<p>SLU Centrum f\u00f6r biologisk m\u00e5ngfald, Institutionen f\u00f6r stad och land, Sveriges lantbruksuniversitet. <a rel=\"noreferrer noopener\" href=\"mailto:Hakan.tunon@slu.se\" target=\"_blank\">Hakan.tunon@slu.se<\/a> Hemsida: <a rel=\"noreferrer noopener\" href=\"https:\/\/www.slu.se\/cv\/hakan-tunon\/\" target=\"_blank\">https:\/\/www.slu.se\/cv\/hakan-tunon\/<\/a>&nbsp;&nbsp;<\/p>\n\n\n\n<p><\/p>\n\n\n\n<p><\/p>\n\n\n\n<p><\/p>\n","protected":false},"excerpt":{"rendered":"<p>V\u00e4lkommen! Denna hemsida har skapats inom ramen f\u00f6r ett Formas-dokumentationsprojekt med samma namn med avsikten att dokumentera f\u00e4bodr\u00f6relsens v\u00e4g att nominera fenomenet f\u00e4bodkultur som ett immateriellt kulturarv inom ramen f\u00f6r Unescos konvention om tryggande av det immateriella kulturarvet. Insamling av data om f\u00e4bodkulturen som immateriellt kulturarv skedde i huvudsak under perioden mellan h\u00f6sten 2021 och &hellip; <\/p>\n<p class=\"link-more\"><a href=\"https:\/\/blogg.sh.se\/biologiskt_kulturarv\/\" class=\"more-link\">Forts\u00e4tt l\u00e4sa<span class=\"screen-reader-text\"> \u201dOm hemsidan\u201d<\/span><\/a><\/p>\n","protected":false},"author":6,"featured_media":0,"parent":0,"menu_order":0,"comment_status":"closed","ping_status":"closed","template":"","meta":[],"_links":{"self":[{"href":"https:\/\/blogg.sh.se\/biologiskt_kulturarv\/wp-json\/wp\/v2\/pages\/353"}],"collection":[{"href":"https:\/\/blogg.sh.se\/biologiskt_kulturarv\/wp-json\/wp\/v2\/pages"}],"about":[{"href":"https:\/\/blogg.sh.se\/biologiskt_kulturarv\/wp-json\/wp\/v2\/types\/page"}],"author":[{"embeddable":true,"href":"https:\/\/blogg.sh.se\/biologiskt_kulturarv\/wp-json\/wp\/v2\/users\/6"}],"replies":[{"embeddable":true,"href":"https:\/\/blogg.sh.se\/biologiskt_kulturarv\/wp-json\/wp\/v2\/comments?post=353"}],"version-history":[{"count":20,"href":"https:\/\/blogg.sh.se\/biologiskt_kulturarv\/wp-json\/wp\/v2\/pages\/353\/revisions"}],"predecessor-version":[{"id":548,"href":"https:\/\/blogg.sh.se\/biologiskt_kulturarv\/wp-json\/wp\/v2\/pages\/353\/revisions\/548"}],"wp:attachment":[{"href":"https:\/\/blogg.sh.se\/biologiskt_kulturarv\/wp-json\/wp\/v2\/media?parent=353"}],"curies":[{"name":"wp","href":"https:\/\/api.w.org\/{rel}","templated":true}]}}