{"id":922,"date":"2025-08-12T09:18:25","date_gmt":"2025-08-12T08:18:25","guid":{"rendered":"https:\/\/blogg.sh.se\/artspace\/?page_id=922"},"modified":"2025-10-23T09:52:59","modified_gmt":"2025-10-23T08:52:59","slug":"to-praise-disgrace-turkish-underground-metal-culture","status":"publish","type":"page","link":"https:\/\/blogg.sh.se\/artspace\/utstallningar\/to-praise-disgrace-turkish-underground-metal-culture\/","title":{"rendered":"To Praise Disgrace: Visualizing Turkish Underground Metal-Culture"},"content":{"rendered":"\n<p class=\"has-text-align-center\">4 september &#8211; 17 oktober 2025<\/p>\n\n\n\n<div class=\"wp-block-columns is-layout-flex wp-container-core-columns-is-layout-9d6595d7 wp-block-columns-is-layout-flex\">\n<div class=\"wp-block-column is-layout-flow wp-block-column-is-layout-flow\" style=\"flex-basis:50%\">\n<figure class=\"wp-block-image size-large\"><img loading=\"lazy\" decoding=\"async\" width=\"1024\" height=\"1024\" src=\"https:\/\/blogg.sh.se\/artspace\/wp-content\/uploads\/2025\/08\/1.Persecutory-2-1024x1024.jpg\" alt=\"\" class=\"wp-image-923\" srcset=\"https:\/\/blogg.sh.se\/artspace\/wp-content\/uploads\/2025\/08\/1.Persecutory-2-1024x1024.jpg 1024w, https:\/\/blogg.sh.se\/artspace\/wp-content\/uploads\/2025\/08\/1.Persecutory-2-300x300.jpg 300w, https:\/\/blogg.sh.se\/artspace\/wp-content\/uploads\/2025\/08\/1.Persecutory-2-150x150.jpg 150w, https:\/\/blogg.sh.se\/artspace\/wp-content\/uploads\/2025\/08\/1.Persecutory-2-768x768.jpg 768w, https:\/\/blogg.sh.se\/artspace\/wp-content\/uploads\/2025\/08\/1.Persecutory-2.jpg 1200w\" sizes=\"auto, (max-width: 1024px) 100vw, 1024px\" \/><\/figure>\n<\/div>\n\n\n\n<div class=\"wp-block-column is-layout-flow wp-block-column-is-layout-flow\" style=\"flex-basis:50%\">\n<figure class=\"wp-block-image size-large\"><img loading=\"lazy\" decoding=\"async\" width=\"1024\" height=\"1024\" src=\"https:\/\/blogg.sh.se\/artspace\/wp-content\/uploads\/2025\/08\/3.-Horricous-death-of-uniqness-1024x1024.jpg\" alt=\"\" class=\"wp-image-924\" srcset=\"https:\/\/blogg.sh.se\/artspace\/wp-content\/uploads\/2025\/08\/3.-Horricous-death-of-uniqness-1024x1024.jpg 1024w, https:\/\/blogg.sh.se\/artspace\/wp-content\/uploads\/2025\/08\/3.-Horricous-death-of-uniqness-300x300.jpg 300w, https:\/\/blogg.sh.se\/artspace\/wp-content\/uploads\/2025\/08\/3.-Horricous-death-of-uniqness-150x150.jpg 150w, https:\/\/blogg.sh.se\/artspace\/wp-content\/uploads\/2025\/08\/3.-Horricous-death-of-uniqness-768x768.jpg 768w, https:\/\/blogg.sh.se\/artspace\/wp-content\/uploads\/2025\/08\/3.-Horricous-death-of-uniqness.jpg 1200w\" sizes=\"auto, (max-width: 1024px) 100vw, 1024px\" \/><\/figure>\n<\/div>\n<\/div>\n\n\n\n<p>Vad ser vi framf\u00f6r oss n\u00e4r vi t\u00e4nker p\u00e5 turkisk konst? \u00c4r det kanske avancerad kalligrafi, den v\u00e4lk\u00e4nda \u0130znikkeramiken, eller de otaliga gestaltningar av tulpaner som prydde det osmanska hovet?<\/p>\n\n\n\n<p>Detta \u00e4r n\u00e5gra av de typiska konstformer som ofta associerats med Turkiet och det Osmanska riket. Men det finns m\u00e5nga andra typer av konst och kulturuttryck i dagens Turkiet som s\u00e4llan f\u00e5r st\u00e5 i str\u00e5lkastarljuset.<\/p>\n\n\n\n<p>Denna utst\u00e4llning tar avstamp i ett av dessa\u2013 turkisk black- och d\u00f6dsmetal. Baserad p\u00e5 Douglas Mattssons avhandling To Praise Disgrace: Islamic Semiotic Resources in Turkish Black Metal (2025), utforskar denna utst\u00e4llning de rika och varierande kulturuttrycken som den turkiska metal-scenen producerar, s\u00e5som t-shirts, konsertaffischer, albumomslag, och musikvideos. I motsats till vad som ofta antas s\u00e5 visar utst\u00e4llningen att blasfemiska konstformer inte bara \u00e4r m\u00f6jliga i muslimska majoritetsl\u00e4nder, utan att det finns en l\u00e5ng historia av denna typ av kulturuttryck.<\/p>\n\n\n\n<p><\/p>\n\n\n\n<p><\/p>\n\n\n\n<p><\/p>\n","protected":false},"excerpt":{"rendered":"<p>4 september &#8211; 17 oktober 2025 Vad ser vi framf\u00f6r oss n\u00e4r vi t\u00e4nker p\u00e5 turkisk konst? \u00c4r det kanske avancerad kalligrafi, den v\u00e4lk\u00e4nda \u0130znikkeramiken, eller de otaliga gestaltningar av [&hellip;]<\/p>\n","protected":false},"author":7,"featured_media":0,"parent":27,"menu_order":0,"comment_status":"closed","ping_status":"closed","template":"","meta":{"footnotes":""},"class_list":["post-922","page","type-page","status-publish","hentry"],"_links":{"self":[{"href":"https:\/\/blogg.sh.se\/artspace\/wp-json\/wp\/v2\/pages\/922","targetHints":{"allow":["GET"]}}],"collection":[{"href":"https:\/\/blogg.sh.se\/artspace\/wp-json\/wp\/v2\/pages"}],"about":[{"href":"https:\/\/blogg.sh.se\/artspace\/wp-json\/wp\/v2\/types\/page"}],"author":[{"embeddable":true,"href":"https:\/\/blogg.sh.se\/artspace\/wp-json\/wp\/v2\/users\/7"}],"replies":[{"embeddable":true,"href":"https:\/\/blogg.sh.se\/artspace\/wp-json\/wp\/v2\/comments?post=922"}],"version-history":[{"count":7,"href":"https:\/\/blogg.sh.se\/artspace\/wp-json\/wp\/v2\/pages\/922\/revisions"}],"predecessor-version":[{"id":952,"href":"https:\/\/blogg.sh.se\/artspace\/wp-json\/wp\/v2\/pages\/922\/revisions\/952"}],"up":[{"embeddable":true,"href":"https:\/\/blogg.sh.se\/artspace\/wp-json\/wp\/v2\/pages\/27"}],"wp:attachment":[{"href":"https:\/\/blogg.sh.se\/artspace\/wp-json\/wp\/v2\/media?parent=922"}],"curies":[{"name":"wp","href":"https:\/\/api.w.org\/{rel}","templated":true}]}}