{"id":885,"date":"2025-03-28T12:26:24","date_gmt":"2025-03-28T11:26:24","guid":{"rendered":"https:\/\/blogg.sh.se\/artspace\/?page_id=885"},"modified":"2025-06-09T20:22:31","modified_gmt":"2025-06-09T19:22:31","slug":"efterrorelse-maleri-och-skulptur-fran-1950-talet-och-idag","status":"publish","type":"page","link":"https:\/\/blogg.sh.se\/artspace\/efterrorelse-maleri-och-skulptur-fran-1950-talet-och-idag\/","title":{"rendered":"Efterr\u00f6relse. M\u00e5leri och skulptur fr\u00e5n 1950-talet och idag."},"content":{"rendered":"\n<h2 class=\"wp-block-heading has-text-align-center\">3 april &#8211; 5 juni 2025<\/h2>\n\n\n\n<figure class=\"wp-block-image size-large\"><img loading=\"lazy\" decoding=\"async\" width=\"1024\" height=\"576\" src=\"https:\/\/blogg.sh.se\/artspace\/wp-content\/uploads\/2025\/01\/Dinas-verk-edited-1024x576.jpg\" alt=\"\" class=\"wp-image-826\" srcset=\"https:\/\/blogg.sh.se\/artspace\/wp-content\/uploads\/2025\/01\/Dinas-verk-edited-1024x576.jpg 1024w, https:\/\/blogg.sh.se\/artspace\/wp-content\/uploads\/2025\/01\/Dinas-verk-edited-300x169.jpg 300w, https:\/\/blogg.sh.se\/artspace\/wp-content\/uploads\/2025\/01\/Dinas-verk-edited-768x432.jpg 768w, https:\/\/blogg.sh.se\/artspace\/wp-content\/uploads\/2025\/01\/Dinas-verk-edited-1536x864.jpg 1536w, https:\/\/blogg.sh.se\/artspace\/wp-content\/uploads\/2025\/01\/Dinas-verk-edited-2048x1152.jpg 2048w, https:\/\/blogg.sh.se\/artspace\/wp-content\/uploads\/2025\/01\/Dinas-verk-edited-1200x675.jpg 1200w, https:\/\/blogg.sh.se\/artspace\/wp-content\/uploads\/2025\/01\/Dinas-verk-edited-1980x1114.jpg 1980w\" sizes=\"auto, (max-width: 1024px) 100vw, 1024px\" \/><figcaption class=\"wp-element-caption\">Dina Is\u00e6us-Daggfeldt. <em>Hida Limited Express<\/em>, 2025.<\/figcaption><\/figure>\n\n\n\n<p class=\"has-large-font-size\">I <em>Efterr\u00f6relse<\/em> visas m\u00e5lningar fr\u00e5n 1950-talet av Rune Hagberg (1924\u20132015)och Britt Lundbohm Reutersv\u00e4rd (1917\u20132001) tillsammans med nya verk av Evelina H\u00e4gglund, Dina Is\u00e6us-Daggfeldt och Martin Kozlowski.<\/p>\n\n\n\n<p>Hagberg och Lundbohm Reutersv\u00e4rd var pionj\u00e4rer f\u00f6r det \u201dspontanistiska\u201d m\u00e5leriet i Sverige. De arbetade med ett abstrakt och gestiskt bildspr\u00e5k som l\u00e4t konstn\u00e4rshandens avtryck och den m\u00e5leriska processen framtr\u00e4da. Det var ett experimenterande m\u00e5leri som s\u00f6kte nya uttryck f\u00f6r den moderna tillvaron. I <em>Efterr\u00f6relse<\/em> presenteras de tillsammans med samtida konstn\u00e4rer som arbetar med liknande uttryck. Utst\u00e4llningen belyser gestikens m\u00e5ngfaldiga funktioner i m\u00e5leri och skulptur och skisserar ett konsthistoriskt samband mellan 1950-talets och dagens abstrakta konst.<\/p>\n\n\n\n<p><strong>Britt Lundbohm Reutersv\u00e4rd<\/strong> m\u00e5lade p\u00e5 1950-talet med asfalt, som hon virvlade ut \u00f6ver bem\u00e5lade pann\u00e5er. Asfalten h\u00e4mtade hon fr\u00e5n asfaltskokare som var ett vanligt inslag p\u00e5 Stockholms gator. I <em>Fr\u00e5n mina sinnen<\/em> ligger svarta klumpar och linjer i skarp kontrast mot bakgrunden. Bilduttrycket \u00e4r pr\u00e4glat av den kraft med vilken asfalten har applicerats och det s\u00e4tt som den slumpm\u00e4ssigt har format sig p\u00e5 ytan. Samtidigt b\u00e4r materialet p\u00e5 associationer till s\u00e5dant som urbanism, bilism och den moderna omst\u00f6pningen av Stockholm.<\/p>\n\n\n\n<p>Under samma tid arbetade <strong>Rune Hagberg<\/strong> med ett abstrakt, kalligrafiliknande m\u00e5leri. Han f\u00f6rankrade sin praktik i b\u00e5de det v\u00e4sterl\u00e4ndska m\u00e5leriet och i \u00f6stasiatiska traditioner. Med sina \u201dtecken\u201d s\u00f6kte Hagberg ett tillst\u00e5nd bortom spr\u00e5k, tanke och inneh\u00e5ll. Utf\u00f6randet var t\u00e4tt sammanfl\u00e4tat med formen: om m\u00e5leriakten var avsiktsl\u00f6s var ocks\u00e5 tecknet lyckat. I m\u00e5lningen som visas i utst\u00e4llningen bildar spontana penselstr\u00e5k ett svart f\u00e4lt mot papprets yta. Tekniken, tusch p\u00e5 papper, \u00e4r f\u00f6rknippat med kalligrafi, vilket \u00f6ppnar f\u00f6r en tolkning av str\u00e5ken som en slags skrift utan ord.<\/p>\n\n\n\n<p>I<strong> Dina Is\u00e6us-Daggfeldts<\/strong> (f.1991)<strong> <\/strong><em>Hida Limited Express<\/em> (se ovan) finns ocks\u00e5 kalligrafiliknande str\u00e5k, som fungerar som en utg\u00e5ngspunkt f\u00f6r ett annat slags m\u00e5leri. Str\u00e5ken, som n\u00e4stan ser ut att sv\u00e4va ovanp\u00e5 det \u00f6ppna bildrummet, \u00e4r delvis bekl\u00e4dda i skalliknande detaljer i rosa nyanser. Gesten som en m\u00e5lerisk akt blir h\u00e4r ett av flera betydelselager. Formerna f\u00f6r tanken till fantasivarelser i metamorfos eller mikroskopiska organismer, samtidigt som handens r\u00f6relse dr\u00f6jer sig kvar.<\/p>\n\n\n\n<p><strong>Martin Kozlowskis<\/strong> (f. 1984) m\u00e5lning <em>04.03.25.<\/em> har en linjef\u00f6ring som ocks\u00e5 kan f\u00f6ljas som r\u00f6relser, men som avbryts, fragmentiseras och skapar nya helheter. M\u00e5lningen \u00e4r uppbyggd i skikt. F\u00f6rst har ett lager sprayf\u00e4rg applicerats p\u00e5 bakgrunden och sedan delvis tejpats \u00f6ver, varp\u00e5 ytterligare ett lager har lagts p\u00e5. Resultatet b\u00e5de redovisar och f\u00f6rdunklar den m\u00e5leriska processen och aktiverar ett visuellt spel mellan n\u00e5gra av konstm\u00e5leriets grundl\u00e4ggande relationer: yta och djup, del och helhet och mellan slump och str\u00e4ng komposition.<\/p>\n\n\n\n<figure class=\"wp-block-image size-large\"><img loading=\"lazy\" decoding=\"async\" width=\"1024\" height=\"768\" src=\"https:\/\/blogg.sh.se\/artspace\/wp-content\/uploads\/2025\/03\/Martin-Kozlowski-04.03.25.-2025-1024x768.jpg\" alt=\"\" class=\"wp-image-886\" srcset=\"https:\/\/blogg.sh.se\/artspace\/wp-content\/uploads\/2025\/03\/Martin-Kozlowski-04.03.25.-2025-1024x768.jpg 1024w, https:\/\/blogg.sh.se\/artspace\/wp-content\/uploads\/2025\/03\/Martin-Kozlowski-04.03.25.-2025-300x225.jpg 300w, https:\/\/blogg.sh.se\/artspace\/wp-content\/uploads\/2025\/03\/Martin-Kozlowski-04.03.25.-2025-768x576.jpg 768w, https:\/\/blogg.sh.se\/artspace\/wp-content\/uploads\/2025\/03\/Martin-Kozlowski-04.03.25.-2025-1536x1152.jpg 1536w, https:\/\/blogg.sh.se\/artspace\/wp-content\/uploads\/2025\/03\/Martin-Kozlowski-04.03.25.-2025-2048x1536.jpg 2048w, https:\/\/blogg.sh.se\/artspace\/wp-content\/uploads\/2025\/03\/Martin-Kozlowski-04.03.25.-2025-1200x900.jpg 1200w, https:\/\/blogg.sh.se\/artspace\/wp-content\/uploads\/2025\/03\/Martin-Kozlowski-04.03.25.-2025-1980x1485.jpg 1980w\" sizes=\"auto, (max-width: 1024px) 100vw, 1024px\" \/><figcaption class=\"wp-element-caption\">Martin Kozlowski, <em>04.03.25.<\/em>, 2025<\/figcaption><\/figure>\n\n\n\n<p>\u00c4ven i <em>Out of Body<\/em> av <strong>Evelina H\u00e4gglund<\/strong> (f. 1992) \u00e5terfinns ett linjespel. H\u00e4r blir myllret av linjer sp\u00e5r av en kropp i r\u00f6relse och samtidigt en rytmisk komposition. Uttrycket ser till viss del ut som klotter och skrift, men som i s\u00e5 fall kommunicerar bortom spr\u00e5ket. Skulpturen <em>Uprising (in the shadow of civilisation) <\/em>p\u00e5minner om teckningens linjer, \u00f6versatta till ett annat medium. I likhet med <em>Fr\u00e5n mina sinnen<\/em> f\u00f6r materialet tankarna till det urbana landskapets underliggande struktur, som h\u00e4r verkar resa sig fr\u00e5n marken.&nbsp;<\/p>\n\n\n\n<p>Verken f\u00f6renas av f\u00f6rekomsten av gester vilka b\u00e5da gestaltar sig sj\u00e4lva och b\u00e4r p\u00e5 betydelser av andra slag. Tillsammans pekar de mot en f\u00f6rst\u00e5else av gestiken som en p\u00e5g\u00e5ende aktivitet \u00e4ven efter att verket f\u00e4rdigst\u00e4llts: en efterr\u00f6relse. Den r\u00f6r sig mellan konstn\u00e4r, material och betraktare, mellan fantasi och verklighet, mellan bildens yta och v\u00e4rlden utanf\u00f6r, och \u00f6ver tid.<\/p>\n\n\n\n<p><strong>Joel Odebrant<\/strong><\/p>\n\n\n\n<p>Joel Odebrant, curator f\u00f6r <em>Efterr\u00f6relse<\/em>, disputerade i konstvetenskap vid S\u00f6dert\u00f6rns h\u00f6gskola 2024 med avhandlingen <em>Sp\u00e5r, kropp, tid: En unders\u00f6kning av den m\u00e5leriska gestens materialitet 1952\u20131965<\/em>. Utst\u00e4llningen ing\u00e5r i en serie presentationer vid Art Space S\u00f6dert\u00f6rn, som skapats i dialog med forskare vid h\u00f6gskolan.<\/p>\n","protected":false},"excerpt":{"rendered":"<p>3 april &#8211; 5 juni 2025 I Efterr\u00f6relse visas m\u00e5lningar fr\u00e5n 1950-talet av Rune Hagberg (1924\u20132015)och Britt Lundbohm Reutersv\u00e4rd (1917\u20132001) tillsammans med nya verk av Evelina H\u00e4gglund, Dina Is\u00e6us-Daggfeldt och [&hellip;]<\/p>\n","protected":false},"author":1,"featured_media":0,"parent":0,"menu_order":0,"comment_status":"closed","ping_status":"closed","template":"","meta":{"footnotes":""},"class_list":["post-885","page","type-page","status-publish","hentry"],"_links":{"self":[{"href":"https:\/\/blogg.sh.se\/artspace\/wp-json\/wp\/v2\/pages\/885","targetHints":{"allow":["GET"]}}],"collection":[{"href":"https:\/\/blogg.sh.se\/artspace\/wp-json\/wp\/v2\/pages"}],"about":[{"href":"https:\/\/blogg.sh.se\/artspace\/wp-json\/wp\/v2\/types\/page"}],"author":[{"embeddable":true,"href":"https:\/\/blogg.sh.se\/artspace\/wp-json\/wp\/v2\/users\/1"}],"replies":[{"embeddable":true,"href":"https:\/\/blogg.sh.se\/artspace\/wp-json\/wp\/v2\/comments?post=885"}],"version-history":[{"count":4,"href":"https:\/\/blogg.sh.se\/artspace\/wp-json\/wp\/v2\/pages\/885\/revisions"}],"predecessor-version":[{"id":898,"href":"https:\/\/blogg.sh.se\/artspace\/wp-json\/wp\/v2\/pages\/885\/revisions\/898"}],"wp:attachment":[{"href":"https:\/\/blogg.sh.se\/artspace\/wp-json\/wp\/v2\/media?parent=885"}],"curies":[{"name":"wp","href":"https:\/\/api.w.org\/{rel}","templated":true}]}}