{"id":84,"date":"2024-01-18T12:46:34","date_gmt":"2024-01-18T12:46:34","guid":{"rendered":"https:\/\/blogg.sh.se\/artspace\/?page_id=84"},"modified":"2026-03-17T14:18:43","modified_gmt":"2026-03-17T13:18:43","slug":"hem","status":"publish","type":"page","link":"https:\/\/blogg.sh.se\/artspace\/","title":{"rendered":"Art Space S\u00f6dert\u00f6rn"},"content":{"rendered":"\n<div class=\"wp-block-columns alignfull are-vertically-aligned-top is-layout-flex wp-container-core-columns-is-layout-9d6595d7 wp-block-columns-is-layout-flex\">\n<div class=\"wp-block-column is-vertically-aligned-top is-layout-flow wp-block-column-is-layout-flow\" style=\"flex-basis:66.66%\">\n<div class=\"wp-block-cover alignwide\" style=\"min-height:469px;aspect-ratio:unset;\"><img loading=\"lazy\" decoding=\"async\" width=\"1834\" height=\"1288\" class=\"wp-block-cover__image-background wp-image-1006 size-full\" alt=\"\" src=\"https:\/\/blogg.sh.se\/artspace\/wp-content\/uploads\/2026\/03\/vicekungen-egypten.jpg\" data-object-fit=\"cover\" srcset=\"https:\/\/blogg.sh.se\/artspace\/wp-content\/uploads\/2026\/03\/vicekungen-egypten.jpg 1834w, https:\/\/blogg.sh.se\/artspace\/wp-content\/uploads\/2026\/03\/vicekungen-egypten-300x211.jpg 300w, https:\/\/blogg.sh.se\/artspace\/wp-content\/uploads\/2026\/03\/vicekungen-egypten-1024x719.jpg 1024w, https:\/\/blogg.sh.se\/artspace\/wp-content\/uploads\/2026\/03\/vicekungen-egypten-768x539.jpg 768w, https:\/\/blogg.sh.se\/artspace\/wp-content\/uploads\/2026\/03\/vicekungen-egypten-1536x1079.jpg 1536w, https:\/\/blogg.sh.se\/artspace\/wp-content\/uploads\/2026\/03\/vicekungen-egypten-1200x843.jpg 1200w\" sizes=\"auto, (max-width: 1834px) 100vw, 1834px\" \/><span aria-hidden=\"true\" class=\"wp-block-cover__background has-background-dim-0 has-background-dim\" style=\"background-color:#83664d\"><\/span><div class=\"wp-block-cover__inner-container is-layout-constrained wp-block-cover-is-layout-constrained\">\n<p class=\"has-text-align-center has-large-font-size\"><\/p>\n<\/div><\/div>\n\n\n\n<h4 class=\"wp-block-heading has-text-align-center has-primary-color has-text-color has-link-color wp-elements-2eaceb6fdc19cfe781ca462d5e51e965\"><a href=\"https:\/\/blogg.sh.se\/artspace\/det-ar-inte-kunskap-vi-saknar-vad-som-fattas-oss-ar-modet-att-inse-vad-vi-vet\/\" data-type=\"page\" data-id=\"956\">Det \u00e4r inte kunskap vi saknar. Vad som fattas oss \u00e4r modet att inse vad vi vet.<\/a><\/h4>\n\n\n\n<p class=\"has-text-align-center has-larger-font-size\"><strong>26 mars &#8211; 22 maj 2026<\/strong><\/p>\n<\/div>\n\n\n\n<div class=\"wp-block-column is-vertically-aligned-top is-layout-flow wp-block-column-is-layout-flow\" style=\"flex-basis:33.33%\">\n<figure class=\"wp-block-gallery has-nested-images columns-2 is-cropped wp-block-gallery-1 is-layout-flex wp-block-gallery-is-layout-flex\">\n<figure class=\"wp-block-image size-full\"><a href=\"https:\/\/blogg.sh.se\/artspace\/vara-plats-be-space-lina-bjerneld-astrid-svangren-och-erik-udden\/\"><img loading=\"lazy\" decoding=\"async\" width=\"667\" height=\"667\" data-id=\"797\" src=\"https:\/\/blogg.sh.se\/artspace\/wp-content\/uploads\/2025\/01\/ART-SPACE2-21-av-73-edited.jpg\" alt=\"\" class=\"wp-image-797\" srcset=\"https:\/\/blogg.sh.se\/artspace\/wp-content\/uploads\/2025\/01\/ART-SPACE2-21-av-73-edited.jpg 667w, https:\/\/blogg.sh.se\/artspace\/wp-content\/uploads\/2025\/01\/ART-SPACE2-21-av-73-edited-300x300.jpg 300w, https:\/\/blogg.sh.se\/artspace\/wp-content\/uploads\/2025\/01\/ART-SPACE2-21-av-73-edited-150x150.jpg 150w\" sizes=\"auto, (max-width: 667px) 100vw, 667px\" \/><\/a><\/figure>\n\n\n\n<figure class=\"wp-block-image size-large\"><a href=\"https:\/\/blogg.sh.se\/artspace\/andrei-pandele-dan-perjovschi-witnessing-pre-post-revolution-in-romania\/\"><img loading=\"lazy\" decoding=\"async\" width=\"2560\" height=\"1678\" data-id=\"816\" src=\"https:\/\/blogg.sh.se\/artspace\/wp-content\/uploads\/2025\/01\/79-stad-23-august-Sing-Romania-red-cards-up-edited-scaled.jpg\" alt=\"August 1982. Foto:Andrei Pandele\" class=\"wp-image-816\" srcset=\"https:\/\/blogg.sh.se\/artspace\/wp-content\/uploads\/2025\/01\/79-stad-23-august-Sing-Romania-red-cards-up-edited-scaled.jpg 2560w, https:\/\/blogg.sh.se\/artspace\/wp-content\/uploads\/2025\/01\/79-stad-23-august-Sing-Romania-red-cards-up-edited-300x197.jpg 300w, https:\/\/blogg.sh.se\/artspace\/wp-content\/uploads\/2025\/01\/79-stad-23-august-Sing-Romania-red-cards-up-edited-1024x671.jpg 1024w, https:\/\/blogg.sh.se\/artspace\/wp-content\/uploads\/2025\/01\/79-stad-23-august-Sing-Romania-red-cards-up-edited-768x503.jpg 768w, https:\/\/blogg.sh.se\/artspace\/wp-content\/uploads\/2025\/01\/79-stad-23-august-Sing-Romania-red-cards-up-edited-1536x1007.jpg 1536w, https:\/\/blogg.sh.se\/artspace\/wp-content\/uploads\/2025\/01\/79-stad-23-august-Sing-Romania-red-cards-up-edited-2048x1343.jpg 2048w, https:\/\/blogg.sh.se\/artspace\/wp-content\/uploads\/2025\/01\/79-stad-23-august-Sing-Romania-red-cards-up-edited-1200x787.jpg 1200w, https:\/\/blogg.sh.se\/artspace\/wp-content\/uploads\/2025\/01\/79-stad-23-august-Sing-Romania-red-cards-up-edited-1980x1298.jpg 1980w\" sizes=\"auto, (max-width: 2560px) 100vw, 2560px\" \/><\/a><\/figure>\n\n\n\n<figure class=\"wp-block-image size-large\"><a href=\"https:\/\/blogg.sh.se\/artspace\/abakan-och-nattlig-ryttare-magdalena-abakanowicz-och-wladyslaw-hasior-sodertorn-1970-2022\/\"><img loading=\"lazy\" decoding=\"async\" width=\"1024\" height=\"683\" data-id=\"189\" src=\"https:\/\/blogg.sh.se\/artspace\/wp-content\/uploads\/2023\/01\/kkkk-1-1024x683.jpg\" alt=\"\" class=\"wp-image-189\" srcset=\"https:\/\/blogg.sh.se\/artspace\/wp-content\/uploads\/2023\/01\/kkkk-1-1024x683.jpg 1024w, https:\/\/blogg.sh.se\/artspace\/wp-content\/uploads\/2023\/01\/kkkk-1-300x200.jpg 300w, https:\/\/blogg.sh.se\/artspace\/wp-content\/uploads\/2023\/01\/kkkk-1-768x512.jpg 768w, https:\/\/blogg.sh.se\/artspace\/wp-content\/uploads\/2023\/01\/kkkk-1-1200x800.jpg 1200w, https:\/\/blogg.sh.se\/artspace\/wp-content\/uploads\/2023\/01\/kkkk-1.jpg 1500w\" sizes=\"auto, (max-width: 1024px) 100vw, 1024px\" \/><\/a><\/figure>\n\n\n\n<figure class=\"wp-block-image size-large\"><a href=\"https:\/\/blogg.sh.se\/artspace\/tidskron-tre-malningar-av-omid-delafrouz\/\"><img loading=\"lazy\" decoding=\"async\" width=\"1024\" height=\"683\" data-id=\"344\" src=\"https:\/\/blogg.sh.se\/artspace\/wp-content\/uploads\/2023\/03\/336951464_965355544820548_497471497423224046_n-dg-f-2-1024x683.jpg\" alt=\"\" class=\"wp-image-344\" srcset=\"https:\/\/blogg.sh.se\/artspace\/wp-content\/uploads\/2023\/03\/336951464_965355544820548_497471497423224046_n-dg-f-2-1024x683.jpg 1024w, https:\/\/blogg.sh.se\/artspace\/wp-content\/uploads\/2023\/03\/336951464_965355544820548_497471497423224046_n-dg-f-2-300x200.jpg 300w, https:\/\/blogg.sh.se\/artspace\/wp-content\/uploads\/2023\/03\/336951464_965355544820548_497471497423224046_n-dg-f-2-768x512.jpg 768w, https:\/\/blogg.sh.se\/artspace\/wp-content\/uploads\/2023\/03\/336951464_965355544820548_497471497423224046_n-dg-f-2-1536x1024.jpg 1536w, https:\/\/blogg.sh.se\/artspace\/wp-content\/uploads\/2023\/03\/336951464_965355544820548_497471497423224046_n-dg-f-2-1200x800.jpg 1200w, https:\/\/blogg.sh.se\/artspace\/wp-content\/uploads\/2023\/03\/336951464_965355544820548_497471497423224046_n-dg-f-2.jpg 1935w\" sizes=\"auto, (max-width: 1024px) 100vw, 1024px\" \/><\/a><\/figure>\n\n\n\n<figure class=\"wp-block-image size-large\"><a href=\"https:\/\/blogg.sh.se\/artspace\/relatos-arvda-berattelser-av-ricard-estay\/\"><img loading=\"lazy\" decoding=\"async\" width=\"1024\" height=\"683\" data-id=\"371\" src=\"https:\/\/blogg.sh.se\/artspace\/wp-content\/uploads\/2023\/05\/DSC9383-1024x683.jpg\" alt=\"\" class=\"wp-image-371\" srcset=\"https:\/\/blogg.sh.se\/artspace\/wp-content\/uploads\/2023\/05\/DSC9383-1024x683.jpg 1024w, https:\/\/blogg.sh.se\/artspace\/wp-content\/uploads\/2023\/05\/DSC9383-300x200.jpg 300w, https:\/\/blogg.sh.se\/artspace\/wp-content\/uploads\/2023\/05\/DSC9383-768x512.jpg 768w, https:\/\/blogg.sh.se\/artspace\/wp-content\/uploads\/2023\/05\/DSC9383-1200x800.jpg 1200w, https:\/\/blogg.sh.se\/artspace\/wp-content\/uploads\/2023\/05\/DSC9383.jpg 1500w\" sizes=\"auto, (max-width: 1024px) 100vw, 1024px\" \/><\/a><\/figure>\n\n\n\n<figure class=\"wp-block-image size-large\"><a href=\"https:\/\/blogg.sh.se\/artspace\/verena-friedrich-erbsenzahler-kvalitetssorterare-v2\/\"><img loading=\"lazy\" decoding=\"async\" width=\"1024\" height=\"683\" data-id=\"662\" src=\"https:\/\/blogg.sh.se\/artspace\/wp-content\/uploads\/2024\/07\/VF_IMG_9616-1024x683.jpg\" alt=\"\" class=\"wp-image-662\" srcset=\"https:\/\/blogg.sh.se\/artspace\/wp-content\/uploads\/2024\/07\/VF_IMG_9616-1024x683.jpg 1024w, https:\/\/blogg.sh.se\/artspace\/wp-content\/uploads\/2024\/07\/VF_IMG_9616-300x200.jpg 300w, https:\/\/blogg.sh.se\/artspace\/wp-content\/uploads\/2024\/07\/VF_IMG_9616-768x512.jpg 768w, https:\/\/blogg.sh.se\/artspace\/wp-content\/uploads\/2024\/07\/VF_IMG_9616-1536x1024.jpg 1536w, https:\/\/blogg.sh.se\/artspace\/wp-content\/uploads\/2024\/07\/VF_IMG_9616-2048x1365.jpg 2048w, https:\/\/blogg.sh.se\/artspace\/wp-content\/uploads\/2024\/07\/VF_IMG_9616-1200x800.jpg 1200w, https:\/\/blogg.sh.se\/artspace\/wp-content\/uploads\/2024\/07\/VF_IMG_9616-1980x1320.jpg 1980w\" sizes=\"auto, (max-width: 1024px) 100vw, 1024px\" \/><\/a><\/figure>\n\n\n\n<figure class=\"wp-block-image size-full\"><a href=\"https:\/\/blogg.sh.se\/artspace\/maria-friberg-night-vision\/\"><img loading=\"lazy\" decoding=\"async\" width=\"1024\" height=\"674\" data-id=\"596\" src=\"https:\/\/blogg.sh.se\/artspace\/wp-content\/uploads\/2024\/01\/image3.jpeg\" alt=\"Maria Friberg; Night Vision IV (2019), silicon-monterad C-print\" class=\"wp-image-596\" srcset=\"https:\/\/blogg.sh.se\/artspace\/wp-content\/uploads\/2024\/01\/image3.jpeg 1024w, https:\/\/blogg.sh.se\/artspace\/wp-content\/uploads\/2024\/01\/image3-300x197.jpeg 300w, https:\/\/blogg.sh.se\/artspace\/wp-content\/uploads\/2024\/01\/image3-768x506.jpeg 768w\" sizes=\"auto, (max-width: 1024px) 100vw, 1024px\" \/><\/a><\/figure>\n<\/figure>\n<\/div>\n<\/div>\n\n\n\n<div class=\"wp-block-cover alignfull\" style=\"min-height:184px;aspect-ratio:unset;\"><img loading=\"lazy\" decoding=\"async\" width=\"1500\" height=\"1000\" class=\"wp-block-cover__image-background wp-image-157\" alt=\"\" src=\"https:\/\/blogg.sh.se\/artspace\/wp-content\/uploads\/2023\/01\/artspace.jpg\" data-object-fit=\"cover\" srcset=\"https:\/\/blogg.sh.se\/artspace\/wp-content\/uploads\/2023\/01\/artspace.jpg 1500w, https:\/\/blogg.sh.se\/artspace\/wp-content\/uploads\/2023\/01\/artspace-300x200.jpg 300w, https:\/\/blogg.sh.se\/artspace\/wp-content\/uploads\/2023\/01\/artspace-1024x683.jpg 1024w, https:\/\/blogg.sh.se\/artspace\/wp-content\/uploads\/2023\/01\/artspace-768x512.jpg 768w, https:\/\/blogg.sh.se\/artspace\/wp-content\/uploads\/2023\/01\/artspace-1200x800.jpg 1200w\" sizes=\"auto, (max-width: 1500px) 100vw, 1500px\" \/><span aria-hidden=\"true\" class=\"wp-block-cover__background has-primary-background-color has-background-dim-60 has-background-dim\"><\/span><div class=\"wp-block-cover__inner-container is-layout-constrained wp-block-cover-is-layout-constrained\">\n<h2 class=\"wp-block-heading has-text-align-center has-text-color has-link-color wp-elements-f79cba51fe79d06133057ee02480fa27\" style=\"color:#ffffff;font-size:45px\"><a href=\"https:\/\/blogg.sh.se\/artspace\/kommande-utstallningar\/\" data-type=\"page\" data-id=\"270\">Kommande utst\u00e4llningar<\/a><\/h2>\n<\/div><\/div>\n\n\n<div  class=\"tribe-compatibility-container tribe-theme-twentytwenty\" >\n\t<div\n\t\t class=\"tribe-common tribe-events tribe-events-view tribe-events-view--widget-events-list tribe-events-widget\" \t\tdata-js=\"tribe-events-view\"\n\t\tdata-view-rest-url=\"https:\/\/blogg.sh.se\/artspace\/wp-json\/tribe\/views\/v2\/html\"\n\t\tdata-view-manage-url=\"1\"\n\t\t\t\t\t\t\tdata-view-breakpoint-pointer=\"5630a284-486d-493b-aced-8804b445370f\"\n\t\t\t>\n\t\t<div class=\"tribe-events-widget-events-list\">\n\n\t\t\t\n\t\t\t<script data-js=\"tribe-events-view-data\" type=\"application\/json\">\n\t{\"slug\":\"widget-events-list\",\"prev_url\":\"\",\"next_url\":\"\",\"view_class\":\"Tribe\\\\Events\\\\Views\\\\V2\\\\Views\\\\Widgets\\\\Widget_List_View\",\"view_slug\":\"widget-events-list\",\"view_label\":\"View\",\"view\":null,\"should_manage_url\":true,\"id\":null,\"alias-slugs\":null,\"title\":\"Upcoming Evenemang \\u2013 Art Space\",\"limit\":\"5\",\"no_upcoming_events\":false,\"featured_events_only\":false,\"jsonld_enable\":true,\"tribe_is_list_widget\":false,\"admin_fields\":{\"title\":{\"label\":\"Title:\",\"type\":\"text\",\"classes\":\"\",\"dependency\":\"\",\"id\":\"widget-tribe-widget-events-list--1-title\",\"name\":\"widget-tribe-widget-events-list[-1][title]\",\"options\":[],\"placeholder\":\"\",\"value\":null},\"limit\":{\"label\":\"Show:\",\"type\":\"number\",\"default\":5,\"min\":1,\"max\":10,\"step\":1,\"classes\":\"\",\"dependency\":\"\",\"id\":\"widget-tribe-widget-events-list--1-limit\",\"name\":\"widget-tribe-widget-events-list[-1][limit]\",\"options\":[],\"placeholder\":\"\",\"value\":null},\"no_upcoming_events\":{\"label\":\"Hide this widget if there are no upcoming events.\",\"type\":\"checkbox\",\"classes\":\"\",\"dependency\":\"\",\"id\":\"widget-tribe-widget-events-list--1-no_upcoming_events\",\"name\":\"widget-tribe-widget-events-list[-1][no_upcoming_events]\",\"options\":[],\"placeholder\":\"\",\"value\":null},\"featured_events_only\":{\"label\":\"Limit to featured events only\",\"type\":\"checkbox\",\"classes\":\"\",\"dependency\":\"\",\"id\":\"widget-tribe-widget-events-list--1-featured_events_only\",\"name\":\"widget-tribe-widget-events-list[-1][featured_events_only]\",\"options\":[],\"placeholder\":\"\",\"value\":null},\"jsonld_enable\":{\"label\":\"Generate JSON-LD data\",\"type\":\"checkbox\",\"classes\":\"\",\"dependency\":\"\",\"id\":\"widget-tribe-widget-events-list--1-jsonld_enable\",\"name\":\"widget-tribe-widget-events-list[-1][jsonld_enable]\",\"options\":[],\"placeholder\":\"\",\"value\":null}},\"events\":[],\"url\":\"https:\\\/\\\/blogg.sh.se\\\/artspace\\\/?post_type=tribe_events&eventDisplay=widget-events-list\",\"url_event_date\":false,\"bar\":{\"keyword\":\"\",\"date\":\"\"},\"today\":\"2026-04-29 00:00:00\",\"now\":\"2026-04-29 12:31:31\",\"rest_url\":\"https:\\\/\\\/blogg.sh.se\\\/artspace\\\/wp-json\\\/tribe\\\/views\\\/v2\\\/html\",\"rest_method\":\"POST\",\"rest_nonce\":\"\",\"today_url\":\"https:\\\/\\\/blogg.sh.se\\\/artspace\\\/?post_type=tribe_events&eventDisplay=widget-events-list&rest_route=%2Fwp%2Fv2%2Fpages%2F84\",\"today_title\":\"Click to select today's date\",\"today_label\":\"Today\",\"prev_label\":\"\",\"next_label\":\"\",\"date_formats\":{\"compact\":\"d.m.Y\",\"month_and_year_compact\":\"m.Y\",\"month_and_year\":\"F Y\",\"time_range_separator\":\" - \",\"date_time_separator\":\" kl. \"},\"messages\":{\"notice\":[\"There are no upcoming evenemang.\"]},\"start_of_week\":\"1\",\"header_title\":\"\",\"header_title_element\":\"h1\",\"content_title\":\"\",\"breadcrumbs\":[],\"before_events\":\"\",\"after_events\":\"\\n<!--\\nThis calendar is powered by The Events Calendar.\\nhttp:\\\/\\\/evnt.is\\\/18wn\\n-->\\n\",\"display_events_bar\":false,\"disable_event_search\":false,\"live_refresh\":true,\"ical\":{\"display_link\":true,\"link\":{\"url\":\"https:\\\/\\\/blogg.sh.se\\\/artspace\\\/?post_type=tribe_events&#038;eventDisplay=widget-events-list&#038;ical=1\",\"text\":\"Export Evenemang\",\"title\":\"Use this to share calendar data with Google Calendar, Apple iCal and other compatible apps\"}},\"container_classes\":[\"tribe-common\",\"tribe-events\",\"tribe-events-view\",\"tribe-events-view--widget-events-list\",\"tribe-events-widget\"],\"container_data\":[],\"is_past\":false,\"breakpoints\":{\"xsmall\":500,\"medium\":768,\"full\":960},\"breakpoint_pointer\":\"5630a284-486d-493b-aced-8804b445370f\",\"is_initial_load\":false,\"public_views\":{\"list\":{\"view_class\":\"Tribe\\\\Events\\\\Views\\\\V2\\\\Views\\\\List_View\",\"view_url\":\"https:\\\/\\\/blogg.sh.se\\\/artspace\\\/kalendarium\\\/list\\\/\",\"view_label\":\"List\"},\"month\":{\"view_class\":\"Tribe\\\\Events\\\\Views\\\\V2\\\\Views\\\\Month_View\",\"view_url\":\"https:\\\/\\\/blogg.sh.se\\\/artspace\\\/kalendarium\\\/month\\\/\",\"view_label\":\"Month\"},\"day\":{\"view_class\":\"Tribe\\\\Events\\\\Views\\\\V2\\\\Views\\\\Day_View\",\"view_url\":\"https:\\\/\\\/blogg.sh.se\\\/artspace\\\/kalendarium\\\/today\\\/\",\"view_label\":\"Day\"}},\"show_latest_past\":false,\"compatibility_classes\":[\"tribe-compatibility-container\",\"tribe-theme-twentytwenty\"],\"view_more_text\":\"View Calendar\",\"view_more_title\":\"View more evenemang.\",\"view_more_link\":\"https:\\\/\\\/blogg.sh.se\\\/artspace\\\/kalendarium\\\/\",\"widget_title\":\"Kommande evenemang\",\"hide_if_no_upcoming_events\":false,\"display\":[],\"subscribe_links\":{\"gcal\":{\"label\":\"Google Calendar\",\"single_label\":\"Add to Google Calendar\",\"visible\":true,\"block_slug\":\"hasGoogleCalendar\"},\"ical\":{\"label\":\"iCalendar\",\"single_label\":\"Add to iCalendar\",\"visible\":true,\"block_slug\":\"hasiCal\"},\"outlook-365\":{\"label\":\"Outlook 365\",\"single_label\":\"Outlook 365\",\"visible\":true,\"block_slug\":\"hasOutlook365\"},\"outlook-live\":{\"label\":\"Outlook Live\",\"single_label\":\"Outlook Live\",\"visible\":true,\"block_slug\":\"hasOutlookLive\"},\"ics\":{\"label\":\"Export .ics file\",\"single_label\":\"Export .ics file\",\"visible\":true,\"block_slug\":null},\"outlook-ics\":{\"label\":\"Export Outlook .ics file\",\"single_label\":\"Export Outlook .ics file\",\"visible\":true,\"block_slug\":null}},\"_context\":{\"slug\":\"widget-events-list\"}}<\/script>\n\n\t\t\t\t\t\t\t<header class=\"tribe-events-widget-events-list__header\">\n\t\t\t\t\t<h2 class=\"tribe-events-widget-events-list__header-title tribe-common-h6 tribe-common-h--alt\">\n\t\t\t\t\t\tKommande evenemang\t\t\t\t\t<\/h2>\n\t\t\t\t<\/header>\n\t\t\t\n\t\t\t\n\t\t\t\t<div  class=\"tribe-events-header__messages tribe-events-c-messages tribe-common-b2\"  >\n\t\t\t<div class=\"tribe-events-c-messages__message tribe-events-c-messages__message--notice\" role=\"alert\">\n\t\t\t<svg  class=\"tribe-common-c-svgicon tribe-common-c-svgicon--messages-not-found tribe-events-c-messages__message-icon-svg\"  viewBox=\"0 0 21 23\" xmlns=\"http:\/\/www.w3.org\/2000\/svg\"><g fill-rule=\"evenodd\"><path d=\"M.5 2.5h20v20H.5z\"\/><path stroke-linecap=\"round\" d=\"M7.583 11.583l5.834 5.834m0-5.834l-5.834 5.834\" class=\"tribe-common-c-svgicon__svg-stroke\"\/><path stroke-linecap=\"round\" d=\"M4.5.5v4m12-4v4\"\/><path stroke-linecap=\"square\" d=\"M.5 7.5h20\"\/><\/g><\/svg>\n\t\t\t<ul class=\"tribe-events-c-messages__message-list\">\n\t\t\t\t\t\t\t\t\t<li\n\t\t\t\t\t\tclass=\"tribe-events-c-messages__message-list-item\"\n\t\t\t\t\t\t data-key=\"0\" \t\t\t\t\t>\n\t\t\t\t\tThere are no upcoming evenemang.\t\t\t\t\t<\/li>\n\t\t\t\t\t\t\t<\/ul>\n\t\t<\/div>\n\t<\/div>\n\n\t\t\t\t\t<\/div>\n\t<\/div>\n<\/div>\n<script data-js='tribe-events-view-nonce-data' type='application\/json'>{\"_tec_view_rest_nonce_primary\":\"bd524ef4b8\",\"_tec_view_rest_nonce_secondary\":\"\"}<\/script>\n\n\n<div class=\"wp-block-columns alignwide is-layout-flex wp-container-core-columns-is-layout-9d6595d7 wp-block-columns-is-layout-flex\">\n<div class=\"wp-block-column is-layout-flow wp-block-column-is-layout-flow\">\n<div class=\"wp-block-group alignfull has-background\" style=\"background-color:#ffffff\"><div class=\"wp-block-group__inner-container is-layout-flow wp-block-group-is-layout-flow\">\n<h2 class=\"wp-block-heading has-text-align-center has-larger-font-size\">Vill du l\u00e4sa v\u00e5rt nyhetsbrev?<\/h2>\n\n\n\n<p class=\"has-text-align-center has-primary-color has-text-color has-link-color wp-elements-80c5944b65b02d58617dcb73b866c02b\">D\u00e4r f\u00e5r du mer information om v\u00e5ra <a href=\"https:\/\/blogg.sh.se\/artspace\/kalendarium\/\">vernissage<\/a> och utst\u00e4llningar. Vi skickar ut det till din mejl varannan m\u00e5nad. Kontakta oss f\u00f6r att hamna p\u00e5 mejllistan:<\/p>\n\n\n\n<div class=\"wp-block-buttons is-content-justification-center is-layout-flex wp-container-core-buttons-is-layout-16018d1d wp-block-buttons-is-layout-flex\">\n<div class=\"wp-block-button is-style-outline is-style-outline--2\"><a class=\"wp-block-button__link has-primary-color has-background-background-color has-text-color has-background has-link-color wp-element-button\" href=\"mailto:artspace@sh.se\" style=\"text-transform:lowercase\">artspace@sh.se<\/a><\/div>\n<\/div>\n\n\n\n<p class=\"has-text-align-center\">V\u00e5ra andra kontaktv\u00e4gar och forum:<\/p>\n\n\n\n<ul class=\"wp-block-social-links has-large-icon-size is-content-justification-center is-layout-flex wp-container-core-social-links-is-layout-16018d1d wp-block-social-links-is-layout-flex\"><li class=\"wp-social-link wp-social-link-facebook  wp-block-social-link\"><a href=\"https:\/\/www.facebook.com\/artspacesh\" class=\"wp-block-social-link-anchor\"><svg width=\"24\" height=\"24\" viewBox=\"0 0 24 24\" version=\"1.1\" xmlns=\"http:\/\/www.w3.org\/2000\/svg\" aria-hidden=\"true\" focusable=\"false\"><path d=\"M12 2C6.5 2 2 6.5 2 12c0 5 3.7 9.1 8.4 9.9v-7H7.9V12h2.5V9.8c0-2.5 1.5-3.9 3.8-3.9 1.1 0 2.2.2 2.2.2v2.5h-1.3c-1.2 0-1.6.8-1.6 1.6V12h2.8l-.4 2.9h-2.3v7C18.3 21.1 22 17 22 12c0-5.5-4.5-10-10-10z\"><\/path><\/svg><span class=\"wp-block-social-link-label screen-reader-text\">Facebook<\/span><\/a><\/li>\n\n<li class=\"wp-social-link wp-social-link-instagram  wp-block-social-link\"><a href=\"https:\/\/www.instagram.com\/artspacesh\/\" class=\"wp-block-social-link-anchor\"><svg width=\"24\" height=\"24\" viewBox=\"0 0 24 24\" version=\"1.1\" xmlns=\"http:\/\/www.w3.org\/2000\/svg\" aria-hidden=\"true\" focusable=\"false\"><path d=\"M12,4.622c2.403,0,2.688,0.009,3.637,0.052c0.877,0.04,1.354,0.187,1.671,0.31c0.42,0.163,0.72,0.358,1.035,0.673 c0.315,0.315,0.51,0.615,0.673,1.035c0.123,0.317,0.27,0.794,0.31,1.671c0.043,0.949,0.052,1.234,0.052,3.637 s-0.009,2.688-0.052,3.637c-0.04,0.877-0.187,1.354-0.31,1.671c-0.163,0.42-0.358,0.72-0.673,1.035 c-0.315,0.315-0.615,0.51-1.035,0.673c-0.317,0.123-0.794,0.27-1.671,0.31c-0.949,0.043-1.233,0.052-3.637,0.052 s-2.688-0.009-3.637-0.052c-0.877-0.04-1.354-0.187-1.671-0.31c-0.42-0.163-0.72-0.358-1.035-0.673 c-0.315-0.315-0.51-0.615-0.673-1.035c-0.123-0.317-0.27-0.794-0.31-1.671C4.631,14.688,4.622,14.403,4.622,12 s0.009-2.688,0.052-3.637c0.04-0.877,0.187-1.354,0.31-1.671c0.163-0.42,0.358-0.72,0.673-1.035 c0.315-0.315,0.615-0.51,1.035-0.673c0.317-0.123,0.794-0.27,1.671-0.31C9.312,4.631,9.597,4.622,12,4.622 M12,3 C9.556,3,9.249,3.01,8.289,3.054C7.331,3.098,6.677,3.25,6.105,3.472C5.513,3.702,5.011,4.01,4.511,4.511 c-0.5,0.5-0.808,1.002-1.038,1.594C3.25,6.677,3.098,7.331,3.054,8.289C3.01,9.249,3,9.556,3,12c0,2.444,0.01,2.751,0.054,3.711 c0.044,0.958,0.196,1.612,0.418,2.185c0.23,0.592,0.538,1.094,1.038,1.594c0.5,0.5,1.002,0.808,1.594,1.038 c0.572,0.222,1.227,0.375,2.185,0.418C9.249,20.99,9.556,21,12,21s2.751-0.01,3.711-0.054c0.958-0.044,1.612-0.196,2.185-0.418 c0.592-0.23,1.094-0.538,1.594-1.038c0.5-0.5,0.808-1.002,1.038-1.594c0.222-0.572,0.375-1.227,0.418-2.185 C20.99,14.751,21,14.444,21,12s-0.01-2.751-0.054-3.711c-0.044-0.958-0.196-1.612-0.418-2.185c-0.23-0.592-0.538-1.094-1.038-1.594 c-0.5-0.5-1.002-0.808-1.594-1.038c-0.572-0.222-1.227-0.375-2.185-0.418C14.751,3.01,14.444,3,12,3L12,3z M12,7.378 c-2.552,0-4.622,2.069-4.622,4.622S9.448,16.622,12,16.622s4.622-2.069,4.622-4.622S14.552,7.378,12,7.378z M12,15 c-1.657,0-3-1.343-3-3s1.343-3,3-3s3,1.343,3,3S13.657,15,12,15z M16.804,6.116c-0.596,0-1.08,0.484-1.08,1.08 s0.484,1.08,1.08,1.08c0.596,0,1.08-0.484,1.08-1.08S17.401,6.116,16.804,6.116z\"><\/path><\/svg><span class=\"wp-block-social-link-label screen-reader-text\">Instagram<\/span><\/a><\/li><\/ul>\n<\/div><\/div>\n<\/div>\n<\/div>\n\n\n\n<p><\/p>\n","protected":false},"excerpt":{"rendered":"<p>Det \u00e4r inte kunskap vi saknar. Vad som fattas oss \u00e4r modet att inse vad vi vet. 26 mars &#8211; 22 maj 2026 Vill du l\u00e4sa v\u00e5rt nyhetsbrev? D\u00e4r f\u00e5r [&hellip;]<\/p>\n","protected":false},"author":1,"featured_media":0,"parent":0,"menu_order":0,"comment_status":"closed","ping_status":"closed","template":"","meta":{"footnotes":""},"class_list":["post-84","page","type-page","status-publish","hentry"],"_links":{"self":[{"href":"https:\/\/blogg.sh.se\/artspace\/wp-json\/wp\/v2\/pages\/84","targetHints":{"allow":["GET"]}}],"collection":[{"href":"https:\/\/blogg.sh.se\/artspace\/wp-json\/wp\/v2\/pages"}],"about":[{"href":"https:\/\/blogg.sh.se\/artspace\/wp-json\/wp\/v2\/types\/page"}],"author":[{"embeddable":true,"href":"https:\/\/blogg.sh.se\/artspace\/wp-json\/wp\/v2\/users\/1"}],"replies":[{"embeddable":true,"href":"https:\/\/blogg.sh.se\/artspace\/wp-json\/wp\/v2\/comments?post=84"}],"version-history":[{"count":128,"href":"https:\/\/blogg.sh.se\/artspace\/wp-json\/wp\/v2\/pages\/84\/revisions"}],"predecessor-version":[{"id":1013,"href":"https:\/\/blogg.sh.se\/artspace\/wp-json\/wp\/v2\/pages\/84\/revisions\/1013"}],"wp:attachment":[{"href":"https:\/\/blogg.sh.se\/artspace\/wp-json\/wp\/v2\/media?parent=84"}],"curies":[{"name":"wp","href":"https:\/\/api.w.org\/{rel}","templated":true}]}}