{"id":613,"date":"2024-04-04T08:53:56","date_gmt":"2024-04-04T08:53:56","guid":{"rendered":"https:\/\/blogg.sh.se\/artspace\/?page_id=613"},"modified":"2024-04-25T12:15:05","modified_gmt":"2024-04-25T12:15:05","slug":"a-karlsson-rixon-at-the-time-of-the-third-reading-%d0%b2%d0%be-%d0%b2%d1%80%d0%b5%d0%bc%d1%8f-%d1%82%d1%80%d0%b5%d1%82%d1%8c%d0%b5%d0%b3%d0%be-%d1%87%d1%82%d0%b5%d0%bd%d0%b8%d1%8f","status":"publish","type":"page","link":"https:\/\/blogg.sh.se\/artspace\/a-karlsson-rixon-at-the-time-of-the-third-reading-%d0%b2%d0%be-%d0%b2%d1%80%d0%b5%d0%bc%d1%8f-%d1%82%d1%80%d0%b5%d1%82%d1%8c%d0%b5%d0%b3%d0%be-%d1%87%d1%82%d0%b5%d0%bd%d0%b8%d1%8f\/","title":{"rendered":"A. Karlsson Rixon. At the Time of the Third Reading \u00a0&#8211; \u0412\u043e \u0432\u0440\u0435\u043c\u044f \u0442\u0440\u0435\u0442\u044c\u0435\u0433\u043e \u0447\u0442\u0435\u043d\u0438\u044f"},"content":{"rendered":"\n<h2 class=\"wp-block-heading has-text-align-center\">11 april &#8211; 24 maj 2024<\/h2>\n\n\n\n<figure class=\"wp-block-image size-full is-resized\"><img loading=\"lazy\" decoding=\"async\" width=\"853\" height=\"480\" src=\"https:\/\/blogg.sh.se\/artspace\/wp-content\/uploads\/2024\/04\/ATTR_11_kopia.jpg\" alt=\"At the time of the third reading \/ Vid tiden f\u00f6r den tredje l\u00e4sningen \/ \u0412\u043e \u0432\u0440\u0435\u043c\u044f \u0442\u0440\u0435\u0442\u0435\u0433\u043e \u0447\u0442\u0435\u043d\u0438\u044f #11\" class=\"wp-image-620\" style=\"width:610px;height:auto\" srcset=\"https:\/\/blogg.sh.se\/artspace\/wp-content\/uploads\/2024\/04\/ATTR_11_kopia.jpg 853w, https:\/\/blogg.sh.se\/artspace\/wp-content\/uploads\/2024\/04\/ATTR_11_kopia-300x169.jpg 300w, https:\/\/blogg.sh.se\/artspace\/wp-content\/uploads\/2024\/04\/ATTR_11_kopia-768x432.jpg 768w\" sizes=\"auto, (max-width: 853px) 100vw, 853px\" \/><figcaption class=\"wp-element-caption\">At the time of the third reading\/\u0412\u043e \u0432\u0440\u0435\u043c\u044f \u0442\u0440\u0435\u0442\u0435\u0433\u043e \u0447\u0442\u0435\u043d\u0438\u044f #11. A. Karlsson Rixon. <\/figcaption><\/figure>\n\n\n\n<p class=\"has-large-font-size\">Utst\u00e4llningen&nbsp;<em>At the Time of the Third Reading\/\u0412\u043e \u0432\u0440\u0435\u043c\u044f \u0442\u0440\u0435\u0442\u0435\u0433\u043e \u0447\u0442\u0435\u043d\u0438\u044f<\/em>&nbsp;skildrar ett sj\u00e4lvorganiserat lesbiskt l\u00e4ger i Ryssland i juni 2013. Verken \u00e4r poetiskt laddade gestaltningar av gemenskap utanf\u00f6r den heterosexuella normen i ett stenh\u00e5rt ryskt politiskt klimat. Utst\u00e4llningens titel anspelar p\u00e5 den lag som f\u00f6rbjuder att information om &#8221;icke-traditionella sexuella relationer&#8221; f\u00f6rmedlas till barn, det vill s\u00e4ga till personer under 18 \u00e5r. Begreppet information omfattar \u00e4ven konstn\u00e4rliga verk.<\/p>\n\n\n\n<p>Den s\u00e5 kallade \u201dtredje granskningen\u201d i Duman \u00e4gde rum den 11 juni 2013, och f\u00f6ljdes av att lagf\u00f6rslaget signerades av Putin ett par veckor senare. Av en h\u00e4ndelse sammanf\u00f6ll tiden f\u00f6r n\u00e4r lagen granskades och r\u00f6stades igenom med dagen d\u00e5 det sj\u00e4lvorganiserade l\u00e4gret \u00f6ppnandes f\u00f6r den tionde men, som det skulle visa sig, sista g\u00e5ngen. Verken framtr\u00e4der som landskapsm\u00e5leri, genomlysta av uttryck f\u00f6r k\u00e4rlek och m\u00e4nsklig gemenskap. Karlsson Rixon fotograferade p\u00e5 distans f\u00f6r att skydda modellernas identitet. &nbsp;L\u00e4gerdeltagarna var inte explicit queerpolitiska aktivister, utan levde i allm\u00e4nhet ett tillbakadraget liv. <em>At the Time of the Third Reading<\/em> gestaltar ett memento, f\u00f6rst\u00e4rkt genom fotografiets upplevda kvalitet av att \u201cf\u00e5nga \u00f6gonblick\u201d.<\/p>\n\n\n\n<p>N\u00e4r <em>At the Time of the Third Reading<\/em> idag aktualiseras i Art Space S\u00f6dert\u00f6rn \u00e4r det mot bakgrund av \u00e4n mer h\u00e5rdnade restriktioner i Ryssland. I december 2022 blev det f\u00f6rbjudet att sprida information om \u201dicke-traditionella sexuella relationer&#8221; och\/eller preferenser samt k\u00f6nsbyte till ryssar i alla \u00e5ldrar, inte bara barn. I juli 2023 f\u00f6rbj\u00f6ds juridiskt och medicinskt k\u00f6nsbyte inklusive hormonbehandling. I november 2023 st\u00e4mplade H\u00f6gsta Domstolen i Ryssland &#8221;den internationella hbt-r\u00f6relsen&#8221; som en extremistisk organisation och f\u00f6rbj\u00f6d den att verka i landet.<\/p>\n\n\n\n<p>Utst\u00e4llningen <em>At the Time of the Third Reading <\/em>i Art Space best\u00e5r av \u00e5tta fotografier tillsammans med en video och ljudinstallation (2013-2016). <\/p>\n\n\n\n<figure class=\"wp-block-image size-full\"><img loading=\"lazy\" decoding=\"async\" width=\"853\" height=\"480\" src=\"https:\/\/blogg.sh.se\/artspace\/wp-content\/uploads\/2024\/04\/ATTR_12_kopia.jpg\" alt=\"\" class=\"wp-image-635\" srcset=\"https:\/\/blogg.sh.se\/artspace\/wp-content\/uploads\/2024\/04\/ATTR_12_kopia.jpg 853w, https:\/\/blogg.sh.se\/artspace\/wp-content\/uploads\/2024\/04\/ATTR_12_kopia-300x169.jpg 300w, https:\/\/blogg.sh.se\/artspace\/wp-content\/uploads\/2024\/04\/ATTR_12_kopia-768x432.jpg 768w\" sizes=\"auto, (max-width: 853px) 100vw, 853px\" \/><figcaption class=\"wp-element-caption\">At the time of the third reading\/\u0412\u043e \u0432\u0440\u0435\u043c\u044f \u0442\u0440\u0435\u0442\u0435\u0433\u043e \u0447\u0442\u0435\u043d\u0438\u044f #12. A. Karlsson Rixon. <\/figcaption><\/figure>\n\n\n\n<figure class=\"wp-block-image size-full\"><img loading=\"lazy\" decoding=\"async\" width=\"853\" height=\"480\" src=\"https:\/\/blogg.sh.se\/artspace\/wp-content\/uploads\/2024\/04\/ATTR_17_kopia.jpg\" alt=\"\" class=\"wp-image-634\" srcset=\"https:\/\/blogg.sh.se\/artspace\/wp-content\/uploads\/2024\/04\/ATTR_17_kopia.jpg 853w, https:\/\/blogg.sh.se\/artspace\/wp-content\/uploads\/2024\/04\/ATTR_17_kopia-300x169.jpg 300w, https:\/\/blogg.sh.se\/artspace\/wp-content\/uploads\/2024\/04\/ATTR_17_kopia-768x432.jpg 768w\" sizes=\"auto, (max-width: 853px) 100vw, 853px\" \/><figcaption class=\"wp-element-caption\">At the time of the third reading\/\u0412\u043e \u0432\u0440\u0435\u043c\u044f \u0442\u0440\u0435\u0442\u0435\u0433\u043e \u0447\u0442\u0435\u043d\u0438\u044f #17. A. Karlsson Rixon. <\/figcaption><\/figure>\n\n\n\n<p>Projektet som \u00e4ven omfattar en bok var en del av Karlsson Rixons doktorsavhandling i fotografisk gestaltning vid G\u00f6teborgs universitet 2016. Boken har delats ut vid en kulturfestival i Ryssland med varningsetikett, men \u00e4r nu helt f\u00f6rbjuden i Ryssland. Det \u00e4r den ocks\u00e5 p\u00e5 bibliotek och skolor i flera amerikanska stater.<\/p>\n\n\n\n<p>Projektet behandlas \u00e4ven i Kirill Polkovs avhandlingsprojekt i genusvetenskap vid S\u00f6dert\u00f6rns h\u00f6gskola (2024), <em>Queering Images of Russia in Sweden: Discursive hegemony and counter-hegemonic articulations 1991\u20132019.<\/em> <\/p>\n\n\n\n<p>Karlsson Rixon (f. 1962 i V\u00e4stra Fr\u00f6lunda) tog examen vid Nordens Fotoskola 1988 men br\u00f6t tidigt fr\u00e5n en traditionell dokument\u00e4r tradition och blev del av en ny generation som gjorde att fotografi fick en sj\u00e4lvklar plats inom konstinstitutionerna i Sverige p\u00e5 1990-talet. Hen har sedan dess varit aktiv som konstn\u00e4r med fokus p\u00e5 det fotografiska. Hen tog en MFA vid CalArts, USA (1998) och disputerade i fotografisk gestaltning vid G\u00f6teborgs universitet (2016) med det konstn\u00e4rliga avhandlingsprojektet <em>Queer Community through Photographic Acts<\/em>. Karlsson Rixon finns representerad p\u00e5 Moderna Mus\u00e9et, G\u00f6teborgs Konstmuseum och flera andra konstsamlingar i Sverige, och undervisade i flera \u00e5r bland annat som professor vid H\u00f6gskolan f\u00f6r fotografi. De senaste \u00e5ren har Karlsson Rixon blandat egna konstn\u00e4rliga projekt med offentliga gestaltningsuppdrag. Hen delar sin tillvaro mellan Br\u00e4nn\u00f6\/G\u00f6teborg och Los Angeles.<\/p>\n","protected":false},"excerpt":{"rendered":"<p>11 april &#8211; 24 maj 2024 Utst\u00e4llningen&nbsp;At the Time of the Third Reading\/\u0412\u043e \u0432\u0440\u0435\u043c\u044f \u0442\u0440\u0435\u0442\u0435\u0433\u043e \u0447\u0442\u0435\u043d\u0438\u044f&nbsp;skildrar ett sj\u00e4lvorganiserat lesbiskt l\u00e4ger i Ryssland i juni 2013. Verken \u00e4r poetiskt laddade gestaltningar [&hellip;]<\/p>\n","protected":false},"author":1,"featured_media":0,"parent":0,"menu_order":0,"comment_status":"closed","ping_status":"closed","template":"","meta":{"footnotes":""},"class_list":["post-613","page","type-page","status-publish","hentry"],"_links":{"self":[{"href":"https:\/\/blogg.sh.se\/artspace\/wp-json\/wp\/v2\/pages\/613","targetHints":{"allow":["GET"]}}],"collection":[{"href":"https:\/\/blogg.sh.se\/artspace\/wp-json\/wp\/v2\/pages"}],"about":[{"href":"https:\/\/blogg.sh.se\/artspace\/wp-json\/wp\/v2\/types\/page"}],"author":[{"embeddable":true,"href":"https:\/\/blogg.sh.se\/artspace\/wp-json\/wp\/v2\/users\/1"}],"replies":[{"embeddable":true,"href":"https:\/\/blogg.sh.se\/artspace\/wp-json\/wp\/v2\/comments?post=613"}],"version-history":[{"count":7,"href":"https:\/\/blogg.sh.se\/artspace\/wp-json\/wp\/v2\/pages\/613\/revisions"}],"predecessor-version":[{"id":649,"href":"https:\/\/blogg.sh.se\/artspace\/wp-json\/wp\/v2\/pages\/613\/revisions\/649"}],"wp:attachment":[{"href":"https:\/\/blogg.sh.se\/artspace\/wp-json\/wp\/v2\/media?parent=613"}],"curies":[{"name":"wp","href":"https:\/\/api.w.org\/{rel}","templated":true}]}}