{"id":595,"date":"2024-01-18T10:45:07","date_gmt":"2024-01-18T10:45:07","guid":{"rendered":"https:\/\/blogg.sh.se\/artspace\/?page_id=595"},"modified":"2024-01-18T10:45:07","modified_gmt":"2024-01-18T10:45:07","slug":"maria-friberg-night-vision","status":"publish","type":"page","link":"https:\/\/blogg.sh.se\/artspace\/maria-friberg-night-vision\/","title":{"rendered":"Maria Friberg. Night vision."},"content":{"rendered":"\n<h2 class=\"wp-block-heading\">1 februari &#8211; 28 mars 2024. <\/h2>\n\n\n\n<figure class=\"wp-block-image size-full\"><img loading=\"lazy\" decoding=\"async\" width=\"1024\" height=\"674\" src=\"https:\/\/blogg.sh.se\/artspace\/wp-content\/uploads\/2024\/01\/image3.jpeg\" alt=\"Maria Friberg; Night Vision IV (2019), silicon-monterad C-print\" class=\"wp-image-596\" srcset=\"https:\/\/blogg.sh.se\/artspace\/wp-content\/uploads\/2024\/01\/image3.jpeg 1024w, https:\/\/blogg.sh.se\/artspace\/wp-content\/uploads\/2024\/01\/image3-300x197.jpeg 300w, https:\/\/blogg.sh.se\/artspace\/wp-content\/uploads\/2024\/01\/image3-768x506.jpeg 768w\" sizes=\"auto, (max-width: 1024px) 100vw, 1024px\" \/><figcaption class=\"wp-element-caption\">Maria Friberg; Night Vision IV (2019), silicon-monterad C-print<\/figcaption><\/figure>\n\n\n\n<p class=\"has-large-font-size\">Maria Fribergs <em>Night Vision <\/em>best\u00e5r av en serie portr\u00e4tt av unga m\u00e4nniskor \u00e5tergivna i en trollskog, skyddade i sina hoodies. I en m\u00f6rk tid riktar hon med <em>Night Vision<\/em> hoppet till den unga generation som v\u00e4ljer tyst motst\u00e5nd och en osvuren lojalitet med jorden.<\/p>\n\n\n\n<p>Maria Friberg har med sina fotobaserade verk skapat en bro mellan samtidskulturen och konsthistorien sedan 1990-talet. Hennes verk har placerat m\u00e4nniskor, oftast m\u00e4n, i milj\u00f6er d\u00e4r de r\u00f6r sig dr\u00f6mlikt och d\u00e4r maskulinitet utmanas. Hennes intresse forts\u00e4tter att kretsa kring maktrelationer, m\u00e4nniskans f\u00f6rh\u00e5llande till naturen, motst\u00e5nd och aktivism.&nbsp;<\/p>\n\n\n\n<p>M\u00e4nniskorna i <em>Night Vision<\/em> \u00e4r placerade i en begr\u00e4nsad lokal av urskog utanf\u00f6r Uppsala. Bilderna v\u00e4cker associationer till sagorna fr\u00e5n 1800-talet och figurer som de i John Bauers trollv\u00e4rld. Konsthistorien agerar som en bakgrund mot vilken ber\u00e4ttelser om v\u00e5r egen tid utvecklas. Dagens ungdom har en ny inre styrka som handlar om att ta avst\u00e5nd fr\u00e5n konsumism och tom underh\u00e5llning. Ibland \u00e4r att g\u00f6ra inget det b\u00e4sta s\u00e4ttet att uppn\u00e5 f\u00f6r\u00e4ndring, tycks de mena &#8211; att inte k\u00f6pa n\u00e5got, inte flyga, inte strida i andras krig.\u00a0<\/p>\n\n\n\n<p>I Art Space visas <em>Night Vision<\/em> (2019) I, III, IV och V, silikonglas-monterade C-prints.&nbsp;&nbsp;<\/p>\n\n\n\n<p>Maria Friberg \u00e4r f\u00f6dd i Malm\u00f6 1966, och bor och arbetar i Stockholm. Hon \u00e4r utbildad vid Konsth\u00f6gskolan i Stockholm, samt vid konstskolor p\u00e5 Island och i Finland. <\/p>\n\n\n\n<p>Maria Fribergs arbeten har visats p\u00e5 en l\u00e5ng rad mus\u00e9er, konsthallar och gallerier internationellt och i Sverige. Utst\u00e4llningen<em> N\u00e4stan d\u00e4r<\/em> p\u00e5 Thielska Galleriet i Stockholm p\u00e5g\u00e5r till 3 mars 2024, en retrospektiv utst\u00e4llning d\u00e4r hennes verk f\u00f6r en dialog med galleriets samlingar.  <em>Under isen ligger himlen<\/em> tillsammans med Helena Blomqvist visas p\u00e5 Varbergs Konsthall 2023-2025. Hon deltog i <em>Trollbunden \u2013 John Bauer och den magiska naturen, p\u00e5 Waldemarsudde<\/em> 2020\/2021. <em>Force Majeure<\/em> presenterades i Bonnier Gallery, Miami, Florida (2022), Bendana-Pinel, Art Contemporain, Paris (2022) samt Galleri Flach (2023). Maria Friberg har st\u00e4llt ut separat p\u00e5 bl.a. Moderna Museet och Fotografiska i Sverige liksom Santa Barbara Contemporary Arts Forum, Kalifornien, Conner Contemporary Art, Washington DC och Pi Artworks, London. Hennes verk finns representerade i samlingar, s\u00e5som i Moderna Museet i Stockholm, Kiasma i Helsingfors, Museum of Fine Arts Boston och Denver Art Museum.\u00a0<\/p>\n","protected":false},"excerpt":{"rendered":"<p>1 februari &#8211; 28 mars 2024. Maria Fribergs Night Vision best\u00e5r av en serie portr\u00e4tt av unga m\u00e4nniskor \u00e5tergivna i en trollskog, skyddade i sina hoodies. I en m\u00f6rk tid [&hellip;]<\/p>\n","protected":false},"author":1,"featured_media":0,"parent":0,"menu_order":0,"comment_status":"closed","ping_status":"closed","template":"","meta":{"footnotes":""},"class_list":["post-595","page","type-page","status-publish","hentry"],"_links":{"self":[{"href":"https:\/\/blogg.sh.se\/artspace\/wp-json\/wp\/v2\/pages\/595","targetHints":{"allow":["GET"]}}],"collection":[{"href":"https:\/\/blogg.sh.se\/artspace\/wp-json\/wp\/v2\/pages"}],"about":[{"href":"https:\/\/blogg.sh.se\/artspace\/wp-json\/wp\/v2\/types\/page"}],"author":[{"embeddable":true,"href":"https:\/\/blogg.sh.se\/artspace\/wp-json\/wp\/v2\/users\/1"}],"replies":[{"embeddable":true,"href":"https:\/\/blogg.sh.se\/artspace\/wp-json\/wp\/v2\/comments?post=595"}],"version-history":[{"count":1,"href":"https:\/\/blogg.sh.se\/artspace\/wp-json\/wp\/v2\/pages\/595\/revisions"}],"predecessor-version":[{"id":597,"href":"https:\/\/blogg.sh.se\/artspace\/wp-json\/wp\/v2\/pages\/595\/revisions\/597"}],"wp:attachment":[{"href":"https:\/\/blogg.sh.se\/artspace\/wp-json\/wp\/v2\/media?parent=595"}],"curies":[{"name":"wp","href":"https:\/\/api.w.org\/{rel}","templated":true}]}}