{"id":556,"date":"2023-11-13T13:50:31","date_gmt":"2023-11-13T13:50:31","guid":{"rendered":"https:\/\/blogg.sh.se\/artspace\/?page_id=556"},"modified":"2023-11-16T20:26:03","modified_gmt":"2023-11-16T20:26:03","slug":"ur-signora-canedottos-uppordningar-nina-bondeson","status":"publish","type":"page","link":"https:\/\/blogg.sh.se\/artspace\/ur-signora-canedottos-uppordningar-nina-bondeson\/","title":{"rendered":"Ur Signora Canedottos uppordningar. Nina Bondeson."},"content":{"rendered":"\n<h2 class=\"wp-block-heading\">23 september 2023 &#8211;            18 januari 2024.<\/h2>\n\n\n<div class=\"wp-block-image\">\n<figure class=\"aligncenter size-large\"><img loading=\"lazy\" decoding=\"async\" width=\"1024\" height=\"671\" src=\"https:\/\/blogg.sh.se\/artspace\/wp-content\/uploads\/2023\/11\/1.Signora-Canedotto_2002-1024x671.jpg\" alt=\"\" class=\"wp-image-560\" srcset=\"https:\/\/blogg.sh.se\/artspace\/wp-content\/uploads\/2023\/11\/1.Signora-Canedotto_2002-1024x671.jpg 1024w, https:\/\/blogg.sh.se\/artspace\/wp-content\/uploads\/2023\/11\/1.Signora-Canedotto_2002-300x197.jpg 300w, https:\/\/blogg.sh.se\/artspace\/wp-content\/uploads\/2023\/11\/1.Signora-Canedotto_2002-768x504.jpg 768w, https:\/\/blogg.sh.se\/artspace\/wp-content\/uploads\/2023\/11\/1.Signora-Canedotto_2002-1536x1007.jpg 1536w, https:\/\/blogg.sh.se\/artspace\/wp-content\/uploads\/2023\/11\/1.Signora-Canedotto_2002-1200x787.jpg 1200w, https:\/\/blogg.sh.se\/artspace\/wp-content\/uploads\/2023\/11\/1.Signora-Canedotto_2002.jpg 1600w\" sizes=\"auto, (max-width: 1024px) 100vw, 1024px\" \/><figcaption class=\"wp-element-caption\">Signora Canedottos VII:e sortering i XXVI:e uppordning av all v\u00e4rldens ting och f\u00f6reteelser, S\u00f6dert\u00f6rns h\u00f6gskola (2002). (Foto: Statens konstr\u00e5d.)<\/figcaption><\/figure>\n<\/div>\n\n\n<p class=\"has-large-font-size\">S\u00f6dert\u00f6rns h\u00f6gskola h\u00e4rb\u00e4rgerar en av de mest intressanta gestaltningarna i offentlig milj\u00f6 fr\u00e5n perioden kring millennieskiftet. H\u00f6gt upp p\u00e5 v\u00e4ggen utanf\u00f6r h\u00f6gskolans aula breder Signora Candedotto ut sina armar. Verket heter <em>Signora Canedottos VII:e sortering i XXVI:e uppordning av all v\u00e4rldens ting och f\u00f6reteelser<\/em>. Nu visas mer av Nina Bondesson i Art Space &#8211; utst\u00e4llningen knyter an till installationen och hyllar Signoran i ett urval av Bondesons verk. <\/p>\n\n\n\n<p>I installationen utanf\u00f6r h\u00f6gskolans aula ing\u00e5r \u00e4ven skulpturen <em>Hj\u00e4lphund <\/em>en som vakar \u00f6ver Signoran och hennes fyra v\u00e4ggvitriner.  D\u00e4r har Signoran samlat n\u00e5gra objekt ur \u201dskapelsesf\u00f6rs\u00f6kets stora v\u00e4rldsliga ordning\u201d. I estetiken sammanstr\u00e5lar antikt freskm\u00e5leri med nutida tatueringskonst.<\/p>\n\n\n<div class=\"wp-block-image\">\n<figure class=\"aligncenter size-large is-resized\"><img loading=\"lazy\" decoding=\"async\" width=\"1024\" height=\"683\" src=\"https:\/\/blogg.sh.se\/artspace\/wp-content\/uploads\/2023\/11\/3.DSC_2522-1024x683.jpg\" alt=\"\" class=\"wp-image-562\" style=\"width:466px;height:auto\" srcset=\"https:\/\/blogg.sh.se\/artspace\/wp-content\/uploads\/2023\/11\/3.DSC_2522-1024x683.jpg 1024w, https:\/\/blogg.sh.se\/artspace\/wp-content\/uploads\/2023\/11\/3.DSC_2522-300x200.jpg 300w, https:\/\/blogg.sh.se\/artspace\/wp-content\/uploads\/2023\/11\/3.DSC_2522-768x512.jpg 768w, https:\/\/blogg.sh.se\/artspace\/wp-content\/uploads\/2023\/11\/3.DSC_2522-1536x1024.jpg 1536w, https:\/\/blogg.sh.se\/artspace\/wp-content\/uploads\/2023\/11\/3.DSC_2522-2048x1365.jpg 2048w, https:\/\/blogg.sh.se\/artspace\/wp-content\/uploads\/2023\/11\/3.DSC_2522-1200x800.jpg 1200w, https:\/\/blogg.sh.se\/artspace\/wp-content\/uploads\/2023\/11\/3.DSC_2522-1980x1320.jpg 1980w\" sizes=\"auto, (max-width: 1024px) 100vw, 1024px\" \/><figcaption class=\"wp-element-caption\">Hj\u00e4lphund, detalj ur Signora Canedottos VII:e sortering i XXVI:e uppordning av all v\u00e4rldens ting och f\u00f6reteelser, S\u00f6dert\u00f6rns h\u00f6gskola (2002). Foto: S\u00f6dert\u00f6rns h\u00f6gskola.<\/figcaption><\/figure>\n<\/div>\n\n<div class=\"wp-block-image\">\n<figure class=\"aligncenter size-large is-resized\"><img loading=\"lazy\" decoding=\"async\" width=\"2560\" height=\"1707\" src=\"https:\/\/blogg.sh.se\/artspace\/wp-content\/uploads\/2023\/11\/4.-DSC_3221-edited-scaled.jpg\" alt=\"\" class=\"wp-image-567\" style=\"width:471px;height:auto\" srcset=\"https:\/\/blogg.sh.se\/artspace\/wp-content\/uploads\/2023\/11\/4.-DSC_3221-edited-scaled.jpg 2560w, https:\/\/blogg.sh.se\/artspace\/wp-content\/uploads\/2023\/11\/4.-DSC_3221-edited-300x200.jpg 300w, https:\/\/blogg.sh.se\/artspace\/wp-content\/uploads\/2023\/11\/4.-DSC_3221-edited-1024x683.jpg 1024w, https:\/\/blogg.sh.se\/artspace\/wp-content\/uploads\/2023\/11\/4.-DSC_3221-edited-768x512.jpg 768w, https:\/\/blogg.sh.se\/artspace\/wp-content\/uploads\/2023\/11\/4.-DSC_3221-edited-1536x1024.jpg 1536w, https:\/\/blogg.sh.se\/artspace\/wp-content\/uploads\/2023\/11\/4.-DSC_3221-edited-2048x1365.jpg 2048w, https:\/\/blogg.sh.se\/artspace\/wp-content\/uploads\/2023\/11\/4.-DSC_3221-edited-1200x800.jpg 1200w, https:\/\/blogg.sh.se\/artspace\/wp-content\/uploads\/2023\/11\/4.-DSC_3221-edited-1980x1320.jpg 1980w\" sizes=\"auto, (max-width: 2560px) 100vw, 2560px\" \/><figcaption class=\"wp-element-caption\">Vitrin, detalj ur Signora Canedottos VII:e sortering i XXVI:e uppordning av all v\u00e4rldens ting och f\u00f6reteelser, S\u00f6dert\u00f6rns h\u00f6gskola (2002). Foto: S\u00f6dert\u00f6rns h\u00f6gskola.<\/figcaption><\/figure>\n<\/div>\n\n\n<p>Bondeson h\u00f6r till de konstn\u00e4rer i Sverige som tidigt arbetade med digital bildredigeringsteknik, och \u00e4r djupt involverad i utvecklingen av grafiskt tryck och skilda medier. Den nya utst\u00e4llningen <em>Ur Signora Canedottos ordningar<\/em> i Art Space \u00e4r en hyllning till Signoran och visar ett henne i ett urval av Bondesons m\u00e5lningar, objekt, lampor och grafiska blad. I Nina Bondesons konstn\u00e4rskap blandas fiktiva ber\u00e4ttelser, figurer, objekt och m\u00e4rkliga h\u00e4ndelser. Filosofer och vetenskapsm\u00e4n som Arthur Schopenhauer (1788-1860) eller atomfysikern Nils Bohr (1885-1962) kan dyka upp tillsammans med en handfull egensinniga personer som Bondeson skrivit fram, som just Signora Canedotto.<\/p>\n\n\n\n<p>Nina Bondeson, f\u00f6dd i Stockholm 1953, lever och verkar i M\u00f6lndal utanf\u00f6r G\u00f6teborg. Hon utbildade sig vid Kungliga Konsth\u00f6gskolan 1983-1988 och \u00e4r grafiker i grunden, men arbetar i flera medier och material. 2002 utf\u00f6rdes hennes stora installation vid S\u00f6dert\u00f6rns h\u00f6gskola genom Statens konstr\u00e5d, och den planeras att renoveras under 2024.<\/p>\n\n\n\n<h2 class=\"wp-block-heading\">Bilder fr\u00e5n utst\u00e4llningen<\/h2>\n\n\n<div class=\"wp-block-image\">\n<figure class=\"aligncenter size-large\"><img loading=\"lazy\" decoding=\"async\" width=\"1024\" height=\"724\" src=\"https:\/\/blogg.sh.se\/artspace\/wp-content\/uploads\/2023\/11\/7.Jeremy-Adagios-kok-300-dpi-1024x724.jpg\" alt=\"\" class=\"wp-image-566\" srcset=\"https:\/\/blogg.sh.se\/artspace\/wp-content\/uploads\/2023\/11\/7.Jeremy-Adagios-kok-300-dpi-1024x724.jpg 1024w, https:\/\/blogg.sh.se\/artspace\/wp-content\/uploads\/2023\/11\/7.Jeremy-Adagios-kok-300-dpi-300x212.jpg 300w, https:\/\/blogg.sh.se\/artspace\/wp-content\/uploads\/2023\/11\/7.Jeremy-Adagios-kok-300-dpi-768x543.jpg 768w, https:\/\/blogg.sh.se\/artspace\/wp-content\/uploads\/2023\/11\/7.Jeremy-Adagios-kok-300-dpi-1536x1086.jpg 1536w, https:\/\/blogg.sh.se\/artspace\/wp-content\/uploads\/2023\/11\/7.Jeremy-Adagios-kok-300-dpi-2048x1448.jpg 2048w, https:\/\/blogg.sh.se\/artspace\/wp-content\/uploads\/2023\/11\/7.Jeremy-Adagios-kok-300-dpi-1200x848.jpg 1200w, https:\/\/blogg.sh.se\/artspace\/wp-content\/uploads\/2023\/11\/7.Jeremy-Adagios-kok-300-dpi-1980x1400.jpg 1980w\" sizes=\"auto, (max-width: 1024px) 100vw, 1024px\" \/><figcaption class=\"wp-element-caption\">Nina Bondeson, Ur den sj\u00e4lvl\u00e4rde Jeremy Adagios dagbok, digitalt original ca 1998, vepa. Fr\u00e5n utst\u00e4llningen Nina Bondeson. Ur Signora Canedottos uppordningar, Art Space S\u00f6dert\u00f6rn, 2023-2024. <\/figcaption><\/figure>\n<\/div>\n\n<div class=\"wp-block-image\">\n<figure class=\"aligncenter size-full is-resized\"><img decoding=\"async\" src=\"https:\/\/blogg.sh.se\/artspace\/wp-content\/uploads\/2023\/11\/5.-Forsok-tanka-pa-ngt-annat-2.-120-dpi-sv-vit.jpg\" alt=\"\" class=\"wp-image-564\" style=\"aspect-ratio:0.75;object-fit:cover;width:548px;height:auto\"\/><figcaption class=\"wp-element-caption\">Nina Bondeson, Lektion i Hundr\u00e4ddskolan: F\u00f6rs\u00f6k att t\u00e4nka p\u00e5 n\u00e5got annat. Photoshop, digitalt original 1998, litografi. Fr\u00e5n utst\u00e4llningen Nina Bondeson. Ur Signora Canedottos uppordningar, Art Space S\u00f6dert\u00f6rn, 2023-2024.<\/figcaption><\/figure>\n<\/div>\n\n<div class=\"wp-block-image\">\n<figure class=\"aligncenter size-full is-resized\"><img loading=\"lazy\" decoding=\"async\" width=\"702\" height=\"992\" src=\"https:\/\/blogg.sh.se\/artspace\/wp-content\/uploads\/2023\/11\/6.Forsok-tanka-pa-ngt-annat-120-dpi.jpg\" alt=\"\" class=\"wp-image-565\" style=\"aspect-ratio:0.75;object-fit:cover;width:548px;height:auto\" srcset=\"https:\/\/blogg.sh.se\/artspace\/wp-content\/uploads\/2023\/11\/6.Forsok-tanka-pa-ngt-annat-120-dpi.jpg 702w, https:\/\/blogg.sh.se\/artspace\/wp-content\/uploads\/2023\/11\/6.Forsok-tanka-pa-ngt-annat-120-dpi-212x300.jpg 212w\" sizes=\"auto, (max-width: 702px) 100vw, 702px\" \/><figcaption class=\"wp-element-caption\">Nina Bondeson, Lektion i Hundr\u00e4ddskolan: F\u00f6rs\u00f6k att t\u00e4nka p\u00e5 n\u00e5got annat. Photoshop, digitalt original 1998, lampa. Fr\u00e5n utst\u00e4llningen Nina Bondeson. Ur Signora Canedottos uppordningar, Art Space S\u00f6dert\u00f6rn, 2023-2024. <\/figcaption><\/figure>\n<\/div>","protected":false},"excerpt":{"rendered":"<p>23 september 2023 &#8211; 18 januari 2024. S\u00f6dert\u00f6rns h\u00f6gskola h\u00e4rb\u00e4rgerar en av de mest intressanta gestaltningarna i offentlig milj\u00f6 fr\u00e5n perioden kring millennieskiftet. H\u00f6gt upp p\u00e5 v\u00e4ggen utanf\u00f6r h\u00f6gskolans aula [&hellip;]<\/p>\n","protected":false},"author":1,"featured_media":0,"parent":0,"menu_order":0,"comment_status":"closed","ping_status":"closed","template":"","meta":{"footnotes":""},"class_list":["post-556","page","type-page","status-publish","hentry"],"_links":{"self":[{"href":"https:\/\/blogg.sh.se\/artspace\/wp-json\/wp\/v2\/pages\/556","targetHints":{"allow":["GET"]}}],"collection":[{"href":"https:\/\/blogg.sh.se\/artspace\/wp-json\/wp\/v2\/pages"}],"about":[{"href":"https:\/\/blogg.sh.se\/artspace\/wp-json\/wp\/v2\/types\/page"}],"author":[{"embeddable":true,"href":"https:\/\/blogg.sh.se\/artspace\/wp-json\/wp\/v2\/users\/1"}],"replies":[{"embeddable":true,"href":"https:\/\/blogg.sh.se\/artspace\/wp-json\/wp\/v2\/comments?post=556"}],"version-history":[{"count":7,"href":"https:\/\/blogg.sh.se\/artspace\/wp-json\/wp\/v2\/pages\/556\/revisions"}],"predecessor-version":[{"id":582,"href":"https:\/\/blogg.sh.se\/artspace\/wp-json\/wp\/v2\/pages\/556\/revisions\/582"}],"wp:attachment":[{"href":"https:\/\/blogg.sh.se\/artspace\/wp-json\/wp\/v2\/media?parent=556"}],"curies":[{"name":"wp","href":"https:\/\/api.w.org\/{rel}","templated":true}]}}