{"id":490,"date":"2023-09-11T12:33:08","date_gmt":"2023-09-11T12:33:08","guid":{"rendered":"https:\/\/blogg.sh.se\/artspace\/?page_id=490"},"modified":"2023-09-19T09:32:05","modified_gmt":"2023-09-19T09:32:05","slug":"lenke-rothman-den-roda-traden","status":"publish","type":"page","link":"https:\/\/blogg.sh.se\/artspace\/lenke-rothman-den-roda-traden\/","title":{"rendered":"Lenke Rothman. Den r\u00f6da tr\u00e5den."},"content":{"rendered":"\n<h2 class=\"wp-block-heading alignwide has-text-align-center\">21 september  &#8211;  9 november 2023<\/h2>\n\n\n<div class=\"wp-block-image\">\n<figure class=\"aligncenter size-full is-resized\"><img loading=\"lazy\" decoding=\"async\" src=\"https:\/\/blogg.sh.se\/artspace\/wp-content\/uploads\/2023\/09\/Lenke-R.jpg\" alt=\"\" class=\"wp-image-493\" style=\"width:348px;height:459px\" width=\"348\" height=\"459\" srcset=\"https:\/\/blogg.sh.se\/artspace\/wp-content\/uploads\/2023\/09\/Lenke-R.jpg 312w, https:\/\/blogg.sh.se\/artspace\/wp-content\/uploads\/2023\/09\/Lenke-R-227x300.jpg 227w\" sizes=\"auto, (max-width: 348px) 100vw, 348px\" \/><figcaption class=\"wp-element-caption\">Lenke Rothman, Nutida konst, Uppsala, 1960. Foto: Gunnar Sundgren \/ Alvin.<\/figcaption><\/figure>\n<\/div>\n\n\n<p class=\"has-large-font-size\">Lenke Rothman. Den r\u00f6da tr\u00e5den, presenterar m\u00e5lningar och objekt av Lenke Rothman (1929-2008) fr\u00e5n tidigt 1960-tal. Filmen <em>Andy Warhol m\u00f6ter Lenke Rothman<\/em> (SVT1, 1982), och boken <em>The Quality of Life<\/em> (Kalejdoskop, 1980), en artists book i dagboksform, ger utst\u00e4llningens inramning.<\/p>\n\n\n\n<p>Lenke Rothman h\u00f6r till efterkrigstidens mest angel\u00e4gna konstn\u00e4rskap. Hon f\u00f6ddes i staden Kiskunf\u00e9legyh\u00e1za i Ungern och f\u00f6rlorade st\u00f6rre delen av sin stora familj i nazisternas koncentrationsl\u00e4ger. Sj\u00e4lv var hon internerad i Auschwitz, Guben och Bergen-Belsen \u00e5ren 1944-45. Som 16-\u00e5ring f\u00f6rdes en sv\u00e5rt sjuk Rothman av R\u00f6da Korset till Sverige och efter flera \u00e5r som konvalescent genomf\u00f6rde hon sin konstn\u00e4rliga utbildning i Stockholm och Ravenna. Rothman deltog i grupputst\u00e4llningar fr\u00e5n 1951 och hade sina tv\u00e5 f\u00f6rsta separatutst\u00e4llningar 1960 f\u00f6ljt av m\u00e5nga framg\u00e5ngsrika \u00e5r. Hennes efterl\u00e4mnade konstn\u00e4rskap som omfattar m\u00e5leri, objekt, grafik, scenografi, och film \u00e4r rikt och relevant f\u00f6r v\u00e5r tid.<\/p>\n\n\n<div class=\"wp-block-image\">\n<figure class=\"aligncenter size-full is-resized\"><img loading=\"lazy\" decoding=\"async\" src=\"https:\/\/blogg.sh.se\/artspace\/wp-content\/uploads\/2023\/09\/Insta_Warhol_Rothman_Intro.jpg\" alt=\"Andy Warhol m\u00f6ter Lenke Rothman\" class=\"wp-image-491\" style=\"width:418px;height:235px\" width=\"418\" height=\"235\" srcset=\"https:\/\/blogg.sh.se\/artspace\/wp-content\/uploads\/2023\/09\/Insta_Warhol_Rothman_Intro.jpg 640w, https:\/\/blogg.sh.se\/artspace\/wp-content\/uploads\/2023\/09\/Insta_Warhol_Rothman_Intro-300x169.jpg 300w\" sizes=\"auto, (max-width: 418px) 100vw, 418px\" \/><\/figure>\n<\/div>\n\n\n<p class=\"has-text-align-left\">Det ov\u00e4ntade och entusiastiska m\u00f6tet mellan Warhol och Rothman p\u00e5 Manhattan 1981 i TV-filmen <em>Andy Warhol m\u00f6ter Lenke Rothman<\/em> kretsar kring betydelsen av det enkla seendet. Att alltid s\u00f6ka nya v\u00e4gar, former, tecken f\u00f6r liv bortom rutin och f\u00f6rstelning var enligt Rothman det enda m\u00f6jliga. Den r\u00f6da tr\u00e5den framtr\u00e4der tillsammans med enkla f\u00f6rem\u00e5l och tecken i m\u00e5lningarna, tillsammans med stygn och andra uttryck f\u00f6r s\u00e5rbarhet och sm\u00e4rta. I boken <em>Quality of Life<\/em> med dess dagboksformat, f\u00f6rm\u00e5dde Rothman gestalta den historiska katastrofen och det egna livsf\u00f6rloppet.<\/p>\n\n\n\n<figure class=\"wp-block-image size-large\"><img loading=\"lazy\" decoding=\"async\" width=\"1024\" height=\"826\" src=\"https:\/\/blogg.sh.se\/artspace\/wp-content\/uploads\/2023\/09\/Art-space_Rothman_roda-traden-3-1024x826.jpg\" alt=\"Den r\u00f6da tr\u00e5den, tempera, ogrundad duk, s\u00f6mnad, tyg, 1962.\" class=\"wp-image-528\" srcset=\"https:\/\/blogg.sh.se\/artspace\/wp-content\/uploads\/2023\/09\/Art-space_Rothman_roda-traden-3-1024x826.jpg 1024w, https:\/\/blogg.sh.se\/artspace\/wp-content\/uploads\/2023\/09\/Art-space_Rothman_roda-traden-3-300x242.jpg 300w, https:\/\/blogg.sh.se\/artspace\/wp-content\/uploads\/2023\/09\/Art-space_Rothman_roda-traden-3-768x619.jpg 768w, https:\/\/blogg.sh.se\/artspace\/wp-content\/uploads\/2023\/09\/Art-space_Rothman_roda-traden-3-1200x968.jpg 1200w, https:\/\/blogg.sh.se\/artspace\/wp-content\/uploads\/2023\/09\/Art-space_Rothman_roda-traden-3.jpg 1462w\" sizes=\"auto, (max-width: 1024px) 100vw, 1024px\" \/><figcaption class=\"wp-element-caption\">Den r\u00f6da tr\u00e5den, 1962. Tempera, ogrundad duk, s\u00f6mnad, tyg. <\/figcaption><\/figure>\n\n\n\n<p>Konstverken i utst\u00e4llningen \u00e4r gener\u00f6st utl\u00e5nade ur Lenke Rothmans kvarl\u00e5tenskap via sonen Elias Arn\u00e9r. SVTs film <em>Andy Warhol m\u00f6ter Lenke Rothman<\/em>, produktion Jan Sundstr\u00f6m och Roland Odlander, fotograf Peter Davis, kommer fr\u00e5n SVT:s arkiv. Boken visas i sin originalutg\u00e5va och i nytrycket <em>Quality of Life<\/em> (Igen), Sveriges Allm\u00e4nna Konstf\u00f6rening, 2022. Art Space S\u00f6dert\u00f6rn tackar Elias och Madelene Arn\u00e9r; Annelie Bergman vid SVT samt Sara Walker vid Sveriges Allm\u00e4nna Konstf\u00f6rening varmt.<\/p>\n\n\n\n<h2 class=\"wp-block-heading\">Bilder fr\u00e5n utst\u00e4llningen<\/h2>\n\n\n\n<figure class=\"wp-block-image size-large is-resized\"><img loading=\"lazy\" decoding=\"async\" src=\"https:\/\/blogg.sh.se\/artspace\/wp-content\/uploads\/2023\/09\/Art-space_Lenke-Rothman_tag-667x1024.jpg\" alt=\"T\u00e5g, 1964. Tempera p\u00e5 duk.\" class=\"wp-image-527\" style=\"width:260px;height:399px\" width=\"260\" height=\"399\"\/><figcaption class=\"wp-element-caption\">T\u00e5g, 1964. Tempera p\u00e5\nduk.<\/figcaption><\/figure>\n\n\n\n<div class=\"wp-block-columns is-layout-flex wp-container-core-columns-is-layout-9d6595d7 wp-block-columns-is-layout-flex\">\n<div class=\"wp-block-column is-layout-flow wp-block-column-is-layout-flow\" style=\"flex-basis:100%\">\n<figure class=\"wp-block-image size-large\"><img loading=\"lazy\" decoding=\"async\" width=\"1024\" height=\"632\" src=\"https:\/\/blogg.sh.se\/artspace\/wp-content\/uploads\/2023\/09\/Art-space_Rothman_harstra-i-halsen_ny2-1024x632.jpg\" alt=\"Med ett h\u00e5rstr\u00e5 i halsen 3 och 3, 1964, tempera p\u00e5 duk.\" class=\"wp-image-543\"\/><figcaption class=\"wp-element-caption\">Med ett h\u00e5rstr\u00e5 i halsen 3 och 3, 1964. Tempera p\u00e5 duk.<\/figcaption><\/figure>\n<\/div>\n<\/div>\n","protected":false},"excerpt":{"rendered":"<p>21 september &#8211; 9 november 2023 Lenke Rothman. Den r\u00f6da tr\u00e5den, presenterar m\u00e5lningar och objekt av Lenke Rothman (1929-2008) fr\u00e5n tidigt 1960-tal. Filmen Andy Warhol m\u00f6ter Lenke Rothman (SVT1, 1982), [&hellip;]<\/p>\n","protected":false},"author":1,"featured_media":0,"parent":0,"menu_order":0,"comment_status":"closed","ping_status":"closed","template":"","meta":{"footnotes":""},"class_list":["post-490","page","type-page","status-publish","hentry"],"_links":{"self":[{"href":"https:\/\/blogg.sh.se\/artspace\/wp-json\/wp\/v2\/pages\/490","targetHints":{"allow":["GET"]}}],"collection":[{"href":"https:\/\/blogg.sh.se\/artspace\/wp-json\/wp\/v2\/pages"}],"about":[{"href":"https:\/\/blogg.sh.se\/artspace\/wp-json\/wp\/v2\/types\/page"}],"author":[{"embeddable":true,"href":"https:\/\/blogg.sh.se\/artspace\/wp-json\/wp\/v2\/users\/1"}],"replies":[{"embeddable":true,"href":"https:\/\/blogg.sh.se\/artspace\/wp-json\/wp\/v2\/comments?post=490"}],"version-history":[{"count":19,"href":"https:\/\/blogg.sh.se\/artspace\/wp-json\/wp\/v2\/pages\/490\/revisions"}],"predecessor-version":[{"id":545,"href":"https:\/\/blogg.sh.se\/artspace\/wp-json\/wp\/v2\/pages\/490\/revisions\/545"}],"wp:attachment":[{"href":"https:\/\/blogg.sh.se\/artspace\/wp-json\/wp\/v2\/media?parent=490"}],"curies":[{"name":"wp","href":"https:\/\/api.w.org\/{rel}","templated":true}]}}