{"id":314,"date":"2023-03-30T10:57:06","date_gmt":"2023-03-30T10:57:06","guid":{"rendered":"https:\/\/blogg.sh.se\/artspace\/?page_id=314"},"modified":"2023-05-16T10:34:24","modified_gmt":"2023-05-16T10:34:24","slug":"relatos-arvda-berattelser-av-ricard-estay","status":"publish","type":"page","link":"https:\/\/blogg.sh.se\/artspace\/relatos-arvda-berattelser-av-ricard-estay\/","title":{"rendered":"Relatos. \u00c4rvda ber\u00e4ttelser, av Ricard Estay"},"content":{"rendered":"\n<h2 class=\"wp-block-heading has-text-align-center\">12 april \u2013 2 juni 2023<\/h2>\n\n\n\n<figure class=\"wp-block-image alignwide size-large\"><img loading=\"lazy\" decoding=\"async\" width=\"1024\" height=\"742\" src=\"https:\/\/blogg.sh.se\/artspace\/wp-content\/uploads\/2023\/03\/BOTKYRKA-low-1024x742.jpg\" alt=\"\" class=\"wp-image-315\" srcset=\"https:\/\/blogg.sh.se\/artspace\/wp-content\/uploads\/2023\/03\/BOTKYRKA-low-1024x742.jpg 1024w, https:\/\/blogg.sh.se\/artspace\/wp-content\/uploads\/2023\/03\/BOTKYRKA-low-300x217.jpg 300w, https:\/\/blogg.sh.se\/artspace\/wp-content\/uploads\/2023\/03\/BOTKYRKA-low-768x557.jpg 768w, https:\/\/blogg.sh.se\/artspace\/wp-content\/uploads\/2023\/03\/BOTKYRKA-low-1536x1114.jpg 1536w, https:\/\/blogg.sh.se\/artspace\/wp-content\/uploads\/2023\/03\/BOTKYRKA-low-1200x870.jpg 1200w, https:\/\/blogg.sh.se\/artspace\/wp-content\/uploads\/2023\/03\/BOTKYRKA-low.jpg 1978w\" sizes=\"auto, (max-width: 1024px) 100vw, 1024px\" \/><figcaption class=\"wp-element-caption\">Jos\u00e9 Estay, <em>Familjefestivalen<\/em>, 1987. Ur Ricard Estay, <em>Relatos. \u00c4rvda ber\u00e4ttelser<\/em>. Art Space S\u00f6dert\u00f6rn, 2023.<\/figcaption><\/figure>\n\n\n\n<figure class=\"wp-block-pullquote alignwide has-small-font-size\"><blockquote><p>L\u00e4nge har jag sneglat p\u00e5 mitt arv. Bilderna min pappa gav mig innan sin bortg\u00e5ng. F\u00f6rra \u00e5ret satte jag ig\u00e5ng med att organisera det han l\u00e4mnat efter sig.&nbsp; Det jag m\u00f6tte i arkivet var en f\u00f6rg\u00e5ngen tid d\u00e5 folkhemmet \u00e4nnu bar p\u00e5 hopp.&nbsp;<\/p><cite>Ricard Estay, 2023<\/cite><\/blockquote><\/figure>\n\n\n\n<p class=\"has-large-font-size\">Ricard Estays utst\u00e4llning i Art Space S\u00f6dert\u00f6rn v\u00e5ren 2023 handlar om att s\u00f6ka sin historia och om en f\u00f6rg\u00e5ngen tid av solidaritet och kamp. Utst\u00e4llningen visas 50 \u00e5r efter milit\u00e4rkuppen i Chile 1973.<\/p>\n\n\n\n<p class=\"has-normal-font-size\">Fadern Jos\u00e9 Estay (1949 &#8211; 2012) deltog i motst\u00e5ndsr\u00f6relsen i Chile efter kuppen. Han blev politisk f\u00e5nge i Argentina innan han frigavs av FN efter politiska p\u00e5tryckningar. Till Sverige kom han 1976, arbetade som vaktm\u00e4stare men var ocks\u00e5 fotograf och \u00e4gnade all fritid \u00e5t kultur- och solidaritetsprojekt. Vid resor tillbaka till Latinamerika dokumenterade han urinnev\u00e5nares liv i Peru, Bolivia och Colombia, i fotografier som st\u00e4lldes ut p\u00e5 1980-talet.<\/p>\n\n\n\n<p class=\"has-normal-font-size\">Ricard Estay b\u00f6rjade efter faderns d\u00f6d ordna i pappans efterl\u00e4mnade arkiv, i ett slags sp\u00e5rs\u00f6kning. Han gjorde \u00e4ven en resa till byn Catripulli, faderns f\u00f6delseort i Chile. Utst\u00e4llningenpresenterar fotografi och film. I installationen \u00e5terger Ricard Estay faderns och sonens fotografiska skildringar av de platser de hade gemensamt, Chile och Fittja. Videoverket, <em>Relatos del Exilio <\/em>ber\u00e4ttar om \u00e5terresan till Catripulli och det om\u00f6jliga s\u00f6kandet efter ett ursprung.<\/p>\n\n\n\n<p>Utst\u00e4llningen <em>Relatos. \u00c4rvda ber\u00e4ttelser av Ricard Estay<\/em>, \u00e4r Art Space S\u00f6dert\u00f6rns fj\u00e4rde utst\u00e4llning. Vernissage: onsdagen den 12 april 16.00-18.00. &nbsp;\u00d6ppettider: alla vardagar kl 10.00-16.00 till och med den 2 juni. H\u00e5ll utkik efter programpunkter under kalendariet, <a href=\"https:\/\/www.sh.se\/kalender\" data-type=\"URL\" data-id=\"https:\/\/www.sh.se\/kalender\">www.sh.se\/kalender<\/a>. Kontakta Art Space f\u00f6r bokning av visningar eller f\u00f6rel\u00e4sningar, e-post: <a href=\"mailto:artspace@sh.se\">artspace@sh.se<\/a>.<\/p>\n\n\n\n<div class=\"wp-block-media-text alignwide is-stacked-on-mobile is-vertically-aligned-center has-background\" style=\"background-color:#d6c5ba57\"><figure class=\"wp-block-media-text__media\"><img loading=\"lazy\" decoding=\"async\" width=\"732\" height=\"1024\" src=\"https:\/\/blogg.sh.se\/artspace\/wp-content\/uploads\/2023\/03\/pappa_PRESS-low-732x1024.jpg\" alt=\"\" class=\"wp-image-330 size-full\" srcset=\"https:\/\/blogg.sh.se\/artspace\/wp-content\/uploads\/2023\/03\/pappa_PRESS-low-732x1024.jpg 732w, https:\/\/blogg.sh.se\/artspace\/wp-content\/uploads\/2023\/03\/pappa_PRESS-low-214x300.jpg 214w, https:\/\/blogg.sh.se\/artspace\/wp-content\/uploads\/2023\/03\/pappa_PRESS-low-768x1075.jpg 768w, https:\/\/blogg.sh.se\/artspace\/wp-content\/uploads\/2023\/03\/pappa_PRESS-low-1097x1536.jpg 1097w, https:\/\/blogg.sh.se\/artspace\/wp-content\/uploads\/2023\/03\/pappa_PRESS-low-1463x2048.jpg 1463w, https:\/\/blogg.sh.se\/artspace\/wp-content\/uploads\/2023\/03\/pappa_PRESS-low-1200x1680.jpg 1200w, https:\/\/blogg.sh.se\/artspace\/wp-content\/uploads\/2023\/03\/pappa_PRESS-low-scaled.jpg 1829w\" sizes=\"auto, (max-width: 732px) 100vw, 732px\" \/><\/figure><div class=\"wp-block-media-text__content\">\n<p class=\"has-text-align-left has-extra-small-font-size\"><strong>\u00d6ppettider:<\/strong>&nbsp;vardagar 10.00-16.00<br><strong>Utst\u00e4llningsperiod:<\/strong> 12 april \u2013&nbsp;2 juni 2023<br><strong>Vernissage:<\/strong> onsdag 12 april 16.00-18.00<\/p>\n\n\n\n<p><strong>Hitta hit:<\/strong>&nbsp;Art Space S\u00f6dert\u00f6rn ligger p\u00e5 S\u00f6dert\u00f6rns h\u00f6gskola i Flemingsberg, centralt p\u00e5 campus till h\u00f6ger om huvudentr\u00e9n i huset Moas b\u00e5ge. S\u00f6dert\u00f6rns h\u00f6gskola ligger 5 minuters promenad fr\u00e5n Flemingsberg centrum eller 19 minuter med lokaltrafik fr\u00e5n Stockholm City. Tag pendelt\u00e5g eller fj\u00e4rrt\u00e5g till Flemingsbergs station och v\u00e4lj uppg\u00e5ngen mot S\u00f6dert\u00f6rns h\u00f6gskola<\/p>\n\n\n\n<p><strong>Art Space&nbsp;<\/strong>drivs av S\u00f6dert\u00f6rns h\u00f6gskola i samverkan med Stiftelsen Clara.<\/p>\n\n\n\n<p><strong>Kontakt:<\/strong> <br>E-post: <a href=\"mailto:artspace@sh.se\">artspace@sh.se<\/a>.<\/p>\n\n\n\n<hr class=\"wp-block-separator has-alpha-channel-opacity is-style-default\"\/>\n\n\n\n<p class=\"has-text-align-right\">Bild: Ricard Estay, <em>Pressleget<\/em>, 2022. Ur Ricard Estay, <em>Relatos. \u00c4rvda ber\u00e4ttelser<\/em>. Art Space S\u00f6dert\u00f6rn, 2023.<\/p>\n<\/div><\/div>\n\n\n\n<hr class=\"wp-block-separator has-alpha-channel-opacity\"\/>\n\n\n\n<p><strong>Ricard&nbsp;Estay <\/strong>(f.1985) fotograf, konstn\u00e4r och f\u00f6rfattare, bor och arbetar i Stockholm. Utst\u00e4llningar i urval: <em>Diaspora Letters vol. 2<\/em> (2021), Botkyrka konsthall, <em>En g\u00e5ng i betongen<\/em> (2021), Goethe Institutet, Stockholm, <em>Internationella Motst\u00e5ndsmuseet 1978-2020<\/em> (2019-2020), S\u00f6dert\u00e4lje konsthall. B\u00f6cker i urval: Ricard Estay &amp; Nicol\u00e1s Wormull, <em>Diaspora Letters<\/em>, Andr\u00e9 Fr\u00e8re \u00c8ditions, 2021 och Ricard Estay, <em>En g\u00e5ng i Betongen<\/em>, Stockholm: eget f\u00f6rlag, 2019. <a href=\"http:\/\/www.ricardestay.com\" data-type=\"URL\" data-id=\"www.ricardestay.com\">www.ricardestay.com<\/a><\/p>\n\n\n\n<h3 class=\"wp-block-heading alignwide\">Bilder fr\u00e5n utst\u00e4llningen<\/h3>\n\n\n\n<figure class=\"wp-block-gallery alignwide has-nested-images columns-default is-cropped wp-block-gallery-1 is-layout-flex wp-block-gallery-is-layout-flex\">\n<figure class=\"wp-block-image size-large\"><img loading=\"lazy\" decoding=\"async\" width=\"1024\" height=\"683\" data-id=\"364\" src=\"https:\/\/blogg.sh.se\/artspace\/wp-content\/uploads\/2023\/05\/DSC9360-1024x683.jpg\" alt=\"\" class=\"wp-image-364\" srcset=\"https:\/\/blogg.sh.se\/artspace\/wp-content\/uploads\/2023\/05\/DSC9360-1024x683.jpg 1024w, https:\/\/blogg.sh.se\/artspace\/wp-content\/uploads\/2023\/05\/DSC9360-300x200.jpg 300w, https:\/\/blogg.sh.se\/artspace\/wp-content\/uploads\/2023\/05\/DSC9360-768x512.jpg 768w, https:\/\/blogg.sh.se\/artspace\/wp-content\/uploads\/2023\/05\/DSC9360-1200x800.jpg 1200w, https:\/\/blogg.sh.se\/artspace\/wp-content\/uploads\/2023\/05\/DSC9360.jpg 1500w\" sizes=\"auto, (max-width: 1024px) 100vw, 1024px\" \/><\/figure>\n\n\n\n<figure class=\"wp-block-image size-large\"><img loading=\"lazy\" decoding=\"async\" width=\"1024\" height=\"683\" data-id=\"368\" src=\"https:\/\/blogg.sh.se\/artspace\/wp-content\/uploads\/2023\/05\/DSC9373-1024x683.jpg\" alt=\"\" class=\"wp-image-368\" srcset=\"https:\/\/blogg.sh.se\/artspace\/wp-content\/uploads\/2023\/05\/DSC9373-1024x683.jpg 1024w, https:\/\/blogg.sh.se\/artspace\/wp-content\/uploads\/2023\/05\/DSC9373-300x200.jpg 300w, https:\/\/blogg.sh.se\/artspace\/wp-content\/uploads\/2023\/05\/DSC9373-768x512.jpg 768w, https:\/\/blogg.sh.se\/artspace\/wp-content\/uploads\/2023\/05\/DSC9373-1200x800.jpg 1200w, https:\/\/blogg.sh.se\/artspace\/wp-content\/uploads\/2023\/05\/DSC9373.jpg 1500w\" sizes=\"auto, (max-width: 1024px) 100vw, 1024px\" \/><\/figure>\n\n\n\n<figure class=\"wp-block-image size-large\"><img loading=\"lazy\" decoding=\"async\" width=\"1024\" height=\"683\" data-id=\"366\" src=\"https:\/\/blogg.sh.se\/artspace\/wp-content\/uploads\/2023\/05\/DSC9363-1024x683.jpg\" alt=\"\" class=\"wp-image-366\" srcset=\"https:\/\/blogg.sh.se\/artspace\/wp-content\/uploads\/2023\/05\/DSC9363-1024x683.jpg 1024w, https:\/\/blogg.sh.se\/artspace\/wp-content\/uploads\/2023\/05\/DSC9363-300x200.jpg 300w, https:\/\/blogg.sh.se\/artspace\/wp-content\/uploads\/2023\/05\/DSC9363-768x512.jpg 768w, https:\/\/blogg.sh.se\/artspace\/wp-content\/uploads\/2023\/05\/DSC9363-1200x800.jpg 1200w, https:\/\/blogg.sh.se\/artspace\/wp-content\/uploads\/2023\/05\/DSC9363.jpg 1500w\" sizes=\"auto, (max-width: 1024px) 100vw, 1024px\" \/><\/figure>\n\n\n\n<figure class=\"wp-block-image size-large\"><img loading=\"lazy\" decoding=\"async\" width=\"1024\" height=\"683\" data-id=\"370\" src=\"https:\/\/blogg.sh.se\/artspace\/wp-content\/uploads\/2023\/05\/DSC9382-1024x683.jpg\" alt=\"\" class=\"wp-image-370\" srcset=\"https:\/\/blogg.sh.se\/artspace\/wp-content\/uploads\/2023\/05\/DSC9382-1024x683.jpg 1024w, https:\/\/blogg.sh.se\/artspace\/wp-content\/uploads\/2023\/05\/DSC9382-300x200.jpg 300w, https:\/\/blogg.sh.se\/artspace\/wp-content\/uploads\/2023\/05\/DSC9382-768x512.jpg 768w, https:\/\/blogg.sh.se\/artspace\/wp-content\/uploads\/2023\/05\/DSC9382-1200x800.jpg 1200w, https:\/\/blogg.sh.se\/artspace\/wp-content\/uploads\/2023\/05\/DSC9382.jpg 1500w\" sizes=\"auto, (max-width: 1024px) 100vw, 1024px\" \/><\/figure>\n\n\n\n<figure class=\"wp-block-image size-large\"><img loading=\"lazy\" decoding=\"async\" width=\"1024\" height=\"683\" data-id=\"374\" src=\"https:\/\/blogg.sh.se\/artspace\/wp-content\/uploads\/2023\/05\/DSC9396-1024x683.jpg\" alt=\"\" class=\"wp-image-374\" srcset=\"https:\/\/blogg.sh.se\/artspace\/wp-content\/uploads\/2023\/05\/DSC9396-1024x683.jpg 1024w, https:\/\/blogg.sh.se\/artspace\/wp-content\/uploads\/2023\/05\/DSC9396-300x200.jpg 300w, https:\/\/blogg.sh.se\/artspace\/wp-content\/uploads\/2023\/05\/DSC9396-768x512.jpg 768w, https:\/\/blogg.sh.se\/artspace\/wp-content\/uploads\/2023\/05\/DSC9396-1200x800.jpg 1200w, https:\/\/blogg.sh.se\/artspace\/wp-content\/uploads\/2023\/05\/DSC9396.jpg 1500w\" sizes=\"auto, (max-width: 1024px) 100vw, 1024px\" \/><\/figure>\n\n\n\n<figure class=\"wp-block-image size-large\"><img loading=\"lazy\" decoding=\"async\" width=\"1024\" height=\"683\" data-id=\"371\" src=\"https:\/\/blogg.sh.se\/artspace\/wp-content\/uploads\/2023\/05\/DSC9383-1024x683.jpg\" alt=\"\" class=\"wp-image-371\" srcset=\"https:\/\/blogg.sh.se\/artspace\/wp-content\/uploads\/2023\/05\/DSC9383-1024x683.jpg 1024w, https:\/\/blogg.sh.se\/artspace\/wp-content\/uploads\/2023\/05\/DSC9383-300x200.jpg 300w, https:\/\/blogg.sh.se\/artspace\/wp-content\/uploads\/2023\/05\/DSC9383-768x512.jpg 768w, https:\/\/blogg.sh.se\/artspace\/wp-content\/uploads\/2023\/05\/DSC9383-1200x800.jpg 1200w, https:\/\/blogg.sh.se\/artspace\/wp-content\/uploads\/2023\/05\/DSC9383.jpg 1500w\" sizes=\"auto, (max-width: 1024px) 100vw, 1024px\" \/><\/figure>\n\n\n\n<figure class=\"wp-block-image size-large\"><img loading=\"lazy\" decoding=\"async\" width=\"1024\" height=\"683\" data-id=\"369\" src=\"https:\/\/blogg.sh.se\/artspace\/wp-content\/uploads\/2023\/05\/DSC9377-1024x683.jpg\" alt=\"\" class=\"wp-image-369\" srcset=\"https:\/\/blogg.sh.se\/artspace\/wp-content\/uploads\/2023\/05\/DSC9377-1024x683.jpg 1024w, https:\/\/blogg.sh.se\/artspace\/wp-content\/uploads\/2023\/05\/DSC9377-300x200.jpg 300w, https:\/\/blogg.sh.se\/artspace\/wp-content\/uploads\/2023\/05\/DSC9377-768x512.jpg 768w, https:\/\/blogg.sh.se\/artspace\/wp-content\/uploads\/2023\/05\/DSC9377-1200x800.jpg 1200w, https:\/\/blogg.sh.se\/artspace\/wp-content\/uploads\/2023\/05\/DSC9377.jpg 1500w\" sizes=\"auto, (max-width: 1024px) 100vw, 1024px\" \/><\/figure>\n\n\n\n<figure class=\"wp-block-image size-large\"><img loading=\"lazy\" decoding=\"async\" width=\"1024\" height=\"683\" data-id=\"372\" src=\"https:\/\/blogg.sh.se\/artspace\/wp-content\/uploads\/2023\/05\/DSC9384-1024x683.jpg\" alt=\"\" class=\"wp-image-372\" srcset=\"https:\/\/blogg.sh.se\/artspace\/wp-content\/uploads\/2023\/05\/DSC9384-1024x683.jpg 1024w, https:\/\/blogg.sh.se\/artspace\/wp-content\/uploads\/2023\/05\/DSC9384-300x200.jpg 300w, https:\/\/blogg.sh.se\/artspace\/wp-content\/uploads\/2023\/05\/DSC9384-768x512.jpg 768w, https:\/\/blogg.sh.se\/artspace\/wp-content\/uploads\/2023\/05\/DSC9384-1200x800.jpg 1200w, https:\/\/blogg.sh.se\/artspace\/wp-content\/uploads\/2023\/05\/DSC9384.jpg 1500w\" sizes=\"auto, (max-width: 1024px) 100vw, 1024px\" \/><\/figure>\n\n\n\n<figure class=\"wp-block-image size-large\"><img loading=\"lazy\" decoding=\"async\" width=\"1024\" height=\"683\" data-id=\"373\" src=\"https:\/\/blogg.sh.se\/artspace\/wp-content\/uploads\/2023\/05\/DSC9394-1024x683.jpg\" alt=\"\" class=\"wp-image-373\" srcset=\"https:\/\/blogg.sh.se\/artspace\/wp-content\/uploads\/2023\/05\/DSC9394-1024x683.jpg 1024w, https:\/\/blogg.sh.se\/artspace\/wp-content\/uploads\/2023\/05\/DSC9394-300x200.jpg 300w, https:\/\/blogg.sh.se\/artspace\/wp-content\/uploads\/2023\/05\/DSC9394-768x512.jpg 768w, https:\/\/blogg.sh.se\/artspace\/wp-content\/uploads\/2023\/05\/DSC9394-1200x800.jpg 1200w, https:\/\/blogg.sh.se\/artspace\/wp-content\/uploads\/2023\/05\/DSC9394.jpg 1500w\" sizes=\"auto, (max-width: 1024px) 100vw, 1024px\" \/><\/figure>\n\n\n\n<figure class=\"wp-block-image size-large\"><img loading=\"lazy\" decoding=\"async\" width=\"1024\" height=\"683\" data-id=\"376\" src=\"https:\/\/blogg.sh.se\/artspace\/wp-content\/uploads\/2023\/05\/DSC9402-1024x683.jpg\" alt=\"\" class=\"wp-image-376\" srcset=\"https:\/\/blogg.sh.se\/artspace\/wp-content\/uploads\/2023\/05\/DSC9402-1024x683.jpg 1024w, https:\/\/blogg.sh.se\/artspace\/wp-content\/uploads\/2023\/05\/DSC9402-300x200.jpg 300w, https:\/\/blogg.sh.se\/artspace\/wp-content\/uploads\/2023\/05\/DSC9402-768x512.jpg 768w, https:\/\/blogg.sh.se\/artspace\/wp-content\/uploads\/2023\/05\/DSC9402-1200x800.jpg 1200w, https:\/\/blogg.sh.se\/artspace\/wp-content\/uploads\/2023\/05\/DSC9402.jpg 1500w\" sizes=\"auto, (max-width: 1024px) 100vw, 1024px\" \/><\/figure>\n\n\n\n<figure class=\"wp-block-image size-large\"><img loading=\"lazy\" decoding=\"async\" width=\"869\" height=\"1024\" data-id=\"367\" src=\"https:\/\/blogg.sh.se\/artspace\/wp-content\/uploads\/2023\/05\/DSC9367-869x1024.jpg\" alt=\"\" class=\"wp-image-367\" srcset=\"https:\/\/blogg.sh.se\/artspace\/wp-content\/uploads\/2023\/05\/DSC9367-869x1024.jpg 869w, https:\/\/blogg.sh.se\/artspace\/wp-content\/uploads\/2023\/05\/DSC9367-254x300.jpg 254w, https:\/\/blogg.sh.se\/artspace\/wp-content\/uploads\/2023\/05\/DSC9367-768x905.jpg 768w, https:\/\/blogg.sh.se\/artspace\/wp-content\/uploads\/2023\/05\/DSC9367.jpg 1000w\" sizes=\"auto, (max-width: 869px) 100vw, 869px\" \/><\/figure>\n\n\n\n<figure class=\"wp-block-image size-large\"><img loading=\"lazy\" decoding=\"async\" width=\"1024\" height=\"683\" data-id=\"377\" src=\"https:\/\/blogg.sh.se\/artspace\/wp-content\/uploads\/2023\/05\/DSC9403-1024x683.jpg\" alt=\"\" class=\"wp-image-377\" srcset=\"https:\/\/blogg.sh.se\/artspace\/wp-content\/uploads\/2023\/05\/DSC9403-1024x683.jpg 1024w, https:\/\/blogg.sh.se\/artspace\/wp-content\/uploads\/2023\/05\/DSC9403-300x200.jpg 300w, https:\/\/blogg.sh.se\/artspace\/wp-content\/uploads\/2023\/05\/DSC9403-768x512.jpg 768w, https:\/\/blogg.sh.se\/artspace\/wp-content\/uploads\/2023\/05\/DSC9403-1200x800.jpg 1200w, https:\/\/blogg.sh.se\/artspace\/wp-content\/uploads\/2023\/05\/DSC9403.jpg 1500w\" sizes=\"auto, (max-width: 1024px) 100vw, 1024px\" \/><\/figure>\n<\/figure>\n\n\n\n<p class=\"has-text-align-right has-secondary-color has-text-color has-small-font-size\">Fotograf: Ricard Estay<\/p>\n","protected":false},"excerpt":{"rendered":"<p>12 april \u2013 2 juni 2023 L\u00e4nge har jag sneglat p\u00e5 mitt arv. Bilderna min pappa gav mig innan sin bortg\u00e5ng. F\u00f6rra \u00e5ret satte jag ig\u00e5ng med att organisera det [&hellip;]<\/p>\n","protected":false},"author":1,"featured_media":0,"parent":0,"menu_order":0,"comment_status":"closed","ping_status":"closed","template":"templates\/template-full-width.php","meta":{"footnotes":""},"class_list":["post-314","page","type-page","status-publish","hentry"],"_links":{"self":[{"href":"https:\/\/blogg.sh.se\/artspace\/wp-json\/wp\/v2\/pages\/314","targetHints":{"allow":["GET"]}}],"collection":[{"href":"https:\/\/blogg.sh.se\/artspace\/wp-json\/wp\/v2\/pages"}],"about":[{"href":"https:\/\/blogg.sh.se\/artspace\/wp-json\/wp\/v2\/types\/page"}],"author":[{"embeddable":true,"href":"https:\/\/blogg.sh.se\/artspace\/wp-json\/wp\/v2\/users\/1"}],"replies":[{"embeddable":true,"href":"https:\/\/blogg.sh.se\/artspace\/wp-json\/wp\/v2\/comments?post=314"}],"version-history":[{"count":21,"href":"https:\/\/blogg.sh.se\/artspace\/wp-json\/wp\/v2\/pages\/314\/revisions"}],"predecessor-version":[{"id":384,"href":"https:\/\/blogg.sh.se\/artspace\/wp-json\/wp\/v2\/pages\/314\/revisions\/384"}],"wp:attachment":[{"href":"https:\/\/blogg.sh.se\/artspace\/wp-json\/wp\/v2\/media?parent=314"}],"curies":[{"name":"wp","href":"https:\/\/api.w.org\/{rel}","templated":true}]}}