{"id":2,"date":"2022-09-09T09:23:01","date_gmt":"2022-09-09T09:23:01","guid":{"rendered":"https:\/\/blogg.sh.se\/artspace\/?page_id=2"},"modified":"2025-01-28T08:56:18","modified_gmt":"2025-01-28T07:56:18","slug":"om-art-space","status":"publish","type":"page","link":"https:\/\/blogg.sh.se\/artspace\/om-art-space\/","title":{"rendered":"Om Art Space"},"content":{"rendered":"\n<div class=\"wp-block-columns alignwide is-layout-flex wp-container-core-columns-is-layout-9d6595d7 wp-block-columns-is-layout-flex\">\n<div class=\"wp-block-column is-layout-flow wp-block-column-is-layout-flow\">\n<p><strong>Art Space S\u00f6dert\u00f6rn<\/strong>&nbsp;\u00e4r en permanent plats f\u00f6r tillf\u00e4lliga, curerade utst\u00e4llningar av konst. H\u00e4r presenteras konsn\u00e4rliga uttryck som st\u00e5r dialog med plats, forskning och historia.<\/p>\n\n\n\n<p><strong>Konsten i Art Space aktiverar platsen. <\/strong>H\u00e4r ges studenter, personal och allm\u00e4nhet tillf\u00e4lle till eftertanke, nya erfarenheter och samtal om aktuella samh\u00e4llsfr\u00e5gor. Fr\u00e5n Art Space g\u00f6rs ocks\u00e5 visningar av konsten p\u00e5 campus i \u00f6vrigt. Forskare och l\u00e4rare vid h\u00f6gskolan \u00e4r v\u00e4lkomna att kontakta Art Space med utst\u00e4llningsid\u00e9er.<\/p>\n<\/div>\n\n\n\n<div class=\"wp-block-column is-vertically-aligned-center is-layout-flow wp-block-column-is-layout-flow\">\n<figure class=\"wp-block-image size-large\"><img loading=\"lazy\" decoding=\"async\" width=\"1024\" height=\"683\" src=\"https:\/\/blogg.sh.se\/artspace\/wp-content\/uploads\/2025\/01\/DSC3002-4-1024x683.jpg\" alt=\"\" class=\"wp-image-851\" srcset=\"https:\/\/blogg.sh.se\/artspace\/wp-content\/uploads\/2025\/01\/DSC3002-4-1024x683.jpg 1024w, https:\/\/blogg.sh.se\/artspace\/wp-content\/uploads\/2025\/01\/DSC3002-4-300x200.jpg 300w, https:\/\/blogg.sh.se\/artspace\/wp-content\/uploads\/2025\/01\/DSC3002-4-768x512.jpg 768w, https:\/\/blogg.sh.se\/artspace\/wp-content\/uploads\/2025\/01\/DSC3002-4-1200x800.jpg 1200w, https:\/\/blogg.sh.se\/artspace\/wp-content\/uploads\/2025\/01\/DSC3002-4.jpg 1500w\" sizes=\"auto, (max-width: 1024px) 100vw, 1024px\" \/><\/figure>\n<\/div>\n\n\n\n<div class=\"wp-block-column is-layout-flow wp-block-column-is-layout-flow\">\n<figure class=\"wp-block-image size-large\"><img loading=\"lazy\" decoding=\"async\" width=\"1024\" height=\"683\" src=\"https:\/\/blogg.sh.se\/artspace\/wp-content\/uploads\/2025\/01\/DSC3006-4-1024x683.jpg\" alt=\"\" class=\"wp-image-852\" srcset=\"https:\/\/blogg.sh.se\/artspace\/wp-content\/uploads\/2025\/01\/DSC3006-4-1024x683.jpg 1024w, https:\/\/blogg.sh.se\/artspace\/wp-content\/uploads\/2025\/01\/DSC3006-4-300x200.jpg 300w, https:\/\/blogg.sh.se\/artspace\/wp-content\/uploads\/2025\/01\/DSC3006-4-768x512.jpg 768w, https:\/\/blogg.sh.se\/artspace\/wp-content\/uploads\/2025\/01\/DSC3006-4-1200x800.jpg 1200w, https:\/\/blogg.sh.se\/artspace\/wp-content\/uploads\/2025\/01\/DSC3006-4.jpg 1500w\" sizes=\"auto, (max-width: 1024px) 100vw, 1024px\" \/><\/figure>\n<\/div>\n<\/div>\n\n\n\n<div class=\"wp-block-columns alignwide is-layout-flex wp-container-core-columns-is-layout-9d6595d7 wp-block-columns-is-layout-flex\">\n<div class=\"wp-block-column is-vertically-aligned-top is-layout-flow wp-block-column-is-layout-flow\" style=\"flex-basis:66.66%\">\n<figure class=\"wp-block-image size-large\"><img loading=\"lazy\" decoding=\"async\" width=\"1024\" height=\"683\" src=\"https:\/\/blogg.sh.se\/artspace\/wp-content\/uploads\/2025\/01\/DSC3001-7-1024x683.jpg\" alt=\"\" class=\"wp-image-856\" srcset=\"https:\/\/blogg.sh.se\/artspace\/wp-content\/uploads\/2025\/01\/DSC3001-7-1024x683.jpg 1024w, https:\/\/blogg.sh.se\/artspace\/wp-content\/uploads\/2025\/01\/DSC3001-7-300x200.jpg 300w, https:\/\/blogg.sh.se\/artspace\/wp-content\/uploads\/2025\/01\/DSC3001-7-768x512.jpg 768w, https:\/\/blogg.sh.se\/artspace\/wp-content\/uploads\/2025\/01\/DSC3001-7-1200x800.jpg 1200w, https:\/\/blogg.sh.se\/artspace\/wp-content\/uploads\/2025\/01\/DSC3001-7.jpg 1500w\" sizes=\"auto, (max-width: 1024px) 100vw, 1024px\" \/><\/figure>\n<\/div>\n\n\n\n<div class=\"wp-block-column is-layout-flow wp-block-column-is-layout-flow\" style=\"flex-basis:33.33%\">\n<p><strong>Art Space drivs h\u00f6gskolegemensamt<\/strong>, och studenterna i Art Space-teamet medverkar i galleriets v\u00e4rdskap, produktion och f\u00f6rmedling. Utst\u00e4llningsansvarig \u00e4r Annika \u00d6hrner.&nbsp; Visningar och seminarier f\u00f6r skolans studenter och interna eller externa grupper kan bokas.<\/p>\n\n\n\n<p><\/p>\n\n\n\n<blockquote class=\"wp-block-quote is-layout-flow wp-block-quote-is-layout-flow\">\n<p><strong>Bilder:<\/strong> Art Space S\u00f6dert\u00f6rn, teckningar av Dan Perjovschis utf\u00f6rda direkt p\u00e5 exteri\u00f6ren i oktober 2024. Foto: Ricard Estay.<\/p>\n<\/blockquote>\n<\/div>\n<\/div>\n","protected":false},"excerpt":{"rendered":"<p>Art Space S\u00f6dert\u00f6rn&nbsp;\u00e4r en permanent plats f\u00f6r tillf\u00e4lliga, curerade utst\u00e4llningar av konst. H\u00e4r presenteras konsn\u00e4rliga uttryck som st\u00e5r dialog med plats, forskning och historia. Konsten i Art Space aktiverar platsen. [&hellip;]<\/p>\n","protected":false},"author":1,"featured_media":0,"parent":0,"menu_order":0,"comment_status":"closed","ping_status":"closed","template":"","meta":{"footnotes":""},"class_list":["post-2","page","type-page","status-publish","hentry"],"_links":{"self":[{"href":"https:\/\/blogg.sh.se\/artspace\/wp-json\/wp\/v2\/pages\/2","targetHints":{"allow":["GET"]}}],"collection":[{"href":"https:\/\/blogg.sh.se\/artspace\/wp-json\/wp\/v2\/pages"}],"about":[{"href":"https:\/\/blogg.sh.se\/artspace\/wp-json\/wp\/v2\/types\/page"}],"author":[{"embeddable":true,"href":"https:\/\/blogg.sh.se\/artspace\/wp-json\/wp\/v2\/users\/1"}],"replies":[{"embeddable":true,"href":"https:\/\/blogg.sh.se\/artspace\/wp-json\/wp\/v2\/comments?post=2"}],"version-history":[{"count":21,"href":"https:\/\/blogg.sh.se\/artspace\/wp-json\/wp\/v2\/pages\/2\/revisions"}],"predecessor-version":[{"id":866,"href":"https:\/\/blogg.sh.se\/artspace\/wp-json\/wp\/v2\/pages\/2\/revisions\/866"}],"wp:attachment":[{"href":"https:\/\/blogg.sh.se\/artspace\/wp-json\/wp\/v2\/media?parent=2"}],"curies":[{"name":"wp","href":"https:\/\/api.w.org\/{rel}","templated":true}]}}